{"id":2954,"date":"2025-06-15T02:52:53","date_gmt":"2025-06-15T02:52:53","guid":{"rendered":"https:\/\/www.santai-ceramics.com\/?post_type=product&#038;p=2954"},"modified":"2025-07-02T03:50:49","modified_gmt":"2025-07-02T03:50:49","slug":"wholesale-vintage-celadon-vase-set","status":"publish","type":"product","link":"https:\/\/www.santai-ceramics.com\/de\/product\/wholesale-vintage-celadon-vase-set\/","title":{"rendered":"Bulk Keramik Vasen Gro\u00dfhandel - Vintage Celadon Vase Set mit Blatt &amp; Beeren-Muster"},"content":{"rendered":"<h3 class=\"wp-block-heading\">Eigenschaften von Vintage Celadon Vase Set<\/h3>\n\n\n\n<ul class=\"wp-block-list\">\n<li><strong>Moderne orientalische \u00c4sthetik: <\/strong>Inspiriert von alten chinesischen Keramikvasen, weist dieses Vasen-Set sch\u00f6ne Rundungen auf, die durch einen vollen, runden Bauch und einen leicht ausgestellten, schmalen Hals gekennzeichnet sind.<\/li>\n\n\n\n<li><strong>Lebendige Crackle-Glasur:<\/strong> W\u00e4hrend des Brennvorgangs bei hoher Temperatur entwickeln diese Vasen eine Schicht aus feinen Rissen, das so genannte \"Ice Crackle\", das einen sch\u00f6nen optischen Effekt hat.<\/li>\n\n\n\n<li><strong>Drei Gr\u00f6\u00dfen: <\/strong>Dieses Set umfasst drei Gr\u00f6\u00dfen, die eine Vielzahl von Platzierungsm\u00f6glichkeiten bieten. Sie k\u00f6nnen sie einzeln oder in Kombination auf einer Konsole, einem Esstisch oder einer Fensterbank aufstellen.<\/li>\n\n\n\n<li><strong>Bulk-Keramik-Vase Versorgung: <\/strong>Die Keramikvasenfabrik SANTAI bietet ein gro\u00dfes Angebot an Vasen. Dieses handgefertigte Keramikvasen-Set ist f\u00fcr den Gro\u00dfhandel und Gro\u00dfeinkauf erh\u00e4ltlich.<\/li>\n<\/ul>\n\n\n\n<h3 class=\"wp-block-heading\">Individuelles Vasen-Service aus Keramik<\/h3>\n\n\n\n<p>Wir bieten OEM- und ODM-Dienstleistungen f\u00fcr unsere Produkte an.<br>Eine schnelle Lieferung von Mustern ist m\u00f6glich.<br>Wir bieten eine Vielzahl von Formen, Farben, individuellem Druck, Verpackungen und anderen ma\u00dfgeschneiderten Dienstleistungen an, um Ihre speziellen Anforderungen zu erf\u00fcllen.<br><a href=\"https:\/\/www.santai-ceramics.com\/de\/custom\/\" data-type=\"page\" data-id=\"13\" target=\"_blank\" rel=\"noreferrer noopener\"><strong>Erfahren Sie mehr \u00fcber die Details von Keramikvasen nach Ma\u00df.<\/strong><\/a><\/p>\n\n\n\n<div class=\"wp-block-columns is-layout-flex wp-container-core-columns-is-layout-9d6595d7 wp-block-columns-is-layout-flex\">\n<div class=\"wp-block-column is-layout-flow wp-block-column-is-layout-flow\">\n<figure class=\"wp-block-image size-full\"><img decoding=\"async\" width=\"1600\" height=\"1333\" src=\"https:\/\/www.santai-ceramics.com\/wp-content\/uploads\/2025\/06\/wholesale-vintage-celadon-vase\u200b-set-5.webp\" alt=\"Gro\u00dfhandel vintage celadon vase set (5)\" class=\"wp-image-3011\" srcset=\"https:\/\/www.santai-ceramics.com\/wp-content\/uploads\/2025\/06\/wholesale-vintage-celadon-vase\u200b-set-5.webp 1600w, https:\/\/www.santai-ceramics.com\/wp-content\/uploads\/2025\/06\/wholesale-vintage-celadon-vase\u200b-set-5-300x250.webp 300w, https:\/\/www.santai-ceramics.com\/wp-content\/uploads\/2025\/06\/wholesale-vintage-celadon-vase\u200b-set-5-768x640.webp 768w, https:\/\/www.santai-ceramics.com\/wp-content\/uploads\/2025\/06\/wholesale-vintage-celadon-vase\u200b-set-5-14x12.webp 14w, https:\/\/www.santai-ceramics.com\/wp-content\/uploads\/2025\/06\/wholesale-vintage-celadon-vase\u200b-set-5-1200x1000.webp 1200w, https:\/\/www.santai-ceramics.com\/wp-content\/uploads\/2025\/06\/wholesale-vintage-celadon-vase\u200b-set-5-600x500.webp 600w\" sizes=\"(max-width: 1600px) 100vw, 1600px\" \/><\/figure>\n<\/div>\n\n\n\n<div class=\"wp-block-column is-layout-flow wp-block-column-is-layout-flow\">\n<figure class=\"wp-block-image size-full\"><img decoding=\"async\" width=\"1600\" height=\"1333\" src=\"https:\/\/www.santai-ceramics.com\/wp-content\/uploads\/2025\/06\/wholesale-vintage-celadon-vase\u200b-set-6.webp\" alt=\"Gro\u00dfhandel Vintage Celadon Vase Satz (6)\" class=\"wp-image-3012\" srcset=\"https:\/\/www.santai-ceramics.com\/wp-content\/uploads\/2025\/06\/wholesale-vintage-celadon-vase\u200b-set-6.webp 1600w, https:\/\/www.santai-ceramics.com\/wp-content\/uploads\/2025\/06\/wholesale-vintage-celadon-vase\u200b-set-6-300x250.webp 300w, https:\/\/www.santai-ceramics.com\/wp-content\/uploads\/2025\/06\/wholesale-vintage-celadon-vase\u200b-set-6-768x640.webp 768w, https:\/\/www.santai-ceramics.com\/wp-content\/uploads\/2025\/06\/wholesale-vintage-celadon-vase\u200b-set-6-14x12.webp 14w, https:\/\/www.santai-ceramics.com\/wp-content\/uploads\/2025\/06\/wholesale-vintage-celadon-vase\u200b-set-6-1200x1000.webp 1200w, https:\/\/www.santai-ceramics.com\/wp-content\/uploads\/2025\/06\/wholesale-vintage-celadon-vase\u200b-set-6-600x500.webp 600w\" sizes=\"(max-width: 1600px) 100vw, 1600px\" \/><\/figure>\n<\/div>\n<\/div>\n\n\n\n<div class=\"wp-block-columns is-layout-flex wp-container-core-columns-is-layout-9d6595d7 wp-block-columns-is-layout-flex\">\n<div class=\"wp-block-column is-layout-flow wp-block-column-is-layout-flow\"><\/div>\n\n\n\n<div class=\"wp-block-column is-layout-flow wp-block-column-is-layout-flow\"><\/div>\n<\/div>","protected":false},"excerpt":{"rendered":"<p data-pm-slice=\"0 0 []\">Dieses elegante Set aus drei Celadon-Vasen mit botanischen Blumenmustern und nat\u00fcrlicher Craquel\u00e9-Glasur nimmt die klassische geschwungene Form des chinesischen Stils an und eignet sich f\u00fcr die einfache und klassische Raumdekoration. Kontaktieren Sie uns f\u00fcr ein Angebot.<\/p>\n<h2>Spezifikation von Vintage Celadon Vase Set\u00a0<\/h2>\n<table width=\"1140\">\n<tbody>\n<tr>\n<td width=\"285\">Modellnummer<\/td>\n<td width=\"285\">A35923-LE25-A01<\/td>\n<td width=\"285\">A35924-LE25-A01<\/td>\n<td width=\"285\">A35924-LE25-A02<\/td>\n<\/tr>\n<tr>\n<td>Produktname<\/td>\n<td>Keramik-Vase<\/td>\n<td>Keramik-Vase<\/td>\n<td>Keramik-Vase<\/td>\n<\/tr>\n<tr>\n<td>Farbe<\/td>\n<td>Blau<\/td>\n<td>Blau<\/td>\n<td>Blau<\/td>\n<\/tr>\n<tr>\n<td>Material<\/td>\n<td>Keramik\u00a0<\/td>\n<td>Keramik\u00a0<\/td>\n<td>Keramik\u00a0<\/td>\n<\/tr>\n<tr>\n<td>Verwendungsszenarien<\/td>\n<td>Wohnungseinrichtung<\/td>\n<td>Wohnungseinrichtung<\/td>\n<td>Wohnungseinrichtung<\/td>\n<\/tr>\n<tr>\n<td>Abmessungen<\/td>\n<td>T:17.5X26.5cm<\/td>\n<td>T:18.5X18.5cm<\/td>\n<td>T:14.5X14.5cm<\/td>\n<\/tr>\n<tr>\n<td>Gewicht<\/td>\n<td>1,1 kg\/St\u00fcck<\/td>\n<td>1kg\/St\u00fcck<\/td>\n<td>0,7 kg\/St\u00fcck<\/td>\n<\/tr>\n<\/tbody>\n<\/table>","protected":false},"featured_media":3007,"comment_status":"closed","ping_status":"closed","template":"","meta":{"_acf_changed":false},"product_brand":[],"product_cat":[18,22],"product_tag":[],"class_list":{"0":"post-2954","1":"product","2":"type-product","3":"status-publish","4":"has-post-thumbnail","6":"product_cat-home-decor","7":"product_cat-vase","9":"first","10":"instock","11":"shipping-taxable","12":"product-type-simple"},"acf":[],"_links":{"self":[{"href":"https:\/\/www.santai-ceramics.com\/de\/wp-json\/wp\/v2\/product\/2954","targetHints":{"allow":["GET"]}}],"collection":[{"href":"https:\/\/www.santai-ceramics.com\/de\/wp-json\/wp\/v2\/product"}],"about":[{"href":"https:\/\/www.santai-ceramics.com\/de\/wp-json\/wp\/v2\/types\/product"}],"replies":[{"embeddable":true,"href":"https:\/\/www.santai-ceramics.com\/de\/wp-json\/wp\/v2\/comments?post=2954"}],"wp:featuredmedia":[{"embeddable":true,"href":"https:\/\/www.santai-ceramics.com\/de\/wp-json\/wp\/v2\/media\/3007"}],"wp:attachment":[{"href":"https:\/\/www.santai-ceramics.com\/de\/wp-json\/wp\/v2\/media?parent=2954"}],"wp:term":[{"taxonomy":"product_brand","embeddable":true,"href":"https:\/\/www.santai-ceramics.com\/de\/wp-json\/wp\/v2\/product_brand?post=2954"},{"taxonomy":"product_cat","embeddable":true,"href":"https:\/\/www.santai-ceramics.com\/de\/wp-json\/wp\/v2\/product_cat?post=2954"},{"taxonomy":"product_tag","embeddable":true,"href":"https:\/\/www.santai-ceramics.com\/de\/wp-json\/wp\/v2\/product_tag?post=2954"}],"curies":[{"name":"wp","href":"https:\/\/api.w.org\/{rel}","templated":true}]}}