{"id":2961,"date":"2025-06-15T02:00:58","date_gmt":"2025-06-15T02:00:58","guid":{"rendered":"https:\/\/www.santai-ceramics.com\/?post_type=product&#038;p=2961"},"modified":"2025-07-02T03:50:34","modified_gmt":"2025-07-02T03:50:34","slug":"wholesale-crackle-glaze-ceramic-vases","status":"publish","type":"product","link":"https:\/\/www.santai-ceramics.com\/de\/product\/wholesale-crackle-glaze-ceramic-vases\/","title":{"rendered":"Gro\u00dfhandel Crackle Glasur keramische Vasen - Hand-Painted Celadon Vase Set"},"content":{"rendered":"<h3 class=\"wp-block-heading\">Merkmale der Keramikvase mit Crackle-Glasur<\/h3>\n\n\n\n<ul class=\"wp-block-list\">\n<li><strong>Hochwertiges Kaolin-Keramikmaterial: <\/strong>Jede Vase wird sorgf\u00e4ltig aus hochwertigem Kaolin, einem feinen und haltbaren Ton, hergestellt. Nach dem Brennen bei hoher Temperatur ist die Keramikoberfl\u00e4che so glatt wie Jade.<\/li>\n\n\n\n<li><strong>Elegante nat\u00fcrliche Glasur: <\/strong>Die handgefertigte Oberfl\u00e4che weist nat\u00fcrlich wechselnde Risse auf, und diese subtilen Farbverl\u00e4ufe zeigen eine vielschichtige Sch\u00f6nheit unter dem Wechsel des Lichts.<\/li>\n\n\n\n<li><strong>Handwerklich handgemalte Pflanzenmuster: <\/strong>Jede Vase ist handbemalt und zeigt exquisite Pflanzenmuster - Bl\u00e4tter, Bl\u00fcten und Fr\u00fcchte.<\/li>\n\n\n\n<li><strong>Mehrere Gr\u00f6\u00dfen: <\/strong>Die Vasen dieser Serie sind in drei Gr\u00f6\u00dfen erh\u00e4ltlich, klein, mittel und gro\u00df, und k\u00f6nnen einzeln oder in Kombination aufgestellt werden.<\/li>\n\n\n\n<li><strong>Funktionelles und dekoratives Design:<\/strong> Die \u00d6ffnung der Vase eignet sich sehr gut zum Einstellen von frischen und getrockneten Blumen, verbindet k\u00fcnstlerische Formen mit allt\u00e4glichen Funktionen und kann den Stil des Wohnraums aufwerten.<\/li>\n\n\n\n<li><strong>Gro\u00dfhandel Keramik Vase Service:<\/strong> Wir bieten flexible L\u00f6sungen f\u00fcr den Gro\u00dfhandel mit Keramikvasen, einschlie\u00dflich der Anpassung von Gro\u00dfbestellungen, umweltfreundlicher Geschenkverpackungen und weltweiter Lieferunterst\u00fctzung.<\/li>\n<\/ul>\n\n\n\n<h3 class=\"wp-block-heading\">Individuelles Vasen-Service aus Keramik<\/h3>\n\n\n\n<p>Wir bieten OEM- und ODM-Dienstleistungen f\u00fcr unsere Produkte an.<br>Eine schnelle Lieferung von Mustern ist m\u00f6glich.<br>Wir bieten eine Vielzahl von Formen, Farben, individuellem Druck, Verpackungen und anderen ma\u00dfgeschneiderten Dienstleistungen an, um Ihre speziellen Anforderungen zu erf\u00fcllen.<br><a href=\"https:\/\/www.santai-ceramics.com\/de\/custom\/\" data-type=\"page\" data-id=\"13\" target=\"_blank\" rel=\"noreferrer noopener\"><strong>Erfahren Sie mehr \u00fcber die Details von Keramikvasen nach Ma\u00df.<\/strong><\/a><\/p>\n\n\n\n<div class=\"wp-block-columns is-layout-flex wp-container-core-columns-is-layout-9d6595d7 wp-block-columns-is-layout-flex\">\n<div class=\"wp-block-column is-layout-flow wp-block-column-is-layout-flow\">\n<figure class=\"wp-block-image size-full\"><img decoding=\"async\" width=\"1600\" height=\"1333\" src=\"https:\/\/www.santai-ceramics.com\/wp-content\/uploads\/2025\/06\/wholesale-crackle-glaze-ceramic-vases-6.webp\" alt=\"Gro\u00dfhandel Crackle-Glasur Keramik Vasen (6)\" class=\"wp-image-2998\" srcset=\"https:\/\/www.santai-ceramics.com\/wp-content\/uploads\/2025\/06\/wholesale-crackle-glaze-ceramic-vases-6.webp 1600w, https:\/\/www.santai-ceramics.com\/wp-content\/uploads\/2025\/06\/wholesale-crackle-glaze-ceramic-vases-6-300x250.webp 300w, https:\/\/www.santai-ceramics.com\/wp-content\/uploads\/2025\/06\/wholesale-crackle-glaze-ceramic-vases-6-768x640.webp 768w, https:\/\/www.santai-ceramics.com\/wp-content\/uploads\/2025\/06\/wholesale-crackle-glaze-ceramic-vases-6-14x12.webp 14w, https:\/\/www.santai-ceramics.com\/wp-content\/uploads\/2025\/06\/wholesale-crackle-glaze-ceramic-vases-6-1200x1000.webp 1200w, https:\/\/www.santai-ceramics.com\/wp-content\/uploads\/2025\/06\/wholesale-crackle-glaze-ceramic-vases-6-600x500.webp 600w\" sizes=\"(max-width: 1600px) 100vw, 1600px\" \/><\/figure>\n<\/div>\n\n\n\n<div class=\"wp-block-column is-layout-flow wp-block-column-is-layout-flow\">\n<figure class=\"wp-block-image size-full\"><img decoding=\"async\" width=\"1600\" height=\"1333\" src=\"https:\/\/www.santai-ceramics.com\/wp-content\/uploads\/2025\/06\/wholesale-crackle-glaze-ceramic-vases-7.webp\" alt=\"Gro\u00dfhandel Crackle-Glasur Keramik Vasen (7)\" class=\"wp-image-2999\" srcset=\"https:\/\/www.santai-ceramics.com\/wp-content\/uploads\/2025\/06\/wholesale-crackle-glaze-ceramic-vases-7.webp 1600w, https:\/\/www.santai-ceramics.com\/wp-content\/uploads\/2025\/06\/wholesale-crackle-glaze-ceramic-vases-7-300x250.webp 300w, https:\/\/www.santai-ceramics.com\/wp-content\/uploads\/2025\/06\/wholesale-crackle-glaze-ceramic-vases-7-768x640.webp 768w, https:\/\/www.santai-ceramics.com\/wp-content\/uploads\/2025\/06\/wholesale-crackle-glaze-ceramic-vases-7-14x12.webp 14w, https:\/\/www.santai-ceramics.com\/wp-content\/uploads\/2025\/06\/wholesale-crackle-glaze-ceramic-vases-7-1200x1000.webp 1200w, https:\/\/www.santai-ceramics.com\/wp-content\/uploads\/2025\/06\/wholesale-crackle-glaze-ceramic-vases-7-600x500.webp 600w\" sizes=\"(max-width: 1600px) 100vw, 1600px\" \/><\/figure>\n<\/div>\n<\/div>\n\n\n\n<div class=\"wp-block-columns is-layout-flex wp-container-core-columns-is-layout-9d6595d7 wp-block-columns-is-layout-flex\">\n<div class=\"wp-block-column is-layout-flow wp-block-column-is-layout-flow\"><\/div>\n\n\n\n<div class=\"wp-block-column is-layout-flow wp-block-column-is-layout-flow\"><\/div>\n<\/div>","protected":false},"excerpt":{"rendered":"<p data-pm-slice=\"0 0 []\">Die Gro\u00dfhandels-Keramikvasen sind aus exquisiter blau-gr\u00fcner Craquel\u00e9-Keramik gefertigt und mit handgemalten botanischen Mustern verziert, mit einem klassischen und eleganten Look, geeignet f\u00fcr Blumenarrangements oder Innendekoration. Es gibt 3 Gr\u00f6\u00dfen zur Auswahl: 16,5X24cm, 18X16,5cm, 14X13,5cm. B2B-K\u00e4ufer k\u00f6nnen sich gerne mit uns in Verbindung setzen, um ein Angebot einzuholen.<\/p>\n<h2>Spezifikation von Crackle Glaze Keramik Vase\u00a0<\/h2>\n<table width=\"1140\">\n<tbody>\n<tr>\n<td width=\"285\">Modellnummer<\/td>\n<td width=\"285\">A35584-LE25-A01<\/td>\n<td width=\"285\">A35585-LE25-A01<\/td>\n<td width=\"285\">A35585-LE25-A02<\/td>\n<\/tr>\n<tr>\n<td>Produktname<\/td>\n<td>Keramik-Vase<\/td>\n<td>Keramik-Vase<\/td>\n<td>Keramik-Vase<\/td>\n<\/tr>\n<tr>\n<td>Farbe<\/td>\n<td>Blau<\/td>\n<td>Blau<\/td>\n<td>Blau<\/td>\n<\/tr>\n<tr>\n<td>Material<\/td>\n<td>Keramik\u00a0<\/td>\n<td>Keramik\u00a0<\/td>\n<td>Keramik\u00a0<\/td>\n<\/tr>\n<tr>\n<td>Verwendungsszenarien<\/td>\n<td>Wohnungseinrichtung<\/td>\n<td>Wohnungseinrichtung<\/td>\n<td>Wohnungseinrichtung<\/td>\n<\/tr>\n<tr>\n<td>Abmessungen<\/td>\n<td>T:16.5X24cm<\/td>\n<td>T:18X16.5cm<\/td>\n<td>T:14X13.5cm<\/td>\n<\/tr>\n<tr>\n<td>Gewicht<\/td>\n<td>1,1 kg\/St\u00fcck<\/td>\n<td>1,1 kg\/St\u00fcck<\/td>\n<td>0,7 kg\/St\u00fcck<\/td>\n<\/tr>\n<\/tbody>\n<\/table>","protected":false},"featured_media":2993,"comment_status":"closed","ping_status":"closed","template":"","meta":{"_acf_changed":false},"product_brand":[],"product_cat":[18,22],"product_tag":[],"class_list":{"0":"post-2961","1":"product","2":"type-product","3":"status-publish","4":"has-post-thumbnail","6":"product_cat-home-decor","7":"product_cat-vase","9":"first","10":"instock","11":"shipping-taxable","12":"product-type-simple"},"acf":[],"_links":{"self":[{"href":"https:\/\/www.santai-ceramics.com\/de\/wp-json\/wp\/v2\/product\/2961","targetHints":{"allow":["GET"]}}],"collection":[{"href":"https:\/\/www.santai-ceramics.com\/de\/wp-json\/wp\/v2\/product"}],"about":[{"href":"https:\/\/www.santai-ceramics.com\/de\/wp-json\/wp\/v2\/types\/product"}],"replies":[{"embeddable":true,"href":"https:\/\/www.santai-ceramics.com\/de\/wp-json\/wp\/v2\/comments?post=2961"}],"wp:featuredmedia":[{"embeddable":true,"href":"https:\/\/www.santai-ceramics.com\/de\/wp-json\/wp\/v2\/media\/2993"}],"wp:attachment":[{"href":"https:\/\/www.santai-ceramics.com\/de\/wp-json\/wp\/v2\/media?parent=2961"}],"wp:term":[{"taxonomy":"product_brand","embeddable":true,"href":"https:\/\/www.santai-ceramics.com\/de\/wp-json\/wp\/v2\/product_brand?post=2961"},{"taxonomy":"product_cat","embeddable":true,"href":"https:\/\/www.santai-ceramics.com\/de\/wp-json\/wp\/v2\/product_cat?post=2961"},{"taxonomy":"product_tag","embeddable":true,"href":"https:\/\/www.santai-ceramics.com\/de\/wp-json\/wp\/v2\/product_tag?post=2961"}],"curies":[{"name":"wp","href":"https:\/\/api.w.org\/{rel}","templated":true}]}}