{"id":2962,"date":"2025-06-15T02:30:36","date_gmt":"2025-06-15T02:30:36","guid":{"rendered":"https:\/\/www.santai-ceramics.com\/?post_type=product&#038;p=2962"},"modified":"2025-07-02T03:50:41","modified_gmt":"2025-07-02T03:50:41","slug":"wholesale-celadon-crackle-glaze-vases","status":"publish","type":"product","link":"https:\/\/www.santai-ceramics.com\/de\/product\/wholesale-celadon-crackle-glaze-vases\/","title":{"rendered":"Gro\u00dfhandel keramische Vase Set - Celadon Crackle Glaze Vasen in Bulk"},"content":{"rendered":"<h3 class=\"wp-block-heading\">Eigenschaften von Celadon Crackle Glaze Vasen<\/h3>\n\n\n\n<ul class=\"wp-block-list\">\n<li><strong>Eleganter chinesischer Stil: <\/strong>Dieses Vasen-Set hat eine klassische runde Silhouette, die von der Form traditioneller chinesischer Gef\u00e4\u00dfe inspiriert ist. Perfekt f\u00fcr eine moderne orientalische oder minimalistische k\u00fcnstlerische Atmosph\u00e4re.<\/li>\n\n\n\n<li><strong>Nat\u00fcrliches Crackle-Muster: <\/strong>Die Glasur wird bei hohen Temperaturen gebrannt, damit sich auf nat\u00fcrliche Weise feine Risse bilden, das so genannte \"Craquel\u00e9\". Jede Vase wird mit der Zeit immer sch\u00f6ner und hat einen h\u00f6heren Sammlerwert.<\/li>\n\n\n\n<li><strong>T\u00e4gliche Dekoration: <\/strong>Dieses Vasen-Set ist handpoliert und hat glatte R\u00e4nder. Es eignet sich perfekt f\u00fcr den t\u00e4glichen Gebrauch und kann frische Blumen, trockene Zweige oder sogar ein einfaches Blumenarrangement dekorieren.<\/li>\n<\/ul>\n\n\n\n<div class=\"wp-block-columns is-layout-flex wp-container-core-columns-is-layout-9d6595d7 wp-block-columns-is-layout-flex\">\n<div class=\"wp-block-column is-layout-flow wp-block-column-is-layout-flow\">\n<figure class=\"wp-block-image size-full\"><img decoding=\"async\" width=\"1600\" height=\"1333\" src=\"https:\/\/www.santai-ceramics.com\/wp-content\/uploads\/2025\/06\/wholesale-celadon-crackle-glaze-vases-4.webp\" alt=\"Gro\u00dfhandel Seladon Craquel\u00e9-Glasur Vasen (4)\" class=\"wp-image-3004\" srcset=\"https:\/\/www.santai-ceramics.com\/wp-content\/uploads\/2025\/06\/wholesale-celadon-crackle-glaze-vases-4.webp 1600w, https:\/\/www.santai-ceramics.com\/wp-content\/uploads\/2025\/06\/wholesale-celadon-crackle-glaze-vases-4-300x250.webp 300w, https:\/\/www.santai-ceramics.com\/wp-content\/uploads\/2025\/06\/wholesale-celadon-crackle-glaze-vases-4-768x640.webp 768w, https:\/\/www.santai-ceramics.com\/wp-content\/uploads\/2025\/06\/wholesale-celadon-crackle-glaze-vases-4-14x12.webp 14w, https:\/\/www.santai-ceramics.com\/wp-content\/uploads\/2025\/06\/wholesale-celadon-crackle-glaze-vases-4-1200x1000.webp 1200w, https:\/\/www.santai-ceramics.com\/wp-content\/uploads\/2025\/06\/wholesale-celadon-crackle-glaze-vases-4-600x500.webp 600w\" sizes=\"(max-width: 1600px) 100vw, 1600px\" \/><\/figure>\n<\/div>\n\n\n\n<div class=\"wp-block-column is-layout-flow wp-block-column-is-layout-flow\">\n<figure class=\"wp-block-image size-full\"><img decoding=\"async\" width=\"1600\" height=\"1333\" src=\"https:\/\/www.santai-ceramics.com\/wp-content\/uploads\/2025\/06\/wholesale-celadon-crackle-glaze-vases-5.webp\" alt=\"Gro\u00dfhandel Seladon Craquel\u00e9-Glasur Vasen (5)\" class=\"wp-image-3005\" srcset=\"https:\/\/www.santai-ceramics.com\/wp-content\/uploads\/2025\/06\/wholesale-celadon-crackle-glaze-vases-5.webp 1600w, https:\/\/www.santai-ceramics.com\/wp-content\/uploads\/2025\/06\/wholesale-celadon-crackle-glaze-vases-5-300x250.webp 300w, https:\/\/www.santai-ceramics.com\/wp-content\/uploads\/2025\/06\/wholesale-celadon-crackle-glaze-vases-5-768x640.webp 768w, https:\/\/www.santai-ceramics.com\/wp-content\/uploads\/2025\/06\/wholesale-celadon-crackle-glaze-vases-5-14x12.webp 14w, https:\/\/www.santai-ceramics.com\/wp-content\/uploads\/2025\/06\/wholesale-celadon-crackle-glaze-vases-5-1200x1000.webp 1200w, https:\/\/www.santai-ceramics.com\/wp-content\/uploads\/2025\/06\/wholesale-celadon-crackle-glaze-vases-5-600x500.webp 600w\" sizes=\"(max-width: 1600px) 100vw, 1600px\" \/><\/figure>\n<\/div>\n<\/div>\n\n\n\n<h3 class=\"wp-block-heading\">Individuelles Vasen-Service aus Keramik<\/h3>\n\n\n\n<p>Wir bieten OEM- und ODM-Dienstleistungen f\u00fcr unsere Produkte an.<br>Eine schnelle Lieferung von Mustern ist m\u00f6glich.<br>Wir bieten eine Vielzahl von Formen, Farben, individuellem Druck, Verpackungen und anderen ma\u00dfgeschneiderten Dienstleistungen an, um Ihre speziellen Anforderungen zu erf\u00fcllen.<br><a href=\"https:\/\/www.santai-ceramics.com\/de\/custom\/\" data-type=\"page\" data-id=\"13\" target=\"_blank\" rel=\"noreferrer noopener\"><strong>Erfahren Sie mehr \u00fcber die Details von Keramikvasen nach Ma\u00df.<\/strong><\/a><\/p>\n\n\n\n<div class=\"wp-block-columns is-layout-flex wp-container-core-columns-is-layout-9d6595d7 wp-block-columns-is-layout-flex\">\n<div class=\"wp-block-column is-layout-flow wp-block-column-is-layout-flow\"><\/div>\n\n\n\n<div class=\"wp-block-column is-layout-flow wp-block-column-is-layout-flow\"><\/div>\n<\/div>","protected":false},"excerpt":{"rendered":"<p data-pm-slice=\"0 0 []\">Gro\u00dfhandel handgefertigte Vasen aus Seladon. Hergestellt mit nat\u00fcrlichen Craquel\u00e9-Glasur und fertig mit einem komplizierten Muster von Bl\u00e4ttern und Beeren. Dieses hochwertige Set aus zwei Vasen ist perfekt f\u00fcr ein modernes orientalisches Interieur, florales Styling oder als Geschenk. Kontaktieren Sie uns f\u00fcr ein Angebot.<\/p>\n<h2>Spezifikation der Celadon Crackle Glaze Vase<\/h2>\n<table width=\"855\">\n<tbody>\n<tr>\n<td width=\"285\">Modellnummer<\/td>\n<td width=\"285\">A35921-LE25-A01<\/td>\n<td width=\"285\">A35921-LE25-A02<\/td>\n<\/tr>\n<tr>\n<td>Produktname<\/td>\n<td>Keramik-Vase<\/td>\n<td>Keramik-Vase<\/td>\n<\/tr>\n<tr>\n<td>Farbe<\/td>\n<td>Blau<\/td>\n<td>Blau<\/td>\n<\/tr>\n<tr>\n<td>Material<\/td>\n<td>Keramik\u00a0<\/td>\n<td>Keramik\u00a0<\/td>\n<\/tr>\n<tr>\n<td>Verwendungsszenarien<\/td>\n<td>Wohnungseinrichtung<\/td>\n<td>Wohnungseinrichtung<\/td>\n<\/tr>\n<tr>\n<td>Abmessungen<\/td>\n<td>T:20X16.5cm<\/td>\n<td>T:16.5X13.5cm<\/td>\n<\/tr>\n<tr>\n<td>Gewicht<\/td>\n<td>1kg\/St\u00fcck<\/td>\n<td>0,6 kg\/St\u00fcck<\/td>\n<\/tr>\n<\/tbody>\n<\/table>","protected":false},"featured_media":3001,"comment_status":"closed","ping_status":"closed","template":"","meta":{"_acf_changed":false},"product_brand":[],"product_cat":[18,22],"product_tag":[],"class_list":{"0":"post-2962","1":"product","2":"type-product","3":"status-publish","4":"has-post-thumbnail","6":"product_cat-home-decor","7":"product_cat-vase","9":"first","10":"instock","11":"shipping-taxable","12":"product-type-simple"},"acf":[],"_links":{"self":[{"href":"https:\/\/www.santai-ceramics.com\/de\/wp-json\/wp\/v2\/product\/2962","targetHints":{"allow":["GET"]}}],"collection":[{"href":"https:\/\/www.santai-ceramics.com\/de\/wp-json\/wp\/v2\/product"}],"about":[{"href":"https:\/\/www.santai-ceramics.com\/de\/wp-json\/wp\/v2\/types\/product"}],"replies":[{"embeddable":true,"href":"https:\/\/www.santai-ceramics.com\/de\/wp-json\/wp\/v2\/comments?post=2962"}],"wp:featuredmedia":[{"embeddable":true,"href":"https:\/\/www.santai-ceramics.com\/de\/wp-json\/wp\/v2\/media\/3001"}],"wp:attachment":[{"href":"https:\/\/www.santai-ceramics.com\/de\/wp-json\/wp\/v2\/media?parent=2962"}],"wp:term":[{"taxonomy":"product_brand","embeddable":true,"href":"https:\/\/www.santai-ceramics.com\/de\/wp-json\/wp\/v2\/product_brand?post=2962"},{"taxonomy":"product_cat","embeddable":true,"href":"https:\/\/www.santai-ceramics.com\/de\/wp-json\/wp\/v2\/product_cat?post=2962"},{"taxonomy":"product_tag","embeddable":true,"href":"https:\/\/www.santai-ceramics.com\/de\/wp-json\/wp\/v2\/product_tag?post=2962"}],"curies":[{"name":"wp","href":"https:\/\/api.w.org\/{rel}","templated":true}]}}