{"id":2963,"date":"2025-06-15T06:41:00","date_gmt":"2025-06-15T06:41:00","guid":{"rendered":"https:\/\/www.santai-ceramics.com\/?post_type=product&#038;p=2963"},"modified":"2025-07-01T14:40:55","modified_gmt":"2025-07-01T14:40:55","slug":"wholesale-chinese-green-flower-vases","status":"publish","type":"product","link":"https:\/\/www.santai-ceramics.com\/de\/product\/wholesale-chinese-green-flower-vases\/","title":{"rendered":"Gro\u00dfhandel Klassische Blumenvasen, Bulk Chinese Green Vases mit Muster"},"content":{"rendered":"<h3 class=\"wp-block-heading\">Merkmale der klassischen chinesischen gr\u00fcnen Vase<\/h3>\n\n\n\n<ul class=\"wp-block-list\">\n<li><strong>Orientalisch-\u00e4sthetisches Design: <\/strong>Das Design dieser Vase ist von der traditionellen Celadon-Handwerkskunst inspiriert und kombiniert eine tropfenf\u00f6rmige Silhouette mit gepr\u00e4gten Blumen- und Rankenmustern.<\/li>\n\n\n\n<li><strong>Exklusive Seladonglasur: <\/strong>Der Vasenk\u00f6rper ist mit einer speziell gemischten Seladonglasur \u00fcberzogen, die weich, kristallklar und gl\u00e4nzend ist, genau wie Jade.<\/li>\n\n\n\n<li><strong>Exquisite Blumenmuster:<\/strong> Jede Vase ist mit einem handgemalten Blumenmuster versehen, und die zarten Texturen erwachen im Licht und im Schatten zum Leben.<\/li>\n\n\n\n<li><strong>Mehrere Gr\u00f6\u00dfen: <\/strong>Blumenvasen im Gro\u00dfhandel sind in kleinen, mittleren und gro\u00dfen Gr\u00f6\u00dfen erh\u00e4ltlich und k\u00f6nnen einzeln oder als Set auf Tischen, in Eingangsbereichen und Arbeitszimmern aufgestellt werden.<\/li>\n\n\n\n<li><strong>Gro\u00dfhandelsservice: <\/strong>SANTAI bietet Gro\u00dfhandel Blumenvasen, einschlie\u00dflich reiche Stile, mehrere Farben und Gr\u00f6\u00dfe Optionen, und unterst\u00fctzt OEM \/ ODM Customization Services.<\/li>\n<\/ul>\n\n\n\n<h3 class=\"wp-block-heading\">Individuelles Vasen-Service aus Keramik<\/h3>\n\n\n\n<p>Wir bieten OEM- und ODM-Dienstleistungen f\u00fcr unsere Produkte an.<br>Eine schnelle Lieferung von Mustern ist m\u00f6glich.<br>Wir bieten eine Vielzahl von Formen, Farben, individuellem Druck, Verpackungen und anderen ma\u00dfgeschneiderten Dienstleistungen an, um Ihre speziellen Anforderungen zu erf\u00fcllen.<br><a href=\"https:\/\/www.santai-ceramics.com\/de\/custom\/\" data-type=\"page\" data-id=\"13\" target=\"_blank\" rel=\"noreferrer noopener\"><strong>Erfahren Sie mehr \u00fcber die Details von Keramikvasen nach Ma\u00df.<\/strong><\/a><\/p>\n\n\n\n<div class=\"wp-block-columns is-layout-flex wp-container-core-columns-is-layout-9d6595d7 wp-block-columns-is-layout-flex\">\n<div class=\"wp-block-column is-layout-flow wp-block-column-is-layout-flow\">\n<figure class=\"wp-block-image size-full\"><img decoding=\"async\" width=\"2835\" height=\"2362\" src=\"https:\/\/www.santai-ceramics.com\/wp-content\/uploads\/2025\/06\/wholesale-classical-Chinese-vase-5.webp\" alt=\"Gro\u00dfhandel klassische chinesische Vase (5)\" class=\"wp-image-2975\" srcset=\"https:\/\/www.santai-ceramics.com\/wp-content\/uploads\/2025\/06\/wholesale-classical-Chinese-vase-5.webp 2835w, https:\/\/www.santai-ceramics.com\/wp-content\/uploads\/2025\/06\/wholesale-classical-Chinese-vase-5-300x250.webp 300w, https:\/\/www.santai-ceramics.com\/wp-content\/uploads\/2025\/06\/wholesale-classical-Chinese-vase-5-768x640.webp 768w, https:\/\/www.santai-ceramics.com\/wp-content\/uploads\/2025\/06\/wholesale-classical-Chinese-vase-5-14x12.webp 14w, https:\/\/www.santai-ceramics.com\/wp-content\/uploads\/2025\/06\/wholesale-classical-Chinese-vase-5-1200x1000.webp 1200w, https:\/\/www.santai-ceramics.com\/wp-content\/uploads\/2025\/06\/wholesale-classical-Chinese-vase-5-600x500.webp 600w\" sizes=\"(max-width: 2835px) 100vw, 2835px\" \/><\/figure>\n<\/div>\n\n\n\n<div class=\"wp-block-column is-layout-flow wp-block-column-is-layout-flow\">\n<figure class=\"wp-block-image size-full\"><img decoding=\"async\" width=\"1600\" height=\"1333\" src=\"https:\/\/www.santai-ceramics.com\/wp-content\/uploads\/2025\/06\/wholesale-classical-Chinese-vase-6.webp\" alt=\"Gro\u00dfhandel klassische chinesische Vase (6)\" class=\"wp-image-2976\" srcset=\"https:\/\/www.santai-ceramics.com\/wp-content\/uploads\/2025\/06\/wholesale-classical-Chinese-vase-6.webp 1600w, https:\/\/www.santai-ceramics.com\/wp-content\/uploads\/2025\/06\/wholesale-classical-Chinese-vase-6-300x250.webp 300w, https:\/\/www.santai-ceramics.com\/wp-content\/uploads\/2025\/06\/wholesale-classical-Chinese-vase-6-768x640.webp 768w, https:\/\/www.santai-ceramics.com\/wp-content\/uploads\/2025\/06\/wholesale-classical-Chinese-vase-6-14x12.webp 14w, https:\/\/www.santai-ceramics.com\/wp-content\/uploads\/2025\/06\/wholesale-classical-Chinese-vase-6-1200x1000.webp 1200w, https:\/\/www.santai-ceramics.com\/wp-content\/uploads\/2025\/06\/wholesale-classical-Chinese-vase-6-600x500.webp 600w\" sizes=\"(max-width: 1600px) 100vw, 1600px\" \/><\/figure>\n<\/div>\n<\/div>\n\n\n\n<div class=\"wp-block-columns is-layout-flex wp-container-core-columns-is-layout-9d6595d7 wp-block-columns-is-layout-flex\">\n<div class=\"wp-block-column is-layout-flow wp-block-column-is-layout-flow\"><\/div>\n\n\n\n<div class=\"wp-block-column is-layout-flow wp-block-column-is-layout-flow\"><\/div>\n<\/div>","protected":false},"excerpt":{"rendered":"<p data-pm-slice=\"0 0 []\">Gro\u00dfhandel klassische Keramikvasen. Inspiriert von der traditionellen Celadon-Handwerkskunst, ist diese Serie von Blumenvasen mit Blumenmotiven handgefertigt und verbindet perfekt orientalische Eleganz mit moderner Schlichtheit. Diese Vasen sind in drei Gr\u00f6\u00dfen erh\u00e4ltlich. Perfekt f\u00fcr Einzelh\u00e4ndler, Geschenkelieferanten und Heimdekorateure, die Keramikkunst in gro\u00dfen Mengen suchen. Kontaktieren Sie uns f\u00fcr ein Angebot.<\/p>\n<h2>Spezifikation der klassischen chinesischen gr\u00fcnen Vase<\/h2>\n<table width=\"1140\">\n<tbody>\n<tr>\n<td width=\"285\">Modellnummer<\/td>\n<td width=\"285\">A33200-LE25-A02<\/td>\n<td width=\"285\">A33200-LE25-A03<\/td>\n<td width=\"285\">A33200-LE25-A01<\/td>\n<\/tr>\n<tr>\n<td>Produktname<\/td>\n<td>Keramik-Vase<\/td>\n<td>Keramik-Vase<\/td>\n<td>Keramik-Vase<\/td>\n<\/tr>\n<tr>\n<td>Farbe<\/td>\n<td>Blau<\/td>\n<td>Blau<\/td>\n<td>Blau<\/td>\n<\/tr>\n<tr>\n<td>Material<\/td>\n<td>Keramik\u00a0<\/td>\n<td>Keramik\u00a0<\/td>\n<td>Keramik\u00a0<\/td>\n<\/tr>\n<tr>\n<td>Verwendungsszenarien<\/td>\n<td>Wohnungseinrichtung<\/td>\n<td>Wohnungseinrichtung<\/td>\n<td>Wohnungseinrichtung<\/td>\n<\/tr>\n<tr>\n<td>Abmessungen<\/td>\n<td>T:19.5X26cm<\/td>\n<td>T:15X20cm<\/td>\n<td>T:10X14.5cm<\/td>\n<\/tr>\n<tr>\n<td>Gewicht<\/td>\n<td>2,5 kg\/St\u00fcck<\/td>\n<td>1,3 kg\/St\u00fcck<\/td>\n<td>0,5 kg\/St\u00fcck<\/td>\n<\/tr>\n<\/tbody>\n<\/table>","protected":false},"featured_media":2971,"comment_status":"closed","ping_status":"closed","template":"","meta":{"_acf_changed":false},"product_brand":[],"product_cat":[18,22],"product_tag":[],"class_list":{"0":"post-2963","1":"product","2":"type-product","3":"status-publish","4":"has-post-thumbnail","6":"product_cat-home-decor","7":"product_cat-vase","9":"first","10":"instock","11":"shipping-taxable","12":"product-type-simple"},"acf":[],"_links":{"self":[{"href":"https:\/\/www.santai-ceramics.com\/de\/wp-json\/wp\/v2\/product\/2963","targetHints":{"allow":["GET"]}}],"collection":[{"href":"https:\/\/www.santai-ceramics.com\/de\/wp-json\/wp\/v2\/product"}],"about":[{"href":"https:\/\/www.santai-ceramics.com\/de\/wp-json\/wp\/v2\/types\/product"}],"replies":[{"embeddable":true,"href":"https:\/\/www.santai-ceramics.com\/de\/wp-json\/wp\/v2\/comments?post=2963"}],"wp:featuredmedia":[{"embeddable":true,"href":"https:\/\/www.santai-ceramics.com\/de\/wp-json\/wp\/v2\/media\/2971"}],"wp:attachment":[{"href":"https:\/\/www.santai-ceramics.com\/de\/wp-json\/wp\/v2\/media?parent=2963"}],"wp:term":[{"taxonomy":"product_brand","embeddable":true,"href":"https:\/\/www.santai-ceramics.com\/de\/wp-json\/wp\/v2\/product_brand?post=2963"},{"taxonomy":"product_cat","embeddable":true,"href":"https:\/\/www.santai-ceramics.com\/de\/wp-json\/wp\/v2\/product_cat?post=2963"},{"taxonomy":"product_tag","embeddable":true,"href":"https:\/\/www.santai-ceramics.com\/de\/wp-json\/wp\/v2\/product_tag?post=2963"}],"curies":[{"name":"wp","href":"https:\/\/api.w.org\/{rel}","templated":true}]}}