{"id":3086,"date":"2025-07-20T01:43:49","date_gmt":"2025-07-20T01:43:49","guid":{"rendered":"https:\/\/www.santai-ceramics.com\/?post_type=product&#038;p=3086"},"modified":"2025-07-20T01:44:11","modified_gmt":"2025-07-20T01:44:11","slug":"wholesale-minimalist-crackle-glaze-ceramic-vases","status":"publish","type":"product","link":"https:\/\/www.santai-ceramics.com\/de\/product\/wholesale-minimalist-crackle-glaze-ceramic-vases\/","title":{"rendered":"Gro\u00dfhandel Keramik Vasen in loser Sch\u00fcttung - Cracked Glaze Vasen mit minimalistischem Design"},"content":{"rendered":"<h3 class=\"wp-block-heading\">Eigenschaften der Vasen aus Keramik mit Rissglasur<\/h3>\n\n\n\n<ul class=\"wp-block-list\">\n<li><strong>Signatur-Crackle-Glasur: <\/strong>Die Gro\u00dfhandelskeramikvasen haben eine rein wei\u00dfe Glasur, und die zarten Eiskornrisse bilden subtile Licht- und Schattenebenen, die eine einzigartige visuelle Textur schaffen.<\/li>\n<\/ul>\n\n\n\n<ul class=\"wp-block-list\">\n<li><strong>Freiliegende Terrakotta-Akzente<\/strong>: An der M\u00fcndung, am Boden und an den Stellen, an denen die Glasur abgetragen ist, kommt der warme Terrakotta-Ton zum Vorschein, der die glatte Glasur mit einer rauen, erdigen Textur kontrastiert, die die handwerkliche Qualit\u00e4t unterstreicht.<\/li>\n<\/ul>\n\n\n\n<ul class=\"wp-block-list\">\n<li><strong>Gestufte Vase Set<\/strong>: Dieses dreiteilige Set besteht aus einer niedrigen, einer mittleren und einer hohen Vase, die sich perfekt f\u00fcr die Gestaltung von Eingangsbereichen, Esstischen oder Schreibtischen eignet.<\/li>\n<\/ul>\n\n\n\n<ul class=\"wp-block-list\">\n<li><strong>Kunstvolle Einzelvase<\/strong>: Die birnenf\u00f6rmigen und schmalhalsigen Vasen sind funktional und skulptural zugleich und dienen auch im leeren Zustand als sch\u00f6ne Kunstwerke.<\/li>\n<\/ul>\n\n\n\n<h3 class=\"wp-block-heading\">Kundenspezifische Keramikvasen Service<\/h3>\n\n\n\n<p>Wir bieten OEM- und ODM-Dienstleistungen f\u00fcr unsere Produkte an.<br>Eine schnelle Lieferung von Mustern ist m\u00f6glich.<br>Wir bieten eine Vielzahl von Formen, Farben, individuellem Druck, Verpackungen und anderen ma\u00dfgeschneiderten Dienstleistungen an, um Ihre speziellen Anforderungen zu erf\u00fcllen.<br><a href=\"https:\/\/www.santai-ceramics.com\/de\/custom\/\" data-type=\"page\" data-id=\"13\" target=\"_blank\" rel=\"noreferrer noopener\"><strong>Erfahren Sie mehr \u00fcber die Details von Keramikvasen nach Ma\u00df.<\/strong><\/a><\/p>\n\n\n\n<div class=\"wp-block-columns is-layout-flex wp-container-core-columns-is-layout-9d6595d7 wp-block-columns-is-layout-flex\">\n<div class=\"wp-block-column is-layout-flow wp-block-column-is-layout-flow\">\n<figure class=\"wp-block-image size-full\"><img decoding=\"async\" width=\"3476\" height=\"2897\" src=\"https:\/\/www.santai-ceramics.com\/wp-content\/uploads\/2025\/07\/Cracked-Glaze-Ceramic-Vase-in-bulk.webp\" alt=\"\" class=\"wp-image-3135\" srcset=\"https:\/\/www.santai-ceramics.com\/wp-content\/uploads\/2025\/07\/Cracked-Glaze-Ceramic-Vase-in-bulk.webp 3476w, https:\/\/www.santai-ceramics.com\/wp-content\/uploads\/2025\/07\/Cracked-Glaze-Ceramic-Vase-in-bulk-300x250.webp 300w, https:\/\/www.santai-ceramics.com\/wp-content\/uploads\/2025\/07\/Cracked-Glaze-Ceramic-Vase-in-bulk-768x640.webp 768w, https:\/\/www.santai-ceramics.com\/wp-content\/uploads\/2025\/07\/Cracked-Glaze-Ceramic-Vase-in-bulk-14x12.webp 14w, https:\/\/www.santai-ceramics.com\/wp-content\/uploads\/2025\/07\/Cracked-Glaze-Ceramic-Vase-in-bulk-1200x1000.webp 1200w, https:\/\/www.santai-ceramics.com\/wp-content\/uploads\/2025\/07\/Cracked-Glaze-Ceramic-Vase-in-bulk-600x500.webp 600w\" sizes=\"(max-width: 3476px) 100vw, 3476px\" \/><\/figure>\n<\/div>\n\n\n\n<div class=\"wp-block-column is-layout-flow wp-block-column-is-layout-flow\">\n<figure class=\"wp-block-image size-full\"><img decoding=\"async\" width=\"2833\" height=\"2361\" src=\"https:\/\/www.santai-ceramics.com\/wp-content\/uploads\/2025\/07\/Cracked-Glaze-Ceramic-Vase-in-bulk-4.webp\" alt=\"\" class=\"wp-image-3133\" srcset=\"https:\/\/www.santai-ceramics.com\/wp-content\/uploads\/2025\/07\/Cracked-Glaze-Ceramic-Vase-in-bulk-4.webp 2833w, https:\/\/www.santai-ceramics.com\/wp-content\/uploads\/2025\/07\/Cracked-Glaze-Ceramic-Vase-in-bulk-4-300x250.webp 300w, https:\/\/www.santai-ceramics.com\/wp-content\/uploads\/2025\/07\/Cracked-Glaze-Ceramic-Vase-in-bulk-4-768x640.webp 768w, https:\/\/www.santai-ceramics.com\/wp-content\/uploads\/2025\/07\/Cracked-Glaze-Ceramic-Vase-in-bulk-4-14x12.webp 14w, https:\/\/www.santai-ceramics.com\/wp-content\/uploads\/2025\/07\/Cracked-Glaze-Ceramic-Vase-in-bulk-4-1200x1000.webp 1200w, https:\/\/www.santai-ceramics.com\/wp-content\/uploads\/2025\/07\/Cracked-Glaze-Ceramic-Vase-in-bulk-4-600x500.webp 600w\" sizes=\"(max-width: 2833px) 100vw, 2833px\" \/><\/figure>\n<\/div>\n<\/div>","protected":false},"excerpt":{"rendered":"<p data-pm-slice=\"0 0 []\">Gro\u00dfhandel Keramik Vasen. <a href=\"https:\/\/www.santai-ceramics.com\/de\/product-category\/vase\/\"><strong>keramikvase Hersteller - SANTAI<\/strong><\/a> bietet eine gro\u00dfe Auswahl an Vasen. Dieses atemberaubende Vasen-Set aus Keramik zeichnet sich durch das ikonische Design mit gesprungener Glasur aus, das durch freiliegende Terrakotta-Akzente einen handwerklichen Touch erh\u00e4lt. Die minimalistischen, skulpturalen Formen werten jeden Raum auf, egal ob sie einzeln oder als gestaffeltes Arrangement pr\u00e4sentiert werden.<\/p>\n<h2>Spezifikation der keramischen Vasen<\/h2>\n<table width=\"1140\">\n<tbody>\n<tr>\n<td width=\"285\">Modellnummer<\/td>\n<td width=\"285\">A37807-LE37-A01<\/td>\n<td width=\"285\">A37807-LE37-A02<\/td>\n<td width=\"285\">A37807-LE37-A03<\/td>\n<\/tr>\n<tr>\n<td>Produktname<\/td>\n<td>Keramik-Vase<\/td>\n<td>Keramik-Vase<\/td>\n<td>Keramik-Vase<\/td>\n<\/tr>\n<tr>\n<td>Farbe<\/td>\n<td>Wei\u00df<\/td>\n<td>Wei\u00df<\/td>\n<td>Wei\u00df<\/td>\n<\/tr>\n<tr>\n<td>Material<\/td>\n<td>Keramik\u00a0<\/td>\n<td>Keramik\u00a0<\/td>\n<td>Keramik\u00a0<\/td>\n<\/tr>\n<tr>\n<td>Verwendungsszenarien<\/td>\n<td>Wohnungseinrichtung<\/td>\n<td>Wohnungseinrichtung<\/td>\n<td>Wohnungseinrichtung<\/td>\n<\/tr>\n<tr>\n<td>Abmessungen<\/td>\n<td>T:16X29.5cm<\/td>\n<td>T:14X25cm<\/td>\n<td>T:12,5X16cm<\/td>\n<\/tr>\n<tr>\n<td>Gewicht<\/td>\n<td>2,1 kg\/St\u00fcck<\/td>\n<td>1,3 kg\/St\u00fcck<\/td>\n<td>0,8 kg\/St\u00fcck<\/td>\n<\/tr>\n<\/tbody>\n<\/table>","protected":false},"featured_media":3131,"comment_status":"closed","ping_status":"closed","template":"","meta":{"_acf_changed":false},"product_brand":[],"product_cat":[18,22],"product_tag":[],"class_list":{"0":"post-3086","1":"product","2":"type-product","3":"status-publish","4":"has-post-thumbnail","6":"product_cat-home-decor","7":"product_cat-vase","9":"first","10":"instock","11":"shipping-taxable","12":"product-type-simple"},"acf":[],"_links":{"self":[{"href":"https:\/\/www.santai-ceramics.com\/de\/wp-json\/wp\/v2\/product\/3086","targetHints":{"allow":["GET"]}}],"collection":[{"href":"https:\/\/www.santai-ceramics.com\/de\/wp-json\/wp\/v2\/product"}],"about":[{"href":"https:\/\/www.santai-ceramics.com\/de\/wp-json\/wp\/v2\/types\/product"}],"replies":[{"embeddable":true,"href":"https:\/\/www.santai-ceramics.com\/de\/wp-json\/wp\/v2\/comments?post=3086"}],"wp:featuredmedia":[{"embeddable":true,"href":"https:\/\/www.santai-ceramics.com\/de\/wp-json\/wp\/v2\/media\/3131"}],"wp:attachment":[{"href":"https:\/\/www.santai-ceramics.com\/de\/wp-json\/wp\/v2\/media?parent=3086"}],"wp:term":[{"taxonomy":"product_brand","embeddable":true,"href":"https:\/\/www.santai-ceramics.com\/de\/wp-json\/wp\/v2\/product_brand?post=3086"},{"taxonomy":"product_cat","embeddable":true,"href":"https:\/\/www.santai-ceramics.com\/de\/wp-json\/wp\/v2\/product_cat?post=3086"},{"taxonomy":"product_tag","embeddable":true,"href":"https:\/\/www.santai-ceramics.com\/de\/wp-json\/wp\/v2\/product_tag?post=3086"}],"curies":[{"name":"wp","href":"https:\/\/api.w.org\/{rel}","templated":true}]}}