{"id":3088,"date":"2025-07-22T15:00:03","date_gmt":"2025-07-22T15:00:03","guid":{"rendered":"https:\/\/www.santai-ceramics.com\/?post_type=product&#038;p=3088"},"modified":"2025-07-22T15:00:06","modified_gmt":"2025-07-22T15:00:06","slug":"bulk-flower-vases-with-cracked-glaze","status":"publish","type":"product","link":"https:\/\/www.santai-ceramics.com\/de\/product\/bulk-flower-vases-with-cracked-glaze\/","title":{"rendered":"Bulk Blumenvasen Gro\u00dfhandel - geknackt Glasur keramische Vasen mit Dual-Griffe"},"content":{"rendered":"<h3 class=\"wp-block-heading\">Merkmale der Blumenvasen mit Doppelgriff<\/h3>\n\n\n\n<ul class=\"wp-block-list\">\n<li><strong>Doppeltes Griffdesign: <\/strong>Der einzigartige doppelte Henkel ist nicht nur praktisch, bequem zum Bewegen und Aufstellen, sondern verleiht der Vase auch einen zus\u00e4tzlichen \u00e4sthetischen Wert.<br><\/li>\n\n\n\n<li><strong>Geeignet f\u00fcr den Gro\u00dfeinkauf: <\/strong>Der Gro\u00dfhandel Blumenvasen sind direkt von SANTAI Fabrik geliefert, geeignet f\u00fcr Heimtextilien Gesch\u00e4fte, Geschenkartikel und andere Einzelh\u00e4ndler zum besten Preis zu kaufen.<br><\/li>\n\n\n\n<li><strong>OEM- und ODM-Unterst\u00fctzung: <\/strong>Als professioneller Hersteller von Keramikvasen bieten wir kundenspezifische Gr\u00f6\u00dfen und Glasurfarben an, um die Bed\u00fcrfnisse verschiedener Einzelh\u00e4ndler und Kunden zu erf\u00fcllen.<\/li>\n<\/ul>\n\n\n\n<h3 class=\"wp-block-heading\">Kundenspezifische Keramikvasen Service<\/h3>\n\n\n\n<p>Wir bieten OEM- und ODM-Dienstleistungen f\u00fcr unsere Produkte an.<br>Eine schnelle Lieferung von Mustern ist m\u00f6glich.<br>Wir bieten eine Vielzahl von Formen, Farben, individuellem Druck, Verpackungen und anderen ma\u00dfgeschneiderten Dienstleistungen an, um Ihre speziellen Anforderungen zu erf\u00fcllen.<br><a href=\"https:\/\/www.santai-ceramics.com\/de\/custom\/\" data-type=\"page\" data-id=\"13\" target=\"_blank\" rel=\"noreferrer noopener\"><strong>Erfahren Sie mehr \u00fcber die Details von Keramikvasen nach Ma\u00df.<\/strong><\/a><\/p>\n\n\n\n<div class=\"wp-block-columns is-layout-flex wp-container-core-columns-is-layout-9d6595d7 wp-block-columns-is-layout-flex\">\n<div class=\"wp-block-column is-layout-flow wp-block-column-is-layout-flow\">\n<figure class=\"wp-block-image size-full\"><img decoding=\"async\" width=\"1690\" height=\"1690\" src=\"https:\/\/www.santai-ceramics.com\/wp-content\/uploads\/2025\/07\/Bulk-Flower-Vases-with-Cracked-Glaze-3.webp\" alt=\"\" class=\"wp-image-3173\" srcset=\"https:\/\/www.santai-ceramics.com\/wp-content\/uploads\/2025\/07\/Bulk-Flower-Vases-with-Cracked-Glaze-3.webp 1690w, https:\/\/www.santai-ceramics.com\/wp-content\/uploads\/2025\/07\/Bulk-Flower-Vases-with-Cracked-Glaze-3-300x300.webp 300w, https:\/\/www.santai-ceramics.com\/wp-content\/uploads\/2025\/07\/Bulk-Flower-Vases-with-Cracked-Glaze-3-150x150.webp 150w, https:\/\/www.santai-ceramics.com\/wp-content\/uploads\/2025\/07\/Bulk-Flower-Vases-with-Cracked-Glaze-3-768x768.webp 768w, https:\/\/www.santai-ceramics.com\/wp-content\/uploads\/2025\/07\/Bulk-Flower-Vases-with-Cracked-Glaze-3-12x12.webp 12w, https:\/\/www.santai-ceramics.com\/wp-content\/uploads\/2025\/07\/Bulk-Flower-Vases-with-Cracked-Glaze-3-1200x1200.webp 1200w, https:\/\/www.santai-ceramics.com\/wp-content\/uploads\/2025\/07\/Bulk-Flower-Vases-with-Cracked-Glaze-3-600x600.webp 600w, https:\/\/www.santai-ceramics.com\/wp-content\/uploads\/2025\/07\/Bulk-Flower-Vases-with-Cracked-Glaze-3-100x100.webp 100w\" sizes=\"(max-width: 1690px) 100vw, 1690px\" \/><\/figure>\n<\/div>\n\n\n\n<div class=\"wp-block-column is-layout-flow wp-block-column-is-layout-flow\">\n<figure class=\"wp-block-image size-full\"><img decoding=\"async\" width=\"2860\" height=\"2860\" src=\"https:\/\/www.santai-ceramics.com\/wp-content\/uploads\/2025\/07\/Bulk-Flower-Vases-with-Cracked-Glaze-5.webp\" alt=\"\" class=\"wp-image-3175\" srcset=\"https:\/\/www.santai-ceramics.com\/wp-content\/uploads\/2025\/07\/Bulk-Flower-Vases-with-Cracked-Glaze-5.webp 2860w, https:\/\/www.santai-ceramics.com\/wp-content\/uploads\/2025\/07\/Bulk-Flower-Vases-with-Cracked-Glaze-5-300x300.webp 300w, https:\/\/www.santai-ceramics.com\/wp-content\/uploads\/2025\/07\/Bulk-Flower-Vases-with-Cracked-Glaze-5-150x150.webp 150w, https:\/\/www.santai-ceramics.com\/wp-content\/uploads\/2025\/07\/Bulk-Flower-Vases-with-Cracked-Glaze-5-768x768.webp 768w, https:\/\/www.santai-ceramics.com\/wp-content\/uploads\/2025\/07\/Bulk-Flower-Vases-with-Cracked-Glaze-5-12x12.webp 12w, https:\/\/www.santai-ceramics.com\/wp-content\/uploads\/2025\/07\/Bulk-Flower-Vases-with-Cracked-Glaze-5-1200x1200.webp 1200w, https:\/\/www.santai-ceramics.com\/wp-content\/uploads\/2025\/07\/Bulk-Flower-Vases-with-Cracked-Glaze-5-600x600.webp 600w, https:\/\/www.santai-ceramics.com\/wp-content\/uploads\/2025\/07\/Bulk-Flower-Vases-with-Cracked-Glaze-5-100x100.webp 100w\" sizes=\"(max-width: 2860px) 100vw, 2860px\" \/><\/figure>\n<\/div>\n<\/div>","protected":false},"excerpt":{"rendered":"<p data-pm-slice=\"0 0 []\">Blumenvasen im Gro\u00dfhandel in gro\u00dfen Mengen. Mit ihrer Craquel\u00e9-Glasur und den Doppelgriffen sind diese Vasen die perfekte Mischung aus Stil und Zweckm\u00e4\u00dfigkeit, perfekt f\u00fcr Blumenarrangements und individuelle Pr\u00e4sentationen. Als Hersteller von Keramikvasen bieten wir Gro\u00dfhandelsvasen zu Fabrikpreisen an, die perfekt f\u00fcr Einzelhandelsgesch\u00e4fte und B2B-K\u00e4ufer sind. Kontaktieren Sie uns f\u00fcr ein Angebot.<\/p>\n<h2>Spezifikation der Blumenvasen<\/h2>\n<table width=\"855\">\n<tbody>\n<tr>\n<td width=\"285\">Modellnummer<\/td>\n<td width=\"285\">A37825-LE37-A01<\/td>\n<td width=\"285\">A37825-LE37-A02<\/td>\n<\/tr>\n<tr>\n<td>Produktname<\/td>\n<td>Keramische Vase mit Ohren<\/td>\n<td>Keramische Vase mit Ohren<\/td>\n<\/tr>\n<tr>\n<td>Farbe<\/td>\n<td>Wei\u00df<\/td>\n<td>Wei\u00df<\/td>\n<\/tr>\n<tr>\n<td>Material<\/td>\n<td>Keramik\u00a0<\/td>\n<td>Keramik\u00a0<\/td>\n<\/tr>\n<tr>\n<td>Verwendungsszenarien<\/td>\n<td>Wohnungseinrichtung<\/td>\n<td>Wohnungseinrichtung<\/td>\n<\/tr>\n<tr>\n<td>Abmessungen<\/td>\n<td>20.5X20X21cm<\/td>\n<td>15,5X15X16,5cm<\/td>\n<\/tr>\n<tr>\n<td>Gewicht<\/td>\n<td>1,6 kg\/St\u00fcck<\/td>\n<td>0,9 kg\/St\u00fcck<\/td>\n<\/tr>\n<\/tbody>\n<\/table>","protected":false},"featured_media":3172,"comment_status":"closed","ping_status":"closed","template":"","meta":{"_acf_changed":false},"product_brand":[],"product_cat":[18,22],"product_tag":[],"class_list":{"0":"post-3088","1":"product","2":"type-product","3":"status-publish","4":"has-post-thumbnail","6":"product_cat-home-decor","7":"product_cat-vase","9":"first","10":"instock","11":"shipping-taxable","12":"product-type-simple"},"acf":[],"_links":{"self":[{"href":"https:\/\/www.santai-ceramics.com\/de\/wp-json\/wp\/v2\/product\/3088","targetHints":{"allow":["GET"]}}],"collection":[{"href":"https:\/\/www.santai-ceramics.com\/de\/wp-json\/wp\/v2\/product"}],"about":[{"href":"https:\/\/www.santai-ceramics.com\/de\/wp-json\/wp\/v2\/types\/product"}],"replies":[{"embeddable":true,"href":"https:\/\/www.santai-ceramics.com\/de\/wp-json\/wp\/v2\/comments?post=3088"}],"wp:featuredmedia":[{"embeddable":true,"href":"https:\/\/www.santai-ceramics.com\/de\/wp-json\/wp\/v2\/media\/3172"}],"wp:attachment":[{"href":"https:\/\/www.santai-ceramics.com\/de\/wp-json\/wp\/v2\/media?parent=3088"}],"wp:term":[{"taxonomy":"product_brand","embeddable":true,"href":"https:\/\/www.santai-ceramics.com\/de\/wp-json\/wp\/v2\/product_brand?post=3088"},{"taxonomy":"product_cat","embeddable":true,"href":"https:\/\/www.santai-ceramics.com\/de\/wp-json\/wp\/v2\/product_cat?post=3088"},{"taxonomy":"product_tag","embeddable":true,"href":"https:\/\/www.santai-ceramics.com\/de\/wp-json\/wp\/v2\/product_tag?post=3088"}],"curies":[{"name":"wp","href":"https:\/\/api.w.org\/{rel}","templated":true}]}}