{"id":3089,"date":"2025-07-20T01:13:12","date_gmt":"2025-07-20T01:13:12","guid":{"rendered":"https:\/\/www.santai-ceramics.com\/?post_type=product&#038;p=3089"},"modified":"2025-07-20T01:13:45","modified_gmt":"2025-07-20T01:13:45","slug":"wholesale-cracked-glaze-ceramic-vases","status":"publish","type":"product","link":"https:\/\/www.santai-ceramics.com\/de\/product\/wholesale-cracked-glaze-ceramic-vases\/","title":{"rendered":"Keramische Vasen Gro\u00dfhandel - Traditionelle geknackt Glasur keramische Vasen mit nat\u00fcrlichen Terrakotta-Akzenten"},"content":{"rendered":"<h3 class=\"wp-block-heading\">Merkmale der traditionellen Vasen aus Keramik mit Rissglasur<\/h3>\n\n\n\n<ul class=\"wp-block-list\">\n<li><strong>Unterschrift Cracked Glaze Handwerkskunst<\/strong>: Unsere Vasen f\u00fcr den Gro\u00dfhandel werden mit traditionellen Rissglasurtechniken hergestellt, wodurch zarte, unregelm\u00e4\u00dfige Eisspaltenmuster entstehen, die einen raffinierten Vintage-Touch verleihen.<\/li>\n<\/ul>\n\n\n\n<ul class=\"wp-block-list\">\n<li><strong>Freigelegtes Lehmdesign<\/strong>: Die absichtlich freiliegende Terrakotta am Mund, am Sockel und an den Stellen, an denen die Glasur abgenutzt ist, bildet warme braune oder beigefarbene Flecken, die eine rohe, nat\u00fcrliche Textur betonen.<\/li>\n<\/ul>\n\n\n\n<ul class=\"wp-block-list\">\n<li><strong>Kontrastreiche Farbpalette<\/strong>: Der auff\u00e4llige Kontrast zwischen der reinen, mattwei\u00dfen Glasur und dem warmen Terrakottabraun unterstreicht das raffinierte und zugleich rustikale Aussehen der Vase.<\/li>\n<\/ul>\n\n\n\n<h3 class=\"wp-block-heading\">Kundenspezifische Keramikvasen Service<\/h3>\n\n\n\n<p>Wir bieten OEM- und ODM-Dienstleistungen f\u00fcr unsere Produkte an.<br>Eine schnelle Lieferung von Mustern ist m\u00f6glich.<br>Wir bieten eine Vielzahl von Formen, Farben, individuellem Druck, Verpackungen und anderen ma\u00dfgeschneiderten Dienstleistungen an, um Ihre speziellen Anforderungen zu erf\u00fcllen.<br><a href=\"https:\/\/www.santai-ceramics.com\/de\/custom\/\" data-type=\"page\" data-id=\"13\" target=\"_blank\" rel=\"noreferrer noopener\"><strong>Erfahren Sie mehr \u00fcber die Details von Keramikvasen nach Ma\u00df.<\/strong><\/a><\/p>\n\n\n\n<div class=\"wp-block-columns is-layout-flex wp-container-core-columns-is-layout-9d6595d7 wp-block-columns-is-layout-flex\">\n<div class=\"wp-block-column is-layout-flow wp-block-column-is-layout-flow\">\n<figure class=\"wp-block-image size-full\"><img decoding=\"async\" width=\"1282\" height=\"1282\" src=\"https:\/\/www.santai-ceramics.com\/wp-content\/uploads\/2025\/07\/Wholesale-Cracked-Glaze-Ceramic-Vase-5.webp\" alt=\"\" class=\"wp-image-3116\" srcset=\"https:\/\/www.santai-ceramics.com\/wp-content\/uploads\/2025\/07\/Wholesale-Cracked-Glaze-Ceramic-Vase-5.webp 1282w, https:\/\/www.santai-ceramics.com\/wp-content\/uploads\/2025\/07\/Wholesale-Cracked-Glaze-Ceramic-Vase-5-300x300.webp 300w, https:\/\/www.santai-ceramics.com\/wp-content\/uploads\/2025\/07\/Wholesale-Cracked-Glaze-Ceramic-Vase-5-150x150.webp 150w, https:\/\/www.santai-ceramics.com\/wp-content\/uploads\/2025\/07\/Wholesale-Cracked-Glaze-Ceramic-Vase-5-768x768.webp 768w, https:\/\/www.santai-ceramics.com\/wp-content\/uploads\/2025\/07\/Wholesale-Cracked-Glaze-Ceramic-Vase-5-12x12.webp 12w, https:\/\/www.santai-ceramics.com\/wp-content\/uploads\/2025\/07\/Wholesale-Cracked-Glaze-Ceramic-Vase-5-1200x1200.webp 1200w, https:\/\/www.santai-ceramics.com\/wp-content\/uploads\/2025\/07\/Wholesale-Cracked-Glaze-Ceramic-Vase-5-600x600.webp 600w, https:\/\/www.santai-ceramics.com\/wp-content\/uploads\/2025\/07\/Wholesale-Cracked-Glaze-Ceramic-Vase-5-100x100.webp 100w\" sizes=\"(max-width: 1282px) 100vw, 1282px\" \/><\/figure>\n<\/div>\n\n\n\n<div class=\"wp-block-column is-layout-flow wp-block-column-is-layout-flow\">\n<figure class=\"wp-block-image size-full\"><img decoding=\"async\" width=\"1288\" height=\"1288\" src=\"https:\/\/www.santai-ceramics.com\/wp-content\/uploads\/2025\/07\/Wholesale-Cracked-Glaze-Ceramic-Vase-6.webp\" alt=\"\" class=\"wp-image-3117\" srcset=\"https:\/\/www.santai-ceramics.com\/wp-content\/uploads\/2025\/07\/Wholesale-Cracked-Glaze-Ceramic-Vase-6.webp 1288w, https:\/\/www.santai-ceramics.com\/wp-content\/uploads\/2025\/07\/Wholesale-Cracked-Glaze-Ceramic-Vase-6-300x300.webp 300w, https:\/\/www.santai-ceramics.com\/wp-content\/uploads\/2025\/07\/Wholesale-Cracked-Glaze-Ceramic-Vase-6-150x150.webp 150w, https:\/\/www.santai-ceramics.com\/wp-content\/uploads\/2025\/07\/Wholesale-Cracked-Glaze-Ceramic-Vase-6-768x768.webp 768w, https:\/\/www.santai-ceramics.com\/wp-content\/uploads\/2025\/07\/Wholesale-Cracked-Glaze-Ceramic-Vase-6-12x12.webp 12w, https:\/\/www.santai-ceramics.com\/wp-content\/uploads\/2025\/07\/Wholesale-Cracked-Glaze-Ceramic-Vase-6-1200x1200.webp 1200w, https:\/\/www.santai-ceramics.com\/wp-content\/uploads\/2025\/07\/Wholesale-Cracked-Glaze-Ceramic-Vase-6-600x600.webp 600w, https:\/\/www.santai-ceramics.com\/wp-content\/uploads\/2025\/07\/Wholesale-Cracked-Glaze-Ceramic-Vase-6-100x100.webp 100w\" sizes=\"(max-width: 1288px) 100vw, 1288px\" \/><\/figure>\n<\/div>\n<\/div>","protected":false},"excerpt":{"rendered":"<p data-pm-slice=\"0 0 []\">Gro\u00dfhandel Keramik Vasen. Diese elegante Keramikvase zeichnet sich durch die zeitlose Sch\u00f6nheit traditioneller Rissglasur-Handwerkskunst aus, mit nat\u00fcrlichen Terrakotta-Akzenten und einem minimalistischen Design, perfekt f\u00fcr die Pr\u00e4sentation von Blumen in einer raffinierten, k\u00fcnstlerischen Weise.<\/p>\n<h2>Spezifikation der traditionellen Keramikvasen mit gerissener Glasur<\/h2>\n<table width=\"1140\">\n<tbody>\n<tr>\n<td width=\"285\">Modellnummer<\/td>\n<td width=\"285\">A37797-LE37-A01<\/td>\n<td width=\"285\">A37797-LE37-A02<\/td>\n<td width=\"285\">A37797-LE37-A03<\/td>\n<\/tr>\n<tr>\n<td>Produktname<\/td>\n<td>Keramik-Vase<\/td>\n<td>Keramik-Vase<\/td>\n<td>Keramik-Vase<\/td>\n<\/tr>\n<tr>\n<td>Farbe<\/td>\n<td>Wei\u00df<\/td>\n<td>Wei\u00df<\/td>\n<td>Wei\u00df<\/td>\n<\/tr>\n<tr>\n<td>Material<\/td>\n<td>Keramik\u00a0<\/td>\n<td>Keramik\u00a0<\/td>\n<td>Keramik\u00a0<\/td>\n<\/tr>\n<tr>\n<td>Verwendungsszenarien<\/td>\n<td>Wohnungseinrichtung<\/td>\n<td>Wohnungseinrichtung<\/td>\n<td>Wohnungseinrichtung<\/td>\n<\/tr>\n<tr>\n<td>Abmessungen<\/td>\n<td>T:15X19,5cm<\/td>\n<td>T:11X15cm<\/td>\n<td>T:13X12.5cm<\/td>\n<\/tr>\n<tr>\n<td>Gewicht<\/td>\n<td>0,9 kg\/St\u00fcck<\/td>\n<td>0,4 kg\/St\u00fcck<\/td>\n<td>0,5 kg\/St\u00fcck<\/td>\n<\/tr>\n<\/tbody>\n<\/table>","protected":false},"featured_media":3113,"comment_status":"closed","ping_status":"closed","template":"","meta":{"_acf_changed":false},"product_brand":[],"product_cat":[18,22],"product_tag":[],"class_list":{"0":"post-3089","1":"product","2":"type-product","3":"status-publish","4":"has-post-thumbnail","6":"product_cat-home-decor","7":"product_cat-vase","9":"first","10":"instock","11":"shipping-taxable","12":"product-type-simple"},"acf":[],"_links":{"self":[{"href":"https:\/\/www.santai-ceramics.com\/de\/wp-json\/wp\/v2\/product\/3089","targetHints":{"allow":["GET"]}}],"collection":[{"href":"https:\/\/www.santai-ceramics.com\/de\/wp-json\/wp\/v2\/product"}],"about":[{"href":"https:\/\/www.santai-ceramics.com\/de\/wp-json\/wp\/v2\/types\/product"}],"replies":[{"embeddable":true,"href":"https:\/\/www.santai-ceramics.com\/de\/wp-json\/wp\/v2\/comments?post=3089"}],"wp:featuredmedia":[{"embeddable":true,"href":"https:\/\/www.santai-ceramics.com\/de\/wp-json\/wp\/v2\/media\/3113"}],"wp:attachment":[{"href":"https:\/\/www.santai-ceramics.com\/de\/wp-json\/wp\/v2\/media?parent=3089"}],"wp:term":[{"taxonomy":"product_brand","embeddable":true,"href":"https:\/\/www.santai-ceramics.com\/de\/wp-json\/wp\/v2\/product_brand?post=3089"},{"taxonomy":"product_cat","embeddable":true,"href":"https:\/\/www.santai-ceramics.com\/de\/wp-json\/wp\/v2\/product_cat?post=3089"},{"taxonomy":"product_tag","embeddable":true,"href":"https:\/\/www.santai-ceramics.com\/de\/wp-json\/wp\/v2\/product_tag?post=3089"}],"curies":[{"name":"wp","href":"https:\/\/api.w.org\/{rel}","templated":true}]}}