{"id":3092,"date":"2025-07-20T00:32:03","date_gmt":"2025-07-20T00:32:03","guid":{"rendered":"https:\/\/www.santai-ceramics.com\/?post_type=product&#038;p=3092"},"modified":"2025-07-20T00:32:49","modified_gmt":"2025-07-20T00:32:49","slug":"wholesale-handcrafted-ceramic-vase-with-3d-embossing-feature","status":"publish","type":"product","link":"https:\/\/www.santai-ceramics.com\/de\/product\/wholesale-handcrafted-ceramic-vase-with-3d-embossing-feature\/","title":{"rendered":"Gro\u00dfhandel handgefertigte keramische Vase mit 3D-Pr\u00e4gung Design"},"content":{"rendered":"<h3 class=\"wp-block-heading\">Features of\u00a0Handcrafted Ceramic Vase with 3D Embossing Design<\/h3>\n\n\n\n<ul class=\"wp-block-list\">\n<li><strong>Craftsmanship Touch<\/strong>: Handcrafted with precision, featuring a stunning 3D embossed texture that brings a tactile, artistic feel to the piece.<\/li>\n<\/ul>\n\n\n\n<ul class=\"wp-block-list\">\n<li><strong>Double Glaze Firing Technique<\/strong>: A unique double glaze firing process that enhances the vase\u2019s durability while adding layers of depth and luster.<\/li>\n<\/ul>\n\n\n\n<h3 class=\"wp-block-heading\">Individuelles Vasen-Service aus Keramik<\/h3>\n\n\n\n<p>Wir bieten OEM- und ODM-Dienstleistungen f\u00fcr unsere Produkte an.<br>Eine schnelle Lieferung von Mustern ist m\u00f6glich.<br>Wir bieten eine Vielzahl von Formen, Farben, individuellem Druck, Verpackungen und anderen ma\u00dfgeschneiderten Dienstleistungen an, um Ihre speziellen Anforderungen zu erf\u00fcllen.<br><a href=\"https:\/\/www.santai-ceramics.com\/de\/custom\/\" data-type=\"page\" data-id=\"13\" target=\"_blank\" rel=\"noreferrer noopener\"><strong>Erfahren Sie mehr \u00fcber die Details von Keramikvasen nach Ma\u00df.<\/strong><\/a><\/p>\n\n\n\n<div class=\"wp-block-columns is-layout-flex wp-container-core-columns-is-layout-9d6595d7 wp-block-columns-is-layout-flex\">\n<div class=\"wp-block-column is-layout-flow wp-block-column-is-layout-flow\">\n<figure class=\"wp-block-image size-full\"><img decoding=\"async\" width=\"2400\" height=\"2000\" src=\"https:\/\/www.santai-ceramics.com\/wp-content\/uploads\/2025\/07\/bulk-speciall-designed-vases-2-1.webp\" alt=\"\" class=\"wp-image-3112\" srcset=\"https:\/\/www.santai-ceramics.com\/wp-content\/uploads\/2025\/07\/bulk-speciall-designed-vases-2-1.webp 2400w, https:\/\/www.santai-ceramics.com\/wp-content\/uploads\/2025\/07\/bulk-speciall-designed-vases-2-1-300x250.webp 300w, https:\/\/www.santai-ceramics.com\/wp-content\/uploads\/2025\/07\/bulk-speciall-designed-vases-2-1-768x640.webp 768w, https:\/\/www.santai-ceramics.com\/wp-content\/uploads\/2025\/07\/bulk-speciall-designed-vases-2-1-14x12.webp 14w, https:\/\/www.santai-ceramics.com\/wp-content\/uploads\/2025\/07\/bulk-speciall-designed-vases-2-1-1200x1000.webp 1200w, https:\/\/www.santai-ceramics.com\/wp-content\/uploads\/2025\/07\/bulk-speciall-designed-vases-2-1-600x500.webp 600w\" sizes=\"(max-width: 2400px) 100vw, 2400px\" \/><\/figure>\n<\/div>\n\n\n\n<div class=\"wp-block-column is-layout-flow wp-block-column-is-layout-flow\">\n<figure class=\"wp-block-image size-full\"><img decoding=\"async\" width=\"2174\" height=\"1812\" src=\"https:\/\/www.santai-ceramics.com\/wp-content\/uploads\/2025\/07\/bulk-speciall-designed-vases-5-1.webp\" alt=\"\" class=\"wp-image-3111\" srcset=\"https:\/\/www.santai-ceramics.com\/wp-content\/uploads\/2025\/07\/bulk-speciall-designed-vases-5-1.webp 2174w, https:\/\/www.santai-ceramics.com\/wp-content\/uploads\/2025\/07\/bulk-speciall-designed-vases-5-1-300x250.webp 300w, https:\/\/www.santai-ceramics.com\/wp-content\/uploads\/2025\/07\/bulk-speciall-designed-vases-5-1-768x640.webp 768w, https:\/\/www.santai-ceramics.com\/wp-content\/uploads\/2025\/07\/bulk-speciall-designed-vases-5-1-14x12.webp 14w, https:\/\/www.santai-ceramics.com\/wp-content\/uploads\/2025\/07\/bulk-speciall-designed-vases-5-1-1200x1000.webp 1200w, https:\/\/www.santai-ceramics.com\/wp-content\/uploads\/2025\/07\/bulk-speciall-designed-vases-5-1-600x500.webp 600w\" sizes=\"(max-width: 2174px) 100vw, 2174px\" \/><\/figure>\n<\/div>\n<\/div>","protected":false},"excerpt":{"rendered":"<p data-start=\"181\" data-end=\"369\">Wholesale Ceramic Vase. Showcasing exquisite craftsmanship, this meticulously crafted ceramic vase features 3D embossed texture and sophisticated design to enhance your space.<\/p>\n<h2>Specification of\u00a0 the Ceramic Vase<\/h2>\n<table width=\"855\">\n<tbody>\n<tr>\n<td width=\"285\">Modellnummer<\/td>\n<td width=\"285\">A37691-LE29-A01<\/td>\n<td width=\"285\">A37691-LE29-A02<\/td>\n<\/tr>\n<tr>\n<td>Produktname<\/td>\n<td>Keramik-Vase<\/td>\n<td>Keramik-Vase<\/td>\n<\/tr>\n<tr>\n<td>Farbe<\/td>\n<td>Creme<\/td>\n<td>Creme<\/td>\n<\/tr>\n<tr>\n<td>Material<\/td>\n<td>Keramik\u00a0<\/td>\n<td>Keramik\u00a0<\/td>\n<\/tr>\n<tr>\n<td>Verwendungsszenarien<\/td>\n<td>Wohnungseinrichtung<\/td>\n<td>Wohnungseinrichtung<\/td>\n<\/tr>\n<tr>\n<td>Abmessungen<\/td>\n<td>D:16.5X20cm<\/td>\n<td>D:12.5X15.5cm<\/td>\n<\/tr>\n<tr>\n<td>Gewicht<\/td>\n<td>1,2 kg\/St\u00fcck<\/td>\n<td>0,6 kg\/St\u00fcck<\/td>\n<\/tr>\n<\/tbody>\n<\/table>","protected":false},"featured_media":3106,"comment_status":"closed","ping_status":"closed","template":"","meta":{"_acf_changed":false},"product_brand":[],"product_cat":[18,22],"product_tag":[],"class_list":{"0":"post-3092","1":"product","2":"type-product","3":"status-publish","4":"has-post-thumbnail","6":"product_cat-home-decor","7":"product_cat-vase","9":"first","10":"instock","11":"shipping-taxable","12":"product-type-simple"},"acf":[],"_links":{"self":[{"href":"https:\/\/www.santai-ceramics.com\/de\/wp-json\/wp\/v2\/product\/3092","targetHints":{"allow":["GET"]}}],"collection":[{"href":"https:\/\/www.santai-ceramics.com\/de\/wp-json\/wp\/v2\/product"}],"about":[{"href":"https:\/\/www.santai-ceramics.com\/de\/wp-json\/wp\/v2\/types\/product"}],"replies":[{"embeddable":true,"href":"https:\/\/www.santai-ceramics.com\/de\/wp-json\/wp\/v2\/comments?post=3092"}],"wp:featuredmedia":[{"embeddable":true,"href":"https:\/\/www.santai-ceramics.com\/de\/wp-json\/wp\/v2\/media\/3106"}],"wp:attachment":[{"href":"https:\/\/www.santai-ceramics.com\/de\/wp-json\/wp\/v2\/media?parent=3092"}],"wp:term":[{"taxonomy":"product_brand","embeddable":true,"href":"https:\/\/www.santai-ceramics.com\/de\/wp-json\/wp\/v2\/product_brand?post=3092"},{"taxonomy":"product_cat","embeddable":true,"href":"https:\/\/www.santai-ceramics.com\/de\/wp-json\/wp\/v2\/product_cat?post=3092"},{"taxonomy":"product_tag","embeddable":true,"href":"https:\/\/www.santai-ceramics.com\/de\/wp-json\/wp\/v2\/product_tag?post=3092"}],"curies":[{"name":"wp","href":"https:\/\/api.w.org\/{rel}","templated":true}]}}