{"id":3299,"date":"2025-07-31T14:41:53","date_gmt":"2025-07-31T14:41:53","guid":{"rendered":"https:\/\/www.santai-ceramics.com\/?post_type=product&#038;p=3299"},"modified":"2025-07-31T14:41:54","modified_gmt":"2025-07-31T14:41:54","slug":"wholesale-clay-flower-vases","status":"publish","type":"product","link":"https:\/\/www.santai-ceramics.com\/de\/product\/wholesale-clay-flower-vases\/","title":{"rendered":"Gro\u00dfhandel keramische Blumenvasen, Ton Vasen Bulk Supply"},"content":{"rendered":"<h3 class=\"wp-block-heading\">Eigenschaften von Keramik-Blumenvasen <\/h3>\n\n\n\n<ul class=\"wp-block-list\">\n<li><strong>Handgefertigte Einzigartigkeit: <\/strong>Jede Vase weist einzigartige handwerkliche Merkmale, Risse und Texturen auf, wie z. B. winzige L\u00f6cher und wellenf\u00f6rmige Tonspiralen.<br><\/li>\n\n\n\n<li>Eine Mischung aus Vintage und nat\u00fcrlicher \u00c4sthetik: Der rustikale Farbton f\u00fcgt sich nahtlos in die nat\u00fcrliche Farbe des Tons ein und verleiht ihm ein Gef\u00fchl von Abnutzung und Alter, w\u00e4hrend die urspr\u00fcngliche Textur des Tons erhalten bleibt.<br><\/li>\n\n\n\n<li><strong>Geeignetes Szenario: <\/strong>Diese Vase mit ihrer nat\u00fcrlichen, rustikalen Sch\u00f6nheit ist die perfekte Erg\u00e4nzung f\u00fcr jeden Raum, der auf eine rustikale \u00c4sthetik ausgerichtet ist. Sie eignet sich f\u00fcr die Pr\u00e4sentation auf einem h\u00f6lzernen Couchtisch, auf einem Esstisch oder in einer Nische.<br><\/li>\n\n\n\n<li><strong>Gro\u00dfhandel Blumenvasen Service: <\/strong>Wir bieten Gro\u00dfhandelsvasen von hoher Qualit\u00e4t f\u00fcr Kunden in aller Welt an und unterst\u00fctzen eine Vielzahl von Stilen und Gr\u00f6\u00dfen. Geeignet f\u00fcr Marken f\u00fcr Wohnkultur, Blumenstudios, Geschenkel\u00e4den und M\u00f6belh\u00e4user.<\/li>\n<\/ul>\n\n\n\n<h3 class=\"wp-block-heading\">Individuelle Keramik Blumenvasen Service<\/h3>\n\n\n\n<p>Wir bieten OEM- und ODM-Dienstleistungen f\u00fcr unsere Produkte an.<br>Eine schnelle Lieferung von Mustern ist m\u00f6glich.<br>Wir bieten eine Vielzahl von Formen, Farben, individuellem Druck, Verpackungen und anderen ma\u00dfgeschneiderten Dienstleistungen an, um Ihre speziellen Anforderungen zu erf\u00fcllen.<br><a href=\"https:\/\/www.santai-ceramics.com\/de\/custom\/\" data-type=\"page\" data-id=\"13\" target=\"_blank\" rel=\"noreferrer noopener\"><strong><b>Erfahren Sie mehr \u00fcber Custom<\/b> L\u00f6sungen f\u00fcr Blumenvasen aus Keramik.<\/strong><\/a><\/p>\n\n\n\n<div class=\"wp-block-columns is-layout-flex wp-container-core-columns-is-layout-9d6595d7 wp-block-columns-is-layout-flex\">\n<div class=\"wp-block-column is-layout-flow wp-block-column-is-layout-flow\">\n<figure class=\"wp-block-image size-full\"><img decoding=\"async\" width=\"2612\" height=\"2176\" src=\"https:\/\/www.santai-ceramics.com\/wp-content\/uploads\/2025\/07\/wholesale-ceramic-flower-vases-2.webp\" alt=\"\" class=\"wp-image-3388\" srcset=\"https:\/\/www.santai-ceramics.com\/wp-content\/uploads\/2025\/07\/wholesale-ceramic-flower-vases-2.webp 2612w, https:\/\/www.santai-ceramics.com\/wp-content\/uploads\/2025\/07\/wholesale-ceramic-flower-vases-2-300x250.webp 300w, https:\/\/www.santai-ceramics.com\/wp-content\/uploads\/2025\/07\/wholesale-ceramic-flower-vases-2-768x640.webp 768w, https:\/\/www.santai-ceramics.com\/wp-content\/uploads\/2025\/07\/wholesale-ceramic-flower-vases-2-14x12.webp 14w, https:\/\/www.santai-ceramics.com\/wp-content\/uploads\/2025\/07\/wholesale-ceramic-flower-vases-2-1200x1000.webp 1200w, https:\/\/www.santai-ceramics.com\/wp-content\/uploads\/2025\/07\/wholesale-ceramic-flower-vases-2-600x500.webp 600w\" sizes=\"(max-width: 2612px) 100vw, 2612px\" \/><\/figure>\n<\/div>\n\n\n\n<div class=\"wp-block-column is-layout-flow wp-block-column-is-layout-flow\">\n<figure class=\"wp-block-image size-full\"><img decoding=\"async\" width=\"2944\" height=\"2453\" src=\"https:\/\/www.santai-ceramics.com\/wp-content\/uploads\/2025\/07\/wholesale-ceramic-flower-vases-.webp\" alt=\"\" class=\"wp-image-3392\" srcset=\"https:\/\/www.santai-ceramics.com\/wp-content\/uploads\/2025\/07\/wholesale-ceramic-flower-vases-.webp 2944w, https:\/\/www.santai-ceramics.com\/wp-content\/uploads\/2025\/07\/wholesale-ceramic-flower-vases--300x250.webp 300w, https:\/\/www.santai-ceramics.com\/wp-content\/uploads\/2025\/07\/wholesale-ceramic-flower-vases--768x640.webp 768w, https:\/\/www.santai-ceramics.com\/wp-content\/uploads\/2025\/07\/wholesale-ceramic-flower-vases--14x12.webp 14w, https:\/\/www.santai-ceramics.com\/wp-content\/uploads\/2025\/07\/wholesale-ceramic-flower-vases--1200x1000.webp 1200w, https:\/\/www.santai-ceramics.com\/wp-content\/uploads\/2025\/07\/wholesale-ceramic-flower-vases--600x500.webp 600w\" sizes=\"(max-width: 2944px) 100vw, 2944px\" \/><\/figure>\n<\/div>\n<\/div>","protected":false},"excerpt":{"rendered":"<p data-pm-slice=\"0 0 []\">Gro\u00dfhandel Keramik Blumenvasen. Diese handgefertigte Blumenvase aus Keramik zeichnet sich durch eine einzigartige Mischung aus Vintage-\u00c4sthetik und nat\u00fcrlichen Tontexturen aus. Ihre handgefertigten Unvollkommenheiten, wie subtile Risse und erhabene Muster, bringen eine zeitlose, emotionale Verbindung zu Ihrer Einrichtung und machen sie perfekt f\u00fcr dekorative und funktionale Zwecke.<\/p>\n<h2>Spezifikation von keramischen Blumenvasen<\/h2>\n<table width=\"855\">\n<tbody>\n<tr>\n<td width=\"285\">Modellnummer<\/td>\n<td width=\"285\">G37862-H943-A01<\/td>\n<td width=\"285\">G37862-H943-A02<\/td>\n<\/tr>\n<tr>\n<td>Produktname<\/td>\n<td>Terrakotta-Vase<\/td>\n<td>Terrakotta-Vase<\/td>\n<\/tr>\n<tr>\n<td>Farbe<\/td>\n<td>Erdiges Rot<\/td>\n<td>Erdiges Rot<\/td>\n<\/tr>\n<tr>\n<td>Material<\/td>\n<td>Terrakotta<\/td>\n<td>Terrakotta<\/td>\n<\/tr>\n<tr>\n<td>Verwendungsszenarien<\/td>\n<td>Wohnkultur &amp; Gartendekoration<\/td>\n<td>Wohnkultur &amp; Gartendekoration<\/td>\n<\/tr>\n<tr>\n<td>Abmessungen<\/td>\n<td>T:25.5X25.5cm<\/td>\n<td>T:20.5X21.5cm<\/td>\n<\/tr>\n<tr>\n<td>Gewicht<\/td>\n<td>4,1 kg\/St\u00fcck<\/td>\n<td>2,3 kg\/St\u00fcck<\/td>\n<\/tr>\n<\/tbody>\n<\/table>\n<p>\n<script src=\"chrome-extension:\/\/fpelahbljekknahkcaegamhcndkfpfnc\/iFrame.js\" type=\"text\/javascript\"><\/script><\/p>","protected":false},"featured_media":3389,"comment_status":"closed","ping_status":"closed","template":"","meta":{"_acf_changed":false},"product_brand":[],"product_cat":[18,21,22],"product_tag":[],"class_list":{"0":"post-3299","1":"product","2":"type-product","3":"status-publish","4":"has-post-thumbnail","6":"product_cat-home-decor","7":"product_cat-garden-decor","8":"product_cat-vase","10":"first","11":"instock","12":"shipping-taxable","13":"product-type-simple"},"acf":[],"_links":{"self":[{"href":"https:\/\/www.santai-ceramics.com\/de\/wp-json\/wp\/v2\/product\/3299","targetHints":{"allow":["GET"]}}],"collection":[{"href":"https:\/\/www.santai-ceramics.com\/de\/wp-json\/wp\/v2\/product"}],"about":[{"href":"https:\/\/www.santai-ceramics.com\/de\/wp-json\/wp\/v2\/types\/product"}],"replies":[{"embeddable":true,"href":"https:\/\/www.santai-ceramics.com\/de\/wp-json\/wp\/v2\/comments?post=3299"}],"wp:featuredmedia":[{"embeddable":true,"href":"https:\/\/www.santai-ceramics.com\/de\/wp-json\/wp\/v2\/media\/3389"}],"wp:attachment":[{"href":"https:\/\/www.santai-ceramics.com\/de\/wp-json\/wp\/v2\/media?parent=3299"}],"wp:term":[{"taxonomy":"product_brand","embeddable":true,"href":"https:\/\/www.santai-ceramics.com\/de\/wp-json\/wp\/v2\/product_brand?post=3299"},{"taxonomy":"product_cat","embeddable":true,"href":"https:\/\/www.santai-ceramics.com\/de\/wp-json\/wp\/v2\/product_cat?post=3299"},{"taxonomy":"product_tag","embeddable":true,"href":"https:\/\/www.santai-ceramics.com\/de\/wp-json\/wp\/v2\/product_tag?post=3299"}],"curies":[{"name":"wp","href":"https:\/\/api.w.org\/{rel}","templated":true}]}}