{"id":3453,"date":"2025-08-21T01:31:51","date_gmt":"2025-08-21T01:31:51","guid":{"rendered":"https:\/\/www.santai-ceramics.com\/?post_type=product&#038;p=3453"},"modified":"2025-08-21T01:31:52","modified_gmt":"2025-08-21T01:31:52","slug":"wholesale-soft-pink-ceramic-vases","status":"publish","type":"product","link":"https:\/\/www.santai-ceramics.com\/de\/product\/wholesale-soft-pink-ceramic-vases\/","title":{"rendered":"Gro\u00dfhandel Soft Pink Keramik Vasen mit strukturierten Design - Bulk Modern Dekorative Blumenvasen"},"content":{"rendered":"<h3 class=\"wp-block-heading\">Eigenschaften von Soft Pink Keramikvasen mit strukturiertem Design<\/h3>\n\n\n\n<ul class=\"wp-block-list\">\n<li><strong>Sanfte Farbpalette:<\/strong>Diese Keramikvasen f\u00fcr den Gro\u00dfhandel sind mit einer zarten, blassrosa Glasur versehen und vermitteln eine elegante, ruhige Atmosph\u00e4re. Sanftes Licht prallt von der glatten Keramikoberfl\u00e4che ab und erzeugt weiche Schatten und Highlights, die jedem Raum einen Hauch von Raffinesse verleihen.<\/li>\n<\/ul>\n\n\n\n<ul class=\"wp-block-list\">\n<li><strong>Duale Typen:<\/strong><br>Dank der verschiedenen Gr\u00f6\u00dfen lassen sich die Vasen vielseitig aufstellen - kleine Vasen passen gut auf Schreibtische oder Nachttische, w\u00e4hrend die gr\u00f6\u00dferen Vasen Wohnzimmer, Flure oder Balkone schm\u00fccken.<\/li>\n<\/ul>\n\n\n\n<ul class=\"wp-block-list\">\n<li><strong>Langlebigkeit:<\/strong><br>Hergestellt aus hochwertiger Keramik und bei hoher Temperatur gebrannt, hat jede Gro\u00dfhandelskeramikvase eine glatte, makellose Glasur. Der schwere Keramikk\u00f6rper garantiert eine dauerhafte Nutzung, und die stabile Bodenkonstruktion verspricht einen sicheren t\u00e4glichen Gebrauch, ohne umzukippen.<\/li>\n<\/ul>\n\n\n\n<ul class=\"wp-block-list\">\n<li><strong>Funktionale und \u00e4sthetische Vielseitigkeit:<\/strong><br>Diese Gro\u00dfhandels-Keramikvasen mit strukturiertem Design sind perfekt als Blumenvasen f\u00fcr frische Blumen, Trockenblumen oder Zimmerpflanzen. <\/li>\n<\/ul>\n\n\n\n<h3 class=\"wp-block-heading\">Kundenspezifische Keramikvasen Service<\/h3>\n\n\n\n<p>Wir bieten OEM- und ODM-Dienstleistungen f\u00fcr unsere Produkte an.<br>Eine schnelle Lieferung von Mustern ist m\u00f6glich.<br>Wir bieten eine Vielzahl von Formen, Farben, individuellem Druck, Verpackungen und anderen ma\u00dfgeschneiderten Dienstleistungen an, um Ihre speziellen Anforderungen zu erf\u00fcllen.<br><a href=\"https:\/\/www.santai-ceramics.com\/de\/custom\/\" data-type=\"page\" data-id=\"13\" target=\"_blank\" rel=\"noreferrer noopener\"><strong><b>Erfahren Sie mehr \u00fcber Custom<\/b> Keramikvasen Details.<\/strong><\/a><\/p>\n\n\n\n<div class=\"wp-block-columns is-layout-flex wp-container-core-columns-is-layout-9d6595d7 wp-block-columns-is-layout-flex\">\n<div class=\"wp-block-column is-layout-flow wp-block-column-is-layout-flow\">\n<figure class=\"wp-block-image size-full\"><img decoding=\"async\" width=\"1476\" height=\"1476\" src=\"https:\/\/www.santai-ceramics.com\/wp-content\/uploads\/2025\/08\/wholesale-textured-soft-pink-ceramic-vases-3.webp\" alt=\"Gro\u00dfhandel texturierte weiche rosa Keramik-Vasen (3)\" class=\"wp-image-3474\" srcset=\"https:\/\/www.santai-ceramics.com\/wp-content\/uploads\/2025\/08\/wholesale-textured-soft-pink-ceramic-vases-3.webp 1476w, https:\/\/www.santai-ceramics.com\/wp-content\/uploads\/2025\/08\/wholesale-textured-soft-pink-ceramic-vases-3-300x300.webp 300w, https:\/\/www.santai-ceramics.com\/wp-content\/uploads\/2025\/08\/wholesale-textured-soft-pink-ceramic-vases-3-150x150.webp 150w, https:\/\/www.santai-ceramics.com\/wp-content\/uploads\/2025\/08\/wholesale-textured-soft-pink-ceramic-vases-3-768x768.webp 768w, https:\/\/www.santai-ceramics.com\/wp-content\/uploads\/2025\/08\/wholesale-textured-soft-pink-ceramic-vases-3-12x12.webp 12w, https:\/\/www.santai-ceramics.com\/wp-content\/uploads\/2025\/08\/wholesale-textured-soft-pink-ceramic-vases-3-1200x1200.webp 1200w, https:\/\/www.santai-ceramics.com\/wp-content\/uploads\/2025\/08\/wholesale-textured-soft-pink-ceramic-vases-3-600x600.webp 600w, https:\/\/www.santai-ceramics.com\/wp-content\/uploads\/2025\/08\/wholesale-textured-soft-pink-ceramic-vases-3-100x100.webp 100w\" sizes=\"(max-width: 1476px) 100vw, 1476px\" \/><\/figure>\n<\/div>\n\n\n\n<div class=\"wp-block-column is-layout-flow wp-block-column-is-layout-flow\">\n<figure class=\"wp-block-image size-full\"><img decoding=\"async\" width=\"2937\" height=\"2937\" src=\"https:\/\/www.santai-ceramics.com\/wp-content\/uploads\/2025\/08\/wholesale-textured-soft-pink-ceramic-vases-4.webp\" alt=\"Gro\u00dfhandel texturierte weiche rosa Keramik-Vasen (4)\" class=\"wp-image-3475\" srcset=\"https:\/\/www.santai-ceramics.com\/wp-content\/uploads\/2025\/08\/wholesale-textured-soft-pink-ceramic-vases-4.webp 2937w, https:\/\/www.santai-ceramics.com\/wp-content\/uploads\/2025\/08\/wholesale-textured-soft-pink-ceramic-vases-4-300x300.webp 300w, https:\/\/www.santai-ceramics.com\/wp-content\/uploads\/2025\/08\/wholesale-textured-soft-pink-ceramic-vases-4-150x150.webp 150w, https:\/\/www.santai-ceramics.com\/wp-content\/uploads\/2025\/08\/wholesale-textured-soft-pink-ceramic-vases-4-768x768.webp 768w, https:\/\/www.santai-ceramics.com\/wp-content\/uploads\/2025\/08\/wholesale-textured-soft-pink-ceramic-vases-4-12x12.webp 12w, https:\/\/www.santai-ceramics.com\/wp-content\/uploads\/2025\/08\/wholesale-textured-soft-pink-ceramic-vases-4-1200x1200.webp 1200w, https:\/\/www.santai-ceramics.com\/wp-content\/uploads\/2025\/08\/wholesale-textured-soft-pink-ceramic-vases-4-600x600.webp 600w, https:\/\/www.santai-ceramics.com\/wp-content\/uploads\/2025\/08\/wholesale-textured-soft-pink-ceramic-vases-4-100x100.webp 100w\" sizes=\"(max-width: 2937px) 100vw, 2937px\" \/><\/figure>\n<\/div>\n<\/div>","protected":false},"excerpt":{"rendered":"<p data-pm-slice=\"0 0 []\">Gro\u00dfhandel mit zartrosa Keramikvasen mit strukturiertem Design. Eine raffinierte Kollektion von Keramikvasen in zarten Rosat\u00f6nen mit gleichm\u00e4\u00dfigen Strukturen und verzierten Details. Die Vasen eignen sich f\u00fcr die Pr\u00e4sentation von frischen Bl\u00fcten, Laub oder als eigenst\u00e4ndige Dekorationselemente und bringen W\u00e4rme, Eleganz und \u00e4sthetisches Interesse in Ihr Zuhause. Wir unterst\u00fctzen OEM\/ODM-Dienste. Gro\u00dfbestellungen sind willkommen. Kontaktieren Sie uns jetzt!<\/p>\n<h2>Spezifikation von Soft Pink Keramikvasen mit strukturiertem Design<\/h2>\n<table width=\"855\">\n<tbody>\n<tr>\n<td width=\"285\">Modellnummer<\/td>\n<td width=\"285\">A37644-LE27-A01<\/td>\n<td width=\"285\">A37644-LE27-A02<\/td>\n<\/tr>\n<tr>\n<td>Produktname<\/td>\n<td>Keramik-Vase<\/td>\n<td>Keramik-Vase<\/td>\n<\/tr>\n<tr>\n<td>Farbe<\/td>\n<td>Rosa<\/td>\n<td>Rosa<\/td>\n<\/tr>\n<tr>\n<td>Material<\/td>\n<td>Keramik\u00a0<\/td>\n<td>Keramik\u00a0<\/td>\n<\/tr>\n<tr>\n<td>Verwendungsszenarien<\/td>\n<td>Wohnungseinrichtung\u00a0<\/td>\n<td>Wohnungseinrichtung\u00a0<\/td>\n<\/tr>\n<tr>\n<td>Abmessungen<\/td>\n<td>T:22.5X26.5cm<\/td>\n<td>T:18.5X22cm<\/td>\n<\/tr>\n<tr>\n<td>Gewicht<\/td>\n<td>2kg\/St\u00fcck<\/td>\n<td>1,3 kg\/St\u00fcck<\/td>\n<\/tr>\n<\/tbody>\n<\/table>\n<p>\n<script src=\"chrome-extension:\/\/fpelahbljekknahkcaegamhcndkfpfnc\/iFrame.js\" type=\"text\/javascript\"><\/script><\/p>","protected":false},"featured_media":3473,"comment_status":"closed","ping_status":"closed","template":"","meta":{"_acf_changed":false},"product_brand":[],"product_cat":[18,22],"product_tag":[],"class_list":{"0":"post-3453","1":"product","2":"type-product","3":"status-publish","4":"has-post-thumbnail","6":"product_cat-home-decor","7":"product_cat-vase","9":"first","10":"instock","11":"shipping-taxable","12":"product-type-simple"},"acf":[],"_links":{"self":[{"href":"https:\/\/www.santai-ceramics.com\/de\/wp-json\/wp\/v2\/product\/3453","targetHints":{"allow":["GET"]}}],"collection":[{"href":"https:\/\/www.santai-ceramics.com\/de\/wp-json\/wp\/v2\/product"}],"about":[{"href":"https:\/\/www.santai-ceramics.com\/de\/wp-json\/wp\/v2\/types\/product"}],"replies":[{"embeddable":true,"href":"https:\/\/www.santai-ceramics.com\/de\/wp-json\/wp\/v2\/comments?post=3453"}],"wp:featuredmedia":[{"embeddable":true,"href":"https:\/\/www.santai-ceramics.com\/de\/wp-json\/wp\/v2\/media\/3473"}],"wp:attachment":[{"href":"https:\/\/www.santai-ceramics.com\/de\/wp-json\/wp\/v2\/media?parent=3453"}],"wp:term":[{"taxonomy":"product_brand","embeddable":true,"href":"https:\/\/www.santai-ceramics.com\/de\/wp-json\/wp\/v2\/product_brand?post=3453"},{"taxonomy":"product_cat","embeddable":true,"href":"https:\/\/www.santai-ceramics.com\/de\/wp-json\/wp\/v2\/product_cat?post=3453"},{"taxonomy":"product_tag","embeddable":true,"href":"https:\/\/www.santai-ceramics.com\/de\/wp-json\/wp\/v2\/product_tag?post=3453"}],"curies":[{"name":"wp","href":"https:\/\/api.w.org\/{rel}","templated":true}]}}