{"id":3456,"date":"2025-08-21T01:25:54","date_gmt":"2025-08-21T01:25:54","guid":{"rendered":"https:\/\/www.santai-ceramics.com\/?post_type=product&#038;p=3456"},"modified":"2025-08-21T01:26:11","modified_gmt":"2025-08-21T01:26:11","slug":"wholesale-pink-ceramic-flower-pots","status":"publish","type":"product","link":"https:\/\/www.santai-ceramics.com\/de\/product\/wholesale-pink-ceramic-flower-pots\/","title":{"rendered":"Gro\u00dfhandel Rosa Keramik Blument\u00f6pfe mit horizontalen Welle Textur - Modern Morandi Style"},"content":{"rendered":"<h3 class=\"wp-block-heading\">Eigenschaften von Keramik-Blument\u00f6pfen mit horizontaler Wellenstruktur<\/h3>\n\n\n\n<ul class=\"wp-block-list\">\n<li><strong>Einzigartiges horizontales Wellenmuster:<\/strong> Die Oberfl\u00e4che der Keramikblument\u00f6pfe f\u00fcr den Gro\u00dfhandel weist ein wundersch\u00f6nes horizontales Wellenmuster auf, das die nat\u00fcrlichen Wellenmuster imitiert, die der Ozeanwind am Strand hinterl\u00e4sst. Das Muster weicht vom Standard der glatten Pflanzgef\u00e4\u00dfe ab und verleiht ein Gef\u00fchl von Rhythmus und Mobilit\u00e4t. <\/li>\n<\/ul>\n\n\n\n<ul class=\"wp-block-list\">\n<li><strong>Beruhigendes Morandi-Rosa:<\/strong>Das trendige Morandi-Pink mit geringer S\u00e4ttigung strahlt Sanftheit und Ruhe aus. Er ist \u00e4u\u00dferst anpassungsf\u00e4hig und f\u00fcgt sich nahtlos in skandinavische, japanische, minimalistische oder moderne Innenr\u00e4ume ein, mildert die visuelle Belastung und f\u00f6rdert eine intime, romantische Atmosph\u00e4re. Ob in Kombination mit Gr\u00fcnpflanzen oder frisch geschnittenen Blumen, er verleiht Ihrem Zuhause W\u00e4rme und Eleganz.<\/li>\n<\/ul>\n\n\n\n<ul class=\"wp-block-list\">\n<li><strong>Zwei Gr\u00f6\u00dfen:<\/strong>Dieses Paar Gro\u00dfhandels-Keramikblument\u00f6pfe besteht aus einem gro\u00dfen und einem kleinen \u00dcbertopf und bietet vielseitige M\u00f6glichkeiten zur Pr\u00e4sentation. Stellen Sie sie nebeneinander auf eine Fensterbank oder ein Regal f\u00fcr einen mehrschichtigen Kontrast, oder platzieren Sie sie einzeln im ganzen Haus. Die universelle Gr\u00f6\u00dfe optimiert sowohl die Funktionalit\u00e4t als auch die kreative Innenraumgestaltung.<\/li>\n<\/ul>\n\n\n\n<ul class=\"wp-block-list\">\n<li><strong>Hochwertige, langlebige Keramik:<\/strong>Diese handgefertigten Keramikblument\u00f6pfe aus dem Gro\u00dfhandel sind langlebig, umweltfreundlich und widerstandsf\u00e4hig. Die weiche und glatte Glasur ist staub- und schmutzabweisend und leicht zu reinigen. Das unglasierte Innere bewahrt die nat\u00fcrliche Atmungsaktivit\u00e4t der Keramik und sorgt f\u00fcr eine ges\u00fcndere Umgebung f\u00fcr Pflanzen. <\/li>\n<\/ul>\n\n\n\n<h3 class=\"wp-block-heading\">Individuelle Keramik Blument\u00f6pfe mit horizontaler Wellenstruktur Service<\/h3>\n\n\n\n<p>Wir bieten OEM- und ODM-Dienstleistungen f\u00fcr unsere Produkte an.<br>Eine schnelle Lieferung von Mustern ist m\u00f6glich.<br>Wir bieten eine Vielzahl von Formen, Farben, individuellem Druck, Verpackungen und anderen ma\u00dfgeschneiderten Dienstleistungen an, um Ihre speziellen Anforderungen zu erf\u00fcllen.<br><a href=\"https:\/\/www.santai-ceramics.com\/de\/custom\/\" data-type=\"page\" data-id=\"13\" target=\"_blank\" rel=\"noreferrer noopener\"><strong><b>Erfahren Sie mehr \u00fcber den Brauch<\/b> Keramik Blument\u00f6pfe Details.<\/strong><\/a><\/p>\n\n\n\n<div class=\"wp-block-columns is-layout-flex wp-container-core-columns-is-layout-9d6595d7 wp-block-columns-is-layout-flex\">\n<div class=\"wp-block-column is-layout-flow wp-block-column-is-layout-flow\">\n<figure class=\"wp-block-image size-full\"><img decoding=\"async\" width=\"2173\" height=\"2173\" src=\"https:\/\/www.santai-ceramics.com\/wp-content\/uploads\/2025\/08\/wholesale-horizontal-wave-texture-flower-pots-4.webp\" alt=\"Gro\u00dfhandel horizontale Welle Textur Blument\u00f6pfe (4)\" class=\"wp-image-3470\" srcset=\"https:\/\/www.santai-ceramics.com\/wp-content\/uploads\/2025\/08\/wholesale-horizontal-wave-texture-flower-pots-4.webp 2173w, https:\/\/www.santai-ceramics.com\/wp-content\/uploads\/2025\/08\/wholesale-horizontal-wave-texture-flower-pots-4-300x300.webp 300w, https:\/\/www.santai-ceramics.com\/wp-content\/uploads\/2025\/08\/wholesale-horizontal-wave-texture-flower-pots-4-150x150.webp 150w, https:\/\/www.santai-ceramics.com\/wp-content\/uploads\/2025\/08\/wholesale-horizontal-wave-texture-flower-pots-4-768x768.webp 768w, https:\/\/www.santai-ceramics.com\/wp-content\/uploads\/2025\/08\/wholesale-horizontal-wave-texture-flower-pots-4-12x12.webp 12w, https:\/\/www.santai-ceramics.com\/wp-content\/uploads\/2025\/08\/wholesale-horizontal-wave-texture-flower-pots-4-1200x1200.webp 1200w, https:\/\/www.santai-ceramics.com\/wp-content\/uploads\/2025\/08\/wholesale-horizontal-wave-texture-flower-pots-4-600x600.webp 600w, https:\/\/www.santai-ceramics.com\/wp-content\/uploads\/2025\/08\/wholesale-horizontal-wave-texture-flower-pots-4-100x100.webp 100w\" sizes=\"(max-width: 2173px) 100vw, 2173px\" \/><\/figure>\n<\/div>\n\n\n\n<div class=\"wp-block-column is-layout-flow wp-block-column-is-layout-flow\">\n<figure class=\"wp-block-image size-full\"><img decoding=\"async\" width=\"2360\" height=\"2359\" src=\"https:\/\/www.santai-ceramics.com\/wp-content\/uploads\/2025\/08\/wholesale-horizontal-wave-texture-flower-pots-5.webp\" alt=\"Gro\u00dfhandel horizontale Welle Textur Blument\u00f6pfe (5)\" class=\"wp-image-3471\" srcset=\"https:\/\/www.santai-ceramics.com\/wp-content\/uploads\/2025\/08\/wholesale-horizontal-wave-texture-flower-pots-5.webp 2360w, https:\/\/www.santai-ceramics.com\/wp-content\/uploads\/2025\/08\/wholesale-horizontal-wave-texture-flower-pots-5-300x300.webp 300w, https:\/\/www.santai-ceramics.com\/wp-content\/uploads\/2025\/08\/wholesale-horizontal-wave-texture-flower-pots-5-150x150.webp 150w, https:\/\/www.santai-ceramics.com\/wp-content\/uploads\/2025\/08\/wholesale-horizontal-wave-texture-flower-pots-5-768x768.webp 768w, https:\/\/www.santai-ceramics.com\/wp-content\/uploads\/2025\/08\/wholesale-horizontal-wave-texture-flower-pots-5-12x12.webp 12w, https:\/\/www.santai-ceramics.com\/wp-content\/uploads\/2025\/08\/wholesale-horizontal-wave-texture-flower-pots-5-1200x1200.webp 1200w, https:\/\/www.santai-ceramics.com\/wp-content\/uploads\/2025\/08\/wholesale-horizontal-wave-texture-flower-pots-5-600x600.webp 600w, https:\/\/www.santai-ceramics.com\/wp-content\/uploads\/2025\/08\/wholesale-horizontal-wave-texture-flower-pots-5-100x100.webp 100w\" sizes=\"(max-width: 2360px) 100vw, 2360px\" \/><\/figure>\n<\/div>\n<\/div>","protected":false},"excerpt":{"rendered":"<p data-pm-slice=\"0 0 []\">Gro\u00dfhandel rosa Keramik Blument\u00f6pfe mit horizontalen Welle Textur. Dieses Paar von Morandi rosa Keramik Blument\u00f6pfe mit einzigartigen horizontalen Welle Designs, die eine fl\u00fcssige Aussehen bieten. Erh\u00e4ltlich in zwei Gr\u00f6\u00dfen, diese Gro\u00dfhandel T\u00f6pfe verf\u00fcgen \u00fcber modernes Design mit raffinierten Handwerkskunst, so dass sie perfekt f\u00fcr Blumen, Pflanzen, oder als dekorative Elemente f\u00fcr jeden Wohnsitz. Wir bieten OEM\/ODM Dienstleistungen. Erhalten Sie jetzt ein g\u00fcnstiges Angebot!<\/p>\n<h2>Spezifikation von keramischen Blument\u00f6pfen mit horizontaler Wellentextur<\/h2>\n<table width=\"855\">\n<tbody>\n<tr>\n<td width=\"285\">Modellnummer<\/td>\n<td width=\"285\">A37592-LE27-A02<\/td>\n<td width=\"285\">A37592-LE27-A03<\/td>\n<\/tr>\n<tr>\n<td>Produktname<\/td>\n<td>Keramischer Topf<\/td>\n<td>Keramischer Topf<\/td>\n<\/tr>\n<tr>\n<td>Farbe<\/td>\n<td>Rosa<\/td>\n<td>Rosa<\/td>\n<\/tr>\n<tr>\n<td>Material<\/td>\n<td>Keramik\u00a0<\/td>\n<td>Keramik\u00a0<\/td>\n<\/tr>\n<tr>\n<td>Verwendungsszenarien<\/td>\n<td>Wohnungseinrichtung\u00a0<\/td>\n<td>Wohnungseinrichtung\u00a0<\/td>\n<\/tr>\n<tr>\n<td>Abmessungen<\/td>\n<td>T:15.5X15.5cm<\/td>\n<td>T:13X12.5cm<\/td>\n<\/tr>\n<tr>\n<td>Gewicht<\/td>\n<td>0,8 kg\/St\u00fcck<\/td>\n<td>0,5 kg\/St\u00fcck<\/td>\n<\/tr>\n<\/tbody>\n<\/table>\n<p>\n<script src=\"chrome-extension:\/\/fpelahbljekknahkcaegamhcndkfpfnc\/iFrame.js\" type=\"text\/javascript\"><\/script><\/p>","protected":false},"featured_media":3468,"comment_status":"closed","ping_status":"closed","template":"","meta":{"_acf_changed":false},"product_brand":[],"product_cat":[18,42,23],"product_tag":[],"class_list":{"0":"post-3456","1":"product","2":"type-product","3":"status-publish","4":"has-post-thumbnail","6":"product_cat-home-decor","7":"product_cat-wholesale-ceramic-plant-pots","8":"product_cat-ceramic-pots-planters","10":"first","11":"instock","12":"shipping-taxable","13":"product-type-simple"},"acf":[],"_links":{"self":[{"href":"https:\/\/www.santai-ceramics.com\/de\/wp-json\/wp\/v2\/product\/3456","targetHints":{"allow":["GET"]}}],"collection":[{"href":"https:\/\/www.santai-ceramics.com\/de\/wp-json\/wp\/v2\/product"}],"about":[{"href":"https:\/\/www.santai-ceramics.com\/de\/wp-json\/wp\/v2\/types\/product"}],"replies":[{"embeddable":true,"href":"https:\/\/www.santai-ceramics.com\/de\/wp-json\/wp\/v2\/comments?post=3456"}],"wp:featuredmedia":[{"embeddable":true,"href":"https:\/\/www.santai-ceramics.com\/de\/wp-json\/wp\/v2\/media\/3468"}],"wp:attachment":[{"href":"https:\/\/www.santai-ceramics.com\/de\/wp-json\/wp\/v2\/media?parent=3456"}],"wp:term":[{"taxonomy":"product_brand","embeddable":true,"href":"https:\/\/www.santai-ceramics.com\/de\/wp-json\/wp\/v2\/product_brand?post=3456"},{"taxonomy":"product_cat","embeddable":true,"href":"https:\/\/www.santai-ceramics.com\/de\/wp-json\/wp\/v2\/product_cat?post=3456"},{"taxonomy":"product_tag","embeddable":true,"href":"https:\/\/www.santai-ceramics.com\/de\/wp-json\/wp\/v2\/product_tag?post=3456"}],"curies":[{"name":"wp","href":"https:\/\/api.w.org\/{rel}","templated":true}]}}