{"id":3558,"date":"2025-09-05T08:13:04","date_gmt":"2025-09-05T08:13:04","guid":{"rendered":"https:\/\/www.santai-ceramics.com\/?post_type=product&#038;p=3558"},"modified":"2025-09-05T08:13:05","modified_gmt":"2025-09-05T08:13:05","slug":"wholesale-ceramic-vases-for-b2b-buyers","status":"publish","type":"product","link":"https:\/\/www.santai-ceramics.com\/de\/product\/wholesale-ceramic-vases-for-b2b-buyers\/","title":{"rendered":"Gro\u00dfhandel mit Keramikvasen f\u00fcr B2B-K\u00e4ufer, Vertriebsh\u00e4ndler, Einzelh\u00e4ndler, Importeure"},"content":{"rendered":"<h3 class=\"wp-block-heading\">Features of\u00a0Wholesale Ceramic Vases<\/h3>\n\n\n\n<ul class=\"wp-block-list\">\n<li><strong>Versatile Style: <\/strong>This vase&#8217;s design blends classic and modern elements, making it easily accessible to multiple markets.<\/li>\n\n\n\n<li><strong>Reliable Quality: <\/strong>As a vase factory with over 30 years of experience, we maintain a mature production process and robust quality control, ensuring consistent quality across every batch.<\/li>\n\n\n\n<li><strong>Easy to Market and Display: <\/strong>The product&#8217;s refined and attractive appearance makes it an eye-catching and effective way for B2B buyers to reduce marketing costs and increase sales conversion rates.<\/li>\n\n\n\n<li><strong>Konkurrenzf\u00e4hige Preisgestaltung: <\/strong>Get quotes directly from the SANTAI factory for lower product costs, increasing your profit margins.<\/li>\n<\/ul>\n\n\n\n<h3 class=\"wp-block-heading\">Individuelles Vasen-Service aus Keramik<\/h3>\n\n\n\n<p>Wir bieten OEM- und ODM-Dienstleistungen f\u00fcr unsere Produkte an.<br>Eine schnelle Lieferung von Mustern ist m\u00f6glich.<br>Wir bieten eine Vielzahl von Formen, Farben, individuellem Druck, Verpackungen und anderen ma\u00dfgeschneiderten Dienstleistungen an, um Ihre speziellen Anforderungen zu erf\u00fcllen.<\/p>\n\n\n\n<div class=\"wp-block-columns is-layout-flex wp-container-core-columns-is-layout-9d6595d7 wp-block-columns-is-layout-flex\">\n<div class=\"wp-block-column is-layout-flow wp-block-column-is-layout-flow\">\n<figure class=\"wp-block-image size-full\"><img decoding=\"async\" width=\"2045\" height=\"1703\" src=\"https:\/\/www.santai-ceramics.com\/wp-content\/uploads\/2025\/09\/wholesale-ceramic-vases-9.webp\" alt=\"wholesale ceramic vases (9)\" class=\"wp-image-3621\" srcset=\"https:\/\/www.santai-ceramics.com\/wp-content\/uploads\/2025\/09\/wholesale-ceramic-vases-9.webp 2045w, https:\/\/www.santai-ceramics.com\/wp-content\/uploads\/2025\/09\/wholesale-ceramic-vases-9-300x250.webp 300w, https:\/\/www.santai-ceramics.com\/wp-content\/uploads\/2025\/09\/wholesale-ceramic-vases-9-768x640.webp 768w, https:\/\/www.santai-ceramics.com\/wp-content\/uploads\/2025\/09\/wholesale-ceramic-vases-9-14x12.webp 14w, https:\/\/www.santai-ceramics.com\/wp-content\/uploads\/2025\/09\/wholesale-ceramic-vases-9-1200x999.webp 1200w, https:\/\/www.santai-ceramics.com\/wp-content\/uploads\/2025\/09\/wholesale-ceramic-vases-9-600x500.webp 600w\" sizes=\"(max-width: 2045px) 100vw, 2045px\" \/><\/figure>\n<\/div>\n\n\n\n<div class=\"wp-block-column is-layout-flow wp-block-column-is-layout-flow\">\n<figure class=\"wp-block-image size-full\"><img decoding=\"async\" width=\"2754\" height=\"2295\" src=\"https:\/\/www.santai-ceramics.com\/wp-content\/uploads\/2025\/09\/wholesale-ceramic-vases-10.webp\" alt=\"wholesale ceramic vases (10)\" class=\"wp-image-3622\" srcset=\"https:\/\/www.santai-ceramics.com\/wp-content\/uploads\/2025\/09\/wholesale-ceramic-vases-10.webp 2754w, https:\/\/www.santai-ceramics.com\/wp-content\/uploads\/2025\/09\/wholesale-ceramic-vases-10-300x250.webp 300w, https:\/\/www.santai-ceramics.com\/wp-content\/uploads\/2025\/09\/wholesale-ceramic-vases-10-768x640.webp 768w, https:\/\/www.santai-ceramics.com\/wp-content\/uploads\/2025\/09\/wholesale-ceramic-vases-10-14x12.webp 14w, https:\/\/www.santai-ceramics.com\/wp-content\/uploads\/2025\/09\/wholesale-ceramic-vases-10-1200x1000.webp 1200w, https:\/\/www.santai-ceramics.com\/wp-content\/uploads\/2025\/09\/wholesale-ceramic-vases-10-600x500.webp 600w\" sizes=\"(max-width: 2754px) 100vw, 2754px\" \/><\/figure>\n<\/div>\n<\/div>\n\n\n\n<div class=\"wp-block-columns is-layout-flex wp-container-core-columns-is-layout-9d6595d7 wp-block-columns-is-layout-flex\">\n<div class=\"wp-block-column is-layout-flow wp-block-column-is-layout-flow\"><\/div>\n\n\n\n<div class=\"wp-block-column is-layout-flow wp-block-column-is-layout-flow\"><\/div>\n<\/div>","protected":false},"excerpt":{"rendered":"<p>MOQ: 100. Wholesale ceramic vases in bulk. Factory direct, suitable for B2B buyers and large-scale wholesale. This vase perfectly blends classic craftsmanship with modern aesthetics and is available in three sizes, perfect for a variety of decorative settings.<\/p>\n<p>We offer highly competitive pricing and a stable supply to ensure your profit margins and market competitiveness. Inquiries are welcome.<\/p>\n<h2>Spezifikation des Gro\u00dfhandels keramische Vasen<\/h2>\n<table width=\"1140\">\n<tbody>\n<tr>\n<td width=\"285\">Modellnummer<\/td>\n<td width=\"285\">A35990-LE24-A01<\/td>\n<td width=\"285\">A33201-LE24-A02<\/td>\n<td width=\"285\">A33201-LE24-A01<\/td>\n<\/tr>\n<tr>\n<td>Produktname<\/td>\n<td>Keramik-Vase<\/td>\n<td>Keramik-Vase<\/td>\n<td>Keramik-Vase<\/td>\n<\/tr>\n<tr>\n<td>Farbe<\/td>\n<td>Gr\u00fcn<\/td>\n<td>Gr\u00fcn<\/td>\n<td>Gr\u00fcn<\/td>\n<\/tr>\n<tr>\n<td>Material<\/td>\n<td>Keramik\u00a0<\/td>\n<td>Keramik\u00a0<\/td>\n<td>Keramik\u00a0<\/td>\n<\/tr>\n<tr>\n<td>Verwendungsszenarien<\/td>\n<td>Wohnungseinrichtung\u00a0<\/td>\n<td>Wohnungseinrichtung\u00a0<\/td>\n<td>Wohnungseinrichtung\u00a0<\/td>\n<\/tr>\n<tr>\n<td>Abmessungen<\/td>\n<td>D:14.5X34.5cm<\/td>\n<td>D:20X27cm<\/td>\n<td>D:14.5X20cm<\/td>\n<\/tr>\n<tr>\n<td>Gewicht<\/td>\n<td>1,7 kg\/St\u00fcck<\/td>\n<td>2,2 kg\/St\u00fcck<\/td>\n<td>1,1 kg\/St\u00fcck<\/td>\n<\/tr>\n<\/tbody>\n<\/table>\n<p>\n<script src=\"chrome-extension:\/\/fpelahbljekknahkcaegamhcndkfpfnc\/iFrame.js\" type=\"text\/javascript\"><\/script><\/p>","protected":false},"featured_media":3613,"comment_status":"closed","ping_status":"closed","template":"","meta":{"_acf_changed":false},"product_brand":[],"product_cat":[18,22],"product_tag":[],"class_list":{"0":"post-3558","1":"product","2":"type-product","3":"status-publish","4":"has-post-thumbnail","6":"product_cat-home-decor","7":"product_cat-vase","9":"first","10":"instock","11":"shipping-taxable","12":"product-type-simple"},"acf":[],"_links":{"self":[{"href":"https:\/\/www.santai-ceramics.com\/de\/wp-json\/wp\/v2\/product\/3558","targetHints":{"allow":["GET"]}}],"collection":[{"href":"https:\/\/www.santai-ceramics.com\/de\/wp-json\/wp\/v2\/product"}],"about":[{"href":"https:\/\/www.santai-ceramics.com\/de\/wp-json\/wp\/v2\/types\/product"}],"replies":[{"embeddable":true,"href":"https:\/\/www.santai-ceramics.com\/de\/wp-json\/wp\/v2\/comments?post=3558"}],"wp:featuredmedia":[{"embeddable":true,"href":"https:\/\/www.santai-ceramics.com\/de\/wp-json\/wp\/v2\/media\/3613"}],"wp:attachment":[{"href":"https:\/\/www.santai-ceramics.com\/de\/wp-json\/wp\/v2\/media?parent=3558"}],"wp:term":[{"taxonomy":"product_brand","embeddable":true,"href":"https:\/\/www.santai-ceramics.com\/de\/wp-json\/wp\/v2\/product_brand?post=3558"},{"taxonomy":"product_cat","embeddable":true,"href":"https:\/\/www.santai-ceramics.com\/de\/wp-json\/wp\/v2\/product_cat?post=3558"},{"taxonomy":"product_tag","embeddable":true,"href":"https:\/\/www.santai-ceramics.com\/de\/wp-json\/wp\/v2\/product_tag?post=3558"}],"curies":[{"name":"wp","href":"https:\/\/api.w.org\/{rel}","templated":true}]}}