{"id":3562,"date":"2025-09-02T10:05:22","date_gmt":"2025-09-02T10:05:22","guid":{"rendered":"https:\/\/www.santai-ceramics.com\/?post_type=product&#038;p=3562"},"modified":"2025-09-02T10:06:24","modified_gmt":"2025-09-02T10:06:24","slug":"bulk-glazed-plant-pots-for-wholesaler","status":"publish","type":"product","link":"https:\/\/www.santai-ceramics.com\/de\/product\/bulk-glazed-plant-pots-for-wholesaler\/","title":{"rendered":"Glasierte Pflanzent\u00f6pfe in gro\u00dfen Mengen f\u00fcr professionelle B2B-Eink\u00e4ufer, Gartencenter und Gro\u00dfh\u00e4ndler"},"content":{"rendered":"<h3 class=\"wp-block-heading\">Features of\u00a0Bulk Glazed Plant Pots<\/h3>\n\n\n\n<ul class=\"wp-block-list\">\n<li><strong>Excellent Design:<\/strong> The subtle combination of a soft celadon hue and embossed fern pattern gives this plant pot a unique look, perfect for gardens, indoor spaces, commercial spaces, and more.<\/li>\n\n\n\n<li><strong>Wide Customer Base:<\/strong> The plant pots&#8217; glazed design and attractive aesthetic appeal to a wide range of customers, making them suitable for diverse settings and consumers, thereby expanding your potential sales.<\/li>\n\n\n\n<li><strong>Low MOQ: <\/strong>As a wholesale plant pot manufacturer, our minimum order quantity (MOQ) is 100 units, helping B2B buyers understand market feedback and we offer large-volume supply.<\/li>\n<\/ul>\n\n\n\n<h3 class=\"wp-block-heading\">Individueller Pflanzgef\u00e4\u00df-Service<\/h3>\n\n\n\n<p>Wir bieten OEM- und ODM-Dienstleistungen f\u00fcr unsere Produkte an.<br>Eine schnelle Lieferung von Mustern ist m\u00f6glich.<br>Wir bieten eine Vielzahl von Formen, Farben, individuellem Druck, Verpackungen und anderen ma\u00dfgeschneiderten Dienstleistungen an, um Ihre speziellen Anforderungen zu erf\u00fcllen.<br><a href=\"https:\/\/www.santai-ceramics.com\/de\/custom\/\" data-type=\"page\" data-id=\"13\" target=\"_blank\" rel=\"noreferrer noopener\"><strong>Learn more about custom plant pot details.<\/strong><\/a><\/p>\n\n\n\n<div class=\"wp-block-columns is-layout-flex wp-container-core-columns-is-layout-9d6595d7 wp-block-columns-is-layout-flex\">\n<div class=\"wp-block-column is-layout-flow wp-block-column-is-layout-flow\">\n<figure class=\"wp-block-image size-full\"><img decoding=\"async\" width=\"1366\" height=\"1366\" src=\"https:\/\/www.santai-ceramics.com\/wp-content\/uploads\/2025\/09\/bulk-glazed-flower-pots-5.webp\" alt=\"bulk glazed flower pots (5)\" class=\"wp-image-3584\" srcset=\"https:\/\/www.santai-ceramics.com\/wp-content\/uploads\/2025\/09\/bulk-glazed-flower-pots-5.webp 1366w, https:\/\/www.santai-ceramics.com\/wp-content\/uploads\/2025\/09\/bulk-glazed-flower-pots-5-300x300.webp 300w, https:\/\/www.santai-ceramics.com\/wp-content\/uploads\/2025\/09\/bulk-glazed-flower-pots-5-150x150.webp 150w, https:\/\/www.santai-ceramics.com\/wp-content\/uploads\/2025\/09\/bulk-glazed-flower-pots-5-768x768.webp 768w, https:\/\/www.santai-ceramics.com\/wp-content\/uploads\/2025\/09\/bulk-glazed-flower-pots-5-12x12.webp 12w, https:\/\/www.santai-ceramics.com\/wp-content\/uploads\/2025\/09\/bulk-glazed-flower-pots-5-1200x1200.webp 1200w, https:\/\/www.santai-ceramics.com\/wp-content\/uploads\/2025\/09\/bulk-glazed-flower-pots-5-600x600.webp 600w, https:\/\/www.santai-ceramics.com\/wp-content\/uploads\/2025\/09\/bulk-glazed-flower-pots-5-100x100.webp 100w\" sizes=\"(max-width: 1366px) 100vw, 1366px\" \/><\/figure>\n<\/div>\n\n\n\n<div class=\"wp-block-column is-layout-flow wp-block-column-is-layout-flow\">\n<figure class=\"wp-block-image size-full\"><img decoding=\"async\" width=\"2242\" height=\"2242\" src=\"https:\/\/www.santai-ceramics.com\/wp-content\/uploads\/2025\/09\/bulk-glazed-flower-pots-6.webp\" alt=\"bulk glazed flower pots (6)\" class=\"wp-image-3585\" srcset=\"https:\/\/www.santai-ceramics.com\/wp-content\/uploads\/2025\/09\/bulk-glazed-flower-pots-6.webp 2242w, https:\/\/www.santai-ceramics.com\/wp-content\/uploads\/2025\/09\/bulk-glazed-flower-pots-6-300x300.webp 300w, https:\/\/www.santai-ceramics.com\/wp-content\/uploads\/2025\/09\/bulk-glazed-flower-pots-6-150x150.webp 150w, https:\/\/www.santai-ceramics.com\/wp-content\/uploads\/2025\/09\/bulk-glazed-flower-pots-6-768x768.webp 768w, https:\/\/www.santai-ceramics.com\/wp-content\/uploads\/2025\/09\/bulk-glazed-flower-pots-6-12x12.webp 12w, https:\/\/www.santai-ceramics.com\/wp-content\/uploads\/2025\/09\/bulk-glazed-flower-pots-6-1200x1200.webp 1200w, https:\/\/www.santai-ceramics.com\/wp-content\/uploads\/2025\/09\/bulk-glazed-flower-pots-6-600x600.webp 600w, https:\/\/www.santai-ceramics.com\/wp-content\/uploads\/2025\/09\/bulk-glazed-flower-pots-6-100x100.webp 100w\" sizes=\"(max-width: 2242px) 100vw, 2242px\" \/><\/figure>\n<\/div>\n<\/div>","protected":false},"excerpt":{"rendered":"<p data-pm-slice=\"0 0 []\">Wholesale glazed plant pots. We specialize in high-volume production, ensuring reliable supply and consistent quality to meet the needs of wholesalers, retailers, and large-scale projects. MOQ: 100. Contact us for quotes.<\/p>\n<h2>Specification of Bulk Plant Pots<\/h2>\n<table width=\"855\">\n<tbody>\n<tr>\n<td width=\"285\">Modellnummer<\/td>\n<td width=\"285\">A24021-LE24-A01<\/td>\n<td width=\"285\">A24021-LE24-A02<\/td>\n<\/tr>\n<tr>\n<td>Produktname<\/td>\n<td>Keramischer Topf<\/td>\n<td>Keramischer Topf<\/td>\n<\/tr>\n<tr>\n<td>Farbe<\/td>\n<td>Gr\u00fcn<\/td>\n<td>Gr\u00fcn<\/td>\n<\/tr>\n<tr>\n<td>Material<\/td>\n<td>Keramik\u00a0<\/td>\n<td>Keramik\u00a0<\/td>\n<\/tr>\n<tr>\n<td>Verwendungsszenarien<\/td>\n<td>Wohnungseinrichtung\u00a0<\/td>\n<td>Wohnungseinrichtung\u00a0<\/td>\n<\/tr>\n<tr>\n<td>Abmessungen<\/td>\n<td>D:17X16.5cm<\/td>\n<td>T:13X12.5cm<\/td>\n<\/tr>\n<tr>\n<td>Gewicht<\/td>\n<td>0.95kg\/pc<\/td>\n<td>0,5 kg\/St\u00fcck<\/td>\n<\/tr>\n<\/tbody>\n<\/table>\n<p>\n<script src=\"chrome-extension:\/\/fpelahbljekknahkcaegamhcndkfpfnc\/iFrame.js\" type=\"text\/javascript\"><\/script><\/p>","protected":false},"featured_media":3580,"comment_status":"closed","ping_status":"closed","template":"","meta":{"_acf_changed":false},"product_brand":[],"product_cat":[18,42,23],"product_tag":[],"class_list":{"0":"post-3562","1":"product","2":"type-product","3":"status-publish","4":"has-post-thumbnail","6":"product_cat-home-decor","7":"product_cat-wholesale-ceramic-plant-pots","8":"product_cat-ceramic-pots-planters","10":"first","11":"instock","12":"shipping-taxable","13":"product-type-simple"},"acf":[],"_links":{"self":[{"href":"https:\/\/www.santai-ceramics.com\/de\/wp-json\/wp\/v2\/product\/3562","targetHints":{"allow":["GET"]}}],"collection":[{"href":"https:\/\/www.santai-ceramics.com\/de\/wp-json\/wp\/v2\/product"}],"about":[{"href":"https:\/\/www.santai-ceramics.com\/de\/wp-json\/wp\/v2\/types\/product"}],"replies":[{"embeddable":true,"href":"https:\/\/www.santai-ceramics.com\/de\/wp-json\/wp\/v2\/comments?post=3562"}],"wp:featuredmedia":[{"embeddable":true,"href":"https:\/\/www.santai-ceramics.com\/de\/wp-json\/wp\/v2\/media\/3580"}],"wp:attachment":[{"href":"https:\/\/www.santai-ceramics.com\/de\/wp-json\/wp\/v2\/media?parent=3562"}],"wp:term":[{"taxonomy":"product_brand","embeddable":true,"href":"https:\/\/www.santai-ceramics.com\/de\/wp-json\/wp\/v2\/product_brand?post=3562"},{"taxonomy":"product_cat","embeddable":true,"href":"https:\/\/www.santai-ceramics.com\/de\/wp-json\/wp\/v2\/product_cat?post=3562"},{"taxonomy":"product_tag","embeddable":true,"href":"https:\/\/www.santai-ceramics.com\/de\/wp-json\/wp\/v2\/product_tag?post=3562"}],"curies":[{"name":"wp","href":"https:\/\/api.w.org\/{rel}","templated":true}]}}