{"id":3563,"date":"2025-09-05T09:48:19","date_gmt":"2025-09-05T09:48:19","guid":{"rendered":"https:\/\/www.santai-ceramics.com\/?post_type=product&#038;p=3563"},"modified":"2025-09-05T09:48:21","modified_gmt":"2025-09-05T09:48:21","slug":"high-quality-ceramic-vases-wholesale-at-factory-price","status":"publish","type":"product","link":"https:\/\/www.santai-ceramics.com\/de\/product\/high-quality-ceramic-vases-wholesale-at-factory-price\/","title":{"rendered":"Hochwertige keramische Vasen Gro\u00dfhandel zum Fabrikpreis"},"content":{"rendered":"<h3 class=\"wp-block-heading\">Eigenschaften von Gro\u00dfhandel Keramik Vase<\/h3>\n\n\n\n<ul class=\"wp-block-list\">\n<li><strong>Nat\u00fcrliche und biologische Sch\u00f6nheit: <\/strong>Diese Vase zeichnet sich durch ein sanftes Gr\u00fcn, ein naturalistisches Farnmuster und einen Hals aus rohem Ton aus, die alle zusammen eine bemerkenswert organische, erdige und beruhigende \u00c4sthetik schaffen.<\/li>\n\n\n\n<li><strong>Breite Marktakzeptanz: <\/strong>Der nat\u00fcrliche und organische Stil ist besonders auf dem europ\u00e4ischen und amerikanischen Markt sowie bei j\u00fcngeren Verbrauchern beliebt und daher \u00fcber verschiedene Vertriebskan\u00e4le leicht zug\u00e4nglich. Daher sind unsere Vasen f\u00fcr den Gro\u00dfhandel besonders f\u00fcr europ\u00e4ische B2B-K\u00e4ufer geeignet.<\/li>\n\n\n\n<li><strong>Geeignet f\u00fcr Einzelh\u00e4ndler und Hausmarken: <\/strong>Als professionelles Unternehmen mit 30 Jahren Erfahrung garantieren wir eine stabile Versorgung und gleichbleibende Qualit\u00e4t, so dass Einzelh\u00e4ndler ihre Produkte mit Zuversicht lagern k\u00f6nnen.<\/li>\n\n\n\n<li><strong>Werkspreis: <\/strong>Wir bieten B2B-Kunden Preise direkt ab Werk, wodurch der Zwischenh\u00e4ndler ausgeschaltet wird und die K\u00e4ufer hochwertige Produkte zu wettbewerbsf\u00e4higen Preisen erhalten.<\/li>\n<\/ul>\n\n\n\n<h3 class=\"wp-block-heading\">Individuelles Vasen-Service aus Keramik<\/h3>\n\n\n\n<p>Wir bieten OEM- und ODM-Dienstleistungen f\u00fcr unsere Produkte an.<br>Eine schnelle Lieferung von Mustern ist m\u00f6glich.<br>Wir bieten eine Vielzahl von Formen, Farben, individuellem Druck, Verpackungen und anderen ma\u00dfgeschneiderten Dienstleistungen an, um Ihre speziellen Anforderungen zu erf\u00fcllen.<\/p>\n\n\n\n<div class=\"wp-block-columns is-layout-flex wp-container-core-columns-is-layout-9d6595d7 wp-block-columns-is-layout-flex\">\n<div class=\"wp-block-column is-layout-flow wp-block-column-is-layout-flow\">\n<figure class=\"wp-block-image size-full\"><img decoding=\"async\" width=\"2080\" height=\"2080\" src=\"https:\/\/www.santai-ceramics.com\/wp-content\/uploads\/2025\/09\/ceramic-vases-wholesale-4.webp\" alt=\"Keramikvasen Gro\u00dfhandel (4)\" class=\"wp-image-3640\" srcset=\"https:\/\/www.santai-ceramics.com\/wp-content\/uploads\/2025\/09\/ceramic-vases-wholesale-4.webp 2080w, https:\/\/www.santai-ceramics.com\/wp-content\/uploads\/2025\/09\/ceramic-vases-wholesale-4-300x300.webp 300w, https:\/\/www.santai-ceramics.com\/wp-content\/uploads\/2025\/09\/ceramic-vases-wholesale-4-150x150.webp 150w, https:\/\/www.santai-ceramics.com\/wp-content\/uploads\/2025\/09\/ceramic-vases-wholesale-4-768x768.webp 768w, https:\/\/www.santai-ceramics.com\/wp-content\/uploads\/2025\/09\/ceramic-vases-wholesale-4-12x12.webp 12w, https:\/\/www.santai-ceramics.com\/wp-content\/uploads\/2025\/09\/ceramic-vases-wholesale-4-1200x1200.webp 1200w, https:\/\/www.santai-ceramics.com\/wp-content\/uploads\/2025\/09\/ceramic-vases-wholesale-4-600x600.webp 600w, https:\/\/www.santai-ceramics.com\/wp-content\/uploads\/2025\/09\/ceramic-vases-wholesale-4-100x100.webp 100w\" sizes=\"(max-width: 2080px) 100vw, 2080px\" \/><\/figure>\n<\/div>\n\n\n\n<div class=\"wp-block-column is-layout-flow wp-block-column-is-layout-flow\">\n<figure class=\"wp-block-image size-full\"><img decoding=\"async\" width=\"3370\" height=\"3370\" src=\"https:\/\/www.santai-ceramics.com\/wp-content\/uploads\/2025\/09\/ceramic-vases-wholesale-6.webp\" alt=\"Keramikvasen Gro\u00dfhandel (6)\" class=\"wp-image-3641\" srcset=\"https:\/\/www.santai-ceramics.com\/wp-content\/uploads\/2025\/09\/ceramic-vases-wholesale-6.webp 3370w, https:\/\/www.santai-ceramics.com\/wp-content\/uploads\/2025\/09\/ceramic-vases-wholesale-6-300x300.webp 300w, https:\/\/www.santai-ceramics.com\/wp-content\/uploads\/2025\/09\/ceramic-vases-wholesale-6-150x150.webp 150w, https:\/\/www.santai-ceramics.com\/wp-content\/uploads\/2025\/09\/ceramic-vases-wholesale-6-768x768.webp 768w, https:\/\/www.santai-ceramics.com\/wp-content\/uploads\/2025\/09\/ceramic-vases-wholesale-6-12x12.webp 12w, https:\/\/www.santai-ceramics.com\/wp-content\/uploads\/2025\/09\/ceramic-vases-wholesale-6-1200x1200.webp 1200w, https:\/\/www.santai-ceramics.com\/wp-content\/uploads\/2025\/09\/ceramic-vases-wholesale-6-600x600.webp 600w, https:\/\/www.santai-ceramics.com\/wp-content\/uploads\/2025\/09\/ceramic-vases-wholesale-6-100x100.webp 100w\" sizes=\"(max-width: 3370px) 100vw, 3370px\" \/><\/figure>\n<\/div>\n<\/div>\n\n\n\n<div class=\"wp-block-columns is-layout-flex wp-container-core-columns-is-layout-9d6595d7 wp-block-columns-is-layout-flex\">\n<div class=\"wp-block-column is-layout-flow wp-block-column-is-layout-flow\"><\/div>\n\n\n\n<div class=\"wp-block-column is-layout-flow wp-block-column-is-layout-flow\"><\/div>\n<\/div>","protected":false},"excerpt":{"rendered":"<p data-pm-slice=\"0 0 []\">MOQ:100. Gro\u00dfhandel handgefertigte glasierte Vasen mit Natur-inspirierten Farn-Muster. Gro\u00dfeink\u00e4ufe willkommen.<\/p>\n<h2>Spezifikation von Keramikvasen hoher Qualit\u00e4t<\/h2>\n<table width=\"855\">\n<tbody>\n<tr>\n<td width=\"285\">Modellnummer<\/td>\n<td width=\"285\">A37426-LE24-A01<\/td>\n<td width=\"285\">A37426-LE24-A02<\/td>\n<\/tr>\n<tr>\n<td>Produktname<\/td>\n<td>Keramik-Vase<\/td>\n<td>Keramik-Vase<\/td>\n<\/tr>\n<tr>\n<td>Farbe<\/td>\n<td>Gr\u00fcn<\/td>\n<td>Gr\u00fcn<\/td>\n<\/tr>\n<tr>\n<td>Material<\/td>\n<td>Keramik\u00a0<\/td>\n<td>Keramik\u00a0<\/td>\n<\/tr>\n<tr>\n<td>Verwendungsszenarien<\/td>\n<td>Wohnungseinrichtung\u00a0<\/td>\n<td>Wohnungseinrichtung\u00a0<\/td>\n<\/tr>\n<tr>\n<td>Abmessungen<\/td>\n<td>T:13.5X33cm<\/td>\n<td>T:12X29cm<\/td>\n<\/tr>\n<tr>\n<td>Gewicht<\/td>\n<td>1,5 kg\/St\u00fcck<\/td>\n<td>0,9 kg\/St\u00fcck<\/td>\n<\/tr>\n<\/tbody>\n<\/table>\n<p>\n<script src=\"chrome-extension:\/\/fpelahbljekknahkcaegamhcndkfpfnc\/iFrame.js\" type=\"text\/javascript\"><\/script><\/p>","protected":false},"featured_media":3637,"comment_status":"closed","ping_status":"closed","template":"","meta":{"_acf_changed":false},"product_brand":[],"product_cat":[18,22],"product_tag":[],"class_list":{"0":"post-3563","1":"product","2":"type-product","3":"status-publish","4":"has-post-thumbnail","6":"product_cat-home-decor","7":"product_cat-vase","9":"first","10":"instock","11":"shipping-taxable","12":"product-type-simple"},"acf":[],"_links":{"self":[{"href":"https:\/\/www.santai-ceramics.com\/de\/wp-json\/wp\/v2\/product\/3563","targetHints":{"allow":["GET"]}}],"collection":[{"href":"https:\/\/www.santai-ceramics.com\/de\/wp-json\/wp\/v2\/product"}],"about":[{"href":"https:\/\/www.santai-ceramics.com\/de\/wp-json\/wp\/v2\/types\/product"}],"replies":[{"embeddable":true,"href":"https:\/\/www.santai-ceramics.com\/de\/wp-json\/wp\/v2\/comments?post=3563"}],"wp:featuredmedia":[{"embeddable":true,"href":"https:\/\/www.santai-ceramics.com\/de\/wp-json\/wp\/v2\/media\/3637"}],"wp:attachment":[{"href":"https:\/\/www.santai-ceramics.com\/de\/wp-json\/wp\/v2\/media?parent=3563"}],"wp:term":[{"taxonomy":"product_brand","embeddable":true,"href":"https:\/\/www.santai-ceramics.com\/de\/wp-json\/wp\/v2\/product_brand?post=3563"},{"taxonomy":"product_cat","embeddable":true,"href":"https:\/\/www.santai-ceramics.com\/de\/wp-json\/wp\/v2\/product_cat?post=3563"},{"taxonomy":"product_tag","embeddable":true,"href":"https:\/\/www.santai-ceramics.com\/de\/wp-json\/wp\/v2\/product_tag?post=3563"}],"curies":[{"name":"wp","href":"https:\/\/api.w.org\/{rel}","templated":true}]}}