{"id":3564,"date":"2025-09-02T11:07:48","date_gmt":"2025-09-02T11:07:48","guid":{"rendered":"https:\/\/www.santai-ceramics.com\/?post_type=product&#038;p=3564"},"modified":"2025-09-02T11:07:52","modified_gmt":"2025-09-02T11:07:52","slug":"bulk-under-glaze-ceramic-vases-wholesale","status":"publish","type":"product","link":"https:\/\/www.santai-ceramics.com\/de\/product\/bulk-under-glaze-ceramic-vases-wholesale\/","title":{"rendered":"Unterglasurvasen in gro\u00dfen Mengen f\u00fcr Gro\u00dfh\u00e4ndler, Blumenm\u00e4rkte und Geschenkartikelgesch\u00e4fte"},"content":{"rendered":"<h3 class=\"wp-block-heading\">Features of Bulk Under-Glaze Vases<\/h3>\n\n\n\n<ul class=\"wp-block-list\">\n<li><strong>Elegant Appearance: <\/strong>The combination of soft green and fern patterns makes this aesthetic popular in the home decor, hospitality, and event planning industries.<\/li>\n\n\n\n<li><strong>Multiple Sizes: T<\/strong>his set includes three different sizes, providing flexibility for a variety of decorative arrangements.<\/li>\n\n\n\n<li><strong>High Profit Margin Potential: <\/strong>Unique and visually appealing vases like these can command good retail prices, allowing B2B buyers to achieve healthy profit margins.<\/li>\n\n\n\n<li><strong>Bulk Supply: <\/strong>We offer a steady supply of bulk vases, perfect for wholesalers, retail stores, or large-scale projects like hotel furniture or event d\u00e9cor.<\/li>\n<\/ul>\n\n\n\n<h3 class=\"wp-block-heading\">Kundenspezifischer Service<\/h3>\n\n\n\n<p>Wir bieten OEM- und ODM-Dienstleistungen f\u00fcr unsere Produkte an.<br>Eine schnelle Lieferung von Mustern ist m\u00f6glich.<br>Wir bieten eine Vielzahl von Formen, Farben, individuellem Druck, Verpackungen und anderen ma\u00dfgeschneiderten Dienstleistungen an, um Ihre speziellen Anforderungen zu erf\u00fcllen.<\/p>\n\n\n\n<div class=\"wp-block-columns is-layout-flex wp-container-core-columns-is-layout-9d6595d7 wp-block-columns-is-layout-flex\">\n<div class=\"wp-block-column is-layout-flow wp-block-column-is-layout-flow\">\n<figure class=\"wp-block-image size-full\"><img decoding=\"async\" width=\"2353\" height=\"1960\" src=\"https:\/\/www.santai-ceramics.com\/wp-content\/uploads\/2025\/09\/wholesale-under-glaze-vases-5.webp\" alt=\"wholesale under glaze vases (5)\" class=\"wp-image-3601\" srcset=\"https:\/\/www.santai-ceramics.com\/wp-content\/uploads\/2025\/09\/wholesale-under-glaze-vases-5.webp 2353w, https:\/\/www.santai-ceramics.com\/wp-content\/uploads\/2025\/09\/wholesale-under-glaze-vases-5-300x250.webp 300w, https:\/\/www.santai-ceramics.com\/wp-content\/uploads\/2025\/09\/wholesale-under-glaze-vases-5-768x640.webp 768w, https:\/\/www.santai-ceramics.com\/wp-content\/uploads\/2025\/09\/wholesale-under-glaze-vases-5-14x12.webp 14w, https:\/\/www.santai-ceramics.com\/wp-content\/uploads\/2025\/09\/wholesale-under-glaze-vases-5-1200x1000.webp 1200w, https:\/\/www.santai-ceramics.com\/wp-content\/uploads\/2025\/09\/wholesale-under-glaze-vases-5-600x500.webp 600w\" sizes=\"(max-width: 2353px) 100vw, 2353px\" \/><\/figure>\n<\/div>\n\n\n\n<div class=\"wp-block-column is-layout-flow wp-block-column-is-layout-flow\">\n<figure class=\"wp-block-image size-full\"><img decoding=\"async\" width=\"2486\" height=\"2072\" src=\"https:\/\/www.santai-ceramics.com\/wp-content\/uploads\/2025\/09\/wholesale-under-glaze-vases-6.webp\" alt=\"wholesale under glaze vases (6)\" class=\"wp-image-3602\" srcset=\"https:\/\/www.santai-ceramics.com\/wp-content\/uploads\/2025\/09\/wholesale-under-glaze-vases-6.webp 2486w, https:\/\/www.santai-ceramics.com\/wp-content\/uploads\/2025\/09\/wholesale-under-glaze-vases-6-300x250.webp 300w, https:\/\/www.santai-ceramics.com\/wp-content\/uploads\/2025\/09\/wholesale-under-glaze-vases-6-768x640.webp 768w, https:\/\/www.santai-ceramics.com\/wp-content\/uploads\/2025\/09\/wholesale-under-glaze-vases-6-14x12.webp 14w, https:\/\/www.santai-ceramics.com\/wp-content\/uploads\/2025\/09\/wholesale-under-glaze-vases-6-1200x1000.webp 1200w, https:\/\/www.santai-ceramics.com\/wp-content\/uploads\/2025\/09\/wholesale-under-glaze-vases-6-600x500.webp 600w\" sizes=\"(max-width: 2486px) 100vw, 2486px\" \/><\/figure>\n<\/div>\n<\/div>","protected":false},"excerpt":{"rendered":"<p data-pm-slice=\"0 0 []\">MOQ:100. Bulk ceramic vase wholesale. We welcome bulk purchasing from B2B buyers. This underglaze vase features a fern-like texture and elegant green finish, perfect for indoor displays, hotels, botanical gardens, and more. Contact us for a quote on bulk purchases.<\/p>\n<h2>Specification of Bulk Under-Glaze Vases<\/h2>\n<table width=\"1140\">\n<tbody>\n<tr>\n<td width=\"285\">Modellnummer<\/td>\n<td width=\"285\">A34352-LE24-A01<\/td>\n<td width=\"285\">A34352-LE24-A02<\/td>\n<td width=\"285\">A34352-LE24-A03<\/td>\n<\/tr>\n<tr>\n<td>Produktname<\/td>\n<td>Keramik-Vase<\/td>\n<td>Keramik-Vase<\/td>\n<td>Keramik-Vase<\/td>\n<\/tr>\n<tr>\n<td>Farbe<\/td>\n<td>Gr\u00fcn<\/td>\n<td>Gr\u00fcn<\/td>\n<td>Gr\u00fcn<\/td>\n<\/tr>\n<tr>\n<td>Material<\/td>\n<td>Keramik\u00a0<\/td>\n<td>Keramik\u00a0<\/td>\n<td>Keramik\u00a0<\/td>\n<\/tr>\n<tr>\n<td>Verwendungsszenarien<\/td>\n<td>Wohnungseinrichtung\u00a0<\/td>\n<td>Wohnungseinrichtung\u00a0<\/td>\n<td>Wohnungseinrichtung\u00a0<\/td>\n<\/tr>\n<tr>\n<td>Abmessungen<\/td>\n<td>T:11,5X20cm<\/td>\n<td>T:11X14cm<\/td>\n<td>T:13X12.5cm<\/td>\n<\/tr>\n<tr>\n<td>Gewicht<\/td>\n<td>0,55 kg\/St\u00fcck<\/td>\n<td>0,4 kg\/St\u00fcck<\/td>\n<td>0,4 kg\/St\u00fcck<\/td>\n<\/tr>\n<\/tbody>\n<\/table>\n<p>\n<script src=\"chrome-extension:\/\/fpelahbljekknahkcaegamhcndkfpfnc\/iFrame.js\" type=\"text\/javascript\"><\/script><\/p>","protected":false},"featured_media":3597,"comment_status":"closed","ping_status":"closed","template":"","meta":{"_acf_changed":false},"product_brand":[],"product_cat":[18,22],"product_tag":[],"class_list":{"0":"post-3564","1":"product","2":"type-product","3":"status-publish","4":"has-post-thumbnail","6":"product_cat-home-decor","7":"product_cat-vase","9":"first","10":"instock","11":"shipping-taxable","12":"product-type-simple"},"acf":[],"_links":{"self":[{"href":"https:\/\/www.santai-ceramics.com\/de\/wp-json\/wp\/v2\/product\/3564","targetHints":{"allow":["GET"]}}],"collection":[{"href":"https:\/\/www.santai-ceramics.com\/de\/wp-json\/wp\/v2\/product"}],"about":[{"href":"https:\/\/www.santai-ceramics.com\/de\/wp-json\/wp\/v2\/types\/product"}],"replies":[{"embeddable":true,"href":"https:\/\/www.santai-ceramics.com\/de\/wp-json\/wp\/v2\/comments?post=3564"}],"wp:featuredmedia":[{"embeddable":true,"href":"https:\/\/www.santai-ceramics.com\/de\/wp-json\/wp\/v2\/media\/3597"}],"wp:attachment":[{"href":"https:\/\/www.santai-ceramics.com\/de\/wp-json\/wp\/v2\/media?parent=3564"}],"wp:term":[{"taxonomy":"product_brand","embeddable":true,"href":"https:\/\/www.santai-ceramics.com\/de\/wp-json\/wp\/v2\/product_brand?post=3564"},{"taxonomy":"product_cat","embeddable":true,"href":"https:\/\/www.santai-ceramics.com\/de\/wp-json\/wp\/v2\/product_cat?post=3564"},{"taxonomy":"product_tag","embeddable":true,"href":"https:\/\/www.santai-ceramics.com\/de\/wp-json\/wp\/v2\/product_tag?post=3564"}],"curies":[{"name":"wp","href":"https:\/\/api.w.org\/{rel}","templated":true}]}}