{"id":3566,"date":"2025-09-07T06:24:59","date_gmt":"2025-09-07T06:24:59","guid":{"rendered":"https:\/\/www.santai-ceramics.com\/?post_type=product&#038;p=3566"},"modified":"2025-09-07T06:25:01","modified_gmt":"2025-09-07T06:25:01","slug":"bulk-ceramic-vases-for-export-to-global-traders","status":"publish","type":"product","link":"https:\/\/www.santai-ceramics.com\/de\/product\/bulk-ceramic-vases-for-export-to-global-traders\/","title":{"rendered":"Bulk Keramik Vasen f\u00fcr den Export - Welcome Global Traders and Pottery Wholesalers"},"content":{"rendered":"<h3 class=\"wp-block-heading\">Eigenschaften von Keramikvasen<\/h3>\n\n\n\n<ul class=\"wp-block-list\">\n<li><strong>Dekorative Vielseitigkeit: <\/strong>Diese Vasen-Kollektion gibt es in drei verschiedenen Gr\u00f6\u00dfen, die vom B\u00fccherregal im Arbeitszimmer bis zum Couchtisch im Wohnzimmer reichlich Platz bieten.<\/li>\n\n\n\n<li><strong>\u00c4sthetische Anziehungskraft: <\/strong>Diese Vasen haben eine zartgr\u00fcne Farbe, eine komplizierte Craquel\u00e9-Glasur und zarte Farnmuster, die f\u00fcr visuellen Reiz sorgen.<\/li>\n\n\n\n<li><strong>Massive Produktionskapazit\u00e4ten: <\/strong>Als Lieferant und Exporteur von Vasen verf\u00fcgen wir \u00fcber fortschrittliche Ausr\u00fcstung und qualifizierte Mitarbeiter, die es uns erm\u00f6glichen, in gro\u00dfen Mengen zu produzieren, um die weltweite Nachfrage des Gro\u00dfhandels zu befriedigen.<\/li>\n\n\n\n<li><strong>Konkurrenzf\u00e4hige Preisgestaltung: <\/strong>Unser Werk befindet sich in Chaozhou, China. Dank unserer effizienten Lieferkette und Skaleneffekten k\u00f6nnen wir attraktive Preise f\u00fcr Gro\u00dfeink\u00e4ufe anbieten.<\/li>\n<\/ul>\n\n\n\n<h3 class=\"wp-block-heading\">Kundenspezifische Keramikvasen Service<\/h3>\n\n\n\n<p>Wir bieten OEM- und ODM-Dienstleistungen f\u00fcr unsere Produkte an.<br>Eine schnelle Lieferung von Mustern ist m\u00f6glich.<br>Wir bieten eine Vielzahl von Formen, Farben, individuellem Druck, Verpackungen und anderen ma\u00dfgeschneiderten Dienstleistungen an, um Ihre speziellen Anforderungen zu erf\u00fcllen.<\/p>\n\n\n\n<div class=\"wp-block-columns is-layout-flex wp-container-core-columns-is-layout-9d6595d7 wp-block-columns-is-layout-flex\">\n<div class=\"wp-block-column is-layout-flow wp-block-column-is-layout-flow\">\n<figure class=\"wp-block-image size-full\"><img decoding=\"async\" width=\"2405\" height=\"2004\" src=\"https:\/\/www.santai-ceramics.com\/wp-content\/uploads\/2025\/09\/wholesale-vases-for-export-5.webp\" alt=\"Gro\u00dfhandel Vasen f\u00fcr den Export (5)\" class=\"wp-image-3668\" srcset=\"https:\/\/www.santai-ceramics.com\/wp-content\/uploads\/2025\/09\/wholesale-vases-for-export-5.webp 2405w, https:\/\/www.santai-ceramics.com\/wp-content\/uploads\/2025\/09\/wholesale-vases-for-export-5-300x250.webp 300w, https:\/\/www.santai-ceramics.com\/wp-content\/uploads\/2025\/09\/wholesale-vases-for-export-5-768x640.webp 768w, https:\/\/www.santai-ceramics.com\/wp-content\/uploads\/2025\/09\/wholesale-vases-for-export-5-14x12.webp 14w, https:\/\/www.santai-ceramics.com\/wp-content\/uploads\/2025\/09\/wholesale-vases-for-export-5-1200x1000.webp 1200w, https:\/\/www.santai-ceramics.com\/wp-content\/uploads\/2025\/09\/wholesale-vases-for-export-5-600x500.webp 600w\" sizes=\"(max-width: 2405px) 100vw, 2405px\" \/><\/figure>\n<\/div>\n\n\n\n<div class=\"wp-block-column is-layout-flow wp-block-column-is-layout-flow\">\n<figure class=\"wp-block-image size-full\"><img decoding=\"async\" width=\"2843\" height=\"2369\" src=\"https:\/\/www.santai-ceramics.com\/wp-content\/uploads\/2025\/09\/wholesale-vases-for-export-6.webp\" alt=\"Gro\u00dfhandel Vasen f\u00fcr den Export (6)\" class=\"wp-image-3669\" srcset=\"https:\/\/www.santai-ceramics.com\/wp-content\/uploads\/2025\/09\/wholesale-vases-for-export-6.webp 2843w, https:\/\/www.santai-ceramics.com\/wp-content\/uploads\/2025\/09\/wholesale-vases-for-export-6-300x250.webp 300w, https:\/\/www.santai-ceramics.com\/wp-content\/uploads\/2025\/09\/wholesale-vases-for-export-6-768x640.webp 768w, https:\/\/www.santai-ceramics.com\/wp-content\/uploads\/2025\/09\/wholesale-vases-for-export-6-14x12.webp 14w, https:\/\/www.santai-ceramics.com\/wp-content\/uploads\/2025\/09\/wholesale-vases-for-export-6-1200x1000.webp 1200w, https:\/\/www.santai-ceramics.com\/wp-content\/uploads\/2025\/09\/wholesale-vases-for-export-6-600x500.webp 600w\" sizes=\"(max-width: 2843px) 100vw, 2843px\" \/><\/figure>\n<\/div>\n<\/div>","protected":false},"excerpt":{"rendered":"<p data-pm-slice=\"0 0 []\">MOQ:100. Wir liefern hochwertige Keramikvasen f\u00fcr den Export und bieten wettbewerbsf\u00e4hige Gro\u00dfhandelspreise f\u00fcr H\u00e4ndler und K\u00e4ufer auf dem weltweiten Keramikmarkt. Unsere gro\u00dfe Auswahl an Stilen macht uns ideal f\u00fcr den Gro\u00dfeinkauf und den internationalen Vertrieb.<\/p>\n<h2>Spezifikation des Gro\u00dfhandels keramische Vasen<\/h2>\n<table width=\"1140\">\n<tbody>\n<tr>\n<td width=\"285\">Modellnummer<\/td>\n<td width=\"285\">A37659-LE24-A01<\/td>\n<td width=\"285\">A37659-LE24-A02<\/td>\n<td width=\"285\">A37659-LE24-A03<\/td>\n<\/tr>\n<tr>\n<td>Produktname<\/td>\n<td>Keramik-Vase<\/td>\n<td>Keramik-Vase<\/td>\n<td>Keramik-Vase<\/td>\n<\/tr>\n<tr>\n<td>Farbe<\/td>\n<td>Gr\u00fcn<\/td>\n<td>Gr\u00fcn<\/td>\n<td>Gr\u00fcn<\/td>\n<\/tr>\n<tr>\n<td>Material<\/td>\n<td>Keramik\u00a0<\/td>\n<td>Keramik\u00a0<\/td>\n<td>Keramik\u00a0<\/td>\n<\/tr>\n<tr>\n<td>Verwendungsszenarien<\/td>\n<td>Wohnungseinrichtung\u00a0<\/td>\n<td>Wohnungseinrichtung\u00a0<\/td>\n<td>Wohnungseinrichtung\u00a0<\/td>\n<\/tr>\n<tr>\n<td>Abmessungen<\/td>\n<td>T:15X19,5cm<\/td>\n<td>T:15X15cm<\/td>\n<td>T:11.5X12cm<\/td>\n<\/tr>\n<tr>\n<td>Gewicht<\/td>\n<td>0,8 kg\/St\u00fcck<\/td>\n<td>0,6 kg\/St\u00fcck<\/td>\n<td>0,3 kg\/St\u00fcck<\/td>\n<\/tr>\n<\/tbody>\n<\/table>\n<p>\n<script src=\"chrome-extension:\/\/fpelahbljekknahkcaegamhcndkfpfnc\/iFrame.js\" type=\"text\/javascript\"><\/script><\/p>","protected":false},"featured_media":3664,"comment_status":"closed","ping_status":"closed","template":"","meta":{"_acf_changed":false},"product_brand":[],"product_cat":[18,22],"product_tag":[],"class_list":{"0":"post-3566","1":"product","2":"type-product","3":"status-publish","4":"has-post-thumbnail","6":"product_cat-home-decor","7":"product_cat-vase","9":"first","10":"instock","11":"shipping-taxable","12":"product-type-simple"},"acf":[],"_links":{"self":[{"href":"https:\/\/www.santai-ceramics.com\/de\/wp-json\/wp\/v2\/product\/3566","targetHints":{"allow":["GET"]}}],"collection":[{"href":"https:\/\/www.santai-ceramics.com\/de\/wp-json\/wp\/v2\/product"}],"about":[{"href":"https:\/\/www.santai-ceramics.com\/de\/wp-json\/wp\/v2\/types\/product"}],"replies":[{"embeddable":true,"href":"https:\/\/www.santai-ceramics.com\/de\/wp-json\/wp\/v2\/comments?post=3566"}],"wp:featuredmedia":[{"embeddable":true,"href":"https:\/\/www.santai-ceramics.com\/de\/wp-json\/wp\/v2\/media\/3664"}],"wp:attachment":[{"href":"https:\/\/www.santai-ceramics.com\/de\/wp-json\/wp\/v2\/media?parent=3566"}],"wp:term":[{"taxonomy":"product_brand","embeddable":true,"href":"https:\/\/www.santai-ceramics.com\/de\/wp-json\/wp\/v2\/product_brand?post=3566"},{"taxonomy":"product_cat","embeddable":true,"href":"https:\/\/www.santai-ceramics.com\/de\/wp-json\/wp\/v2\/product_cat?post=3566"},{"taxonomy":"product_tag","embeddable":true,"href":"https:\/\/www.santai-ceramics.com\/de\/wp-json\/wp\/v2\/product_tag?post=3566"}],"curies":[{"name":"wp","href":"https:\/\/api.w.org\/{rel}","templated":true}]}}