{"id":3690,"date":"2025-09-23T02:25:46","date_gmt":"2025-09-23T02:25:46","guid":{"rendered":"https:\/\/www.santai-ceramics.com\/?post_type=product&#038;p=3690"},"modified":"2025-09-23T02:25:47","modified_gmt":"2025-09-23T02:25:47","slug":"wholesale-outdoor-planters-rustic","status":"publish","type":"product","link":"https:\/\/www.santai-ceramics.com\/de\/product\/wholesale-outdoor-planters-rustic\/","title":{"rendered":"Gro\u00dfhandel dekorative Gl\u00e4ser mit Hand-Aged Finish - Willkommen Distributoren und H\u00e4ndlern f\u00fcr Bulk Purchase"},"content":{"rendered":"<h3 class=\"wp-block-heading\">Merkmale von dekorativen Gl\u00e4sern<\/h3>\n\n\n\n<ul class=\"wp-block-list\">\n<li><strong>Authentischer Lehm mit gealterter Oberfl\u00e4che<\/strong>: Unsere Pflanzgef\u00e4\u00dfe f\u00fcr den Au\u00dfenbereich werden aus grobem Ton in grau-wei\u00dfen und gebrochen wei\u00dfen T\u00f6nen hergestellt und mit von Hand aufgetragenen Verwitterungseffekten, moos\u00e4hnlichen Flecken und gepr\u00e4gten Texturen f\u00fcr ein nat\u00fcrliches, rustikales Finish veredelt.<\/li>\n<\/ul>\n\n\n\n<ul class=\"wp-block-list\">\n<li><strong>Vielseitige Formen und funktionelles Design<\/strong>: Von runden Gl\u00e4sern und Vasen mit breiter \u00d6ffnung bis hin zu dekorativen Sets sind diese Gro\u00dfhandelspflanzgef\u00e4\u00dfe f\u00fcr den Au\u00dfenbereich in kleinen bis mittleren Gr\u00f6\u00dfen erh\u00e4ltlich - ideal f\u00fcr Sukkulenten, bl\u00fchende Pflanzen oder als zeitlose Dekorationsst\u00fccke.<\/li>\n<\/ul>\n\n\n\n<ul class=\"wp-block-list\">\n<li><strong>Perfekt f\u00fcr Lifestyle- und Dekormarken<\/strong>: Unsere Gro\u00dfhandelspflanzgef\u00e4\u00dfe f\u00fcr den Au\u00dfenbereich sind f\u00fcr Einzelh\u00e4ndler f\u00fcr Wohnkultur, Blumenl\u00e4den, Lifestyle-Konzepte und Boutique-Hotels gedacht, die einzigartige rustikale St\u00fccke suchen, die sowohl moderne als auch naturnahe Innenr\u00e4ume aufwerten.<\/li>\n<\/ul>\n\n\n\n<ul class=\"wp-block-list\">\n<li><strong>Hohe Produktionseffizienz<\/strong>: Unser Werk ist mit fortschrittlichen Produktionslinien und einer strengen Qualit\u00e4tskontrolle ausgestattet, die eine gleichbleibend hohe Ausbeute und zuverl\u00e4ssige Lieferung gew\u00e4hrleisten.<\/li>\n<\/ul>\n\n\n\n<h3 class=\"wp-block-heading\">Individuelle Keramikgef\u00e4\u00dfe Service<\/h3>\n\n\n\n<p>Wir bieten OEM- und ODM-Dienstleistungen f\u00fcr unsere Produkte an.<br>Eine schnelle Lieferung von Mustern ist m\u00f6glich.<br>Wir bieten eine Vielzahl von Formen, Farben, individuellem Druck, Verpackungen und anderen ma\u00dfgeschneiderten Dienstleistungen an, um Ihre speziellen Anforderungen zu erf\u00fcllen.<\/p>\n\n\n\n<div class=\"wp-block-columns is-layout-flex wp-container-core-columns-is-layout-9d6595d7 wp-block-columns-is-layout-flex\">\n<div class=\"wp-block-column is-layout-flow wp-block-column-is-layout-flow\">\n<figure class=\"wp-block-image size-full\"><img decoding=\"async\" width=\"2264\" height=\"2264\" src=\"https:\/\/www.santai-ceramics.com\/wp-content\/uploads\/2025\/09\/wholesale-outdoor-planters-hand-aged-finished-3.webp\" alt=\"Gro\u00dfhandel Outdoor-Pflanzgef\u00e4\u00dfe handgealtert fertig (3)\" class=\"wp-image-3739\" srcset=\"https:\/\/www.santai-ceramics.com\/wp-content\/uploads\/2025\/09\/wholesale-outdoor-planters-hand-aged-finished-3.webp 2264w, https:\/\/www.santai-ceramics.com\/wp-content\/uploads\/2025\/09\/wholesale-outdoor-planters-hand-aged-finished-3-300x300.webp 300w, https:\/\/www.santai-ceramics.com\/wp-content\/uploads\/2025\/09\/wholesale-outdoor-planters-hand-aged-finished-3-150x150.webp 150w, https:\/\/www.santai-ceramics.com\/wp-content\/uploads\/2025\/09\/wholesale-outdoor-planters-hand-aged-finished-3-768x768.webp 768w, https:\/\/www.santai-ceramics.com\/wp-content\/uploads\/2025\/09\/wholesale-outdoor-planters-hand-aged-finished-3-12x12.webp 12w, https:\/\/www.santai-ceramics.com\/wp-content\/uploads\/2025\/09\/wholesale-outdoor-planters-hand-aged-finished-3-1200x1200.webp 1200w, https:\/\/www.santai-ceramics.com\/wp-content\/uploads\/2025\/09\/wholesale-outdoor-planters-hand-aged-finished-3-600x600.webp 600w, https:\/\/www.santai-ceramics.com\/wp-content\/uploads\/2025\/09\/wholesale-outdoor-planters-hand-aged-finished-3-100x100.webp 100w\" sizes=\"(max-width: 2264px) 100vw, 2264px\" \/><\/figure>\n<\/div>\n\n\n\n<div class=\"wp-block-column is-layout-flow wp-block-column-is-layout-flow\">\n<figure class=\"wp-block-image size-full\"><img decoding=\"async\" width=\"3166\" height=\"3166\" src=\"https:\/\/www.santai-ceramics.com\/wp-content\/uploads\/2025\/09\/wholesale-outdoor-planters-hand-aged-finished-6.webp\" alt=\"Gro\u00dfhandel Outdoor-Pflanzgef\u00e4\u00dfe handgealtert fertig (6)\" class=\"wp-image-3742\" srcset=\"https:\/\/www.santai-ceramics.com\/wp-content\/uploads\/2025\/09\/wholesale-outdoor-planters-hand-aged-finished-6.webp 3166w, https:\/\/www.santai-ceramics.com\/wp-content\/uploads\/2025\/09\/wholesale-outdoor-planters-hand-aged-finished-6-300x300.webp 300w, https:\/\/www.santai-ceramics.com\/wp-content\/uploads\/2025\/09\/wholesale-outdoor-planters-hand-aged-finished-6-150x150.webp 150w, https:\/\/www.santai-ceramics.com\/wp-content\/uploads\/2025\/09\/wholesale-outdoor-planters-hand-aged-finished-6-768x768.webp 768w, https:\/\/www.santai-ceramics.com\/wp-content\/uploads\/2025\/09\/wholesale-outdoor-planters-hand-aged-finished-6-12x12.webp 12w, https:\/\/www.santai-ceramics.com\/wp-content\/uploads\/2025\/09\/wholesale-outdoor-planters-hand-aged-finished-6-1200x1200.webp 1200w, https:\/\/www.santai-ceramics.com\/wp-content\/uploads\/2025\/09\/wholesale-outdoor-planters-hand-aged-finished-6-600x600.webp 600w, https:\/\/www.santai-ceramics.com\/wp-content\/uploads\/2025\/09\/wholesale-outdoor-planters-hand-aged-finished-6-100x100.webp 100w\" sizes=\"(max-width: 3166px) 100vw, 3166px\" \/><\/figure>\n<\/div>\n<\/div>","protected":false},"excerpt":{"rendered":"<p data-pm-slice=\"0 0 []\">Die Gro\u00dfhandelspflanzgef\u00e4\u00dfe aus unserem Angebot sind aus nat\u00fcrlichem Ton mit einer rustikalen, k\u00f6rnigen Textur gefertigt. Diese Keramikt\u00f6pfe und -gef\u00e4\u00dfe weisen von Hand aufgetragene Alterungstechniken mit moosartigen Flecken, verwitterten Details und gepr\u00e4gten Mustern auf. Sie sind in verschiedenen Formen und Gr\u00f6\u00dfen erh\u00e4ltlich. Mit ihrer Vintage- und Wabi-Sabi-\u00c4sthetik eignen sie sich ideal f\u00fcr B2B-K\u00e4ufer, wie z. B. Marken f\u00fcr Heimdekoration, Blumenstudios, Lifestyle-L\u00e4den und Boutique-Hotels.\u00a0<\/p>\n<h2>Spezifikation von Keramikgef\u00e4\u00dfen<\/h2>\n<table width=\"855\">\n<tbody>\n<tr>\n<td width=\"285\">Modellnummer<\/td>\n<td width=\"285\">G37870-H942-A01<\/td>\n<td width=\"285\">G37870-H942-A02<\/td>\n<\/tr>\n<tr>\n<td>Produktname<\/td>\n<td>Terrakotta-Gef\u00e4\u00df<\/td>\n<td>Terrakotta-Gef\u00e4\u00df<\/td>\n<\/tr>\n<tr>\n<td>Farbe<\/td>\n<td>Antike Creme &amp; Gold\u00a0<\/td>\n<td>Antike Creme &amp; Gold\u00a0<\/td>\n<\/tr>\n<tr>\n<td>Material<\/td>\n<td>Terrakotta<\/td>\n<td>Terrakotta<\/td>\n<\/tr>\n<tr>\n<td>Verwendungsszenarien<\/td>\n<td>Haus- und Gartendekoration\u00a0<\/td>\n<td>Haus- und Gartendekoration\u00a0<\/td>\n<\/tr>\n<tr>\n<td>Abmessungen<\/td>\n<td>T:26X26cm<\/td>\n<td>T:20.5X22cm<\/td>\n<\/tr>\n<tr>\n<td>Gewicht<\/td>\n<td>4,7 kg\/St\u00fcck<\/td>\n<td>2,7 kg\/St\u00fcck<\/td>\n<\/tr>\n<\/tbody>\n<\/table>\n<p>\n<script src=\"chrome-extension:\/\/fpelahbljekknahkcaegamhcndkfpfnc\/iFrame.js\" type=\"text\/javascript\"><\/script><\/p>","protected":false},"featured_media":3738,"comment_status":"closed","ping_status":"closed","template":"","meta":{"_acf_changed":false},"product_brand":[],"product_cat":[18,43,21],"product_tag":[],"class_list":{"0":"post-3690","1":"product","2":"type-product","3":"status-publish","4":"has-post-thumbnail","6":"product_cat-home-decor","7":"product_cat-wholesale-ceramic-jar","8":"product_cat-garden-decor","10":"first","11":"instock","12":"shipping-taxable","13":"product-type-simple"},"acf":[],"_links":{"self":[{"href":"https:\/\/www.santai-ceramics.com\/de\/wp-json\/wp\/v2\/product\/3690","targetHints":{"allow":["GET"]}}],"collection":[{"href":"https:\/\/www.santai-ceramics.com\/de\/wp-json\/wp\/v2\/product"}],"about":[{"href":"https:\/\/www.santai-ceramics.com\/de\/wp-json\/wp\/v2\/types\/product"}],"replies":[{"embeddable":true,"href":"https:\/\/www.santai-ceramics.com\/de\/wp-json\/wp\/v2\/comments?post=3690"}],"wp:featuredmedia":[{"embeddable":true,"href":"https:\/\/www.santai-ceramics.com\/de\/wp-json\/wp\/v2\/media\/3738"}],"wp:attachment":[{"href":"https:\/\/www.santai-ceramics.com\/de\/wp-json\/wp\/v2\/media?parent=3690"}],"wp:term":[{"taxonomy":"product_brand","embeddable":true,"href":"https:\/\/www.santai-ceramics.com\/de\/wp-json\/wp\/v2\/product_brand?post=3690"},{"taxonomy":"product_cat","embeddable":true,"href":"https:\/\/www.santai-ceramics.com\/de\/wp-json\/wp\/v2\/product_cat?post=3690"},{"taxonomy":"product_tag","embeddable":true,"href":"https:\/\/www.santai-ceramics.com\/de\/wp-json\/wp\/v2\/product_tag?post=3690"}],"curies":[{"name":"wp","href":"https:\/\/api.w.org\/{rel}","templated":true}]}}