{"id":3691,"date":"2025-09-23T02:16:51","date_gmt":"2025-09-23T02:16:51","guid":{"rendered":"https:\/\/www.santai-ceramics.com\/?post_type=product&#038;p=3691"},"modified":"2025-09-23T02:16:52","modified_gmt":"2025-09-23T02:16:52","slug":"wholesale-decorative-plant-pots","status":"publish","type":"product","link":"https:\/\/www.santai-ceramics.com\/de\/product\/wholesale-decorative-plant-pots\/","title":{"rendered":"Gro\u00dfhandel dekorative Pflanze T\u00f6pfe rustikalen Aged Finish, Vintage - unterst\u00fctzt Gro\u00dfeinkauf Form Global Traders"},"content":{"rendered":"<h3 class=\"wp-block-heading\">Eigenschaften von Keramik-Pflanztopf<\/h3>\n\n\n\n<ul class=\"wp-block-list\">\n<li><strong>Authentisches Material und Handwerkskunst:<\/strong> Die aus Keramik und Ton gefertigten dekorativen Pflanzgef\u00e4\u00dfe aus dem Gro\u00dfhandel zeichnen sich durch handgefertigte Oberfl\u00e4chen mit strukturierten Poren, moosartigen Flecken und verwitterten Oberfl\u00e4chen aus, die den nat\u00fcrlichen Vintage-Look unterstreichen.<\/li>\n<\/ul>\n\n\n\n<ul class=\"wp-block-list\">\n<li><strong>Vielf\u00e4ltige Formen und funktionelles Design:<\/strong> Erh\u00e4ltlich in hohen, runden, breiten und paarweisen Ausf\u00fchrungen mit stabilen B\u00f6den und pflanzenfreundlichen R\u00e4ndern. Sie eignen sich f\u00fcr Sukkulenten, Hortensien und Blattpflanzen und bieten sowohl dekorativen als auch praktischen Nutzen.<\/li>\n<\/ul>\n\n\n\n<ul class=\"wp-block-list\">\n<li><strong>Ideal f\u00fcr B2B-Kunden:<\/strong> Konzipiert f\u00fcr Einzelh\u00e4ndler, Floristen, gro\u00dfe Hotels, Lifestyle-Marken und Gartencenter, die auf der Suche nach einzigartigen, rustikalen Pflanzgef\u00e4\u00dfen sind, die den skandinavischen, Wabi-Sabi- und nat\u00fcrlichen Designtrends entsprechen.<\/li>\n<\/ul>\n\n\n\n<ul class=\"wp-block-list\">\n<li><strong>Werksvorteil:<\/strong> Unterst\u00fctzt durch eine hocheffiziente Produktionskapazit\u00e4t und eine strenge Qualit\u00e4tskontrolle k\u00f6nnen unsere Gro\u00dfhandelsauftr\u00e4ge f\u00fcr dekorative Pflanzent\u00f6pfe in gleichbleibender Qualit\u00e4t, p\u00fcnktlich und zu \u00e4u\u00dferst wettbewerbsf\u00e4higen Gro\u00dfhandelspreisen f\u00fcr globale Partner geliefert werden.<\/li>\n<\/ul>\n\n\n\n<h3 class=\"wp-block-heading\">Individuelle Keramik-Pflanzgef\u00e4\u00dfe Service<\/h3>\n\n\n\n<p>Wir bieten OEM- und ODM-Dienstleistungen f\u00fcr unsere Produkte an.<br>Eine schnelle Lieferung von Mustern ist m\u00f6glich.<br>Wir bieten eine Vielzahl von Formen, Farben, individuellem Druck, Verpackungen und anderen ma\u00dfgeschneiderten Dienstleistungen an, um Ihre speziellen Anforderungen zu erf\u00fcllen.<\/p>\n\n\n\n<div class=\"wp-block-columns is-layout-flex wp-container-core-columns-is-layout-9d6595d7 wp-block-columns-is-layout-flex\">\n<div class=\"wp-block-column is-layout-flow wp-block-column-is-layout-flow\">\n<figure class=\"wp-block-image size-full\"><img decoding=\"async\" width=\"3553\" height=\"3553\" src=\"https:\/\/www.santai-ceramics.com\/wp-content\/uploads\/2025\/09\/wholesale-decorative-plant-pots-5.webp\" alt=\"Gro\u00dfhandel dekorative Blument\u00f6pfe (5)\" class=\"wp-image-3754\" srcset=\"https:\/\/www.santai-ceramics.com\/wp-content\/uploads\/2025\/09\/wholesale-decorative-plant-pots-5.webp 3553w, https:\/\/www.santai-ceramics.com\/wp-content\/uploads\/2025\/09\/wholesale-decorative-plant-pots-5-300x300.webp 300w, https:\/\/www.santai-ceramics.com\/wp-content\/uploads\/2025\/09\/wholesale-decorative-plant-pots-5-150x150.webp 150w, https:\/\/www.santai-ceramics.com\/wp-content\/uploads\/2025\/09\/wholesale-decorative-plant-pots-5-768x768.webp 768w, https:\/\/www.santai-ceramics.com\/wp-content\/uploads\/2025\/09\/wholesale-decorative-plant-pots-5-12x12.webp 12w, https:\/\/www.santai-ceramics.com\/wp-content\/uploads\/2025\/09\/wholesale-decorative-plant-pots-5-1200x1200.webp 1200w, https:\/\/www.santai-ceramics.com\/wp-content\/uploads\/2025\/09\/wholesale-decorative-plant-pots-5-600x600.webp 600w, https:\/\/www.santai-ceramics.com\/wp-content\/uploads\/2025\/09\/wholesale-decorative-plant-pots-5-100x100.webp 100w\" sizes=\"(max-width: 3553px) 100vw, 3553px\" \/><\/figure>\n<\/div>\n\n\n\n<div class=\"wp-block-column is-layout-flow wp-block-column-is-layout-flow\">\n<figure class=\"wp-block-image size-full\"><img decoding=\"async\" width=\"1870\" height=\"1870\" src=\"https:\/\/www.santai-ceramics.com\/wp-content\/uploads\/2025\/09\/wholesale-decorative-plant-pots-3.webp\" alt=\"Gro\u00dfhandel dekorative Blument\u00f6pfe (3)\" class=\"wp-image-3752\" srcset=\"https:\/\/www.santai-ceramics.com\/wp-content\/uploads\/2025\/09\/wholesale-decorative-plant-pots-3.webp 1870w, https:\/\/www.santai-ceramics.com\/wp-content\/uploads\/2025\/09\/wholesale-decorative-plant-pots-3-300x300.webp 300w, https:\/\/www.santai-ceramics.com\/wp-content\/uploads\/2025\/09\/wholesale-decorative-plant-pots-3-150x150.webp 150w, https:\/\/www.santai-ceramics.com\/wp-content\/uploads\/2025\/09\/wholesale-decorative-plant-pots-3-768x768.webp 768w, https:\/\/www.santai-ceramics.com\/wp-content\/uploads\/2025\/09\/wholesale-decorative-plant-pots-3-12x12.webp 12w, https:\/\/www.santai-ceramics.com\/wp-content\/uploads\/2025\/09\/wholesale-decorative-plant-pots-3-1200x1200.webp 1200w, https:\/\/www.santai-ceramics.com\/wp-content\/uploads\/2025\/09\/wholesale-decorative-plant-pots-3-600x600.webp 600w, https:\/\/www.santai-ceramics.com\/wp-content\/uploads\/2025\/09\/wholesale-decorative-plant-pots-3-100x100.webp 100w\" sizes=\"(max-width: 1870px) 100vw, 1870px\" \/><\/figure>\n<\/div>\n<\/div>","protected":false},"excerpt":{"rendered":"<p data-pm-slice=\"0 0 []\">Wir liefern Gro\u00dfhandel dekorative Pflanzgef\u00e4\u00dfe mit handgefertigten Texturen und verwitterten Oberfl\u00e4chen. Unsere dekorativen Pflanzgef\u00e4\u00dfe f\u00fcr den Gro\u00dfhandel verbinden Authentizit\u00e4t mit zeitlosem Charme. Mit ihren unterschiedlichen Formen und vielseitigen Funktionen eignen sie sich perfekt f\u00fcr Heimdekorationsmarken, Floristen, gro\u00dfe Hotels und Gartenh\u00e4ndler.\u00a0<\/p>\n<h2>Spezifikation von Keramik-Pflanztopf<\/h2>\n<table width=\"855\">\n<tbody>\n<tr>\n<td width=\"285\">Modellnummer<\/td>\n<td width=\"285\">G37875-H942-A01<\/td>\n<td width=\"285\">G37875-H942-A02<\/td>\n<\/tr>\n<tr>\n<td>Produktname<\/td>\n<td>Terrakotta-Topf<\/td>\n<td>Terrakotta-Topf<\/td>\n<\/tr>\n<tr>\n<td>Farbe<\/td>\n<td>Antike Creme &amp; Gold\u00a0<\/td>\n<td>Antike Creme &amp; Gold\u00a0<\/td>\n<\/tr>\n<tr>\n<td>Material<\/td>\n<td>Terrakotta<\/td>\n<td>Terrakotta<\/td>\n<\/tr>\n<tr>\n<td>Verwendungsszenarien<\/td>\n<td>Haus- und Gartendekoration\u00a0<\/td>\n<td>Haus- und Gartendekoration\u00a0<\/td>\n<\/tr>\n<tr>\n<td>Abmessungen<\/td>\n<td>T:21.5X23.5cm<\/td>\n<td>T:17.5X20cm<\/td>\n<\/tr>\n<tr>\n<td>Gewicht<\/td>\n<td>3,2 kg\/St\u00fcck<\/td>\n<td>2,1 kg\/St\u00fcck<\/td>\n<\/tr>\n<\/tbody>\n<\/table>\n<p>\n<script src=\"chrome-extension:\/\/fpelahbljekknahkcaegamhcndkfpfnc\/iFrame.js\" type=\"text\/javascript\"><\/script><\/p>","protected":false},"featured_media":3751,"comment_status":"closed","ping_status":"closed","template":"","meta":{"_acf_changed":false},"product_brand":[],"product_cat":[18,42,21,23],"product_tag":[],"class_list":{"0":"post-3691","1":"product","2":"type-product","3":"status-publish","4":"has-post-thumbnail","6":"product_cat-home-decor","7":"product_cat-wholesale-ceramic-plant-pots","8":"product_cat-garden-decor","9":"product_cat-ceramic-pots-planters","11":"first","12":"instock","13":"shipping-taxable","14":"product-type-simple"},"acf":[],"_links":{"self":[{"href":"https:\/\/www.santai-ceramics.com\/de\/wp-json\/wp\/v2\/product\/3691","targetHints":{"allow":["GET"]}}],"collection":[{"href":"https:\/\/www.santai-ceramics.com\/de\/wp-json\/wp\/v2\/product"}],"about":[{"href":"https:\/\/www.santai-ceramics.com\/de\/wp-json\/wp\/v2\/types\/product"}],"replies":[{"embeddable":true,"href":"https:\/\/www.santai-ceramics.com\/de\/wp-json\/wp\/v2\/comments?post=3691"}],"wp:featuredmedia":[{"embeddable":true,"href":"https:\/\/www.santai-ceramics.com\/de\/wp-json\/wp\/v2\/media\/3751"}],"wp:attachment":[{"href":"https:\/\/www.santai-ceramics.com\/de\/wp-json\/wp\/v2\/media?parent=3691"}],"wp:term":[{"taxonomy":"product_brand","embeddable":true,"href":"https:\/\/www.santai-ceramics.com\/de\/wp-json\/wp\/v2\/product_brand?post=3691"},{"taxonomy":"product_cat","embeddable":true,"href":"https:\/\/www.santai-ceramics.com\/de\/wp-json\/wp\/v2\/product_cat?post=3691"},{"taxonomy":"product_tag","embeddable":true,"href":"https:\/\/www.santai-ceramics.com\/de\/wp-json\/wp\/v2\/product_tag?post=3691"}],"curies":[{"name":"wp","href":"https:\/\/api.w.org\/{rel}","templated":true}]}}