{"id":3692,"date":"2025-09-23T02:14:57","date_gmt":"2025-09-23T02:14:57","guid":{"rendered":"https:\/\/www.santai-ceramics.com\/?post_type=product&#038;p=3692"},"modified":"2025-09-23T02:14:59","modified_gmt":"2025-09-23T02:14:59","slug":"wholesale-home-decor-vase-for-b2b-buyers","status":"publish","type":"product","link":"https:\/\/www.santai-ceramics.com\/de\/product\/wholesale-home-decor-vase-for-b2b-buyers\/","title":{"rendered":"Gro\u00dfhandel Home Decor Vase mit verwitterten Finish - Willkommen Global Home Decor Dealers &amp; Hotels"},"content":{"rendered":"<h3 class=\"wp-block-heading\">Eigenschaften von Home Decor Vase<\/h3>\n\n\n\n<ul class=\"wp-block-list\">\n<li><strong>Nat\u00fcrliches Material und verwitterte Textur:<\/strong> Die aus Ton, Zement und stein\u00e4hnlichen Mischungen hergestellten Vasen zeigen eine rohe, handgefertigte Oberfl\u00e4che mit moosartigen Flecken, Patina und verwitterten Details, die ein Gef\u00fchl von Geschichte und Authentizit\u00e4t vermitteln.<\/li>\n<\/ul>\n\n\n\n<ul class=\"wp-block-list\">\n<li><strong>Vielseitige Formen und stabiles Design:<\/strong> Mit ihren hohen ausgestellten R\u00e4ndern, den breiten zylindrischen B\u00f6den und den sich verj\u00fcngenden runden Formen verbinden diese Vasen f\u00fcr die Wohnkultur geometrische Schlichtheit mit nat\u00fcrlicher Unregelm\u00e4\u00dfigkeit. Ihre stabilen B\u00f6den und pflanzenfreundlichen R\u00e4nder machen sie ideal f\u00fcr Sukkulenten, Laub und dekorative Arrangements.<\/li>\n<\/ul>\n\n\n\n<ul class=\"wp-block-list\">\n<li><strong>Ideal f\u00fcr B2B-Kunden:<\/strong> Konzipiert f\u00fcr Einrichtungsh\u00e4user, Floristen, Gartenh\u00e4ndler und Lifestyle-Marken, die ihr Sortiment um rustikale, von der Natur inspirierte Pflanzgef\u00e4\u00dfe erweitern m\u00f6chten, die zu skandinavischen, Wabi-Sabi- und modernen minimalistischen Einrichtungen passen.<\/li>\n<\/ul>\n\n\n\n<ul class=\"wp-block-list\">\n<li><strong>Konkurrenzf\u00e4higes Angebot:<\/strong> Wir bieten zuverl\u00e4ssige Gro\u00dflieferungen zu \u00e4u\u00dferst wettbewerbsf\u00e4higen Preisen und helfen B2B-Kunden, sowohl Qualit\u00e4t als auch Kosteneffizienz zu wahren.<\/li>\n<\/ul>\n\n\n\n<h3 class=\"wp-block-heading\">Individuelles Heimdekor Vasen Service<\/h3>\n\n\n\n<p>Wir bieten OEM- und ODM-Dienstleistungen f\u00fcr unsere Produkte an.<br>Eine schnelle Lieferung von Mustern ist m\u00f6glich.<br>Wir bieten eine Vielzahl von Formen, Farben, individuellem Druck, Verpackungen und anderen ma\u00dfgeschneiderten Dienstleistungen an, um Ihre speziellen Anforderungen zu erf\u00fcllen.<\/p>\n\n\n\n<div class=\"wp-block-columns is-layout-flex wp-container-core-columns-is-layout-9d6595d7 wp-block-columns-is-layout-flex\">\n<div class=\"wp-block-column is-layout-flow wp-block-column-is-layout-flow\">\n<figure class=\"wp-block-image size-full\"><img decoding=\"async\" width=\"3193\" height=\"3193\" src=\"https:\/\/www.santai-ceramics.com\/wp-content\/uploads\/2025\/09\/wholesale-home-decor-vase-3.webp\" alt=\"Gro\u00dfhandel Heimtextilien Vase (3)\" class=\"wp-image-3757\" srcset=\"https:\/\/www.santai-ceramics.com\/wp-content\/uploads\/2025\/09\/wholesale-home-decor-vase-3.webp 3193w, https:\/\/www.santai-ceramics.com\/wp-content\/uploads\/2025\/09\/wholesale-home-decor-vase-3-300x300.webp 300w, https:\/\/www.santai-ceramics.com\/wp-content\/uploads\/2025\/09\/wholesale-home-decor-vase-3-150x150.webp 150w, https:\/\/www.santai-ceramics.com\/wp-content\/uploads\/2025\/09\/wholesale-home-decor-vase-3-768x768.webp 768w, https:\/\/www.santai-ceramics.com\/wp-content\/uploads\/2025\/09\/wholesale-home-decor-vase-3-12x12.webp 12w, https:\/\/www.santai-ceramics.com\/wp-content\/uploads\/2025\/09\/wholesale-home-decor-vase-3-1200x1200.webp 1200w, https:\/\/www.santai-ceramics.com\/wp-content\/uploads\/2025\/09\/wholesale-home-decor-vase-3-600x600.webp 600w, https:\/\/www.santai-ceramics.com\/wp-content\/uploads\/2025\/09\/wholesale-home-decor-vase-3-100x100.webp 100w\" sizes=\"(max-width: 3193px) 100vw, 3193px\" \/><\/figure>\n<\/div>\n\n\n\n<div class=\"wp-block-column is-layout-flow wp-block-column-is-layout-flow\">\n<figure class=\"wp-block-image size-full\"><img decoding=\"async\" width=\"1741\" height=\"1741\" src=\"https:\/\/www.santai-ceramics.com\/wp-content\/uploads\/2025\/09\/wholesale-home-decor-vase-2.webp\" alt=\"Gro\u00dfhandel Heimtextilien Vase (2)\" class=\"wp-image-3756\" srcset=\"https:\/\/www.santai-ceramics.com\/wp-content\/uploads\/2025\/09\/wholesale-home-decor-vase-2.webp 1741w, https:\/\/www.santai-ceramics.com\/wp-content\/uploads\/2025\/09\/wholesale-home-decor-vase-2-300x300.webp 300w, https:\/\/www.santai-ceramics.com\/wp-content\/uploads\/2025\/09\/wholesale-home-decor-vase-2-150x150.webp 150w, https:\/\/www.santai-ceramics.com\/wp-content\/uploads\/2025\/09\/wholesale-home-decor-vase-2-768x768.webp 768w, https:\/\/www.santai-ceramics.com\/wp-content\/uploads\/2025\/09\/wholesale-home-decor-vase-2-12x12.webp 12w, https:\/\/www.santai-ceramics.com\/wp-content\/uploads\/2025\/09\/wholesale-home-decor-vase-2-1200x1200.webp 1200w, https:\/\/www.santai-ceramics.com\/wp-content\/uploads\/2025\/09\/wholesale-home-decor-vase-2-600x600.webp 600w, https:\/\/www.santai-ceramics.com\/wp-content\/uploads\/2025\/09\/wholesale-home-decor-vase-2-100x100.webp 100w\" sizes=\"(max-width: 1741px) 100vw, 1741px\" \/><\/figure>\n<\/div>\n<\/div>","protected":false},"excerpt":{"rendered":"<p data-pm-slice=\"0 0 []\">Die Vasen in unserem Angebot werden aus Ton, Zement und stein\u00e4hnlichen Materialien hergestellt und haben eine nat\u00fcrlich gealterte Oberfl\u00e4che, die zeitlosen Charme verspr\u00fcht. Mit ihren vielf\u00e4ltigen Formen und handgefertigten Strukturen eignen sie sich perfekt f\u00fcr Einzelh\u00e4ndler f\u00fcr Wohndekoration, Floristen, gro\u00dfe Hotels, H\u00e4ndler von Keramikvasen, Lifestyle-Marken und Gartencenter.\u00a0<\/p>\n<h2>Spezifikation von Home Decor Vase<\/h2>\n<table width=\"570\">\n<tbody>\n<tr>\n<td width=\"285\">Modellnummer<\/td>\n<td width=\"285\">G37876-H942-A01<\/td>\n<\/tr>\n<tr>\n<td>Produktname<\/td>\n<td>Terrakotta-Vase<\/td>\n<\/tr>\n<tr>\n<td>Farbe<\/td>\n<td>Antike Creme &amp; Gold\u00a0<\/td>\n<\/tr>\n<tr>\n<td>Material<\/td>\n<td>Terrakotta<\/td>\n<\/tr>\n<tr>\n<td>Verwendungsszenarien<\/td>\n<td>Haus- und Gartendekoration\u00a0<\/td>\n<\/tr>\n<tr>\n<td>Abmessungen<\/td>\n<td>T:20X25cm<\/td>\n<\/tr>\n<tr>\n<td>Gewicht<\/td>\n<td>3,1 kg\/St\u00fcck<\/td>\n<\/tr>\n<\/tbody>\n<\/table>\n<p>\n<script src=\"chrome-extension:\/\/fpelahbljekknahkcaegamhcndkfpfnc\/iFrame.js\" type=\"text\/javascript\"><\/script><\/p>","protected":false},"featured_media":3755,"comment_status":"closed","ping_status":"closed","template":"","meta":{"_acf_changed":false},"product_brand":[],"product_cat":[18,21,22],"product_tag":[],"class_list":{"0":"post-3692","1":"product","2":"type-product","3":"status-publish","4":"has-post-thumbnail","6":"product_cat-home-decor","7":"product_cat-garden-decor","8":"product_cat-vase","10":"first","11":"instock","12":"shipping-taxable","13":"product-type-simple"},"acf":[],"_links":{"self":[{"href":"https:\/\/www.santai-ceramics.com\/de\/wp-json\/wp\/v2\/product\/3692","targetHints":{"allow":["GET"]}}],"collection":[{"href":"https:\/\/www.santai-ceramics.com\/de\/wp-json\/wp\/v2\/product"}],"about":[{"href":"https:\/\/www.santai-ceramics.com\/de\/wp-json\/wp\/v2\/types\/product"}],"replies":[{"embeddable":true,"href":"https:\/\/www.santai-ceramics.com\/de\/wp-json\/wp\/v2\/comments?post=3692"}],"wp:featuredmedia":[{"embeddable":true,"href":"https:\/\/www.santai-ceramics.com\/de\/wp-json\/wp\/v2\/media\/3755"}],"wp:attachment":[{"href":"https:\/\/www.santai-ceramics.com\/de\/wp-json\/wp\/v2\/media?parent=3692"}],"wp:term":[{"taxonomy":"product_brand","embeddable":true,"href":"https:\/\/www.santai-ceramics.com\/de\/wp-json\/wp\/v2\/product_brand?post=3692"},{"taxonomy":"product_cat","embeddable":true,"href":"https:\/\/www.santai-ceramics.com\/de\/wp-json\/wp\/v2\/product_cat?post=3692"},{"taxonomy":"product_tag","embeddable":true,"href":"https:\/\/www.santai-ceramics.com\/de\/wp-json\/wp\/v2\/product_tag?post=3692"}],"curies":[{"name":"wp","href":"https:\/\/api.w.org\/{rel}","templated":true}]}}