{"id":3694,"date":"2025-09-23T02:36:56","date_gmt":"2025-09-23T02:36:56","guid":{"rendered":"https:\/\/www.santai-ceramics.com\/?post_type=product&#038;p=3694"},"modified":"2025-09-23T02:36:58","modified_gmt":"2025-09-23T02:36:58","slug":"bulk-terracotta-vases-for-sale","status":"publish","type":"product","link":"https:\/\/www.santai-ceramics.com\/de\/product\/bulk-terracotta-vases-for-sale\/","title":{"rendered":"Bulk Terracota Vasen im Vintage-Stil - Unterst\u00fctzter Gro\u00dfeinkauf von Dealers&amp;Hotels"},"content":{"rendered":"<h3 class=\"wp-block-heading\">Eigenschaften von Terrakotta-Vasen<\/h3>\n\n\n\n<ul class=\"wp-block-list\">\n<li><strong>Authentische Keramik mit gealterter Textur<\/strong>: Diese gro\u00dfen Terrakotta-Vasen sind aus hochwertiger Keramik mit handgefertigten, verwitterten Details wie rustikalen Flecken, nat\u00fcrlicher Patina und reliefartigen Mustern f\u00fcr einen Vintage-Look.<\/li>\n<\/ul>\n\n\n\n<ul class=\"wp-block-list\">\n<li><strong>Vielseitige Formen und funktionelles Design<\/strong>: Er ist in verschiedenen Formen erh\u00e4ltlich - rund, enghalsig oder weithalsig - und kann als Vase, Aufbewahrungsgef\u00e4\u00df oder als eigenst\u00e4ndiger dekorativer Akzent verwendet werden.<\/li>\n<\/ul>\n\n\n\n<ul class=\"wp-block-list\">\n<li><strong>Perfekt f\u00fcr Wohndekor- und Lifestyle-Marken<\/strong>: Unsere Terrakotta-Vasen sind eine gute Wahl f\u00fcr Einzelh\u00e4ndler, Lifestyle-L\u00e4den und Boutique-Hotels, die auf der Suche nach rustikalen und handwerklich gefertigten St\u00fccken sind, die die Atmosph\u00e4re in ihren R\u00e4umen aufwerten.<\/li>\n<\/ul>\n\n\n\n<ul class=\"wp-block-list\">\n<li><strong>Werksvorteil<\/strong>: Dank der gro\u00dfen Produktionskapazit\u00e4ten unseres Werks, der strengen Qualit\u00e4tskontrolle und der wettbewerbsf\u00e4higen Preise bieten wir eine stabile Versorgung und eine flexible Anpassung f\u00fcr Gro\u00dfauftr\u00e4ge.<\/li>\n<\/ul>\n\n\n\n<h3 class=\"wp-block-heading\">Kundenspezifische Terrakotta-Vasen Service<\/h3>\n\n\n\n<p>Wir bieten OEM- und ODM-Dienstleistungen f\u00fcr unsere Produkte an.<br>Eine schnelle Lieferung von Mustern ist m\u00f6glich.<br>Wir bieten eine Vielzahl von Formen, Farben, individuellem Druck, Verpackungen und anderen ma\u00dfgeschneiderten Dienstleistungen an, um Ihre speziellen Anforderungen zu erf\u00fcllen.<\/p>\n\n\n\n<div class=\"wp-block-columns is-layout-flex wp-container-core-columns-is-layout-9d6595d7 wp-block-columns-is-layout-flex\">\n<div class=\"wp-block-column is-layout-flow wp-block-column-is-layout-flow\">\n<figure class=\"wp-block-image size-full\"><img decoding=\"async\" width=\"2854\" height=\"2854\" src=\"https:\/\/www.santai-ceramics.com\/wp-content\/uploads\/2025\/09\/bulk-terracotta-plant-pots-vintage-5.webp\" alt=\"lose Terrakotta-Pflanzt\u00f6pfe vintage (5)\" class=\"wp-image-3723\" srcset=\"https:\/\/www.santai-ceramics.com\/wp-content\/uploads\/2025\/09\/bulk-terracotta-plant-pots-vintage-5.webp 2854w, https:\/\/www.santai-ceramics.com\/wp-content\/uploads\/2025\/09\/bulk-terracotta-plant-pots-vintage-5-300x300.webp 300w, https:\/\/www.santai-ceramics.com\/wp-content\/uploads\/2025\/09\/bulk-terracotta-plant-pots-vintage-5-150x150.webp 150w, https:\/\/www.santai-ceramics.com\/wp-content\/uploads\/2025\/09\/bulk-terracotta-plant-pots-vintage-5-768x768.webp 768w, https:\/\/www.santai-ceramics.com\/wp-content\/uploads\/2025\/09\/bulk-terracotta-plant-pots-vintage-5-12x12.webp 12w, https:\/\/www.santai-ceramics.com\/wp-content\/uploads\/2025\/09\/bulk-terracotta-plant-pots-vintage-5-1200x1200.webp 1200w, https:\/\/www.santai-ceramics.com\/wp-content\/uploads\/2025\/09\/bulk-terracotta-plant-pots-vintage-5-600x600.webp 600w, https:\/\/www.santai-ceramics.com\/wp-content\/uploads\/2025\/09\/bulk-terracotta-plant-pots-vintage-5-100x100.webp 100w\" sizes=\"(max-width: 2854px) 100vw, 2854px\" \/><\/figure>\n<\/div>\n\n\n\n<div class=\"wp-block-column is-layout-flow wp-block-column-is-layout-flow\">\n<figure class=\"wp-block-image size-full\"><img decoding=\"async\" width=\"1456\" height=\"1456\" src=\"https:\/\/www.santai-ceramics.com\/wp-content\/uploads\/2025\/09\/bulk-terracotta-plant-pots-vintage-3.webp\" alt=\"lose Terrakotta-Pflanzt\u00f6pfe vintage (3)\" class=\"wp-image-3721\" srcset=\"https:\/\/www.santai-ceramics.com\/wp-content\/uploads\/2025\/09\/bulk-terracotta-plant-pots-vintage-3.webp 1456w, https:\/\/www.santai-ceramics.com\/wp-content\/uploads\/2025\/09\/bulk-terracotta-plant-pots-vintage-3-300x300.webp 300w, https:\/\/www.santai-ceramics.com\/wp-content\/uploads\/2025\/09\/bulk-terracotta-plant-pots-vintage-3-150x150.webp 150w, https:\/\/www.santai-ceramics.com\/wp-content\/uploads\/2025\/09\/bulk-terracotta-plant-pots-vintage-3-768x768.webp 768w, https:\/\/www.santai-ceramics.com\/wp-content\/uploads\/2025\/09\/bulk-terracotta-plant-pots-vintage-3-12x12.webp 12w, https:\/\/www.santai-ceramics.com\/wp-content\/uploads\/2025\/09\/bulk-terracotta-plant-pots-vintage-3-1200x1200.webp 1200w, https:\/\/www.santai-ceramics.com\/wp-content\/uploads\/2025\/09\/bulk-terracotta-plant-pots-vintage-3-600x600.webp 600w, https:\/\/www.santai-ceramics.com\/wp-content\/uploads\/2025\/09\/bulk-terracotta-plant-pots-vintage-3-100x100.webp 100w\" sizes=\"(max-width: 1456px) 100vw, 1456px\" \/><\/figure>\n<\/div>\n<\/div>","protected":false},"excerpt":{"rendered":"<p data-pm-slice=\"0 0 []\">Diese Terrakotta-Gro\u00dfvasen aus hochwertiger Keramik mit handgealterter Oberfl\u00e4che verbinden rustikalen Charme mit k\u00fcnstlerischen Details, mit geschnitzten Mustern, verwitterten Strukturen und vielseitigen Formen f\u00fcr Dekoration oder Blumenarrangements. Ihr zeitloses Design macht sie ideal f\u00fcr B2B-Kunden wie Einzelh\u00e4ndler f\u00fcr Wohnkultur, Lifestyle-Konzeptl\u00e4den, globale Kunsth\u00e4ndler und Boutique-Hotels, die einzigartige, geschichtstr\u00e4chtige Dekorationsst\u00fccke suchen.\u00a0<\/p>\n<h2>Spezifikation der Terrakotta-Vase in loser Sch\u00fcttung<\/h2>\n<table width=\"855\">\n<tbody>\n<tr>\n<td width=\"285\">Modellnummer<\/td>\n<td width=\"285\">G37865-H942-A01<\/td>\n<td width=\"285\">G37865-H942-A02<\/td>\n<\/tr>\n<tr>\n<td>Produktname<\/td>\n<td>Terrakotta-Vase<\/td>\n<td>Terrakotta-Vase<\/td>\n<\/tr>\n<tr>\n<td>Farbe<\/td>\n<td>Antike Creme &amp; Gold\u00a0<\/td>\n<td>Antike Creme &amp; Gold\u00a0<\/td>\n<\/tr>\n<tr>\n<td>Material<\/td>\n<td>Terrakotta<\/td>\n<td>Terrakotta<\/td>\n<\/tr>\n<tr>\n<td>Verwendungsszenarien<\/td>\n<td>Haus- und Gartendekoration\u00a0<\/td>\n<td>Haus- und Gartendekoration\u00a0<\/td>\n<\/tr>\n<tr>\n<td>Abmessungen<\/td>\n<td>T:25.5X26cm<\/td>\n<td>T:21X21.5cm<\/td>\n<\/tr>\n<tr>\n<td>Gewicht<\/td>\n<td>4,4 kg\/St\u00fcck<\/td>\n<td>2,5 kg\/St\u00fcck<\/td>\n<\/tr>\n<\/tbody>\n<\/table>\n<p>\n<script src=\"chrome-extension:\/\/fpelahbljekknahkcaegamhcndkfpfnc\/iFrame.js\" type=\"text\/javascript\"><\/script><\/p>","protected":false},"featured_media":3720,"comment_status":"closed","ping_status":"closed","template":"","meta":{"_acf_changed":false},"product_brand":[],"product_cat":[18,21,22],"product_tag":[],"class_list":{"0":"post-3694","1":"product","2":"type-product","3":"status-publish","4":"has-post-thumbnail","6":"product_cat-home-decor","7":"product_cat-garden-decor","8":"product_cat-vase","10":"first","11":"instock","12":"shipping-taxable","13":"product-type-simple"},"acf":[],"_links":{"self":[{"href":"https:\/\/www.santai-ceramics.com\/de\/wp-json\/wp\/v2\/product\/3694","targetHints":{"allow":["GET"]}}],"collection":[{"href":"https:\/\/www.santai-ceramics.com\/de\/wp-json\/wp\/v2\/product"}],"about":[{"href":"https:\/\/www.santai-ceramics.com\/de\/wp-json\/wp\/v2\/types\/product"}],"replies":[{"embeddable":true,"href":"https:\/\/www.santai-ceramics.com\/de\/wp-json\/wp\/v2\/comments?post=3694"}],"wp:featuredmedia":[{"embeddable":true,"href":"https:\/\/www.santai-ceramics.com\/de\/wp-json\/wp\/v2\/media\/3720"}],"wp:attachment":[{"href":"https:\/\/www.santai-ceramics.com\/de\/wp-json\/wp\/v2\/media?parent=3694"}],"wp:term":[{"taxonomy":"product_brand","embeddable":true,"href":"https:\/\/www.santai-ceramics.com\/de\/wp-json\/wp\/v2\/product_brand?post=3694"},{"taxonomy":"product_cat","embeddable":true,"href":"https:\/\/www.santai-ceramics.com\/de\/wp-json\/wp\/v2\/product_cat?post=3694"},{"taxonomy":"product_tag","embeddable":true,"href":"https:\/\/www.santai-ceramics.com\/de\/wp-json\/wp\/v2\/product_tag?post=3694"}],"curies":[{"name":"wp","href":"https:\/\/api.w.org\/{rel}","templated":true}]}}