{"id":3858,"date":"2025-10-21T07:07:10","date_gmt":"2025-10-21T07:07:10","guid":{"rendered":"https:\/\/www.santai-ceramics.com\/?post_type=product&#038;p=3858"},"modified":"2025-10-21T07:07:11","modified_gmt":"2025-10-21T07:07:11","slug":"bulk-ceramic-candle-holders-wholesale","status":"publish","type":"product","link":"https:\/\/www.santai-ceramics.com\/de\/product\/bulk-ceramic-candle-holders-wholesale\/","title":{"rendered":"Keramik-Kerzenst\u00e4nder f\u00fcr Hotels, Geschenkartikelh\u00e4ndler und globale Keramikh\u00e4ndler"},"content":{"rendered":"<h3 class=\"wp-block-heading\">Eigenschaften des Keramik-Kerzenhalters<\/h3>\n\n\n\n<ul class=\"wp-block-list\">\n<li><strong>K\u00fcnstlerische Handwerkskunst:<\/strong> Hochtemperatur-Crackle-Glasur trifft auf handgemalte Mineralpigmente, wodurch eine nat\u00fcrliche Eis-Crackle-Struktur und elegante florale Muster entstehen. Unser Keramik-Kerzenhalter ist einzigartig geformt und verbindet handwerkliche W\u00e4rme mit einer raffinierten \u00c4sthetik, die sich f\u00fcr luxuri\u00f6se Interieurs und Boutique-Auslagen eignet.<\/li>\n<\/ul>\n\n\n\n<ul class=\"wp-block-list\">\n<li><strong>Anpassungsf\u00e4higkeit an mehrere Schaupl\u00e4tze:<\/strong> Er eignet sich f\u00fcr verschiedene Umgebungen - Hotellobbys, G\u00e4stezimmer, Ausstellungsr\u00e4ume, Blumenl\u00e4den und Gartengesch\u00e4fte. Er verbindet dekorativen Charme mit praktischer Funktion f\u00fcr die ganzj\u00e4hrige Pr\u00e4sentation.<\/li>\n<\/ul>\n\n\n\n<ul class=\"wp-block-list\">\n<li><strong>Ideal f\u00fcr B2B-Eink\u00e4ufer:<\/strong> Unser Keramik-Kerzenhalter eignet sich perfekt f\u00fcr Hoteliers, Dekorateure von gewerblichen Projekten, Gro\u00dfh\u00e4ndler und Geschenkartikelh\u00e4ndler, die standardisierte und dennoch unverwechselbare Keramikartikel suchen. Der einheitliche Elfenbeinton sorgt f\u00fcr eine einfache Seriendarstellung, w\u00e4hrend jedes Craquel\u00e9-Muster Ihrer Produktlinie Exklusivit\u00e4t verleiht.<\/li>\n<\/ul>\n\n\n\n<ul class=\"wp-block-list\">\n<li><strong>Standard-SOP:<\/strong> Unsere Mitarbeiter sind erfahren und halten sich an die Standard-SOP in der Fertigung f\u00fcr OEM\/ODM-Service und spezifische Produkte mit strenger Qualit\u00e4tskontrolle.<\/li>\n<\/ul>\n\n\n\n<h3 class=\"wp-block-heading\">Individueller Keramik-Kerzenst\u00e4nder-Service<\/h3>\n\n\n\n<p>Wir bieten OEM- und ODM-Dienstleistungen f\u00fcr unsere Produkte an.<br>Eine schnelle Lieferung von Mustern ist m\u00f6glich.<br>Wir bieten eine Vielzahl von Formen, Farben, individuellem Druck, Verpackungen und anderen ma\u00dfgeschneiderten Dienstleistungen an, um Ihre speziellen Anforderungen zu erf\u00fcllen.<\/p>\n\n\n\n<div class=\"wp-block-columns is-layout-flex wp-container-core-columns-is-layout-9d6595d7 wp-block-columns-is-layout-flex\">\n<div class=\"wp-block-column is-layout-flow wp-block-column-is-layout-flow\">\n<figure class=\"wp-block-image size-full\"><img decoding=\"async\" width=\"3776\" height=\"3148\" src=\"https:\/\/www.santai-ceramics.com\/wp-content\/uploads\/2025\/10\/bulk-candle-holder-8.webp\" alt=\"Bulk-Kerzenhalter (8)\" class=\"wp-image-3944\" srcset=\"https:\/\/www.santai-ceramics.com\/wp-content\/uploads\/2025\/10\/bulk-candle-holder-8.webp 3776w, https:\/\/www.santai-ceramics.com\/wp-content\/uploads\/2025\/10\/bulk-candle-holder-8-300x250.webp 300w, https:\/\/www.santai-ceramics.com\/wp-content\/uploads\/2025\/10\/bulk-candle-holder-8-768x640.webp 768w, https:\/\/www.santai-ceramics.com\/wp-content\/uploads\/2025\/10\/bulk-candle-holder-8-14x12.webp 14w, https:\/\/www.santai-ceramics.com\/wp-content\/uploads\/2025\/10\/bulk-candle-holder-8-1200x1000.webp 1200w, https:\/\/www.santai-ceramics.com\/wp-content\/uploads\/2025\/10\/bulk-candle-holder-8-600x500.webp 600w\" sizes=\"(max-width: 3776px) 100vw, 3776px\" \/><\/figure>\n<\/div>\n\n\n\n<div class=\"wp-block-column is-layout-flow wp-block-column-is-layout-flow\">\n<figure class=\"wp-block-image size-full\"><img decoding=\"async\" width=\"2732\" height=\"2276\" src=\"https:\/\/www.santai-ceramics.com\/wp-content\/uploads\/2025\/10\/bulk-candle-holder-10.webp\" alt=\"Bulk-Kerzenhalter (10)\" class=\"wp-image-3946\" srcset=\"https:\/\/www.santai-ceramics.com\/wp-content\/uploads\/2025\/10\/bulk-candle-holder-10.webp 2732w, https:\/\/www.santai-ceramics.com\/wp-content\/uploads\/2025\/10\/bulk-candle-holder-10-300x250.webp 300w, https:\/\/www.santai-ceramics.com\/wp-content\/uploads\/2025\/10\/bulk-candle-holder-10-768x640.webp 768w, https:\/\/www.santai-ceramics.com\/wp-content\/uploads\/2025\/10\/bulk-candle-holder-10-14x12.webp 14w, https:\/\/www.santai-ceramics.com\/wp-content\/uploads\/2025\/10\/bulk-candle-holder-10-1200x1000.webp 1200w, https:\/\/www.santai-ceramics.com\/wp-content\/uploads\/2025\/10\/bulk-candle-holder-10-600x500.webp 600w\" sizes=\"(max-width: 2732px) 100vw, 2732px\" \/><\/figure>\n<\/div>\n<\/div>","protected":false},"excerpt":{"rendered":"<p data-pm-slice=\"0 0 []\">Diese Keramikkerzenhalter-Kollektion f\u00fcr den Gro\u00dfhandel ist f\u00fcr professionelle Eink\u00e4ufer im Gastgewerbe, in der Blumenindustrie und in der Geschenkbranche gedacht. Jedes St\u00fcck zeichnet sich durch hochwei\u00dfe Keramik, eine nat\u00fcrliche Craquel\u00e9-Glasur und zarte, handgemalte blaue Blumenmotive aus. In zwei Gr\u00f6\u00dfen und Formen erh\u00e4ltlich, bietet sie sowohl dekorative Anziehungskraft als auch funktionale Vielseitigkeit - ideal f\u00fcr Hoteldekorationsprojekte, Blumendisplays und hochwertige Geschenksortimente.<\/p>\n<h2>Spezifikation des Keramik-Kerzenhalters<\/h2>\n<table width=\"855\">\n<tbody>\n<tr>\n<td width=\"285\">Modellnummer<\/td>\n<td width=\"285\">A36779-LC13-A01<\/td>\n<td width=\"285\">A36779-LC13-A02<\/td>\n<\/tr>\n<tr>\n<td>Produktname<\/td>\n<td>Keramik-Kerzenst\u00e4nder<\/td>\n<td>Keramik-Kerzenst\u00e4nder<\/td>\n<\/tr>\n<tr>\n<td>Farbe<\/td>\n<td>Creme<\/td>\n<td>Creme<\/td>\n<\/tr>\n<tr>\n<td>Material<\/td>\n<td>Keramik<\/td>\n<td>Keramik<\/td>\n<\/tr>\n<tr>\n<td>Verwendungsszenarien<\/td>\n<td>Wohnungseinrichtung<\/td>\n<td>Wohnungseinrichtung<\/td>\n<\/tr>\n<tr>\n<td>Abmessungen<\/td>\n<td>T:11X22.5cm<\/td>\n<td>T:11X17cm<\/td>\n<\/tr>\n<tr>\n<td>Gewicht<\/td>\n<td>0,8 kg\/St\u00fcck<\/td>\n<td>0,7 kg\/St\u00fcck<\/td>\n<\/tr>\n<\/tbody>\n<\/table>\n<p>\n<script src=\"chrome-extension:\/\/fpelahbljekknahkcaegamhcndkfpfnc\/iFrame.js\" type=\"text\/javascript\"><\/script><\/p>","protected":false},"featured_media":3937,"comment_status":"closed","ping_status":"closed","template":"","meta":{"_acf_changed":false},"product_brand":[],"product_cat":[18,46,26],"product_tag":[],"class_list":{"0":"post-3858","1":"product","2":"type-product","3":"status-publish","4":"has-post-thumbnail","6":"product_cat-home-decor","7":"product_cat-wholesale-ceramic-candle-holders","8":"product_cat-home-accessories","10":"first","11":"instock","12":"shipping-taxable","13":"product-type-simple"},"acf":[],"_links":{"self":[{"href":"https:\/\/www.santai-ceramics.com\/de\/wp-json\/wp\/v2\/product\/3858","targetHints":{"allow":["GET"]}}],"collection":[{"href":"https:\/\/www.santai-ceramics.com\/de\/wp-json\/wp\/v2\/product"}],"about":[{"href":"https:\/\/www.santai-ceramics.com\/de\/wp-json\/wp\/v2\/types\/product"}],"replies":[{"embeddable":true,"href":"https:\/\/www.santai-ceramics.com\/de\/wp-json\/wp\/v2\/comments?post=3858"}],"wp:featuredmedia":[{"embeddable":true,"href":"https:\/\/www.santai-ceramics.com\/de\/wp-json\/wp\/v2\/media\/3937"}],"wp:attachment":[{"href":"https:\/\/www.santai-ceramics.com\/de\/wp-json\/wp\/v2\/media?parent=3858"}],"wp:term":[{"taxonomy":"product_brand","embeddable":true,"href":"https:\/\/www.santai-ceramics.com\/de\/wp-json\/wp\/v2\/product_brand?post=3858"},{"taxonomy":"product_cat","embeddable":true,"href":"https:\/\/www.santai-ceramics.com\/de\/wp-json\/wp\/v2\/product_cat?post=3858"},{"taxonomy":"product_tag","embeddable":true,"href":"https:\/\/www.santai-ceramics.com\/de\/wp-json\/wp\/v2\/product_tag?post=3858"}],"curies":[{"name":"wp","href":"https:\/\/api.w.org\/{rel}","templated":true}]}}