{"id":3859,"date":"2025-10-21T07:45:30","date_gmt":"2025-10-21T07:45:30","guid":{"rendered":"https:\/\/www.santai-ceramics.com\/?post_type=product&#038;p=3859"},"modified":"2025-10-21T07:45:32","modified_gmt":"2025-10-21T07:45:32","slug":"wholesale-fresh-style-ceramic-vases","status":"publish","type":"product","link":"https:\/\/www.santai-ceramics.com\/de\/product\/wholesale-fresh-style-ceramic-vases\/","title":{"rendered":"Fresh Style Keramik Vasen Gro\u00dfhandel mit Blumenmuster, Bulk Supply f\u00fcr Hotels, Dekor Marken &amp; Geschenk Lieferanten"},"content":{"rendered":"<h3 class=\"wp-block-heading\">Eigenschaften von Keramikvasen<\/h3>\n\n\n\n<ul class=\"wp-block-list\">\n<li><strong>Design-\u00c4sthetik: <\/strong>Nat\u00fcrliche Eleganz trifft auf r\u00e4umliche Harmonie. Die Vasen Gro\u00dfhandel nehmen eine <strong>klassisch runder oder apfelf\u00f6rmiger K\u00f6rper<\/strong> mit weichen Schulter\u00fcberg\u00e4ngen und anmutigen Halsproportionen. Er ist in verschiedenen Gr\u00f6\u00dfen erh\u00e4ltlich und eignet sich f\u00fcr unterschiedliche Innenr\u00e4ume - von Hotellobbys und G\u00e4stezimmern bis hin zu Verkaufsr\u00e4umen - und schafft eine raffinierte und beruhigende Atmosph\u00e4re.<\/li>\n<\/ul>\n\n\n\n<ul class=\"wp-block-list\">\n<li><strong>Ideal f\u00fcr B2B-Kunden: <\/strong>Kommerzielle Anpassungsf\u00e4higkeit an mehrere Schaupl\u00e4tze. Diese Keramikvasen-Kollektion ist perfekt f\u00fcr <strong>Hotelprojekte, Einzelh\u00e4ndler f\u00fcr Dekoration, Floristen und H\u00e4ndler f\u00fcr hochwertige Geschenke<\/strong> auf der Suche nach eleganten, handgefertigten Keramiken mit vielseitigem Ausstellungspotenzial.<\/li>\n<\/ul>\n\n\n\n<ul class=\"wp-block-list\">\n<li><strong>Professionelle Keramikherstellung<\/strong>: Unser Werk verf\u00fcgt \u00fcber jahrelange Erfahrung in der Keramikproduktion und gew\u00e4hrleistet <strong>gleichbleibende Qualit\u00e4tskontrolle, stabile Glasureffekte und anpassbare OEM\/ODM-Dienstleistungen<\/strong>. Wir unterst\u00fctzen Gro\u00dfbestellungen, Kombinationen mehrerer Gr\u00f6\u00dfen und ma\u00dfgeschneiderte Verpackungsl\u00f6sungen f\u00fcr Gesch\u00e4ftsgeschenke oder gro\u00df angelegte Dekorationsprojekte.<\/li>\n<\/ul>\n\n\n\n<h3 class=\"wp-block-heading\">Abholservice f\u00fcr keramische Vasen<\/h3>\n\n\n\n<p>Wir bieten OEM- und ODM-Dienstleistungen f\u00fcr unsere Produkte an.<br>Eine schnelle Lieferung von Mustern ist m\u00f6glich.<br>Wir bieten eine Vielzahl von Formen, Farben, individuellem Druck, Verpackungen und anderen ma\u00dfgeschneiderten Dienstleistungen an, um Ihre speziellen Anforderungen zu erf\u00fcllen.<\/p>\n\n\n\n<div class=\"wp-block-columns is-layout-flex wp-container-core-columns-is-layout-9d6595d7 wp-block-columns-is-layout-flex\">\n<div class=\"wp-block-column is-layout-flow wp-block-column-is-layout-flow\">\n<figure class=\"wp-block-image size-full\"><img decoding=\"async\" width=\"4002\" height=\"3335\" src=\"https:\/\/www.santai-ceramics.com\/wp-content\/uploads\/2025\/10\/gloss-vases-wholesale-with-crackle-aesthetics-1.webp\" alt=\"Glanzvasen im Gro\u00dfhandel mit Craquel\u00e9-\u00c4sthetik (1)\" class=\"wp-image-3878\" srcset=\"https:\/\/www.santai-ceramics.com\/wp-content\/uploads\/2025\/10\/gloss-vases-wholesale-with-crackle-aesthetics-1.webp 4002w, https:\/\/www.santai-ceramics.com\/wp-content\/uploads\/2025\/10\/gloss-vases-wholesale-with-crackle-aesthetics-1-300x250.webp 300w, https:\/\/www.santai-ceramics.com\/wp-content\/uploads\/2025\/10\/gloss-vases-wholesale-with-crackle-aesthetics-1-768x640.webp 768w, https:\/\/www.santai-ceramics.com\/wp-content\/uploads\/2025\/10\/gloss-vases-wholesale-with-crackle-aesthetics-1-14x12.webp 14w, https:\/\/www.santai-ceramics.com\/wp-content\/uploads\/2025\/10\/gloss-vases-wholesale-with-crackle-aesthetics-1-1200x1000.webp 1200w, https:\/\/www.santai-ceramics.com\/wp-content\/uploads\/2025\/10\/gloss-vases-wholesale-with-crackle-aesthetics-1-600x500.webp 600w\" sizes=\"(max-width: 4002px) 100vw, 4002px\" \/><\/figure>\n<\/div>\n\n\n\n<div class=\"wp-block-column is-layout-flow wp-block-column-is-layout-flow\">\n<figure class=\"wp-block-image size-full\"><img decoding=\"async\" width=\"4568\" height=\"3806\" src=\"https:\/\/www.santai-ceramics.com\/wp-content\/uploads\/2025\/10\/gloss-vases-wholesale-with-crackle-aesthetics-3.webp\" alt=\"Glanzvasen im Gro\u00dfhandel mit Craquel\u00e9-\u00c4sthetik (3)\" class=\"wp-image-3880\" srcset=\"https:\/\/www.santai-ceramics.com\/wp-content\/uploads\/2025\/10\/gloss-vases-wholesale-with-crackle-aesthetics-3.webp 4568w, https:\/\/www.santai-ceramics.com\/wp-content\/uploads\/2025\/10\/gloss-vases-wholesale-with-crackle-aesthetics-3-300x250.webp 300w, https:\/\/www.santai-ceramics.com\/wp-content\/uploads\/2025\/10\/gloss-vases-wholesale-with-crackle-aesthetics-3-768x640.webp 768w, https:\/\/www.santai-ceramics.com\/wp-content\/uploads\/2025\/10\/gloss-vases-wholesale-with-crackle-aesthetics-3-14x12.webp 14w, https:\/\/www.santai-ceramics.com\/wp-content\/uploads\/2025\/10\/gloss-vases-wholesale-with-crackle-aesthetics-3-1200x1000.webp 1200w, https:\/\/www.santai-ceramics.com\/wp-content\/uploads\/2025\/10\/gloss-vases-wholesale-with-crackle-aesthetics-3-600x500.webp 600w\" sizes=\"(max-width: 4568px) 100vw, 4568px\" \/><\/figure>\n<\/div>\n<\/div>","protected":false},"excerpt":{"rendered":"<p data-pm-slice=\"0 0 []\">Diese <strong data-start=\"337\" data-end=\"353\">Gro\u00dfhandel <\/strong>handgefertigt <strong data-start=\"337\" data-end=\"353\">Keramik-Vasen <\/strong>haben eine klassische, kugelf\u00f6rmige Silhouette mit einem raffinierten, schmalen Hals, einem zarten <strong data-start=\"433\" data-end=\"450\">Craquel\u00e9-Glasur<\/strong>und handgemalte Blumen- und Rankenmotive, die traditionelle Eleganz mit moderner, nat\u00fcrlicher \u00c4sthetik verbinden. Entworfen f\u00fcr <strong data-start=\"569\" data-end=\"639\">Marken f\u00fcr Heimdekoration, Hotellieferanten, Floristen und Geschenkartikel-Gro\u00dfh\u00e4ndler<\/strong>Es bietet sowohl optische Raffinesse als auch zuverl\u00e4ssige Haltbarkeit f\u00fcr gro\u00dffl\u00e4chige Dekorationen und den Einzelhandel.<\/p>\n<h2>Spezifikation der Keramikvasen-Kollektion<\/h2>\n<table width=\"1140\">\n<tbody>\n<tr>\n<td width=\"285\">Modellnummer<\/td>\n<td width=\"285\">A35068-LC13-A01<\/td>\n<td width=\"285\">A35068-LC13-A02<\/td>\n<td width=\"285\">A35069-LC13-A01<\/td>\n<\/tr>\n<tr>\n<td>Produktname<\/td>\n<td>Keramik-Vase<\/td>\n<td>Keramik-Vase<\/td>\n<td>Keramik-Vase<\/td>\n<\/tr>\n<tr>\n<td>Farbe<\/td>\n<td>Creme<\/td>\n<td>Creme<\/td>\n<td>Creme<\/td>\n<\/tr>\n<tr>\n<td>Material<\/td>\n<td>Keramik<\/td>\n<td>Keramik<\/td>\n<td>Keramik<\/td>\n<\/tr>\n<tr>\n<td>Verwendungsszenarien<\/td>\n<td>Wohnungseinrichtung<\/td>\n<td>Wohnungseinrichtung<\/td>\n<td>Wohnungseinrichtung<\/td>\n<\/tr>\n<tr>\n<td>Abmessungen<\/td>\n<td>T:20.5X25cm<\/td>\n<td>T:17X20cm<\/td>\n<td>T:18X15cm<\/td>\n<\/tr>\n<tr>\n<td>Gewicht<\/td>\n<td>1,4 kg\/St\u00fcck<\/td>\n<td>0,8 kg\/St\u00fcck<\/td>\n<td>0,7 kg\/St\u00fcck<\/td>\n<\/tr>\n<\/tbody>\n<\/table>\n<p>\n<script src=\"chrome-extension:\/\/fpelahbljekknahkcaegamhcndkfpfnc\/iFrame.js\" type=\"text\/javascript\"><\/script><\/p>","protected":false},"featured_media":3879,"comment_status":"closed","ping_status":"closed","template":"","meta":{"_acf_changed":false},"product_brand":[],"product_cat":[18,22],"product_tag":[],"class_list":{"0":"post-3859","1":"product","2":"type-product","3":"status-publish","4":"has-post-thumbnail","6":"product_cat-home-decor","7":"product_cat-vase","9":"first","10":"instock","11":"shipping-taxable","12":"product-type-simple"},"acf":[],"_links":{"self":[{"href":"https:\/\/www.santai-ceramics.com\/de\/wp-json\/wp\/v2\/product\/3859","targetHints":{"allow":["GET"]}}],"collection":[{"href":"https:\/\/www.santai-ceramics.com\/de\/wp-json\/wp\/v2\/product"}],"about":[{"href":"https:\/\/www.santai-ceramics.com\/de\/wp-json\/wp\/v2\/types\/product"}],"replies":[{"embeddable":true,"href":"https:\/\/www.santai-ceramics.com\/de\/wp-json\/wp\/v2\/comments?post=3859"}],"wp:featuredmedia":[{"embeddable":true,"href":"https:\/\/www.santai-ceramics.com\/de\/wp-json\/wp\/v2\/media\/3879"}],"wp:attachment":[{"href":"https:\/\/www.santai-ceramics.com\/de\/wp-json\/wp\/v2\/media?parent=3859"}],"wp:term":[{"taxonomy":"product_brand","embeddable":true,"href":"https:\/\/www.santai-ceramics.com\/de\/wp-json\/wp\/v2\/product_brand?post=3859"},{"taxonomy":"product_cat","embeddable":true,"href":"https:\/\/www.santai-ceramics.com\/de\/wp-json\/wp\/v2\/product_cat?post=3859"},{"taxonomy":"product_tag","embeddable":true,"href":"https:\/\/www.santai-ceramics.com\/de\/wp-json\/wp\/v2\/product_tag?post=3859"}],"curies":[{"name":"wp","href":"https:\/\/api.w.org\/{rel}","templated":true}]}}