{"id":3863,"date":"2025-10-21T07:35:42","date_gmt":"2025-10-21T07:35:42","guid":{"rendered":"https:\/\/www.santai-ceramics.com\/?post_type=product&#038;p=3863"},"modified":"2025-10-21T07:38:05","modified_gmt":"2025-10-21T07:38:05","slug":"wholesale-ceramic-decorative-vases","status":"publish","type":"product","link":"https:\/\/www.santai-ceramics.com\/de\/product\/wholesale-ceramic-decorative-vases\/","title":{"rendered":"Gro\u00dfhandel Keramik dekorative Vase mit floralen Muster, Bulk Supply f\u00fcr Hotels, Floristen &amp; Geschenk Lieferanten"},"content":{"rendered":"<h3 class=\"wp-block-heading\">Eigenschaften der Keramikvase<\/h3>\n\n\n\n<ul class=\"wp-block-list\">\n<li><strong>Langlebige Keramik mit Crackle-Glasur-Finish<\/strong>: Hergestellt aus hochdichtem <strong>wei\u00dfe Keramik<\/strong>Die Vase wird mit einer Hochtemperatur-Elfenbeinglasur gebrannt, die einen gleichm\u00e4\u00dfigen Glanz und eine lang anhaltende Farbstabilit\u00e4t unserer gro\u00dfen dekorativen Vase gew\u00e4hrleistet. <\/li>\n<\/ul>\n\n\n\n<ul class=\"wp-block-list\">\n<li><strong>Ideal f\u00fcr B2B-Kunden: <\/strong>Es ist perfekt f\u00fcr <strong>Hotels, Dekorationsgesch\u00e4fte, Floristen und Geschenkartikelh\u00e4ndler<\/strong> auf der Suche nach raffinierten, handgefertigten Keramiken. Die anpassungsf\u00e4hige Gr\u00f6\u00dfe und das elegante Design eignen sich f\u00fcr verschiedene kommerzielle Anwendungen - von <strong>Lobby-Dekoration und Gestaltung von G\u00e4stezimmern bis hin zu Blumenauslagen und Geschenksammlungen<\/strong>-Verbesserung der \u00c4sthetik und der Produktvielfalt.<\/li>\n<\/ul>\n\n\n\n<ul class=\"wp-block-list\">\n<li><strong>Gleichbleibende Qualit\u00e4t und OEM\/ODM-F\u00e4higkeit<\/strong>: Unterst\u00fctzt von einem erfahrenen <strong>Keramik-Produktionsteam<\/strong>So k\u00f6nnen die pr\u00e4zise Kontrolle der Glasur, die zuverl\u00e4ssige Qualit\u00e4tskonstanz und die skalierbare Produktionskapazit\u00e4t der hohen dekorativen Vase gew\u00e4hrleistet werden. Unsere Fabrik unterst\u00fctzt <strong>individuelle Verpackungen, Kombinationen mehrerer Gr\u00f6\u00dfen und Gro\u00dfhandelsbestellungen<\/strong>und bietet L\u00f6sungen aus einer Hand f\u00fcr internationale Kunden aus den Bereichen Dekoration und Gastgewerbe.<\/li>\n<\/ul>\n\n\n\n<h3 class=\"wp-block-heading\">Individuelles Vasen-Service aus Keramik<\/h3>\n\n\n\n<p>Wir bieten OEM- und ODM-Dienstleistungen f\u00fcr unsere Produkte an.<br>Eine schnelle Lieferung von Mustern ist m\u00f6glich.<br>Wir bieten eine Vielzahl von Formen, Farben, individuellem Druck, Verpackungen und anderen ma\u00dfgeschneiderten Dienstleistungen an, um Ihre speziellen Anforderungen zu erf\u00fcllen.<\/p>\n\n\n\n<div class=\"wp-block-columns is-layout-flex wp-container-core-columns-is-layout-9d6595d7 wp-block-columns-is-layout-flex\">\n<div class=\"wp-block-column is-layout-flow wp-block-column-is-layout-flow\">\n<figure class=\"wp-block-image size-full\"><img decoding=\"async\" width=\"4140\" height=\"3450\" src=\"https:\/\/www.santai-ceramics.com\/wp-content\/uploads\/2025\/10\/wholesale-tall-decorative-vase-4.webp\" alt=\"Gro\u00dfhandel hohe dekorative Vase (4)\" class=\"wp-image-3891\" srcset=\"https:\/\/www.santai-ceramics.com\/wp-content\/uploads\/2025\/10\/wholesale-tall-decorative-vase-4.webp 4140w, https:\/\/www.santai-ceramics.com\/wp-content\/uploads\/2025\/10\/wholesale-tall-decorative-vase-4-300x250.webp 300w, https:\/\/www.santai-ceramics.com\/wp-content\/uploads\/2025\/10\/wholesale-tall-decorative-vase-4-768x640.webp 768w, https:\/\/www.santai-ceramics.com\/wp-content\/uploads\/2025\/10\/wholesale-tall-decorative-vase-4-14x12.webp 14w, https:\/\/www.santai-ceramics.com\/wp-content\/uploads\/2025\/10\/wholesale-tall-decorative-vase-4-1200x1000.webp 1200w, https:\/\/www.santai-ceramics.com\/wp-content\/uploads\/2025\/10\/wholesale-tall-decorative-vase-4-600x500.webp 600w\" sizes=\"(max-width: 4140px) 100vw, 4140px\" \/><\/figure>\n<\/div>\n\n\n\n<div class=\"wp-block-column is-layout-flow wp-block-column-is-layout-flow\">\n<figure class=\"wp-block-image size-full\"><img decoding=\"async\" width=\"2308\" height=\"1923\" src=\"https:\/\/www.santai-ceramics.com\/wp-content\/uploads\/2025\/10\/wholesale-tall-decorative-vase-5.webp\" alt=\"Gro\u00dfhandel hohe dekorative Vase (5)\" class=\"wp-image-3892\" srcset=\"https:\/\/www.santai-ceramics.com\/wp-content\/uploads\/2025\/10\/wholesale-tall-decorative-vase-5.webp 2308w, https:\/\/www.santai-ceramics.com\/wp-content\/uploads\/2025\/10\/wholesale-tall-decorative-vase-5-300x250.webp 300w, https:\/\/www.santai-ceramics.com\/wp-content\/uploads\/2025\/10\/wholesale-tall-decorative-vase-5-768x640.webp 768w, https:\/\/www.santai-ceramics.com\/wp-content\/uploads\/2025\/10\/wholesale-tall-decorative-vase-5-14x12.webp 14w, https:\/\/www.santai-ceramics.com\/wp-content\/uploads\/2025\/10\/wholesale-tall-decorative-vase-5-1200x1000.webp 1200w, https:\/\/www.santai-ceramics.com\/wp-content\/uploads\/2025\/10\/wholesale-tall-decorative-vase-5-600x500.webp 600w\" sizes=\"(max-width: 2308px) 100vw, 2308px\" \/><\/figure>\n<\/div>\n<\/div>","protected":false},"excerpt":{"rendered":"<p data-pm-slice=\"0 0 []\">Unsere Keramikvasen f\u00fcr den Gro\u00dfhandel, die in gro\u00dfen Mengen mit Werksangeboten erh\u00e4ltlich sind, eignen sich ideal f\u00fcr Gastst\u00e4ttenprojekte, Dekorationsmarken, Floristen und Geschenkartikelgro\u00dfh\u00e4ndler, die Ausstellungsst\u00fccke suchen. Kontaktieren Sie uns f\u00fcr einen Katalog und ein Angebot.<\/p>\n<h2>Spezifikation der keramischen dekorativen Vase<\/h2>\n<table width=\"855\">\n<tbody>\n<tr>\n<td width=\"285\">Modellnummer<\/td>\n<td width=\"285\">A35323-LC13-A01<\/td>\n<td width=\"285\">A35323-LC13-A02<\/td>\n<\/tr>\n<tr>\n<td>Produktname<\/td>\n<td>Keramik-Vase<\/td>\n<td>Keramik-Vase<\/td>\n<\/tr>\n<tr>\n<td>Farbe<\/td>\n<td>Creme<\/td>\n<td>Creme<\/td>\n<\/tr>\n<tr>\n<td>Material<\/td>\n<td>Keramik<\/td>\n<td>Keramik<\/td>\n<\/tr>\n<tr>\n<td>Verwendungsszenarien<\/td>\n<td>Wohnungseinrichtung<\/td>\n<td>Wohnungseinrichtung<\/td>\n<\/tr>\n<tr>\n<td>Abmessungen<\/td>\n<td>T:17X31.5cm<\/td>\n<td>T:14.5X26.5cm<\/td>\n<\/tr>\n<tr>\n<td>Gewicht<\/td>\n<td>1,5 kg\/St\u00fcck<\/td>\n<td>1,1 kg\/St\u00fcck<\/td>\n<\/tr>\n<\/tbody>\n<\/table>\n<p>\n<script src=\"chrome-extension:\/\/fpelahbljekknahkcaegamhcndkfpfnc\/iFrame.js\" type=\"text\/javascript\"><\/script><\/p>","protected":false},"featured_media":3894,"comment_status":"closed","ping_status":"closed","template":"","meta":{"_acf_changed":false},"product_brand":[],"product_cat":[18,22],"product_tag":[],"class_list":{"0":"post-3863","1":"product","2":"type-product","3":"status-publish","4":"has-post-thumbnail","6":"product_cat-home-decor","7":"product_cat-vase","9":"first","10":"instock","11":"shipping-taxable","12":"product-type-simple"},"acf":[],"_links":{"self":[{"href":"https:\/\/www.santai-ceramics.com\/de\/wp-json\/wp\/v2\/product\/3863","targetHints":{"allow":["GET"]}}],"collection":[{"href":"https:\/\/www.santai-ceramics.com\/de\/wp-json\/wp\/v2\/product"}],"about":[{"href":"https:\/\/www.santai-ceramics.com\/de\/wp-json\/wp\/v2\/types\/product"}],"replies":[{"embeddable":true,"href":"https:\/\/www.santai-ceramics.com\/de\/wp-json\/wp\/v2\/comments?post=3863"}],"wp:featuredmedia":[{"embeddable":true,"href":"https:\/\/www.santai-ceramics.com\/de\/wp-json\/wp\/v2\/media\/3894"}],"wp:attachment":[{"href":"https:\/\/www.santai-ceramics.com\/de\/wp-json\/wp\/v2\/media?parent=3863"}],"wp:term":[{"taxonomy":"product_brand","embeddable":true,"href":"https:\/\/www.santai-ceramics.com\/de\/wp-json\/wp\/v2\/product_brand?post=3863"},{"taxonomy":"product_cat","embeddable":true,"href":"https:\/\/www.santai-ceramics.com\/de\/wp-json\/wp\/v2\/product_cat?post=3863"},{"taxonomy":"product_tag","embeddable":true,"href":"https:\/\/www.santai-ceramics.com\/de\/wp-json\/wp\/v2\/product_tag?post=3863"}],"curies":[{"name":"wp","href":"https:\/\/api.w.org\/{rel}","templated":true}]}}