{"id":3864,"date":"2025-10-21T07:20:48","date_gmt":"2025-10-21T07:20:48","guid":{"rendered":"https:\/\/www.santai-ceramics.com\/?post_type=product&#038;p=3864"},"modified":"2025-10-21T07:24:50","modified_gmt":"2025-10-21T07:24:50","slug":"wholesale-decorative-ceramic-jugs-2","status":"publish","type":"product","link":"https:\/\/www.santai-ceramics.com\/de\/product\/wholesale-decorative-ceramic-jugs-2\/","title":{"rendered":"Gro\u00dfhandel dekorative Keramik Krug Vase mit floralen Muster"},"content":{"rendered":"<h3 class=\"wp-block-heading\">Eigenschaften der dekorativen Keramikkanne Vase<\/h3>\n\n\n\n<ul class=\"wp-block-list\">\n<li><strong>Crackle-Glasur Textur:<\/strong> Jede unserer dekorativen Keramikkannen weist einzigartige nat\u00fcrliche Rissmuster und eine zartblaue florale Handbemalung auf. Die zarten Linien und subtilen T\u00f6ne schaffen einen raffinierten Vintage-Charme.<\/li>\n<\/ul>\n\n\n\n<ul class=\"wp-block-list\">\n<li><strong>Anwendungsszenario:<\/strong> Erh\u00e4ltlich in gro\u00dfen, mittleren und kleinen Gr\u00f6\u00dfen, ideal f\u00fcr Hotellobbys, G\u00e4stezimmer, Gesch\u00e4fte und Geschenkauslagen. Geeignet f\u00fcr frische oder k\u00fcnstliche Blumen, die sowohl den dekorativen als auch den funktionalen Wert erh\u00f6hen.<\/li>\n<\/ul>\n\n\n\n<ul class=\"wp-block-list\">\n<li><strong>Ideal f\u00fcr:<\/strong> Diese dekorative Krugvase aus Keramik wurde f\u00fcr Heimdekorationsmarken, Floristen, Hotels und Geschenkelieferanten entwickelt, die einzigartige handgefertigte Keramik mit stabilem Angebot, gleichbleibender Qualit\u00e4t und zeitloser Optik suchen.<\/li>\n<\/ul>\n\n\n\n<ul class=\"wp-block-list\">\n<li><strong>F\u00e4higkeit zur Lieferung von Masseng\u00fctern:<\/strong> Unterst\u00fctzt durch eine gro\u00df angelegte Produktion, strenge Qualit\u00e4tskontrolle und OEM\/ODM-F\u00e4higkeit, die eine st\u00e4ndige Versorgung, dauerhafte Oberfl\u00e4chen und wettbewerbsf\u00e4hige Gro\u00dfhandelspreise f\u00fcr globale Partner gew\u00e4hrleistet.<\/li>\n<\/ul>\n\n\n\n<h3 class=\"wp-block-heading\">Dekorative Keramikkanne Vase Service<\/h3>\n\n\n\n<p>Wir bieten OEM- und ODM-Dienstleistungen f\u00fcr unsere Produkte an.<br>Eine schnelle Lieferung von Mustern ist m\u00f6glich.<br>Wir bieten eine Vielzahl von Formen, Farben, individuellem Druck, Verpackungen und anderen ma\u00dfgeschneiderten Dienstleistungen an, um Ihre speziellen Anforderungen zu erf\u00fcllen.<\/p>\n\n\n\n<div class=\"wp-block-columns is-layout-flex wp-container-core-columns-is-layout-9d6595d7 wp-block-columns-is-layout-flex\">\n<div class=\"wp-block-column is-layout-flow wp-block-column-is-layout-flow\">\n<figure class=\"wp-block-image size-full\"><img decoding=\"async\" width=\"2123\" height=\"1770\" src=\"https:\/\/www.santai-ceramics.com\/wp-content\/uploads\/2025\/10\/wholesale-decorative-ceramic-jug-vase-9.webp\" alt=\"Gro\u00dfhandel dekorative Keramik Krug Vase (9)\" class=\"wp-image-3926\" srcset=\"https:\/\/www.santai-ceramics.com\/wp-content\/uploads\/2025\/10\/wholesale-decorative-ceramic-jug-vase-9.webp 2123w, https:\/\/www.santai-ceramics.com\/wp-content\/uploads\/2025\/10\/wholesale-decorative-ceramic-jug-vase-9-300x250.webp 300w, https:\/\/www.santai-ceramics.com\/wp-content\/uploads\/2025\/10\/wholesale-decorative-ceramic-jug-vase-9-768x640.webp 768w, https:\/\/www.santai-ceramics.com\/wp-content\/uploads\/2025\/10\/wholesale-decorative-ceramic-jug-vase-9-14x12.webp 14w, https:\/\/www.santai-ceramics.com\/wp-content\/uploads\/2025\/10\/wholesale-decorative-ceramic-jug-vase-9-1200x1000.webp 1200w, https:\/\/www.santai-ceramics.com\/wp-content\/uploads\/2025\/10\/wholesale-decorative-ceramic-jug-vase-9-600x500.webp 600w\" sizes=\"(max-width: 2123px) 100vw, 2123px\" \/><\/figure>\n<\/div>\n\n\n\n<div class=\"wp-block-column is-layout-flow wp-block-column-is-layout-flow\">\n<figure class=\"wp-block-image size-full\"><img decoding=\"async\" width=\"3667\" height=\"3056\" src=\"https:\/\/www.santai-ceramics.com\/wp-content\/uploads\/2025\/10\/wholesale-decorative-ceramic-jug-vase-7.webp\" alt=\"Gro\u00dfhandel dekorative Keramik Krug Vase (7)\" class=\"wp-image-3924\" srcset=\"https:\/\/www.santai-ceramics.com\/wp-content\/uploads\/2025\/10\/wholesale-decorative-ceramic-jug-vase-7.webp 3667w, https:\/\/www.santai-ceramics.com\/wp-content\/uploads\/2025\/10\/wholesale-decorative-ceramic-jug-vase-7-300x250.webp 300w, https:\/\/www.santai-ceramics.com\/wp-content\/uploads\/2025\/10\/wholesale-decorative-ceramic-jug-vase-7-768x640.webp 768w, https:\/\/www.santai-ceramics.com\/wp-content\/uploads\/2025\/10\/wholesale-decorative-ceramic-jug-vase-7-14x12.webp 14w, https:\/\/www.santai-ceramics.com\/wp-content\/uploads\/2025\/10\/wholesale-decorative-ceramic-jug-vase-7-1200x1000.webp 1200w, https:\/\/www.santai-ceramics.com\/wp-content\/uploads\/2025\/10\/wholesale-decorative-ceramic-jug-vase-7-600x500.webp 600w\" sizes=\"(max-width: 3667px) 100vw, 3667px\" \/><\/figure>\n<\/div>\n<\/div>\n\n\n\n<p><\/p>","protected":false},"excerpt":{"rendered":"<p data-pm-slice=\"0 0 []\">Diese dekorative Keramikvase f\u00fcr den Gro\u00dfhandel verbindet klassische orientalische Handwerkskunst mit moderner \u00c4sthetik. Jedes St\u00fcck verf\u00fcgt \u00fcber nat\u00fcrliche Eis-Crack-Texturen und handgemalte blaue Blumenmuster. Es ist ideal f\u00fcr <strong data-start=\"405\" data-end=\"458\">Hoteldekorateure, Floristen und Geschenkartikelh\u00e4ndler<\/strong> die k\u00fcnstlerische, haltbare und sammelbare Keramik f\u00fcr die gehobene Inneneinrichtung oder den Einzelhandel suchen.<\/p>\n<h2>Spezifikation der dekorativen Keramikkanne Vase<\/h2>\n<table width=\"855\">\n<tbody>\n<tr>\n<td width=\"285\">Modellnummer<\/td>\n<td width=\"285\">A35937-LC13-A01<\/td>\n<td width=\"285\">A35937-LC13-A02<\/td>\n<\/tr>\n<tr>\n<td>Produktname<\/td>\n<td>Keramik-Vase<\/td>\n<td>Keramik-Vase<\/td>\n<\/tr>\n<tr>\n<td>Farbe<\/td>\n<td>Creme<\/td>\n<td>Creme<\/td>\n<\/tr>\n<tr>\n<td>Material<\/td>\n<td>Keramik<\/td>\n<td>Keramik<\/td>\n<\/tr>\n<tr>\n<td>Verwendungsszenarien<\/td>\n<td>Wohnungseinrichtung<\/td>\n<td>Wohnungseinrichtung<\/td>\n<\/tr>\n<tr>\n<td>Abmessungen<\/td>\n<td>18X17.5X20cm<\/td>\n<td>15X15X16cm<\/td>\n<\/tr>\n<tr>\n<td>Gewicht<\/td>\n<td>1,1 kg\/St\u00fcck<\/td>\n<td>0,8 kg\/St\u00fcck<\/td>\n<\/tr>\n<\/tbody>\n<\/table>\n<p>\n<script src=\"chrome-extension:\/\/fpelahbljekknahkcaegamhcndkfpfnc\/iFrame.js\" type=\"text\/javascript\"><\/script><\/p>","protected":false},"featured_media":3920,"comment_status":"closed","ping_status":"closed","template":"","meta":{"_acf_changed":false},"product_brand":[],"product_cat":[18,44,22],"product_tag":[],"class_list":{"0":"post-3864","1":"product","2":"type-product","3":"status-publish","4":"has-post-thumbnail","6":"product_cat-home-decor","7":"product_cat-wholesale-ceramic-jugs","8":"product_cat-vase","10":"first","11":"instock","12":"shipping-taxable","13":"product-type-simple"},"acf":[],"_links":{"self":[{"href":"https:\/\/www.santai-ceramics.com\/de\/wp-json\/wp\/v2\/product\/3864","targetHints":{"allow":["GET"]}}],"collection":[{"href":"https:\/\/www.santai-ceramics.com\/de\/wp-json\/wp\/v2\/product"}],"about":[{"href":"https:\/\/www.santai-ceramics.com\/de\/wp-json\/wp\/v2\/types\/product"}],"replies":[{"embeddable":true,"href":"https:\/\/www.santai-ceramics.com\/de\/wp-json\/wp\/v2\/comments?post=3864"}],"wp:featuredmedia":[{"embeddable":true,"href":"https:\/\/www.santai-ceramics.com\/de\/wp-json\/wp\/v2\/media\/3920"}],"wp:attachment":[{"href":"https:\/\/www.santai-ceramics.com\/de\/wp-json\/wp\/v2\/media?parent=3864"}],"wp:term":[{"taxonomy":"product_brand","embeddable":true,"href":"https:\/\/www.santai-ceramics.com\/de\/wp-json\/wp\/v2\/product_brand?post=3864"},{"taxonomy":"product_cat","embeddable":true,"href":"https:\/\/www.santai-ceramics.com\/de\/wp-json\/wp\/v2\/product_cat?post=3864"},{"taxonomy":"product_tag","embeddable":true,"href":"https:\/\/www.santai-ceramics.com\/de\/wp-json\/wp\/v2\/product_tag?post=3864"}],"curies":[{"name":"wp","href":"https:\/\/api.w.org\/{rel}","templated":true}]}}