{"id":4049,"date":"2025-12-08T09:12:53","date_gmt":"2025-12-08T09:12:53","guid":{"rendered":"https:\/\/www.santai-ceramics.com\/?post_type=product&#038;p=4049"},"modified":"2025-12-08T09:12:58","modified_gmt":"2025-12-08T09:12:58","slug":"wholesale-decorative-vase-series-terra-cotta-handcrafted-elegance-for-hotels-florists-gift-retailers-2","status":"publish","type":"product","link":"https:\/\/www.santai-ceramics.com\/de\/product\/wholesale-decorative-vase-series-terra-cotta-handcrafted-elegance-for-hotels-florists-gift-retailers-2\/","title":{"rendered":"Gro\u00dfhandel Dekorative Vase Serie, Terra Cotta - Handgefertigte Eleganz f\u00fcr Hotels, Floristen &amp; Geschenkartikelh\u00e4ndler"},"content":{"rendered":"<h3 class=\"wp-block-heading\">Features of\u00a0Terra Cotta Vase Series<\/h3>\n\n\n\n<ul class=\"wp-block-list\">\n<li><strong>K\u00fcnstlerische Textur und Design:<\/strong> Blau einzigartig, nat\u00fcrlich auf jeder Gro\u00dfhandel dekorative Vase. <\/li>\n<\/ul>\n\n\n\n<ul class=\"wp-block-list\">\n<li><strong>Vielseitige Anwendung:<\/strong> Erh\u00e4ltlich in gro\u00dfen, mittleren und kleinen Gr\u00f6\u00dfen, ideal f\u00fcr Hotellobbys, Zimmer, Gesch\u00e4fte, Heimdekoration oder Gartendekoration. Passt sowohl f\u00fcr frische als auch f\u00fcr k\u00fcnstliche Blumen.<\/li>\n<\/ul>\n\n\n\n<ul class=\"wp-block-list\">\n<li><strong>Ideal f\u00fcr:<\/strong> Unsere dekorative Gro\u00dfhandelsvase eignet sich f\u00fcr Heimdekorationsmarken, Floristen und Geschenkartikelgro\u00dfh\u00e4ndler, die Keramik im Vintage-Stil mit gleichbleibender Qualit\u00e4t und einzigartigem handgefertigtem Charme suchen.<\/li>\n<\/ul>\n\n\n\n<ul class=\"wp-block-list\">\n<li><strong>Lieferkapazit\u00e4t:<\/strong> Unterst\u00fctzt durch die starke Produktionskapazit\u00e4t und strenge Qualit\u00e4tskontrolle unserer eigenen Fabrik, k\u00f6nnen wir eine konstante Lieferung, eine dauerhafte Verarbeitung und wettbewerbsf\u00e4hige Gro\u00dfhandelspreise f\u00fcr unsere Gro\u00dfhandelst\u00f6pfe und Pflanzgef\u00e4\u00dfe gew\u00e4hrleisten.<\/li>\n<\/ul>\n\n\n\n<h3 class=\"wp-block-heading\">Custom Terra Cotta Vase Series Service<\/h3>\n\n\n\n<p>Wir bieten OEM- und ODM-Dienstleistungen f\u00fcr unsere Produkte an.<br>Eine schnelle Lieferung von Mustern ist m\u00f6glich.<br>Wir bieten eine Vielzahl von Formen, Farben, individuellem Druck, Verpackungen und anderen ma\u00dfgeschneiderten Dienstleistungen an, um Ihre speziellen Anforderungen zu erf\u00fcllen.<\/p>\n\n\n\n<div class=\"wp-block-columns is-layout-flex wp-container-core-columns-is-layout-9d6595d7 wp-block-columns-is-layout-flex\">\n<div class=\"wp-block-column is-layout-flow wp-block-column-is-layout-flow\">\n<figure class=\"wp-block-image size-full\"><img decoding=\"async\" width=\"1352\" height=\"1352\" src=\"https:\/\/www.santai-ceramics.com\/wp-content\/uploads\/2025\/12\/G37185-H940-A01-02-5_5_11zon.jpg\" alt=\"\" class=\"wp-image-4089\" srcset=\"https:\/\/www.santai-ceramics.com\/wp-content\/uploads\/2025\/12\/G37185-H940-A01-02-5_5_11zon.jpg 1352w, https:\/\/www.santai-ceramics.com\/wp-content\/uploads\/2025\/12\/G37185-H940-A01-02-5_5_11zon-300x300.jpg 300w, https:\/\/www.santai-ceramics.com\/wp-content\/uploads\/2025\/12\/G37185-H940-A01-02-5_5_11zon-150x150.jpg 150w, https:\/\/www.santai-ceramics.com\/wp-content\/uploads\/2025\/12\/G37185-H940-A01-02-5_5_11zon-768x768.jpg 768w, https:\/\/www.santai-ceramics.com\/wp-content\/uploads\/2025\/12\/G37185-H940-A01-02-5_5_11zon-12x12.jpg 12w, https:\/\/www.santai-ceramics.com\/wp-content\/uploads\/2025\/12\/G37185-H940-A01-02-5_5_11zon-1200x1200.jpg 1200w, https:\/\/www.santai-ceramics.com\/wp-content\/uploads\/2025\/12\/G37185-H940-A01-02-5_5_11zon-600x600.jpg 600w, https:\/\/www.santai-ceramics.com\/wp-content\/uploads\/2025\/12\/G37185-H940-A01-02-5_5_11zon-100x100.jpg 100w\" sizes=\"(max-width: 1352px) 100vw, 1352px\" \/><\/figure>\n<\/div>\n\n\n\n<div class=\"wp-block-column is-layout-flow wp-block-column-is-layout-flow\">\n<figure class=\"wp-block-image size-full\"><img decoding=\"async\" width=\"1700\" height=\"1700\" src=\"https:\/\/www.santai-ceramics.com\/wp-content\/uploads\/2025\/12\/G37185-H940-A01-02-3_3_11zon.jpg\" alt=\"\" class=\"wp-image-4087\" srcset=\"https:\/\/www.santai-ceramics.com\/wp-content\/uploads\/2025\/12\/G37185-H940-A01-02-3_3_11zon.jpg 1700w, https:\/\/www.santai-ceramics.com\/wp-content\/uploads\/2025\/12\/G37185-H940-A01-02-3_3_11zon-300x300.jpg 300w, https:\/\/www.santai-ceramics.com\/wp-content\/uploads\/2025\/12\/G37185-H940-A01-02-3_3_11zon-150x150.jpg 150w, https:\/\/www.santai-ceramics.com\/wp-content\/uploads\/2025\/12\/G37185-H940-A01-02-3_3_11zon-768x768.jpg 768w, https:\/\/www.santai-ceramics.com\/wp-content\/uploads\/2025\/12\/G37185-H940-A01-02-3_3_11zon-12x12.jpg 12w, https:\/\/www.santai-ceramics.com\/wp-content\/uploads\/2025\/12\/G37185-H940-A01-02-3_3_11zon-1200x1200.jpg 1200w, https:\/\/www.santai-ceramics.com\/wp-content\/uploads\/2025\/12\/G37185-H940-A01-02-3_3_11zon-600x600.jpg 600w, https:\/\/www.santai-ceramics.com\/wp-content\/uploads\/2025\/12\/G37185-H940-A01-02-3_3_11zon-100x100.jpg 100w\" sizes=\"(max-width: 1700px) 100vw, 1700px\" \/><\/figure>\n<\/div>\n<\/div>\n\n\n\n<p><\/p>","protected":false},"excerpt":{"rendered":"<p data-pm-slice=\"0 0 []\">Unsere dekorative Vasen-Serie f\u00fcr den Gro\u00dfhandel kombiniert nat\u00fcrliche Textur, handgemalte Blumenkunst und glatte Hochglanzglasur. Entworfen f\u00fcr <strong data-start=\"295\" data-end=\"345\">Hoteldekorateure, Floristen und Geschenkelieferanten<\/strong>Er verbindet klassische orientalische Sch\u00f6nheit mit modernem Vintage-Stil - ideal f\u00fcr gro\u00dffl\u00e4chige Ausstellungen oder hochwertige Geschenke.<\/p>\n<h2>Spezifikation der Keramikvase Serie<\/h2>\n<table width=\"855\">\n<tbody>\n<tr>\n<td width=\"285\">Modellnummer<\/td>\n<td width=\"285\">G37185-H940-A01<\/td>\n<td width=\"285\">G37185-H940-A02<\/td>\n<\/tr>\n<tr>\n<td>Produktname<\/td>\n<td>Terrakotta-Krug<\/td>\n<td>Terrakotta-Krug<\/td>\n<\/tr>\n<tr>\n<td>Farbe<\/td>\n<td>Antik Blau<\/td>\n<td>Antik Blau<\/td>\n<\/tr>\n<tr>\n<td>Material<\/td>\n<td>Terrakotta\u00a0<\/td>\n<td>Terrakotta\u00a0<\/td>\n<\/tr>\n<tr>\n<td>Verwendungsszenarien<\/td>\n<td>Haus- und Gartendekoration<\/td>\n<td>Haus- und Gartendekoration<\/td>\n<\/tr>\n<tr>\n<td>Abmessungen<\/td>\n<td>T:20.5X25.5cm<\/td>\n<td>T:17X20.5cm<\/td>\n<\/tr>\n<tr>\n<td>Gewicht<\/td>\n<td>2,8 kg\/St\u00fcck<\/td>\n<td>1,8 kg\/St\u00fcck<\/td>\n<\/tr>\n<\/tbody>\n<\/table>","protected":false},"featured_media":4087,"comment_status":"closed","ping_status":"closed","template":"","meta":{"_acf_changed":false},"product_brand":[],"product_cat":[18,22],"product_tag":[],"class_list":{"0":"post-4049","1":"product","2":"type-product","3":"status-publish","4":"has-post-thumbnail","6":"product_cat-home-decor","7":"product_cat-vase","9":"first","10":"instock","11":"shipping-taxable","12":"product-type-simple"},"acf":[],"_links":{"self":[{"href":"https:\/\/www.santai-ceramics.com\/de\/wp-json\/wp\/v2\/product\/4049","targetHints":{"allow":["GET"]}}],"collection":[{"href":"https:\/\/www.santai-ceramics.com\/de\/wp-json\/wp\/v2\/product"}],"about":[{"href":"https:\/\/www.santai-ceramics.com\/de\/wp-json\/wp\/v2\/types\/product"}],"replies":[{"embeddable":true,"href":"https:\/\/www.santai-ceramics.com\/de\/wp-json\/wp\/v2\/comments?post=4049"}],"wp:featuredmedia":[{"embeddable":true,"href":"https:\/\/www.santai-ceramics.com\/de\/wp-json\/wp\/v2\/media\/4087"}],"wp:attachment":[{"href":"https:\/\/www.santai-ceramics.com\/de\/wp-json\/wp\/v2\/media?parent=4049"}],"wp:term":[{"taxonomy":"product_brand","embeddable":true,"href":"https:\/\/www.santai-ceramics.com\/de\/wp-json\/wp\/v2\/product_brand?post=4049"},{"taxonomy":"product_cat","embeddable":true,"href":"https:\/\/www.santai-ceramics.com\/de\/wp-json\/wp\/v2\/product_cat?post=4049"},{"taxonomy":"product_tag","embeddable":true,"href":"https:\/\/www.santai-ceramics.com\/de\/wp-json\/wp\/v2\/product_tag?post=4049"}],"curies":[{"name":"wp","href":"https:\/\/api.w.org\/{rel}","templated":true}]}}