{"id":4063,"date":"2025-12-08T08:51:35","date_gmt":"2025-12-08T08:51:35","guid":{"rendered":"https:\/\/www.santai-ceramics.com\/?post_type=product&#038;p=4063"},"modified":"2025-12-08T08:51:37","modified_gmt":"2025-12-08T08:51:37","slug":"wholesale-decorative-vase-series-concrete-handcrafted-elegance-for-hotels-florists-gift-retailers","status":"publish","type":"product","link":"https:\/\/www.santai-ceramics.com\/de\/product\/wholesale-decorative-vase-series-concrete-handcrafted-elegance-for-hotels-florists-gift-retailers\/","title":{"rendered":"Gro\u00dfhandel Dekorative Vase Serie, Beton - Handgefertigte Eleganz f\u00fcr Hotels, Floristen &amp; Geschenkartikelh\u00e4ndler"},"content":{"rendered":"<h3 class=\"wp-block-heading\">Features of\u00a0Concrete Vase Series<\/h3>\n\n\n\n<ul class=\"wp-block-list\">\n<li><strong>K\u00fcnstlerische Textur und Design:<\/strong> Blau einzigartig, nat\u00fcrlich auf jeder Gro\u00dfhandel dekorative Vase. <\/li>\n<\/ul>\n\n\n\n<ul class=\"wp-block-list\">\n<li><strong>Vielseitige Anwendung:<\/strong> Available in large, medium, and small sizes, perfect for hotel lobbies, rooms, shops, home decor or garden decor. Fits both fresh and artificial flowers.<\/li>\n<\/ul>\n\n\n\n<ul class=\"wp-block-list\">\n<li><strong>Ideal f\u00fcr:<\/strong> Unsere dekorative Gro\u00dfhandelsvase eignet sich f\u00fcr Heimdekorationsmarken, Floristen und Geschenkartikelgro\u00dfh\u00e4ndler, die Keramik im Vintage-Stil mit gleichbleibender Qualit\u00e4t und einzigartigem handgefertigtem Charme suchen.<\/li>\n<\/ul>\n\n\n\n<ul class=\"wp-block-list\">\n<li><strong>Lieferkapazit\u00e4t:<\/strong> Unterst\u00fctzt durch die starke Produktionskapazit\u00e4t und strenge Qualit\u00e4tskontrolle unserer eigenen Fabrik, k\u00f6nnen wir eine konstante Lieferung, eine dauerhafte Verarbeitung und wettbewerbsf\u00e4hige Gro\u00dfhandelspreise f\u00fcr unsere Gro\u00dfhandelst\u00f6pfe und Pflanzgef\u00e4\u00dfe gew\u00e4hrleisten.<\/li>\n<\/ul>\n\n\n\n<h3 class=\"wp-block-heading\">Kundenspezifische Betonvase Serie Service<\/h3>\n\n\n\n<p>Wir bieten OEM- und ODM-Dienstleistungen f\u00fcr unsere Produkte an.<br>Eine schnelle Lieferung von Mustern ist m\u00f6glich.<br>Wir bieten eine Vielzahl von Formen, Farben, individuellem Druck, Verpackungen und anderen ma\u00dfgeschneiderten Dienstleistungen an, um Ihre speziellen Anforderungen zu erf\u00fcllen.<\/p>\n\n\n\n<div class=\"wp-block-columns is-layout-flex wp-container-core-columns-is-layout-9d6595d7 wp-block-columns-is-layout-flex\">\n<div class=\"wp-block-column is-layout-flow wp-block-column-is-layout-flow\">\n<figure class=\"wp-block-image size-full\"><img decoding=\"async\" width=\"2363\" height=\"1968\" src=\"https:\/\/www.santai-ceramics.com\/wp-content\/uploads\/2025\/12\/F37824-H940-A01-02-03-1_1_11zon.jpg\" alt=\"\" class=\"wp-image-4080\" srcset=\"https:\/\/www.santai-ceramics.com\/wp-content\/uploads\/2025\/12\/F37824-H940-A01-02-03-1_1_11zon.jpg 2363w, https:\/\/www.santai-ceramics.com\/wp-content\/uploads\/2025\/12\/F37824-H940-A01-02-03-1_1_11zon-300x250.jpg 300w, https:\/\/www.santai-ceramics.com\/wp-content\/uploads\/2025\/12\/F37824-H940-A01-02-03-1_1_11zon-768x640.jpg 768w, https:\/\/www.santai-ceramics.com\/wp-content\/uploads\/2025\/12\/F37824-H940-A01-02-03-1_1_11zon-14x12.jpg 14w, https:\/\/www.santai-ceramics.com\/wp-content\/uploads\/2025\/12\/F37824-H940-A01-02-03-1_1_11zon-1200x999.jpg 1200w, https:\/\/www.santai-ceramics.com\/wp-content\/uploads\/2025\/12\/F37824-H940-A01-02-03-1_1_11zon-600x500.jpg 600w\" sizes=\"(max-width: 2363px) 100vw, 2363px\" \/><\/figure>\n<\/div>\n\n\n\n<div class=\"wp-block-column is-layout-flow wp-block-column-is-layout-flow\">\n<figure class=\"wp-block-image size-full\"><img decoding=\"async\" width=\"2024\" height=\"1686\" src=\"https:\/\/www.santai-ceramics.com\/wp-content\/uploads\/2025\/12\/F37824-H940-A01-02-03-2_2_11zon.jpg\" alt=\"\" class=\"wp-image-4081\" srcset=\"https:\/\/www.santai-ceramics.com\/wp-content\/uploads\/2025\/12\/F37824-H940-A01-02-03-2_2_11zon.jpg 2024w, https:\/\/www.santai-ceramics.com\/wp-content\/uploads\/2025\/12\/F37824-H940-A01-02-03-2_2_11zon-300x250.jpg 300w, https:\/\/www.santai-ceramics.com\/wp-content\/uploads\/2025\/12\/F37824-H940-A01-02-03-2_2_11zon-768x640.jpg 768w, https:\/\/www.santai-ceramics.com\/wp-content\/uploads\/2025\/12\/F37824-H940-A01-02-03-2_2_11zon-14x12.jpg 14w, https:\/\/www.santai-ceramics.com\/wp-content\/uploads\/2025\/12\/F37824-H940-A01-02-03-2_2_11zon-1200x1000.jpg 1200w, https:\/\/www.santai-ceramics.com\/wp-content\/uploads\/2025\/12\/F37824-H940-A01-02-03-2_2_11zon-600x500.jpg 600w\" sizes=\"(max-width: 2024px) 100vw, 2024px\" \/><\/figure>\n<\/div>\n<\/div>\n\n\n\n<p><\/p>","protected":false},"excerpt":{"rendered":"<p data-pm-slice=\"0 0 []\">Unsere dekorative Vasen-Serie f\u00fcr den Gro\u00dfhandel kombiniert nat\u00fcrliche Textur, handgemalte Blumenkunst und glatte Hochglanzglasur. Entworfen f\u00fcr <strong data-start=\"295\" data-end=\"345\">Hoteldekorateure, Floristen und Geschenkelieferanten<\/strong>Er verbindet klassische orientalische Sch\u00f6nheit mit modernem Vintage-Stil - ideal f\u00fcr gro\u00dffl\u00e4chige Ausstellungen oder hochwertige Geschenke.<\/p>\n<h2>Spezifikation der Keramikvase Serie<\/h2>\n<table width=\"1140\">\n<tbody>\n<tr>\n<td width=\"285\">Modellnummer<\/td>\n<td width=\"285\">F37824-H940-A01<\/td>\n<td width=\"285\">F37824-H940-A02<\/td>\n<td width=\"285\">F37824-H940-A03<\/td>\n<\/tr>\n<tr>\n<td>Produktname<\/td>\n<td>Betontopf<\/td>\n<td>Betontopf<\/td>\n<td>Betontopf<\/td>\n<\/tr>\n<tr>\n<td>Farbe<\/td>\n<td>Antik Blau<\/td>\n<td>Antik Blau<\/td>\n<td>Antik Blau<\/td>\n<\/tr>\n<tr>\n<td>Material<\/td>\n<td>Beton<\/td>\n<td>Beton<\/td>\n<td>Beton<\/td>\n<\/tr>\n<tr>\n<td>Verwendungsszenarien<\/td>\n<td>Haus- und Gartendekoration<\/td>\n<td>Haus- und Gartendekoration<\/td>\n<td>Haus- und Gartendekoration<\/td>\n<\/tr>\n<tr>\n<td>Abmessungen<\/td>\n<td>D:20X19cm<\/td>\n<td>D:16X15cm<\/td>\n<td>T:13X12.5cm<\/td>\n<\/tr>\n<tr>\n<td>Gewicht<\/td>\n<td>2,2 kg\/St\u00fcck<\/td>\n<td>1,4 kg\/St\u00fcck<\/td>\n<td>0,7 kg\/St\u00fcck<\/td>\n<\/tr>\n<\/tbody>\n<\/table>","protected":false},"featured_media":4081,"comment_status":"closed","ping_status":"closed","template":"","meta":{"_acf_changed":false},"product_brand":[],"product_cat":[18,22],"product_tag":[],"class_list":{"0":"post-4063","1":"product","2":"type-product","3":"status-publish","4":"has-post-thumbnail","6":"product_cat-home-decor","7":"product_cat-vase","9":"first","10":"instock","11":"shipping-taxable","12":"product-type-simple"},"acf":[],"_links":{"self":[{"href":"https:\/\/www.santai-ceramics.com\/de\/wp-json\/wp\/v2\/product\/4063","targetHints":{"allow":["GET"]}}],"collection":[{"href":"https:\/\/www.santai-ceramics.com\/de\/wp-json\/wp\/v2\/product"}],"about":[{"href":"https:\/\/www.santai-ceramics.com\/de\/wp-json\/wp\/v2\/types\/product"}],"replies":[{"embeddable":true,"href":"https:\/\/www.santai-ceramics.com\/de\/wp-json\/wp\/v2\/comments?post=4063"}],"wp:featuredmedia":[{"embeddable":true,"href":"https:\/\/www.santai-ceramics.com\/de\/wp-json\/wp\/v2\/media\/4081"}],"wp:attachment":[{"href":"https:\/\/www.santai-ceramics.com\/de\/wp-json\/wp\/v2\/media?parent=4063"}],"wp:term":[{"taxonomy":"product_brand","embeddable":true,"href":"https:\/\/www.santai-ceramics.com\/de\/wp-json\/wp\/v2\/product_brand?post=4063"},{"taxonomy":"product_cat","embeddable":true,"href":"https:\/\/www.santai-ceramics.com\/de\/wp-json\/wp\/v2\/product_cat?post=4063"},{"taxonomy":"product_tag","embeddable":true,"href":"https:\/\/www.santai-ceramics.com\/de\/wp-json\/wp\/v2\/product_tag?post=4063"}],"curies":[{"name":"wp","href":"https:\/\/api.w.org\/{rel}","templated":true}]}}