{"id":4222,"date":"2026-03-12T08:39:39","date_gmt":"2026-03-12T08:39:39","guid":{"rendered":"https:\/\/www.santai-ceramics.com\/?post_type=product&#038;p=4222"},"modified":"2026-03-12T08:39:45","modified_gmt":"2026-03-12T08:39:45","slug":"wholesale-cement-plant-pots-vertical-textures-natural-patina","status":"publish","type":"product","link":"https:\/\/www.santai-ceramics.com\/de\/product\/wholesale-cement-plant-pots-vertical-textures-natural-patina\/","title":{"rendered":"Wholesale Cement Plant Pots- Vertical Textures &amp; Natural Patina"},"content":{"rendered":"<h3 class=\"wp-block-heading\">Features of\u00a0Cement Plant Pots &#8211; Vertical Textures &amp; Natural Patina<\/h3>\n\n\n\n<ul class=\"wp-block-list\">\n<li><strong>Rohe, erdige Textur<\/strong>: Diese Pflanzgef\u00e4\u00dfe werden haupts\u00e4chlich aus Terrakotta hergestellt, wobei einige Vasen eine zement\u00e4hnliche Oberfl\u00e4che haben und nat\u00fcrliche handwerkliche Merkmale aufweisen. Die Oberfl\u00e4che ist k\u00f6rnig, f\u00fchlt sich rau an und weist subtile Risse oder matte Effekte auf, die eine \"ungez\u00e4hmte\" Authentizit\u00e4t vermitteln.<\/li>\n<\/ul>\n\n\n\n<ul class=\"wp-block-list\">\n<li><strong>Nat\u00fcrliche Patina und Alterungseffekt<\/strong>: Die Pflanzgef\u00e4\u00dfe haben einen hellgrauen, cremefarbenen und grauwei\u00dfen Sockel, der durch zuf\u00e4llige Flecken in Hellbraun und Orangebraun akzentuiert wird, um das gealterte Aussehen von Gegenst\u00e4nden zu simulieren, die mit der Zeit abgetragen wurden. In einigen Bereichen wird die nat\u00fcrliche Tonfarbe freigelegt, wodurch die rohe Textur der Terrakotta erhalten bleibt und ein \"Vintage-Gef\u00fchl\" entsteht.<\/li>\n<\/ul>\n\n\n\n<ul class=\"wp-block-list\">\n<li><strong>Vertikale Textur f\u00fcr Tiefe und Kontrast<\/strong>: Die Pflanzgef\u00e4\u00dfe sind mit vertikalen Rillen oder Streifen verziert, die ihre Dreidimensionalit\u00e4t und taktile Qualit\u00e4t verst\u00e4rken. Einige weisen eine Textur auf, die an gegossenen Beton erinnert und einen \"handgegossenen\" Eindruck vermittelt. Die Rillen fallen nicht nur ins Auge, sondern erzeugen im Zusammenspiel mit dem Licht lebhafte Schatten, die die Textur hervorheben.<\/li>\n<\/ul>\n\n\n\n<h3 class=\"wp-block-heading\">Custom Cement Plant Pots Service<\/h3>\n\n\n\n<p>Wir bieten OEM- und ODM-Dienstleistungen f\u00fcr unsere Produkte an.<br>Eine schnelle Lieferung von Mustern ist m\u00f6glich.<br>Wir bieten eine Vielzahl von Formen, Farben, individuellem Druck, Verpackungen und anderen ma\u00dfgeschneiderten Dienstleistungen an, um Ihre speziellen Anforderungen zu erf\u00fcllen.<br><a href=\"https:\/\/www.santai-ceramics.com\/de\/custom\/\" data-type=\"page\" data-id=\"13\" target=\"_blank\" rel=\"noreferrer noopener\"><strong><b>Erfahren Sie mehr \u00fcber Custom<\/b> ceramic plant vase details.<\/strong><\/a><\/p>\n\n\n\n<div class=\"wp-block-columns is-layout-flex wp-container-core-columns-is-layout-9d6595d7 wp-block-columns-is-layout-flex\">\n<div class=\"wp-block-column is-layout-flow wp-block-column-is-layout-flow\">\n<figure class=\"wp-block-image size-full\"><img decoding=\"async\" width=\"3058\" height=\"3058\" src=\"https:\/\/www.santai-ceramics.com\/wp-content\/uploads\/2026\/03\/DSC00642_17_11zon.jpg\" alt=\"\" class=\"wp-image-4202\" srcset=\"https:\/\/www.santai-ceramics.com\/wp-content\/uploads\/2026\/03\/DSC00642_17_11zon.jpg 3058w, https:\/\/www.santai-ceramics.com\/wp-content\/uploads\/2026\/03\/DSC00642_17_11zon-300x300.jpg 300w, https:\/\/www.santai-ceramics.com\/wp-content\/uploads\/2026\/03\/DSC00642_17_11zon-150x150.jpg 150w, https:\/\/www.santai-ceramics.com\/wp-content\/uploads\/2026\/03\/DSC00642_17_11zon-768x768.jpg 768w, https:\/\/www.santai-ceramics.com\/wp-content\/uploads\/2026\/03\/DSC00642_17_11zon-12x12.jpg 12w, https:\/\/www.santai-ceramics.com\/wp-content\/uploads\/2026\/03\/DSC00642_17_11zon-1200x1200.jpg 1200w, https:\/\/www.santai-ceramics.com\/wp-content\/uploads\/2026\/03\/DSC00642_17_11zon-600x600.jpg 600w, https:\/\/www.santai-ceramics.com\/wp-content\/uploads\/2026\/03\/DSC00642_17_11zon-100x100.jpg 100w\" sizes=\"(max-width: 3058px) 100vw, 3058px\" \/><\/figure>\n<\/div>\n\n\n\n<div class=\"wp-block-column is-layout-flow wp-block-column-is-layout-flow\">\n<figure class=\"wp-block-image size-full\"><img decoding=\"async\" width=\"1924\" height=\"1924\" src=\"https:\/\/www.santai-ceramics.com\/wp-content\/uploads\/2026\/03\/DSC00641_16_11zon.jpg\" alt=\"\" class=\"wp-image-4201\" srcset=\"https:\/\/www.santai-ceramics.com\/wp-content\/uploads\/2026\/03\/DSC00641_16_11zon.jpg 1924w, https:\/\/www.santai-ceramics.com\/wp-content\/uploads\/2026\/03\/DSC00641_16_11zon-300x300.jpg 300w, https:\/\/www.santai-ceramics.com\/wp-content\/uploads\/2026\/03\/DSC00641_16_11zon-150x150.jpg 150w, https:\/\/www.santai-ceramics.com\/wp-content\/uploads\/2026\/03\/DSC00641_16_11zon-768x768.jpg 768w, https:\/\/www.santai-ceramics.com\/wp-content\/uploads\/2026\/03\/DSC00641_16_11zon-12x12.jpg 12w, https:\/\/www.santai-ceramics.com\/wp-content\/uploads\/2026\/03\/DSC00641_16_11zon-1200x1200.jpg 1200w, https:\/\/www.santai-ceramics.com\/wp-content\/uploads\/2026\/03\/DSC00641_16_11zon-600x600.jpg 600w, https:\/\/www.santai-ceramics.com\/wp-content\/uploads\/2026\/03\/DSC00641_16_11zon-100x100.jpg 100w\" sizes=\"(max-width: 1924px) 100vw, 1924px\" \/><\/figure>\n<\/div>\n<\/div>","protected":false},"excerpt":{"rendered":"<p data-pm-slice=\"0 0 []\">These wholesale cement plant vases feature a rustic, raw finish with natural handcrafted marks, creating a timeless look. The subtle blend of earthy tones and vertical textures makes them a perfect addition to any space, combining functionality with artisanal charm.<\/p>\n<h2>Specification of\u00a0 Cement Plant Pots &#8211; Vertical Textures &amp; Natural Patina<\/h2>\n<table width=\"1140\">\n<tbody>\n<tr>\n<td width=\"285\">Modellnummer<\/td>\n<td width=\"285\">F37814-H885-A01<\/td>\n<td width=\"285\">F37814-H885-A02<\/td>\n<td width=\"285\">F37814-H885-A03<\/td>\n<\/tr>\n<tr>\n<td>Produktname<\/td>\n<td>Cement Pot<\/td>\n<td>Cement Pot<\/td>\n<td>Cement Pot<\/td>\n<\/tr>\n<tr>\n<td>Farbe<\/td>\n<td>Antike Erdfarben<\/td>\n<td>Antike Erdfarben<\/td>\n<td>Antike Erdfarben<\/td>\n<\/tr>\n<tr>\n<td>Material<\/td>\n<td>Cement\u00a0<\/td>\n<td>Cement\u00a0<\/td>\n<td>Cement\u00a0<\/td>\n<\/tr>\n<tr>\n<td>Verwendungsszenarien<\/td>\n<td>Haus- und Gartendekoration<\/td>\n<td>Haus- und Gartendekoration<\/td>\n<td>Haus- und Gartendekoration<\/td>\n<\/tr>\n<tr>\n<td>Abmessungen<\/td>\n<td>D:18.5X22.5cm<\/td>\n<td>D:18X16cm<\/td>\n<td>D:14X13cm<\/td>\n<\/tr>\n<tr>\n<td>Gewicht<\/td>\n<td>2,6 kg\/St\u00fcck<\/td>\n<td>1,8 kg\/St\u00fcck<\/td>\n<td>1,2 kg\/St\u00fcck<\/td>\n<\/tr>\n<\/tbody>\n<\/table>","protected":false},"featured_media":4199,"comment_status":"closed","ping_status":"closed","template":"","meta":{"_acf_changed":false},"product_brand":[],"product_cat":[18,21,22],"product_tag":[],"class_list":{"0":"post-4222","1":"product","2":"type-product","3":"status-publish","4":"has-post-thumbnail","6":"product_cat-home-decor","7":"product_cat-garden-decor","8":"product_cat-vase","10":"first","11":"instock","12":"shipping-taxable","13":"product-type-simple"},"acf":[],"_links":{"self":[{"href":"https:\/\/www.santai-ceramics.com\/de\/wp-json\/wp\/v2\/product\/4222","targetHints":{"allow":["GET"]}}],"collection":[{"href":"https:\/\/www.santai-ceramics.com\/de\/wp-json\/wp\/v2\/product"}],"about":[{"href":"https:\/\/www.santai-ceramics.com\/de\/wp-json\/wp\/v2\/types\/product"}],"replies":[{"embeddable":true,"href":"https:\/\/www.santai-ceramics.com\/de\/wp-json\/wp\/v2\/comments?post=4222"}],"wp:featuredmedia":[{"embeddable":true,"href":"https:\/\/www.santai-ceramics.com\/de\/wp-json\/wp\/v2\/media\/4199"}],"wp:attachment":[{"href":"https:\/\/www.santai-ceramics.com\/de\/wp-json\/wp\/v2\/media?parent=4222"}],"wp:term":[{"taxonomy":"product_brand","embeddable":true,"href":"https:\/\/www.santai-ceramics.com\/de\/wp-json\/wp\/v2\/product_brand?post=4222"},{"taxonomy":"product_cat","embeddable":true,"href":"https:\/\/www.santai-ceramics.com\/de\/wp-json\/wp\/v2\/product_cat?post=4222"},{"taxonomy":"product_tag","embeddable":true,"href":"https:\/\/www.santai-ceramics.com\/de\/wp-json\/wp\/v2\/product_tag?post=4222"}],"curies":[{"name":"wp","href":"https:\/\/api.w.org\/{rel}","templated":true}]}}