{"id":579,"date":"2024-10-11T03:40:25","date_gmt":"2024-10-11T03:40:25","guid":{"rendered":"https:\/\/www.santai-ceramics.com\/?post_type=product&#038;p=579"},"modified":"2024-10-27T14:57:39","modified_gmt":"2024-10-27T14:57:39","slug":"wholesale-modern-ceramic-vases","status":"publish","type":"product","link":"https:\/\/www.santai-ceramics.com\/de\/product\/wholesale-modern-ceramic-vases\/","title":{"rendered":"Gro\u00dfhandel Moderne Keramikvasen Minimalistisches Design Perfekte Keramik Home Decor"},"content":{"rendered":"<h3 class=\"wp-block-heading\">Parameters of Modern Ceramic Vase<\/h3>\n\n\n\n<figure class=\"wp-block-table\"><table class=\"has-fixed-layout\"><tbody><tr><td>Modell<\/td><td>Produktname<\/td><td>Farbe<\/td><td>Material<\/td><td>Verwendet<\/td><td>Abmessungen<\/td><td>Gewicht<\/td><\/tr><tr><td>A35935-LC21-A01<\/td><td>Keramische Blumenvase<\/td><td>green<\/td><td>Keramik<\/td><td><span class=\"font5\">h<\/span><span class=\"font5\">Wohndekor, Wohnzimmer<\/span><\/td><td>D:18X32<\/td><td>1,7 kg\/St\u00fcck<\/td><\/tr><tr><td>A30522-MX68-A03<\/td><td>Keramische Blumenvase<\/td><td>Blau &amp; Wei\u00df<\/td><td>Keramik<\/td><td><span class=\"font5\">h<\/span><span class=\"font5\">Wohndekor, Wohnzimmer<\/span><\/td><td>T:8X16.5<\/td><td>0,38 kg\/St\u00fcck<\/td><\/tr><\/tbody><\/table><\/figure>\n\n\n\n<h3 class=\"wp-block-heading\">Vasen-Service nach Ma\u00df<\/h3>\n\n\n\n<p>1.We offer OEM and ODM services for our products.<br>2.Fast sample delivery is available.<br>3.We provide a variety of shapes, colors, custom printing, packaging, and other tailored services to meet your needs.<\/p>\n\n\n\n<div class=\"wp-block-columns is-layout-flex wp-container-core-columns-is-layout-9d6595d7 wp-block-columns-is-layout-flex\">\n<div class=\"wp-block-column is-layout-flow wp-block-column-is-layout-flow\">\n<figure class=\"wp-block-image size-full\"><img decoding=\"async\" width=\"554\" height=\"554\" src=\"https:\/\/www.santai-ceramics.com\/wp-content\/uploads\/2024\/10\/wholesale-modern-ceramic-vases.webp\" alt=\"Gro\u00dfhandel moderne Keramikvasen\" class=\"wp-image-671\" srcset=\"https:\/\/www.santai-ceramics.com\/wp-content\/uploads\/2024\/10\/wholesale-modern-ceramic-vases.webp 554w, https:\/\/www.santai-ceramics.com\/wp-content\/uploads\/2024\/10\/wholesale-modern-ceramic-vases-300x300.webp 300w, https:\/\/www.santai-ceramics.com\/wp-content\/uploads\/2024\/10\/wholesale-modern-ceramic-vases-150x150.webp 150w, https:\/\/www.santai-ceramics.com\/wp-content\/uploads\/2024\/10\/wholesale-modern-ceramic-vases-100x100.webp 100w\" sizes=\"(max-width: 554px) 100vw, 554px\" \/><\/figure>\n<\/div>\n\n\n\n<div class=\"wp-block-column is-layout-flow wp-block-column-is-layout-flow\">\n<figure class=\"wp-block-image size-full\"><img decoding=\"async\" width=\"554\" height=\"554\" src=\"https:\/\/www.santai-ceramics.com\/wp-content\/uploads\/2024\/10\/wholesale-modern-ceramic-vases-2-2.webp\" alt=\"wholesale modern ceramic vases (3)\" class=\"wp-image-673\" srcset=\"https:\/\/www.santai-ceramics.com\/wp-content\/uploads\/2024\/10\/wholesale-modern-ceramic-vases-2-2.webp 554w, https:\/\/www.santai-ceramics.com\/wp-content\/uploads\/2024\/10\/wholesale-modern-ceramic-vases-2-2-300x300.webp 300w, https:\/\/www.santai-ceramics.com\/wp-content\/uploads\/2024\/10\/wholesale-modern-ceramic-vases-2-2-150x150.webp 150w, https:\/\/www.santai-ceramics.com\/wp-content\/uploads\/2024\/10\/wholesale-modern-ceramic-vases-2-2-100x100.webp 100w\" sizes=\"(max-width: 554px) 100vw, 554px\" \/><\/figure>\n<\/div>\n<\/div>","protected":false},"excerpt":{"rendered":"<p>Gro\u00dfhandel modernen Stil Keramik-Vasen. Diese Vase hat einfache und glatte Linien, die Oberfl\u00e4che ist aus hochwertigem Glasur, die Textur ist weich, es ist sowohl sch\u00f6n und praktisch, geeignet f\u00fcr Haus, B\u00fcro, Hotel und andere Szenen. SANTAI Hersteller bietet Ihnen One-Stop-Gro\u00dfhandel und kundenspezifische Vase L\u00f6sungen. Willkommen B2B K\u00e4ufer, Hotels, um uns f\u00fcr die Beschaffung zu kontaktieren.<\/p>\n<h2>Eigenschaften von Modern Ceramic Vase<\/h2>\n<p><strong>Einzigartiges Texturdesign<\/strong>: Die Oberfl\u00e4che dieser modernen Keramikvase weist eine konkave und konvexe geometrische Textur auf, die einen visuellen Eindruck von Schichtung vermittelt.<\/p>\n<p><strong>Verschmelzung von Textur und Farbe<\/strong>: Die wei\u00dfe Hauptglasur wird mit hellblauen Verzierungen kombiniert, wodurch die gesamte Vase frisch und nat\u00fcrlich wirkt, als ob sich die Farbe der handgefertigten Glasur leicht ver\u00e4ndert, was den einzigartigen Charme der handgefertigten Produkte unterstreicht.<\/p>\n<p><strong>Multifunktionales Mobiliar<\/strong>: Das Kombinationsdesign umfasst eine hohe und zwei niedrige Vasen, die f\u00fcr Blumenarrangements, Ornamente oder zur separaten Pr\u00e4sentation verwendet werden k\u00f6nnen und dem Raum mehr Dekorationsm\u00f6glichkeiten bieten.<\/p>\n<p><strong>Umweltfreundliche Materialien<\/strong>: Die Verwendung von keramischen Materialien, die bei hohen Temperaturen gebrannt werden, gew\u00e4hrleisten, dass das Produkt nicht nur sch\u00f6n ist, sondern auch mit modernen Umweltschutzkonzepten \u00fcbereinstimmt.<\/p>\n<p><strong>OEM- und ODM-Unterst\u00fctzung f\u00fcr kundenspezifische Vasen:<\/strong> Wir bieten umfassende OEM- und ODM-Unterst\u00fctzung, um Ihnen bei der Anpassung einzigartiger Vasen zu helfen, von der Materialauswahl bis zur Endproduktion, um Ihr Designkonzept vollst\u00e4ndig zu verwirklichen.<\/p>","protected":false},"featured_media":671,"comment_status":"closed","ping_status":"closed","template":"","meta":{"_acf_changed":false},"product_brand":[],"product_cat":[22,18],"product_tag":[34],"class_list":{"0":"post-579","1":"product","2":"type-product","3":"status-publish","4":"has-post-thumbnail","6":"product_cat-vase","7":"product_cat-home-decor","8":"product_tag-ceramic-vase","10":"first","11":"instock","12":"shipping-taxable","13":"product-type-simple"},"acf":[],"_links":{"self":[{"href":"https:\/\/www.santai-ceramics.com\/de\/wp-json\/wp\/v2\/product\/579","targetHints":{"allow":["GET"]}}],"collection":[{"href":"https:\/\/www.santai-ceramics.com\/de\/wp-json\/wp\/v2\/product"}],"about":[{"href":"https:\/\/www.santai-ceramics.com\/de\/wp-json\/wp\/v2\/types\/product"}],"replies":[{"embeddable":true,"href":"https:\/\/www.santai-ceramics.com\/de\/wp-json\/wp\/v2\/comments?post=579"}],"wp:featuredmedia":[{"embeddable":true,"href":"https:\/\/www.santai-ceramics.com\/de\/wp-json\/wp\/v2\/media\/671"}],"wp:attachment":[{"href":"https:\/\/www.santai-ceramics.com\/de\/wp-json\/wp\/v2\/media?parent=579"}],"wp:term":[{"taxonomy":"product_brand","embeddable":true,"href":"https:\/\/www.santai-ceramics.com\/de\/wp-json\/wp\/v2\/product_brand?post=579"},{"taxonomy":"product_cat","embeddable":true,"href":"https:\/\/www.santai-ceramics.com\/de\/wp-json\/wp\/v2\/product_cat?post=579"},{"taxonomy":"product_tag","embeddable":true,"href":"https:\/\/www.santai-ceramics.com\/de\/wp-json\/wp\/v2\/product_tag?post=579"}],"curies":[{"name":"wp","href":"https:\/\/api.w.org\/{rel}","templated":true}]}}