{"id":677,"date":"2024-10-14T07:52:15","date_gmt":"2024-10-14T07:52:15","guid":{"rendered":"https:\/\/www.santai-ceramics.com\/?post_type=product&#038;p=677"},"modified":"2025-06-08T15:24:43","modified_gmt":"2025-06-08T15:24:43","slug":"wholesale-classical-ceramic-flower-pots","status":"publish","type":"product","link":"https:\/\/www.santai-ceramics.com\/de\/product\/wholesale-classical-ceramic-flower-pots\/","title":{"rendered":"Gro\u00dfhandel klassische keramische Blument\u00f6pfe mit Vintage-Design und antike Oberfl\u00e4che f\u00fcr Innen-und Au\u00dfenbereich Gartendekoration"},"content":{"rendered":"<h3 class=\"wp-block-heading\">Parameter des klassischen keramischen Blumentopfes<\/h3>\n\n\n\n<figure class=\"wp-block-table\"><table class=\"has-fixed-layout\"><tbody><tr><td>Modell<\/td><td>Produktname<\/td><td>Farbe<\/td><td>Material<\/td><td>Verwendet<\/td><td>Abmessungen<\/td><td>Gewicht<\/td><\/tr><tr><td>G33514-H856-A01<\/td><td>Keramik Antik Finish Topf<\/td><td>Antik Braun<\/td><td>Terrakotta<\/td><td>Heimdekor, Gartendekor<\/td><td>T:21X17<\/td><td>2,2 kg\/St\u00fcck<\/td><\/tr><tr><td>G33514-H856-A02<\/td><td>Keramik Antik Finish Topf<\/td><td>Antik Braun<\/td><td>Terrakotta<\/td><td>Heimdekor, Gartendekor<\/td><td>T:17X13.5<\/td><td>1,4 kg\/St\u00fcck<\/td><\/tr><tr><td>G33514-H856-A03<\/td><td>Keramik Antik Finish Topf<\/td><td>Antik Braun<\/td><td>Terrakotta<\/td><td>Heimdekor, Gartendekor<\/td><td>T:13,5X11<\/td><td>0,9 kg\/St\u00fcck<\/td><\/tr><\/tbody><\/table><\/figure>\n\n\n\n<h3 class=\"wp-block-heading\">Custom Classical Keramik Blumentopf Service<\/h3>\n\n\n\n<p>Wir bieten OEM- und ODM-Dienstleistungen f\u00fcr unsere Produkte an.<br>Eine schnelle Lieferung von Mustern ist m\u00f6glich.<br>Wir bieten eine Vielzahl von Formen, Farben, individuellem Druck, Verpackungen und anderen ma\u00dfgeschneiderten Dienstleistungen, um Ihre Bed\u00fcrfnisse zu erf\u00fcllen.<br><strong><a href=\"https:\/\/www.santai-ceramics.com\/de\/custom\/\" data-type=\"page\" data-id=\"13\" target=\"_blank\" rel=\"noreferrer noopener\">Erfahren Sie mehr \u00fcber individuelle Blumentopfdetails.<\/a><\/strong><\/p>\n\n\n\n<div class=\"wp-block-columns is-layout-flex wp-container-core-columns-is-layout-9d6595d7 wp-block-columns-is-layout-flex\">\n<div class=\"wp-block-column is-layout-flow wp-block-column-is-layout-flow\">\n<figure class=\"wp-block-image size-full\"><img decoding=\"async\" width=\"2620\" height=\"2620\" src=\"https:\/\/www.santai-ceramics.com\/wp-content\/uploads\/2024\/10\/wholesale-retro-flower-pots-3.webp\" alt=\"Gro\u00dfhandel Retro Blument\u00f6pfe (3)\" class=\"wp-image-680\" srcset=\"https:\/\/www.santai-ceramics.com\/wp-content\/uploads\/2024\/10\/wholesale-retro-flower-pots-3.webp 2620w, https:\/\/www.santai-ceramics.com\/wp-content\/uploads\/2024\/10\/wholesale-retro-flower-pots-3-300x300.webp 300w, https:\/\/www.santai-ceramics.com\/wp-content\/uploads\/2024\/10\/wholesale-retro-flower-pots-3-150x150.webp 150w, https:\/\/www.santai-ceramics.com\/wp-content\/uploads\/2024\/10\/wholesale-retro-flower-pots-3-768x768.webp 768w, https:\/\/www.santai-ceramics.com\/wp-content\/uploads\/2024\/10\/wholesale-retro-flower-pots-3-1200x1200.webp 1200w, https:\/\/www.santai-ceramics.com\/wp-content\/uploads\/2024\/10\/wholesale-retro-flower-pots-3-600x600.webp 600w, https:\/\/www.santai-ceramics.com\/wp-content\/uploads\/2024\/10\/wholesale-retro-flower-pots-3-100x100.webp 100w\" sizes=\"(max-width: 2620px) 100vw, 2620px\" \/><\/figure>\n<\/div>\n\n\n\n<div class=\"wp-block-column is-layout-flow wp-block-column-is-layout-flow\">\n<figure class=\"wp-block-image size-full\"><img decoding=\"async\" width=\"3130\" height=\"3130\" src=\"https:\/\/www.santai-ceramics.com\/wp-content\/uploads\/2024\/10\/wholesale-retro-flower-pots-2.webp\" alt=\"Gro\u00dfhandel Retro Blument\u00f6pfe (2)\" class=\"wp-image-679\" srcset=\"https:\/\/www.santai-ceramics.com\/wp-content\/uploads\/2024\/10\/wholesale-retro-flower-pots-2.webp 3130w, https:\/\/www.santai-ceramics.com\/wp-content\/uploads\/2024\/10\/wholesale-retro-flower-pots-2-300x300.webp 300w, https:\/\/www.santai-ceramics.com\/wp-content\/uploads\/2024\/10\/wholesale-retro-flower-pots-2-150x150.webp 150w, https:\/\/www.santai-ceramics.com\/wp-content\/uploads\/2024\/10\/wholesale-retro-flower-pots-2-768x768.webp 768w, https:\/\/www.santai-ceramics.com\/wp-content\/uploads\/2024\/10\/wholesale-retro-flower-pots-2-1200x1200.webp 1200w, https:\/\/www.santai-ceramics.com\/wp-content\/uploads\/2024\/10\/wholesale-retro-flower-pots-2-600x600.webp 600w, https:\/\/www.santai-ceramics.com\/wp-content\/uploads\/2024\/10\/wholesale-retro-flower-pots-2-100x100.webp 100w\" sizes=\"(max-width: 3130px) 100vw, 3130px\" \/><\/figure>\n<\/div>\n<\/div>","protected":false},"excerpt":{"rendered":"<p>Gro\u00dfhandel Vintage Blument\u00f6pfe, mit klassischem Design und antike Handwerkskunst, geeignet f\u00fcr den Innen- und Au\u00dfenbereich Gartendekoration, sowohl sch\u00f6n und praktisch, um alle Arten von Gartenarbeit und Heimdekoration Bed\u00fcrfnisse zu erf\u00fcllen. SANTAI Keramik Hersteller bieten Ihnen eine One-Stop-L\u00f6sung, willkommen B2B K\u00e4ufer, uns f\u00fcr den Kauf zu kontaktieren.<\/p>\n<h2>Eigenschaften der Mgo Antike Blumenvase<\/h2>\n<p><strong>Produktbeschreibung Klassischer Stil<\/strong>: Die exquisit geschnitzten Reliefmuster auf der Oberfl\u00e4che des Blumentopfs strahlen einen alten, klassischen Charme aus, der eine k\u00fcnstlerische Atmosph\u00e4re f\u00fcr die Verwendung in Innenh\u00f6fen oder Innenr\u00e4umen hervorrufen kann. Er passt gut zu vielen verschiedenen R\u00e4umen.<\/p>\n<p><strong>Langlebig und solide<\/strong>Das Innere ist mit hochwertigem Material ausgestattet, und die Oberfl\u00e4chenstruktur ist Stein im antiken Stil, sehr sch\u00f6n, mit guter Best\u00e4ndigkeit gegen schlechtes Wetter; es kann drau\u00dfen oder drinnen f\u00fcr eine lange Zeit verwendet werden.<\/p>\n<p><strong>Dickes Design<\/strong>: Die dicke Wand des Blumentopfs bietet einen stabilen Halt, um ein Umkippen zu verhindern, und eignet sich f\u00fcr die Bepflanzung mit gro\u00dfen oder tief wurzelnden Pflanzen.<\/p>\n<p><strong>Vielseitigkeit<\/strong>: Er eignet sich nicht nur als Blumentopf, sondern auch als dekorativer Aufbewahrungsbeh\u00e4lter f\u00fcr verschiedene Situationen, z. B. auf dem Balkon, im Garten oder im Wohnzimmer.<\/p>\n<p><strong>Einzigartiger Distressed-Effekt<\/strong>: Die Oberfl\u00e4che hat einen Antik-Effekt; der Retro-Stil strahlt eine nat\u00fcrliche, eingeschnittene Sch\u00f6nheit aus.<\/p>","protected":false},"featured_media":678,"comment_status":"closed","ping_status":"closed","template":"","meta":{"_acf_changed":false},"product_brand":[],"product_cat":[23,42,21,18],"product_tag":[38],"class_list":{"0":"post-677","1":"product","2":"type-product","3":"status-publish","4":"has-post-thumbnail","6":"product_cat-ceramic-pots-planters","7":"product_cat-wholesale-ceramic-plant-pots","8":"product_cat-garden-decor","9":"product_cat-home-decor","10":"product_tag-wholesale-terracotta-flower-pots","12":"first","13":"instock","14":"shipping-taxable","15":"product-type-simple"},"acf":[],"_links":{"self":[{"href":"https:\/\/www.santai-ceramics.com\/de\/wp-json\/wp\/v2\/product\/677","targetHints":{"allow":["GET"]}}],"collection":[{"href":"https:\/\/www.santai-ceramics.com\/de\/wp-json\/wp\/v2\/product"}],"about":[{"href":"https:\/\/www.santai-ceramics.com\/de\/wp-json\/wp\/v2\/types\/product"}],"replies":[{"embeddable":true,"href":"https:\/\/www.santai-ceramics.com\/de\/wp-json\/wp\/v2\/comments?post=677"}],"wp:featuredmedia":[{"embeddable":true,"href":"https:\/\/www.santai-ceramics.com\/de\/wp-json\/wp\/v2\/media\/678"}],"wp:attachment":[{"href":"https:\/\/www.santai-ceramics.com\/de\/wp-json\/wp\/v2\/media?parent=677"}],"wp:term":[{"taxonomy":"product_brand","embeddable":true,"href":"https:\/\/www.santai-ceramics.com\/de\/wp-json\/wp\/v2\/product_brand?post=677"},{"taxonomy":"product_cat","embeddable":true,"href":"https:\/\/www.santai-ceramics.com\/de\/wp-json\/wp\/v2\/product_cat?post=677"},{"taxonomy":"product_tag","embeddable":true,"href":"https:\/\/www.santai-ceramics.com\/de\/wp-json\/wp\/v2\/product_tag?post=677"}],"curies":[{"name":"wp","href":"https:\/\/api.w.org\/{rel}","templated":true}]}}