{"id":693,"date":"2024-10-14T09:21:03","date_gmt":"2024-10-14T09:21:03","guid":{"rendered":"https:\/\/www.santai-ceramics.com\/?post_type=product&#038;p=693"},"modified":"2024-10-27T14:56:20","modified_gmt":"2024-10-27T14:56:20","slug":"wholesale-chinese-green-vase","status":"publish","type":"product","link":"https:\/\/www.santai-ceramics.com\/de\/product\/wholesale-chinese-green-vase\/","title":{"rendered":"Elegante Bulk Blumenvasen f\u00fcr Home Decor, chinesische gr\u00fcne Vase mit exquisiter Glasur"},"content":{"rendered":"<h3 class=\"wp-block-heading\">Parameter von Bulk-Blumenvasen<\/h3>\n\n\n\n<figure class=\"wp-block-table\"><table class=\"has-fixed-layout\"><tbody><tr><td>Modell<\/td><td>Produktname<\/td><td>Farbe<\/td><td>Material<\/td><td>Verwendet<\/td><td>Abmessungen<\/td><td>Gewicht<\/td><\/tr><tr><td>A34312-LB20-G02<\/td><td>Home Decor Chinesische Blumenvase<\/td><td>Hellblau<\/td><td>Keramik<\/td><td>Wohnkultur, Wohnzimmer<\/td><td>T:18X38.5cm<\/td><td>1.4kg\/PC<\/td><\/tr><tr><td>A34312-LB20-G01<\/td><td>Home Decor Chinesische Blumenvase<\/td><td>Hellblau<\/td><td>Keramik<\/td><td>Wohnkultur, Wohnzimmer<\/td><td>T:18X46.5cm<\/td><td>1.6kg\/PC<\/td><\/tr><\/tbody><\/table><\/figure>\n\n\n\n<h3 class=\"wp-block-heading\">Individueller Blumenvasen-Service<\/h3>\n\n\n\n<p>Wir bieten OEM- und ODM-Dienstleistungen f\u00fcr unsere Produkte an.<br>Eine schnelle Lieferung von Mustern ist m\u00f6glich.<br>Wir bieten eine Vielzahl von Formen, Farben, individuellem Druck, Verpackungen und anderen ma\u00dfgeschneiderten Dienstleistungen an, um Ihre speziellen Anforderungen zu erf\u00fcllen.<br><strong><a href=\"https:\/\/www.santai-ceramics.com\/de\/custom\/\" data-type=\"page\" data-id=\"13\" target=\"_blank\" rel=\"noreferrer noopener\">Erfahren Sie mehr \u00fcber individuelle Blumenvasen.<\/a><\/strong><\/p>\n\n\n\n<div class=\"wp-block-columns is-layout-flex wp-container-core-columns-is-layout-9d6595d7 wp-block-columns-is-layout-flex\">\n<div class=\"wp-block-column is-layout-flow wp-block-column-is-layout-flow\">\n<figure class=\"wp-block-image size-full\"><img decoding=\"async\" width=\"3601\" height=\"3001\" src=\"https:\/\/www.santai-ceramics.com\/wp-content\/uploads\/2024\/10\/Wholesale-Chinese-Green-Vase-2.webp\" alt=\"Gro\u00dfhandel Chinesisch Gr\u00fcn Vase (2)\" class=\"wp-image-695\" srcset=\"https:\/\/www.santai-ceramics.com\/wp-content\/uploads\/2024\/10\/Wholesale-Chinese-Green-Vase-2.webp 3601w, https:\/\/www.santai-ceramics.com\/wp-content\/uploads\/2024\/10\/Wholesale-Chinese-Green-Vase-2-300x250.webp 300w, https:\/\/www.santai-ceramics.com\/wp-content\/uploads\/2024\/10\/Wholesale-Chinese-Green-Vase-2-768x640.webp 768w, https:\/\/www.santai-ceramics.com\/wp-content\/uploads\/2024\/10\/Wholesale-Chinese-Green-Vase-2-1200x1000.webp 1200w, https:\/\/www.santai-ceramics.com\/wp-content\/uploads\/2024\/10\/Wholesale-Chinese-Green-Vase-2-600x500.webp 600w\" sizes=\"(max-width: 3601px) 100vw, 3601px\" \/><\/figure>\n<\/div>\n\n\n\n<div class=\"wp-block-column is-layout-flow wp-block-column-is-layout-flow\">\n<figure class=\"wp-block-image size-full\"><img decoding=\"async\" width=\"3654\" height=\"3045\" src=\"https:\/\/www.santai-ceramics.com\/wp-content\/uploads\/2024\/10\/Wholesale-Chinese-Green-Vase-3.webp\" alt=\"Gro\u00dfhandel Chinesisch Gr\u00fcn Vase (3)\" class=\"wp-image-696\" srcset=\"https:\/\/www.santai-ceramics.com\/wp-content\/uploads\/2024\/10\/Wholesale-Chinese-Green-Vase-3.webp 3654w, https:\/\/www.santai-ceramics.com\/wp-content\/uploads\/2024\/10\/Wholesale-Chinese-Green-Vase-3-300x250.webp 300w, https:\/\/www.santai-ceramics.com\/wp-content\/uploads\/2024\/10\/Wholesale-Chinese-Green-Vase-3-768x640.webp 768w, https:\/\/www.santai-ceramics.com\/wp-content\/uploads\/2024\/10\/Wholesale-Chinese-Green-Vase-3-1200x1000.webp 1200w, https:\/\/www.santai-ceramics.com\/wp-content\/uploads\/2024\/10\/Wholesale-Chinese-Green-Vase-3-600x500.webp 600w\" sizes=\"(max-width: 3654px) 100vw, 3654px\" \/><\/figure>\n<\/div>\n<\/div>","protected":false},"excerpt":{"rendered":"<p>Bulk chinesischen Blumenvasen zum Verkauf, Pagode Design, zeigt eine starke kulturelle Erbe und k\u00fcnstlerische Atmosph\u00e4re. Hergestellt aus hochwertigen keramischen Materialien, mit einer glatten Oberfl\u00e4che, kann es einen einzigartigen orientalischen Charme zu Ihrem Haus oder kommerziellen Raum hinzuf\u00fcgen. Die klassische Pagodenform kann als alleinige Dekoration verwendet werden, oder mit Blumenarrangements kombiniert werden, um den Raum lebendiger zu gestalten. Santai Pottery Manufacturer bietet Ihnen wettbewerbsf\u00e4hige Preise, bitte kontaktieren Sie uns f\u00fcr ein Angebot.<\/p>\n<h2>Merkmale der chinesischen Blumenvase<\/h2>\n<p><strong>Exquisites Aussehen Design<\/strong>: Das exquisite Design dieses Erscheinungsbild der Vase ist, dass die Hauptfarbe von hellgr\u00fcn ist frisch und nat\u00fcrlich, so dass die Menschen ein angenehmes Gef\u00fchl.<\/p>\n<p><strong>Mehrere Gr\u00f6\u00dfenoptionen<\/strong>Die Vasen sind in verschiedenen Gr\u00f6\u00dfen erh\u00e4ltlich, die jeweils auch verschiedene Designs in der Gr\u00f6\u00dfe tragen, die Sie leicht an Ihren Geschmack und Ihren Platzbedarf anpassen k\u00f6nnen.<\/p>\n<p><strong>Ausgezeichnete Produktionstechnik<\/strong>: Die feine Handwerkskunst hat die Oberfl\u00e4che der Vase glatt, flach, makellos, angenehm zu ber\u00fchren, und exquisit und zart mit Mustern verziert, spiegelt die au\u00dfergew\u00f6hnliche F\u00e4higkeit und Liebe zum Detail von SANTAI.<\/p>\n<p><strong>Kombination von Kultur und Kunst<\/strong>Sie ist eine Kombination aus Kultur und Kunst. Diese Vase stellt traditionelle chinesische Pagoden dar, kombiniert mit k\u00fcnstlerischer Handwerkskunst in Keramik, die zum kulturellen Ambiente beitr\u00e4gt; sie verleiht dem Haus als Ganzes einen besseren Geschmack.<\/p>","protected":false},"featured_media":694,"comment_status":"closed","ping_status":"closed","template":"","meta":{"_acf_changed":false},"product_brand":[],"product_cat":[18,22],"product_tag":[34],"class_list":{"0":"post-693","1":"product","2":"type-product","3":"status-publish","4":"has-post-thumbnail","6":"product_cat-home-decor","7":"product_cat-vase","8":"product_tag-ceramic-vase","10":"first","11":"instock","12":"shipping-taxable","13":"product-type-simple"},"acf":[],"_links":{"self":[{"href":"https:\/\/www.santai-ceramics.com\/de\/wp-json\/wp\/v2\/product\/693","targetHints":{"allow":["GET"]}}],"collection":[{"href":"https:\/\/www.santai-ceramics.com\/de\/wp-json\/wp\/v2\/product"}],"about":[{"href":"https:\/\/www.santai-ceramics.com\/de\/wp-json\/wp\/v2\/types\/product"}],"replies":[{"embeddable":true,"href":"https:\/\/www.santai-ceramics.com\/de\/wp-json\/wp\/v2\/comments?post=693"}],"wp:featuredmedia":[{"embeddable":true,"href":"https:\/\/www.santai-ceramics.com\/de\/wp-json\/wp\/v2\/media\/694"}],"wp:attachment":[{"href":"https:\/\/www.santai-ceramics.com\/de\/wp-json\/wp\/v2\/media?parent=693"}],"wp:term":[{"taxonomy":"product_brand","embeddable":true,"href":"https:\/\/www.santai-ceramics.com\/de\/wp-json\/wp\/v2\/product_brand?post=693"},{"taxonomy":"product_cat","embeddable":true,"href":"https:\/\/www.santai-ceramics.com\/de\/wp-json\/wp\/v2\/product_cat?post=693"},{"taxonomy":"product_tag","embeddable":true,"href":"https:\/\/www.santai-ceramics.com\/de\/wp-json\/wp\/v2\/product_tag?post=693"}],"curies":[{"name":"wp","href":"https:\/\/api.w.org\/{rel}","templated":true}]}}