{"id":698,"date":"2024-10-14T10:01:17","date_gmt":"2024-10-14T10:01:17","guid":{"rendered":"https:\/\/www.santai-ceramics.com\/?post_type=product&#038;p=698"},"modified":"2024-10-27T14:55:34","modified_gmt":"2024-10-27T14:55:34","slug":"wholesale-light-green-ceramic-flower-vases","status":"publish","type":"product","link":"https:\/\/www.santai-ceramics.com\/de\/product\/wholesale-light-green-ceramic-flower-vases\/","title":{"rendered":"Gro\u00dfhandel Keramik Blumenvasen: Hellgr\u00fcn, mit eleganten Designs"},"content":{"rendered":"<h3 class=\"wp-block-heading\">Parameter der keramischen Blumenvase<\/h3>\n\n\n\n<figure class=\"wp-block-table\"><table class=\"has-fixed-layout\"><tbody><tr><td>Modell<\/td><td>Produktname<\/td><td>Farbe<\/td><td>Material<\/td><td>Verwendet<\/td><td>Abmessungen<\/td><td>Gewicht<\/td><\/tr><tr><td>A37110-LB20-A02<\/td><td> Keramische Blumenvase<\/td><td>Hellblau<\/td><td>Terrakotta<\/td><td>Wohnkultur, Wohnzimmer<\/td><td>T:16X18cm<\/td><td>0,9kg\/PC<\/td><\/tr><tr><td>A37110-LB20-A01<\/td><td> Keramische Blumenvase<\/td><td>Hellblau<\/td><td>Terrakotta<\/td><td>Wohnkultur, Wohnzimmer<\/td><td>T:20X23cm<\/td><td>1.8kg\/PC<\/td><\/tr><\/tbody><\/table><\/figure>\n\n\n\n<h3 class=\"wp-block-heading\">Individuelle Keramik-Blumenvase Service<\/h3>\n\n\n\n<p>Wir bieten OEM- und ODM-Dienstleistungen f\u00fcr unsere Produkte an.<br>Eine schnelle Lieferung von Mustern ist m\u00f6glich.<br>Wir bieten eine Vielzahl von Formen, Farben, individuellem Druck, Verpackungen und anderen ma\u00dfgeschneiderten Dienstleistungen an, um Ihre speziellen Anforderungen zu erf\u00fcllen.<br><strong><a href=\"https:\/\/www.santai-ceramics.com\/de\/custom\/\" data-type=\"page\" data-id=\"13\" target=\"_blank\" rel=\"noreferrer noopener\">Erfahren Sie mehr \u00fcber die Details der Keramikvase f\u00fcr Blumen.<\/a><\/strong><\/p>\n\n\n\n<div class=\"wp-block-columns is-layout-flex wp-container-core-columns-is-layout-9d6595d7 wp-block-columns-is-layout-flex\">\n<div class=\"wp-block-column is-layout-flow wp-block-column-is-layout-flow\">\n<figure class=\"wp-block-image size-full\"><img decoding=\"async\" width=\"3420\" height=\"2849\" src=\"https:\/\/www.santai-ceramics.com\/wp-content\/uploads\/2024\/10\/20X23-ceramic-flower-vase-display-1.webp\" alt=\"20X23 Keramik Blumenvase Display (1)\" class=\"wp-image-701\" srcset=\"https:\/\/www.santai-ceramics.com\/wp-content\/uploads\/2024\/10\/20X23-ceramic-flower-vase-display-1.webp 3420w, https:\/\/www.santai-ceramics.com\/wp-content\/uploads\/2024\/10\/20X23-ceramic-flower-vase-display-1-300x250.webp 300w, https:\/\/www.santai-ceramics.com\/wp-content\/uploads\/2024\/10\/20X23-ceramic-flower-vase-display-1-768x640.webp 768w, https:\/\/www.santai-ceramics.com\/wp-content\/uploads\/2024\/10\/20X23-ceramic-flower-vase-display-1-1200x1000.webp 1200w, https:\/\/www.santai-ceramics.com\/wp-content\/uploads\/2024\/10\/20X23-ceramic-flower-vase-display-1-600x500.webp 600w\" sizes=\"(max-width: 3420px) 100vw, 3420px\" \/><\/figure>\n<\/div>\n\n\n\n<div class=\"wp-block-column is-layout-flow wp-block-column-is-layout-flow\">\n<figure class=\"wp-block-image size-full\"><img decoding=\"async\" width=\"2786\" height=\"2322\" src=\"https:\/\/www.santai-ceramics.com\/wp-content\/uploads\/2024\/10\/20X23-ceramic-flower-vase-display-2.webp\" alt=\"20X23 Keramik Blumenvase Display (2)\" class=\"wp-image-702\" srcset=\"https:\/\/www.santai-ceramics.com\/wp-content\/uploads\/2024\/10\/20X23-ceramic-flower-vase-display-2.webp 2786w, https:\/\/www.santai-ceramics.com\/wp-content\/uploads\/2024\/10\/20X23-ceramic-flower-vase-display-2-300x250.webp 300w, https:\/\/www.santai-ceramics.com\/wp-content\/uploads\/2024\/10\/20X23-ceramic-flower-vase-display-2-768x640.webp 768w, https:\/\/www.santai-ceramics.com\/wp-content\/uploads\/2024\/10\/20X23-ceramic-flower-vase-display-2-1200x1000.webp 1200w, https:\/\/www.santai-ceramics.com\/wp-content\/uploads\/2024\/10\/20X23-ceramic-flower-vase-display-2-600x500.webp 600w\" sizes=\"(max-width: 2786px) 100vw, 2786px\" \/><\/figure>\n<\/div>\n<\/div>","protected":false},"excerpt":{"rendered":"<p>Gro\u00dfhandel Keramikvasen mit exquisiten Mustern, sie sind aus hochwertigen Materialien hergestellt. Sie erf\u00fcllen den Dekorationsbedarf von Wohnungen, B\u00fcros und Gesch\u00e4ftsr\u00e4umen. Dar\u00fcber hinaus w\u00e4re es eine ideale Wahl, wenn es darum geht, Verwandte und Freunde zu beschenken, um eine starke k\u00fcnstlerische Atmosph\u00e4re mit guten W\u00fcnschen zu vermitteln. Willkommen bei uns.<\/p>\n<h2>Eigenschaften der Keramik-Blumenvase<\/h2>\n<p><strong>Das \u00e4u\u00dfere Erscheinungsbild ist elegant<\/strong>: Hellgr\u00fcnes Keramikmaterial mit exquisiten Mustern. Das Design der Keramikvase ist einfach und elegant.<\/p>\n<p><strong>Material<\/strong>: Die Vase ist aus Keramik mit Sorgfalt gebrannt und hat eine zarte Textur, glatt anf\u00fchlt, zeigt seine Qualit\u00e4t.<\/p>\n<p><strong>Langlebig und stabil<\/strong>:Sie geht nicht so leicht kaputt und beh\u00e4lt die Sch\u00f6nheit und Zweckm\u00e4\u00dfigkeit der Vase f\u00fcr lange Zeit.<\/p>\n<p><strong>Verbesserung des Geschmacks in der Wohnung:<\/strong> Die Keramikvase kann mit anderen kleinen Objekten, wie Gr\u00fcnpflanzen und Kerzen, kombiniert werden, um verschiedene dekorative Effekte zu erzielen.<\/p>","protected":false},"featured_media":703,"comment_status":"closed","ping_status":"closed","template":"","meta":{"_acf_changed":false},"product_brand":[],"product_cat":[18,22],"product_tag":[34],"class_list":{"0":"post-698","1":"product","2":"type-product","3":"status-publish","4":"has-post-thumbnail","6":"product_cat-home-decor","7":"product_cat-vase","8":"product_tag-ceramic-vase","10":"first","11":"instock","12":"shipping-taxable","13":"product-type-simple"},"acf":[],"_links":{"self":[{"href":"https:\/\/www.santai-ceramics.com\/de\/wp-json\/wp\/v2\/product\/698","targetHints":{"allow":["GET"]}}],"collection":[{"href":"https:\/\/www.santai-ceramics.com\/de\/wp-json\/wp\/v2\/product"}],"about":[{"href":"https:\/\/www.santai-ceramics.com\/de\/wp-json\/wp\/v2\/types\/product"}],"replies":[{"embeddable":true,"href":"https:\/\/www.santai-ceramics.com\/de\/wp-json\/wp\/v2\/comments?post=698"}],"wp:featuredmedia":[{"embeddable":true,"href":"https:\/\/www.santai-ceramics.com\/de\/wp-json\/wp\/v2\/media\/703"}],"wp:attachment":[{"href":"https:\/\/www.santai-ceramics.com\/de\/wp-json\/wp\/v2\/media?parent=698"}],"wp:term":[{"taxonomy":"product_brand","embeddable":true,"href":"https:\/\/www.santai-ceramics.com\/de\/wp-json\/wp\/v2\/product_brand?post=698"},{"taxonomy":"product_cat","embeddable":true,"href":"https:\/\/www.santai-ceramics.com\/de\/wp-json\/wp\/v2\/product_cat?post=698"},{"taxonomy":"product_tag","embeddable":true,"href":"https:\/\/www.santai-ceramics.com\/de\/wp-json\/wp\/v2\/product_tag?post=698"}],"curies":[{"name":"wp","href":"https:\/\/api.w.org\/{rel}","templated":true}]}}