{"id":708,"date":"2024-10-14T12:30:27","date_gmt":"2024-10-14T12:30:27","guid":{"rendered":"https:\/\/www.santai-ceramics.com\/?post_type=product&#038;p=708"},"modified":"2025-06-08T15:22:52","modified_gmt":"2025-06-08T15:22:52","slug":"wholesale-decorative-ceramic-plant-pots","status":"publish","type":"product","link":"https:\/\/www.santai-ceramics.com\/de\/product\/wholesale-decorative-ceramic-plant-pots\/","title":{"rendered":"Gro\u00dfhandel Keramik T\u00f6pfe, Bulk dekorative Keramik T\u00f6pfe zum Verkauf"},"content":{"rendered":"<h3 class=\"wp-block-heading\">Parameter des Gro\u00dfhandels Keramik T\u00f6pfe<\/h3>\n\n\n\n<figure class=\"wp-block-table\"><table class=\"has-fixed-layout\"><tbody><tr><td>Modell<\/td><td>Produktname<\/td><td>Farbe<\/td><td>Material<\/td><td>Verwendet<\/td><td>Abmessungen<\/td><td>Gewicht<\/td><\/tr><tr><td>A24021-LB20-A01<\/td><td>Dekorativer Keramik-Pflanzentopf<\/td><td>Hellblau<\/td><td>Keramik<\/td><td>Wohnkultur, Wohnzimmer<\/td><td>T:16X18cm<\/td><td>0,9kg\/PC<\/td><\/tr><tr><td>A24021-LB20-A02<\/td><td>Dekorativer Keramik-Pflanzentopf<\/td><td>Hellblau<\/td><td>Keramik<\/td><td>Wohnkultur, Wohnzimmer<\/td><td>T:20X23cm<\/td><td>1.8kg\/PC<\/td><\/tr><\/tbody><\/table><\/figure>\n\n\n\n<h3 class=\"wp-block-heading\">Individueller Keramik-Topf-Service<\/h3>\n\n\n\n<p>Wir bieten OEM- und ODM-Dienstleistungen f\u00fcr unsere Produkte an.<br>Eine schnelle Lieferung von Mustern ist m\u00f6glich.<br>Wir bieten eine Vielzahl von Formen, Farben, individuellem Druck, Verpackungen und anderen ma\u00dfgeschneiderten Dienstleistungen an, um Ihre speziellen Anforderungen zu erf\u00fcllen.<br><strong><a href=\"https:\/\/www.santai-ceramics.com\/de\/custom\/\" data-type=\"page\" data-id=\"13\" target=\"_blank\" rel=\"noreferrer noopener\">Erfahren Sie mehr \u00fcber die Details von Keramikgef\u00e4\u00dfen nach Ma\u00df.<\/a><\/strong><\/p>\n\n\n\n<div class=\"wp-block-columns is-layout-flex wp-container-core-columns-is-layout-9d6595d7 wp-block-columns-is-layout-flex\">\n<div class=\"wp-block-column is-layout-flow wp-block-column-is-layout-flow\">\n<figure class=\"wp-block-image size-full\"><img decoding=\"async\" width=\"2947\" height=\"2456\" src=\"https:\/\/www.santai-ceramics.com\/wp-content\/uploads\/2024\/10\/Bulk-Ceramic-Plant-Pots-1.webp\" alt=\"Keramische Pflanzent\u00f6pfe (1)\" class=\"wp-image-709\" srcset=\"https:\/\/www.santai-ceramics.com\/wp-content\/uploads\/2024\/10\/Bulk-Ceramic-Plant-Pots-1.webp 2947w, https:\/\/www.santai-ceramics.com\/wp-content\/uploads\/2024\/10\/Bulk-Ceramic-Plant-Pots-1-300x250.webp 300w, https:\/\/www.santai-ceramics.com\/wp-content\/uploads\/2024\/10\/Bulk-Ceramic-Plant-Pots-1-768x640.webp 768w, https:\/\/www.santai-ceramics.com\/wp-content\/uploads\/2024\/10\/Bulk-Ceramic-Plant-Pots-1-1200x1000.webp 1200w, https:\/\/www.santai-ceramics.com\/wp-content\/uploads\/2024\/10\/Bulk-Ceramic-Plant-Pots-1-600x500.webp 600w\" sizes=\"(max-width: 2947px) 100vw, 2947px\" \/><\/figure>\n<\/div>\n\n\n\n<div class=\"wp-block-column is-layout-flow wp-block-column-is-layout-flow\">\n<figure class=\"wp-block-image size-full\"><img decoding=\"async\" width=\"3098\" height=\"2582\" src=\"https:\/\/www.santai-ceramics.com\/wp-content\/uploads\/2024\/10\/Bulk-Ceramic-Plant-Pots-2.webp\" alt=\"Keramik-Pflanzt\u00f6pfe (2)\" class=\"wp-image-710\" srcset=\"https:\/\/www.santai-ceramics.com\/wp-content\/uploads\/2024\/10\/Bulk-Ceramic-Plant-Pots-2.webp 3098w, https:\/\/www.santai-ceramics.com\/wp-content\/uploads\/2024\/10\/Bulk-Ceramic-Plant-Pots-2-300x250.webp 300w, https:\/\/www.santai-ceramics.com\/wp-content\/uploads\/2024\/10\/Bulk-Ceramic-Plant-Pots-2-768x640.webp 768w, https:\/\/www.santai-ceramics.com\/wp-content\/uploads\/2024\/10\/Bulk-Ceramic-Plant-Pots-2-1200x1000.webp 1200w, https:\/\/www.santai-ceramics.com\/wp-content\/uploads\/2024\/10\/Bulk-Ceramic-Plant-Pots-2-600x500.webp 600w\" sizes=\"(max-width: 3098px) 100vw, 3098px\" \/><\/figure>\n<\/div>\n<\/div>","protected":false},"excerpt":{"rendered":"<p>Bulk Keramik T\u00f6pfe Fabrik Direktverkauf, die dekorative Keramik-Topf kann in verschiedenen dekorativen Stilen integriert werden, ob es sich um ein Haus, kommerziellen Ort, oder Gartenarbeit Anordnung. Zur gleichen Zeit, bieten wir eine Vielzahl von Gr\u00f6\u00dfen und Stilen. Willkommen bei uns zu kontaktieren, um Gro\u00dfhandel Keramik T\u00f6pfe zu kaufen.<\/p>\n<h2>Merkmale des dekorativen Keramiktopfes<\/h2>\n<p><strong>Eleganz im Design<\/strong>: Dieser hellblaue Blumentopf aus Keramik strahlt Frische und Gelassenheit aus. Er harmoniert perfekt mit einem Innenraum und schafft eine ruhige und komfortable Umgebung.<\/p>\n<p><strong>Praktische Funktion<\/strong>: Unsere gro\u00dfen Keramikt\u00f6pfe sind nicht nur exquisit in ihrem Aussehen, sondern auch praktisch; sie k\u00f6nnen f\u00fcr die Bepflanzung einer Vielzahl von Zimmerpflanzen oder f\u00fcr getrocknete Blumenarrangements verwendet werden, um den Effekt der Heimdekoration zu verbessern.<\/p>\n<p><strong>Leicht zu reinigen<\/strong>: Durch die glatte Oberfl\u00e4che und die einheitliche Farbe ist der Keramiktopf leicht zu reinigen und mit einem leichten Wisch zu s\u00e4ubern.<\/p>\n<p><strong>Mischung von Kollokationen<\/strong>: Unterschiedliche Gr\u00f6\u00dfen von Keramikt\u00f6pfen werden frei verwendet, um den Raum zu schichten, um die visuelle Sch\u00f6nheit zu variieren und den Sinn f\u00fcr Design in der r\u00e4umlichen Struktur zu verst\u00e4rken.<\/p>","protected":false},"featured_media":714,"comment_status":"closed","ping_status":"closed","template":"","meta":{"_acf_changed":false},"product_brand":[],"product_cat":[18,42,23],"product_tag":[39],"class_list":{"0":"post-708","1":"product","2":"type-product","3":"status-publish","4":"has-post-thumbnail","6":"product_cat-home-decor","7":"product_cat-wholesale-ceramic-plant-pots","8":"product_cat-ceramic-pots-planters","9":"product_tag-ceramic-flower-pot","11":"first","12":"instock","13":"shipping-taxable","14":"product-type-simple"},"acf":[],"_links":{"self":[{"href":"https:\/\/www.santai-ceramics.com\/de\/wp-json\/wp\/v2\/product\/708","targetHints":{"allow":["GET"]}}],"collection":[{"href":"https:\/\/www.santai-ceramics.com\/de\/wp-json\/wp\/v2\/product"}],"about":[{"href":"https:\/\/www.santai-ceramics.com\/de\/wp-json\/wp\/v2\/types\/product"}],"replies":[{"embeddable":true,"href":"https:\/\/www.santai-ceramics.com\/de\/wp-json\/wp\/v2\/comments?post=708"}],"wp:featuredmedia":[{"embeddable":true,"href":"https:\/\/www.santai-ceramics.com\/de\/wp-json\/wp\/v2\/media\/714"}],"wp:attachment":[{"href":"https:\/\/www.santai-ceramics.com\/de\/wp-json\/wp\/v2\/media?parent=708"}],"wp:term":[{"taxonomy":"product_brand","embeddable":true,"href":"https:\/\/www.santai-ceramics.com\/de\/wp-json\/wp\/v2\/product_brand?post=708"},{"taxonomy":"product_cat","embeddable":true,"href":"https:\/\/www.santai-ceramics.com\/de\/wp-json\/wp\/v2\/product_cat?post=708"},{"taxonomy":"product_tag","embeddable":true,"href":"https:\/\/www.santai-ceramics.com\/de\/wp-json\/wp\/v2\/product_tag?post=708"}],"curies":[{"name":"wp","href":"https:\/\/api.w.org\/{rel}","templated":true}]}}