{"id":716,"date":"2024-10-14T15:06:13","date_gmt":"2024-10-14T15:06:13","guid":{"rendered":"https:\/\/www.santai-ceramics.com\/?post_type=product&#038;p=716"},"modified":"2024-10-27T14:53:04","modified_gmt":"2024-10-27T14:53:04","slug":"wholesale-ceramic-vases-in-bulk","status":"publish","type":"product","link":"https:\/\/www.santai-ceramics.com\/de\/product\/wholesale-ceramic-vases-in-bulk\/","title":{"rendered":"Gro\u00dfhandel Keramik Vasen in Bulk - Hochwertige dekorative Vasen f\u00fcr Haus und kommerziellen Einsatz"},"content":{"rendered":"<h3 class=\"wp-block-heading\">Parameters of Decorative Ceramic Vase<\/h3>\n\n\n\n<figure class=\"wp-block-table\"><table class=\"has-fixed-layout\"><tbody><tr><td>Modell<\/td><td>Produktname<\/td><td>Farbe<\/td><td>Material<\/td><td>Verwendet<\/td><td>Abmessungen<\/td><td>Gewicht<\/td><\/tr><tr><td>A35990-LB20-A01<\/td><td>Decorative Ceramic Vase<\/td><td>Hellblau<\/td><td>Keramik<\/td><td>Wohnkultur, Wohnzimmer<\/td><td>D:17X16.5cm<\/td><td>1.7kg\/PC<\/td><\/tr><tr><td>A35990-LB20-A02<\/td><td>Decorative Ceramic Vase<\/td><td>Hellblau<\/td><td>Keramik<\/td><td>Wohnkultur, Wohnzimmer<\/td><td>D:14.5X34.5cm<\/td><td>1,5 kg\/PC<\/td><\/tr><tr><td>A35990-LB20-A03<\/td><td>Decorative Ceramic Vase<\/td><td>Hellblau<\/td><td>Keramik<\/td><td>Wohnkultur, Wohnzimmer<\/td><td>D:14.5X27.5cm<\/td><td>0,9kg\/PC<\/td><\/tr><\/tbody><\/table><\/figure>\n\n\n\n<h3 class=\"wp-block-heading\">Custom Decorative Ceramic Vase Service<\/h3>\n\n\n\n<p>Wir bieten OEM- und ODM-Dienstleistungen f\u00fcr unsere Produkte an.<br>Eine schnelle Lieferung von Mustern ist m\u00f6glich.<br>Wir bieten eine Vielzahl von Formen, Farben, individuellem Druck, Verpackungen und anderen ma\u00dfgeschneiderten Dienstleistungen an, um Ihre speziellen Anforderungen zu erf\u00fcllen.<br><strong><a href=\"https:\/\/www.santai-ceramics.com\/de\/custom\/\" data-type=\"page\" data-id=\"13\" target=\"_blank\" rel=\"noreferrer noopener\">Erfahren Sie mehr \u00fcber die Details von Keramikvasen nach Ma\u00df.<\/a><\/strong><\/p>\n\n\n\n<div class=\"wp-block-columns is-layout-flex wp-container-core-columns-is-layout-9d6595d7 wp-block-columns-is-layout-flex\">\n<div class=\"wp-block-column is-layout-flow wp-block-column-is-layout-flow\">\n<figure class=\"wp-block-image size-full\"><img decoding=\"async\" width=\"3510\" height=\"2925\" src=\"https:\/\/www.santai-ceramics.com\/wp-content\/uploads\/2024\/10\/Decorative-Ceramic-Vase-Display-1.webp\" alt=\"Decorative Ceramic Vase Display (1)\" class=\"wp-image-718\" srcset=\"https:\/\/www.santai-ceramics.com\/wp-content\/uploads\/2024\/10\/Decorative-Ceramic-Vase-Display-1.webp 3510w, https:\/\/www.santai-ceramics.com\/wp-content\/uploads\/2024\/10\/Decorative-Ceramic-Vase-Display-1-300x250.webp 300w, https:\/\/www.santai-ceramics.com\/wp-content\/uploads\/2024\/10\/Decorative-Ceramic-Vase-Display-1-768x640.webp 768w, https:\/\/www.santai-ceramics.com\/wp-content\/uploads\/2024\/10\/Decorative-Ceramic-Vase-Display-1-1200x1000.webp 1200w, https:\/\/www.santai-ceramics.com\/wp-content\/uploads\/2024\/10\/Decorative-Ceramic-Vase-Display-1-600x500.webp 600w\" sizes=\"(max-width: 3510px) 100vw, 3510px\" \/><\/figure>\n<\/div>\n\n\n\n<div class=\"wp-block-column is-layout-flow wp-block-column-is-layout-flow\">\n<figure class=\"wp-block-image size-full\"><img decoding=\"async\" width=\"3579\" height=\"2982\" src=\"https:\/\/www.santai-ceramics.com\/wp-content\/uploads\/2024\/10\/Decorative-Ceramic-Vase-Display-2.webp\" alt=\"Decorative Ceramic Vase Display (2)\" class=\"wp-image-719\" srcset=\"https:\/\/www.santai-ceramics.com\/wp-content\/uploads\/2024\/10\/Decorative-Ceramic-Vase-Display-2.webp 3579w, https:\/\/www.santai-ceramics.com\/wp-content\/uploads\/2024\/10\/Decorative-Ceramic-Vase-Display-2-300x250.webp 300w, https:\/\/www.santai-ceramics.com\/wp-content\/uploads\/2024\/10\/Decorative-Ceramic-Vase-Display-2-768x640.webp 768w, https:\/\/www.santai-ceramics.com\/wp-content\/uploads\/2024\/10\/Decorative-Ceramic-Vase-Display-2-1200x1000.webp 1200w, https:\/\/www.santai-ceramics.com\/wp-content\/uploads\/2024\/10\/Decorative-Ceramic-Vase-Display-2-600x500.webp 600w\" sizes=\"(max-width: 3579px) 100vw, 3579px\" \/><\/figure>\n<\/div>\n<\/div>","protected":false},"excerpt":{"rendered":"<p>Wholesale high-quality decorative ceramic vases. Welcome to purchase our ceramic vases in bulk, available in 3 sizes, suitable for a variety of scenarios, including home decoration, commercial display and special event layout. This vase is durable and can be used for a long time without losing its luster and beauty. As a professional decorative pottery manufacturer, we support OEM &amp; ODM customization services. Whether you are a retailer or a designer, our wholesale ceramic vases are your ideal choice. Contact us for a quote.<\/p>\n<h2>Eigenschaften von Keramik Dekorative Keramikvase<\/h2>\n<p data-pm-slice=\"1 1 []\"><strong>Gute Textur<\/strong>: Provide an irregular, cracked texture on the vase&#8217;s outer surface. Unique and artistic.<\/p>\n<p><strong>Mehrere Gr\u00f6\u00dfen<\/strong>: Es gibt drei Gr\u00f6\u00dfen, die sich flexibel an die Anforderungen des Raums anpassen lassen. Je nach Platzierung und individueller Vorliebe kann der Benutzer die passende Gr\u00f6\u00dfe w\u00e4hlen, um besondere visuelle Effekte zu erzielen.<\/p>\n<p><strong>Leicht zu reinigen und zu pflegen<\/strong>Das verwendete keramische Material l\u00e4sst sich nicht so leicht verschmutzen, und ein leichtes Abwischen mit einem feuchten Tuch gen\u00fcgt, um es sauber und gl\u00e4nzend zu halten, was wiederum das Leben erleichtert.<\/p>\n<p><strong>Exquisite Verarbeitung<\/strong>: Fein gearbeitete Vasen mit glatten und makellosen Oberfl\u00e4chen; gut verarbeitete Details.<\/p>\n<p><strong>Leicht zu kombinieren und zu dekorieren<\/strong>: Das schlichte Design und die elegante Farbe machen es einfach, mit verschiedenen Blumen oder Gr\u00fcnpflanzen zu kombinieren. Ob es sich um helle Blumen oder frische Pflanzen handelt, sie k\u00f6nnen ihre beste Haltung durch die Vase zeigen.<\/p>\n<p><strong>OEM- und ODM-Dienstleistungen<\/strong>: Als professioneller Hersteller von Dekorationskeramik bieten wir Keramikvasen in gro\u00dfen Mengen und individuelle Vasenl\u00f6sungen f\u00fcr Einzelh\u00e4ndler und Veranstaltungsplaner an.<\/p>","protected":false},"featured_media":723,"comment_status":"closed","ping_status":"closed","template":"","meta":{"_acf_changed":false},"product_brand":[],"product_cat":[18,22],"product_tag":[34],"class_list":{"0":"post-716","1":"product","2":"type-product","3":"status-publish","4":"has-post-thumbnail","6":"product_cat-home-decor","7":"product_cat-vase","8":"product_tag-ceramic-vase","10":"first","11":"instock","12":"shipping-taxable","13":"product-type-simple"},"acf":[],"_links":{"self":[{"href":"https:\/\/www.santai-ceramics.com\/de\/wp-json\/wp\/v2\/product\/716","targetHints":{"allow":["GET"]}}],"collection":[{"href":"https:\/\/www.santai-ceramics.com\/de\/wp-json\/wp\/v2\/product"}],"about":[{"href":"https:\/\/www.santai-ceramics.com\/de\/wp-json\/wp\/v2\/types\/product"}],"replies":[{"embeddable":true,"href":"https:\/\/www.santai-ceramics.com\/de\/wp-json\/wp\/v2\/comments?post=716"}],"wp:featuredmedia":[{"embeddable":true,"href":"https:\/\/www.santai-ceramics.com\/de\/wp-json\/wp\/v2\/media\/723"}],"wp:attachment":[{"href":"https:\/\/www.santai-ceramics.com\/de\/wp-json\/wp\/v2\/media?parent=716"}],"wp:term":[{"taxonomy":"product_brand","embeddable":true,"href":"https:\/\/www.santai-ceramics.com\/de\/wp-json\/wp\/v2\/product_brand?post=716"},{"taxonomy":"product_cat","embeddable":true,"href":"https:\/\/www.santai-ceramics.com\/de\/wp-json\/wp\/v2\/product_cat?post=716"},{"taxonomy":"product_tag","embeddable":true,"href":"https:\/\/www.santai-ceramics.com\/de\/wp-json\/wp\/v2\/product_tag?post=716"}],"curies":[{"name":"wp","href":"https:\/\/api.w.org\/{rel}","templated":true}]}}