{"id":725,"date":"2024-10-15T01:13:34","date_gmt":"2024-10-15T01:13:34","guid":{"rendered":"https:\/\/www.santai-ceramics.com\/?post_type=product&#038;p=725"},"modified":"2024-10-27T14:52:12","modified_gmt":"2024-10-27T14:52:12","slug":"wholesale-decorative-ceramic-vases-with-elegant-green-glaze-finish","status":"publish","type":"product","link":"https:\/\/www.santai-ceramics.com\/de\/product\/wholesale-decorative-ceramic-vases-with-elegant-green-glaze-finish\/","title":{"rendered":"Dekorative Gro\u00dfhandel keramische Vasen mit eleganten gr\u00fcnen Glasur Finish f\u00fcr Home Decor"},"content":{"rendered":"<h3 class=\"wp-block-heading\">Parameters of Wholesale Ceramic Vase<\/h3>\n\n\n\n<figure class=\"wp-block-table\"><table class=\"has-fixed-layout\"><tbody><tr><td>Modell<\/td><td>Produktname<\/td><td>Farbe<\/td><td>Material<\/td><td>Verwendet<\/td><td>Abmessungen<\/td><td>Gewicht<\/td><\/tr><tr><td>A30519-LB20-A01<\/td><td>Ceramic Vase with Green Glaze&nbsp;<\/td><td>Hellblau<\/td><td>Keramik<\/td><td>Wohnkultur, Wohnzimmer<\/td><td>T:10,5X15cm<\/td><td>0,6kg\/PC<\/td><\/tr><\/tbody><\/table><\/figure>\n\n\n\n<h3 class=\"wp-block-heading\">Individuelles Vasen-Service aus Keramik<\/h3>\n\n\n\n<p>Wir bieten OEM- und ODM-Dienstleistungen f\u00fcr unsere Produkte an.<br>Eine schnelle Lieferung von Mustern ist m\u00f6glich.<br>Wir bieten eine Vielzahl von Formen, Farben, individuellem Druck, Verpackungen und anderen ma\u00dfgeschneiderten Dienstleistungen an, um Ihre speziellen Anforderungen zu erf\u00fcllen.<br><strong><a href=\"https:\/\/www.santai-ceramics.com\/de\/custom\/\" data-type=\"page\" data-id=\"13\" target=\"_blank\" rel=\"noreferrer noopener\">Erfahren Sie mehr \u00fcber die Details von Keramikvasen nach Ma\u00df.<\/a><\/strong><\/p>\n\n\n\n<div class=\"wp-block-columns is-layout-flex wp-container-core-columns-is-layout-9d6595d7 wp-block-columns-is-layout-flex\">\n<div class=\"wp-block-column is-layout-flow wp-block-column-is-layout-flow\">\n<figure class=\"wp-block-image size-full\"><img decoding=\"async\" width=\"2328\" height=\"1939\" src=\"https:\/\/www.santai-ceramics.com\/wp-content\/uploads\/2024\/10\/ceramic-vase-detail-display-1.webp\" alt=\"ceramic vase detail display (1)\" class=\"wp-image-726\" srcset=\"https:\/\/www.santai-ceramics.com\/wp-content\/uploads\/2024\/10\/ceramic-vase-detail-display-1.webp 2328w, https:\/\/www.santai-ceramics.com\/wp-content\/uploads\/2024\/10\/ceramic-vase-detail-display-1-300x250.webp 300w, https:\/\/www.santai-ceramics.com\/wp-content\/uploads\/2024\/10\/ceramic-vase-detail-display-1-768x640.webp 768w, https:\/\/www.santai-ceramics.com\/wp-content\/uploads\/2024\/10\/ceramic-vase-detail-display-1-1200x999.webp 1200w, https:\/\/www.santai-ceramics.com\/wp-content\/uploads\/2024\/10\/ceramic-vase-detail-display-1-600x500.webp 600w\" sizes=\"(max-width: 2328px) 100vw, 2328px\" \/><\/figure>\n<\/div>\n\n\n\n<div class=\"wp-block-column is-layout-flow wp-block-column-is-layout-flow\">\n<figure class=\"wp-block-image size-full\"><img decoding=\"async\" width=\"1358\" height=\"1131\" src=\"https:\/\/www.santai-ceramics.com\/wp-content\/uploads\/2024\/10\/ceramic-vase-detail-display-2.webp\" alt=\"ceramic vase detail display (2)\" class=\"wp-image-727\" srcset=\"https:\/\/www.santai-ceramics.com\/wp-content\/uploads\/2024\/10\/ceramic-vase-detail-display-2.webp 1358w, https:\/\/www.santai-ceramics.com\/wp-content\/uploads\/2024\/10\/ceramic-vase-detail-display-2-300x250.webp 300w, https:\/\/www.santai-ceramics.com\/wp-content\/uploads\/2024\/10\/ceramic-vase-detail-display-2-768x640.webp 768w, https:\/\/www.santai-ceramics.com\/wp-content\/uploads\/2024\/10\/ceramic-vase-detail-display-2-1200x999.webp 1200w, https:\/\/www.santai-ceramics.com\/wp-content\/uploads\/2024\/10\/ceramic-vase-detail-display-2-600x500.webp 600w\" sizes=\"(max-width: 1358px) 100vw, 1358px\" \/><\/figure>\n<\/div>\n<\/div>","protected":false},"excerpt":{"rendered":"<p>Wholesale decorative ceramic vases, the surface of the vase is finely glazed, showing a perfect green luster, delicate touch, long-lasting color, suitable for home decoration. SANTAI pottery factory uses advanced production equipment and traditional Chinese craftsmanship to ensure that each product meets high standards. Whether you need to purchase decorative vases in bulk or customize designs, we can provide flexible solutions.<\/p>\n<h2>Features of Decorative Ceramic Vase<\/h2>\n<p data-pm-slice=\"1 1 []\"><strong>Traditional beauty<\/strong>: The general design of the ceramic vase is simple and elegant, with Chinese classical beauty. Light green glaze combined with the complex floral pattern shows traditional craftsmanship beauty.<\/p>\n<p><strong>Exquisite ceramics<\/strong>: The wholesale ceramic vases are made from first-class ceramic materials. Their shape is elegant, and they are durable and stable.<\/p>\n<p><strong>Durable glaze treatment<\/strong>: The surface of the vase is delicately glazed, anti-fouling, and moisture-proof, which enlarges its glossiness so that it may keep bright colors for a long time and will not fade easily.<\/p>\n<p><strong>Rich decorative pattern<\/strong>: The surface of the ceramic vase uses a flower pattern design with much layering, which allows it to have a three-dimensional effect for making the vase more vivid and lively.<\/p>\n<p><strong>Practical cylindrical design<\/strong>: Because of this cylindrical design, the inside space of the vase becomes capacious, and it is capable of holding more flower arrangements.<\/p>\n<p><b>Wholesale and OEM&amp;ODM custom service:<\/b>We provide high-quality ceramic vases wholesale and customization services. With our professional team, you can get a variety of product choices and personalized design solutions.<\/p>","protected":false},"featured_media":728,"comment_status":"closed","ping_status":"closed","template":"","meta":{"_acf_changed":false},"product_brand":[],"product_cat":[18,22],"product_tag":[34],"class_list":{"0":"post-725","1":"product","2":"type-product","3":"status-publish","4":"has-post-thumbnail","6":"product_cat-home-decor","7":"product_cat-vase","8":"product_tag-ceramic-vase","10":"first","11":"instock","12":"shipping-taxable","13":"product-type-simple"},"acf":[],"_links":{"self":[{"href":"https:\/\/www.santai-ceramics.com\/de\/wp-json\/wp\/v2\/product\/725","targetHints":{"allow":["GET"]}}],"collection":[{"href":"https:\/\/www.santai-ceramics.com\/de\/wp-json\/wp\/v2\/product"}],"about":[{"href":"https:\/\/www.santai-ceramics.com\/de\/wp-json\/wp\/v2\/types\/product"}],"replies":[{"embeddable":true,"href":"https:\/\/www.santai-ceramics.com\/de\/wp-json\/wp\/v2\/comments?post=725"}],"wp:featuredmedia":[{"embeddable":true,"href":"https:\/\/www.santai-ceramics.com\/de\/wp-json\/wp\/v2\/media\/728"}],"wp:attachment":[{"href":"https:\/\/www.santai-ceramics.com\/de\/wp-json\/wp\/v2\/media?parent=725"}],"wp:term":[{"taxonomy":"product_brand","embeddable":true,"href":"https:\/\/www.santai-ceramics.com\/de\/wp-json\/wp\/v2\/product_brand?post=725"},{"taxonomy":"product_cat","embeddable":true,"href":"https:\/\/www.santai-ceramics.com\/de\/wp-json\/wp\/v2\/product_cat?post=725"},{"taxonomy":"product_tag","embeddable":true,"href":"https:\/\/www.santai-ceramics.com\/de\/wp-json\/wp\/v2\/product_tag?post=725"}],"curies":[{"name":"wp","href":"https:\/\/api.w.org\/{rel}","templated":true}]}}