{"id":730,"date":"2024-10-15T01:44:15","date_gmt":"2024-10-15T01:44:15","guid":{"rendered":"https:\/\/www.santai-ceramics.com\/?post_type=product&#038;p=730"},"modified":"2025-06-05T10:15:00","modified_gmt":"2025-06-05T10:15:00","slug":"wholesale-fiber-cement-planters","status":"publish","type":"product","link":"https:\/\/www.santai-ceramics.com\/de\/product\/wholesale-fiber-cement-planters\/","title":{"rendered":"Gro\u00dfhandel Faserzement-Pflanzgef\u00e4\u00dfe: Perfekt f\u00fcr Einzelh\u00e4ndler, die langlebige und \u00e4sthetische Gartenl\u00f6sungen suchen"},"content":{"rendered":"<h3 class=\"wp-block-heading\">Parameter der Faserzement-Pflanzmaschine<\/h3>\n\n\n\n<figure class=\"wp-block-table\"><table class=\"has-fixed-layout\"><tbody><tr><td>Modell<\/td><td>Produktname<\/td><td>Farbe<\/td><td>Material<\/td><td>Verwendet<\/td><td>Abmessungen<\/td><td>Gewicht<\/td><\/tr><tr><td>J37576-H910-A01<\/td><td>&nbsp; Garten Faserzement Pflanzer&nbsp;<\/td><td>Antike Dunkelheit<\/td><td>Faserzement<\/td><td>Wohnkultur, Wohnzimmer, Garten<\/td><td>T:37,5X44,5cm<\/td><td>8.6kg\/PC<\/td><\/tr><tr><td>J37576-H910-A02<\/td><td>&nbsp; Garten Faserzement Pflanzer&nbsp;<\/td><td>Antike Dunkelheit<\/td><td>Faserzement<\/td><td>Wohnkultur, Wohnzimmer, Garten<\/td><td>T:32X36,5 cm<\/td><td>5,6kg\/PC<\/td><\/tr><tr><td>J37576-H910-A03<\/td><td>&nbsp; Garten Faserzement Pflanzer&nbsp;<\/td><td>Antike Dunkelheit<\/td><td>Faserzement<\/td><td>Wohnkultur, Wohnzimmer, Garten<\/td><td>T:28X31 cm<\/td><td>4.1kg\/PC<\/td><\/tr><\/tbody><\/table><\/figure>\n\n\n\n<h3 class=\"wp-block-heading\">Kundenspezifischer Pflanzenservice aus Faserzement<\/h3>\n\n\n\n<p>1. Wir bieten OEM und ODM Dienstleistungen f\u00fcr unsere Produkte.<br>2. Schnelle Musterlieferung ist verf\u00fcgbar.<br>3. Wir bieten eine Vielzahl von Formen, Farben, individuellem Druck, Verpackungen und anderen ma\u00dfgeschneiderten Dienstleistungen, um Ihre spezifischen Anforderungen zu erf\u00fcllen.<br><a style=\"\" href=\"https:\/\/www.santai-ceramics.com\/de\/custom\/\" data-type=\"page\" data-id=\"13\" target=\"_blank\" rel=\"noreferrer noopener\"><b>Erfahren Sie mehr \u00fcber Custom <\/b><\/a><strong><a href=\"https:\/\/www.santai-ceramics.com\/de\/custom\/\" data-type=\"page\" data-id=\"13\" target=\"_blank\" rel=\"noreferrer noopener\">Faserzement-Pflanzgef\u00e4\u00df Detail.<\/a><\/strong><\/p>\n\n\n\n<div class=\"wp-block-columns is-layout-flex wp-container-core-columns-is-layout-9d6595d7 wp-block-columns-is-layout-flex\">\n<div class=\"wp-block-column is-layout-flow wp-block-column-is-layout-flow\">\n<figure class=\"wp-block-image size-full\"><img decoding=\"async\" width=\"1500\" height=\"1250\" src=\"https:\/\/www.santai-ceramics.com\/wp-content\/uploads\/2024\/10\/Garden-Decor-Fiber-Cement-Planter-Detail-Display3.webp\" alt=\"Gartendekor Faserzement Pflanzgef\u00e4\u00df Detail Display(3)\" class=\"wp-image-733\" srcset=\"https:\/\/www.santai-ceramics.com\/wp-content\/uploads\/2024\/10\/Garden-Decor-Fiber-Cement-Planter-Detail-Display3.webp 1500w, https:\/\/www.santai-ceramics.com\/wp-content\/uploads\/2024\/10\/Garden-Decor-Fiber-Cement-Planter-Detail-Display3-300x250.webp 300w, https:\/\/www.santai-ceramics.com\/wp-content\/uploads\/2024\/10\/Garden-Decor-Fiber-Cement-Planter-Detail-Display3-768x640.webp 768w, https:\/\/www.santai-ceramics.com\/wp-content\/uploads\/2024\/10\/Garden-Decor-Fiber-Cement-Planter-Detail-Display3-1200x1000.webp 1200w, https:\/\/www.santai-ceramics.com\/wp-content\/uploads\/2024\/10\/Garden-Decor-Fiber-Cement-Planter-Detail-Display3-600x500.webp 600w\" sizes=\"(max-width: 1500px) 100vw, 1500px\" \/><\/figure>\n<\/div>\n\n\n\n<div class=\"wp-block-column is-layout-flow wp-block-column-is-layout-flow\">\n<figure class=\"wp-block-image size-full\"><img decoding=\"async\" width=\"1500\" height=\"1249\" src=\"https:\/\/www.santai-ceramics.com\/wp-content\/uploads\/2024\/10\/Garden-Decor-Fiber-Cement-Planter-Detail-Display5.webp\" alt=\"Gartendekor Faserzement Pflanzer Detail Display(5)\" class=\"wp-image-735\" srcset=\"https:\/\/www.santai-ceramics.com\/wp-content\/uploads\/2024\/10\/Garden-Decor-Fiber-Cement-Planter-Detail-Display5.webp 1500w, https:\/\/www.santai-ceramics.com\/wp-content\/uploads\/2024\/10\/Garden-Decor-Fiber-Cement-Planter-Detail-Display5-300x250.webp 300w, https:\/\/www.santai-ceramics.com\/wp-content\/uploads\/2024\/10\/Garden-Decor-Fiber-Cement-Planter-Detail-Display5-768x639.webp 768w, https:\/\/www.santai-ceramics.com\/wp-content\/uploads\/2024\/10\/Garden-Decor-Fiber-Cement-Planter-Detail-Display5-1200x999.webp 1200w, https:\/\/www.santai-ceramics.com\/wp-content\/uploads\/2024\/10\/Garden-Decor-Fiber-Cement-Planter-Detail-Display5-600x500.webp 600w\" sizes=\"(max-width: 1500px) 100vw, 1500px\" \/><\/figure>\n<\/div>\n<\/div>","protected":false},"excerpt":{"rendered":"<p>Gro\u00dfhandel Faserzement Pflanzer, die Faserzement Material hat eine gute Wetterbest\u00e4ndigkeit und kann in verschiedenen klimatischen Bedingungen stabil bleiben. Wir bieten 3 Gr\u00f6\u00dfen zur Auswahl, unterst\u00fctzen OEM und ODM Anpassungsdienste, begr\u00fc\u00dfen Gro\u00dfh\u00e4ndler, kommerzielle Landschaftsprojekte (wie Hotels, Einkaufszentren und B\u00fcrogeb\u00e4ude) und Parks, um uns zu kontaktieren, um Gro\u00dfhandel Pflanzer zu kaufen.<\/p>\n<h2>Eigenschaften von Fiber Cement Planter<\/h2>\n<p data-pm-slice=\"1 1 []\"><strong>Einzigartiges Design<\/strong>: Der Gro\u00dfhandel Pflanzgef\u00e4\u00dfe hat eine Rinde-wie Textur-Design auf seiner Oberfl\u00e4che, die ihnen eine nat\u00fcrliche und rustikale Atmosph\u00e4re und machen es gut geeignet, um die Outdoor-Garten-Umgebung angenommen.<\/p>\n<p><strong>Hochwertiges Material<\/strong>Der Gro\u00dfhandel Pflanzgef\u00e4\u00dfe ist aus Faserzement, es ist f\u00fcr Haltbarkeit und Stabilit\u00e4t bekannt, mit Eigenschaften wie nicht leicht verformt oder gebrochen werden, halten die Pflanzer sch\u00f6n und praktisch f\u00fcr eine lange Zeit.<\/p>\n<p><strong>Atmung<\/strong>: Das Faserzementmaterial hat auch eine gewisse Atmungsaktivit\u00e4t, die dem Wachstum und der Entwicklung der Pflanzen f\u00f6rderlich ist.<\/p>\n<p><strong>Drei optionale Gr\u00f6\u00dfen<\/strong>: Das Design des Pflanzgef\u00e4\u00dfes ist in verschiedenen Gr\u00f6\u00dfen erh\u00e4ltlich; es kann den Bed\u00fcrfnissen des Wachstums verschiedener Pflanzen und dekorativen Effekten gerecht werden und dem Garten Schichtung und Vielfalt verleihen.<\/p>\n<p><strong>Umweltschutz und Nachhaltigkeit<\/strong>Umweltschutz und Nachhaltigkeit des Faserzementmaterials machen das Material sehr umweltfreundlich, und seine Herstellung hat nur geringe Auswirkungen auf die Umwelt.<\/p>\n<p><strong>OEM- und ODM-Dienstleistungen<\/strong>: Als professioneller Hersteller von dekorativen Pflanzgef\u00e4\u00dfen k\u00f6nnen wir unseren Kunden einen OEM&amp;ODM-Service anbieten - ein professioneller, kundenspezifischer Pflanzgef\u00e4\u00df-Service kann angeboten werden, um ein Pflanzgef\u00e4\u00df zu produzieren, das den Anforderungen der Marke, des Designs und der Spezifikationen des Kunden entspricht.<\/p>","protected":false},"featured_media":736,"comment_status":"closed","ping_status":"closed","template":"","meta":{"_acf_changed":false},"product_brand":[],"product_cat":[18,41,21,23],"product_tag":[40],"class_list":{"0":"post-730","1":"product","2":"type-product","3":"status-publish","4":"has-post-thumbnail","6":"product_cat-home-decor","7":"product_cat-wholesale-fiber-cement-plant-pots","8":"product_cat-garden-decor","9":"product_cat-ceramic-pots-planters","10":"product_tag-cement-flower-pot","12":"first","13":"instock","14":"shipping-taxable","15":"product-type-simple"},"acf":[],"_links":{"self":[{"href":"https:\/\/www.santai-ceramics.com\/de\/wp-json\/wp\/v2\/product\/730","targetHints":{"allow":["GET"]}}],"collection":[{"href":"https:\/\/www.santai-ceramics.com\/de\/wp-json\/wp\/v2\/product"}],"about":[{"href":"https:\/\/www.santai-ceramics.com\/de\/wp-json\/wp\/v2\/types\/product"}],"replies":[{"embeddable":true,"href":"https:\/\/www.santai-ceramics.com\/de\/wp-json\/wp\/v2\/comments?post=730"}],"wp:featuredmedia":[{"embeddable":true,"href":"https:\/\/www.santai-ceramics.com\/de\/wp-json\/wp\/v2\/media\/736"}],"wp:attachment":[{"href":"https:\/\/www.santai-ceramics.com\/de\/wp-json\/wp\/v2\/media?parent=730"}],"wp:term":[{"taxonomy":"product_brand","embeddable":true,"href":"https:\/\/www.santai-ceramics.com\/de\/wp-json\/wp\/v2\/product_brand?post=730"},{"taxonomy":"product_cat","embeddable":true,"href":"https:\/\/www.santai-ceramics.com\/de\/wp-json\/wp\/v2\/product_cat?post=730"},{"taxonomy":"product_tag","embeddable":true,"href":"https:\/\/www.santai-ceramics.com\/de\/wp-json\/wp\/v2\/product_tag?post=730"}],"curies":[{"name":"wp","href":"https:\/\/api.w.org\/{rel}","templated":true}]}}