{"id":753,"date":"2024-10-16T07:49:51","date_gmt":"2024-10-16T07:49:51","guid":{"rendered":"https:\/\/www.santai-ceramics.com\/?post_type=product&#038;p=753"},"modified":"2025-06-08T15:18:40","modified_gmt":"2025-06-08T15:18:40","slug":"bulk-rustic-terracotta-vase-for-sale","status":"publish","type":"product","link":"https:\/\/www.santai-ceramics.com\/de\/product\/bulk-rustic-terracotta-vase-for-sale\/","title":{"rendered":"Gro\u00dfhandel Terrakotta-Vasen, Bulk rustikalen Terrakotta-Vasen zu verkaufen - SANTAI Keramik Hersteller"},"content":{"rendered":"<h3 class=\"wp-block-heading\">Parameter der rustikalen Terrakotta-Vase<\/h3>\n\n\n\n<figure class=\"wp-block-table\"><table class=\"has-fixed-layout\"><tbody><tr><td>Modell<\/td><td>Produktname<\/td><td>Farbe<\/td><td>Material<\/td><td>Verwendet<\/td><td>Abmessungen<\/td><td>Gewicht<\/td><\/tr><tr><td>G37384-H910-A01<\/td><td>&nbsp;Rustikale Terrakotta-Vase<\/td><td>Antike Dunkelheit<\/td><td>Terrakotta<\/td><td>Wohnkultur, Wohnzimmer, Garten<\/td><td>T:22.5X27.5cm<\/td><td>8.6kg\/PC<\/td><\/tr><tr><td>G37384-H910-A02<\/td><td>&nbsp; Rustikale Terrakotta-Vase<\/td><td>Antike Dunkelheit<\/td><td>Terrakotta<\/td><td>Wohnkultur, Wohnzimmer, Garten<\/td><td>T:17X19cm<\/td><td>5,6kg\/PC<\/td><\/tr><\/tbody><\/table><\/figure>\n\n\n\n<h3 class=\"wp-block-heading\">Rustikale Terrakotta-Vase nach Ma\u00df<\/h3>\n\n\n\n<p>Wir bieten OEM- und ODM-Dienstleistungen f\u00fcr unsere Produkte an.<br>Eine schnelle Lieferung von Mustern ist m\u00f6glich.<br>Wir bieten eine Vielzahl von Formen, Farben, individuellem Druck, Verpackungen und anderen ma\u00dfgeschneiderten Dienstleistungen an, um Ihre speziellen Anforderungen zu erf\u00fcllen.<br><a style=\"\" href=\"https:\/\/www.santai-ceramics.com\/de\/custom\/\" data-type=\"page\" data-id=\"13\" target=\"_blank\" rel=\"noreferrer noopener\"><b>Erfahren Sie mehr \u00fcber Custom <\/b><\/a><strong><a href=\"https:\/\/www.santai-ceramics.com\/de\/custom\/\" data-type=\"page\" data-id=\"13\" target=\"_blank\" rel=\"noreferrer noopener\">Detail einer Terrakotta-Vase.<\/a><\/strong><\/p>\n\n\n\n<div class=\"wp-block-columns is-layout-flex wp-container-core-columns-is-layout-9d6595d7 wp-block-columns-is-layout-flex\">\n<div class=\"wp-block-column is-layout-flow wp-block-column-is-layout-flow\">\n<figure class=\"wp-block-image size-full\"><img decoding=\"async\" width=\"1800\" height=\"1500\" src=\"https:\/\/www.santai-ceramics.com\/wp-content\/uploads\/2024\/10\/Rustic-Terracotta-Vase-2.webp\" alt=\"\" class=\"wp-image-755\" srcset=\"https:\/\/www.santai-ceramics.com\/wp-content\/uploads\/2024\/10\/Rustic-Terracotta-Vase-2.webp 1800w, https:\/\/www.santai-ceramics.com\/wp-content\/uploads\/2024\/10\/Rustic-Terracotta-Vase-2-300x250.webp 300w, https:\/\/www.santai-ceramics.com\/wp-content\/uploads\/2024\/10\/Rustic-Terracotta-Vase-2-768x640.webp 768w, https:\/\/www.santai-ceramics.com\/wp-content\/uploads\/2024\/10\/Rustic-Terracotta-Vase-2-1200x1000.webp 1200w, https:\/\/www.santai-ceramics.com\/wp-content\/uploads\/2024\/10\/Rustic-Terracotta-Vase-2-600x500.webp 600w\" sizes=\"(max-width: 1800px) 100vw, 1800px\" \/><\/figure>\n<\/div>\n\n\n\n<div class=\"wp-block-column is-layout-flow wp-block-column-is-layout-flow\">\n<figure class=\"wp-block-image size-full\"><img decoding=\"async\" width=\"1800\" height=\"1500\" src=\"https:\/\/www.santai-ceramics.com\/wp-content\/uploads\/2024\/10\/Rustic-Terracotta-Vase-3.webp\" alt=\"Rustikale Terrakotta-Vase (3)\" class=\"wp-image-756\" srcset=\"https:\/\/www.santai-ceramics.com\/wp-content\/uploads\/2024\/10\/Rustic-Terracotta-Vase-3.webp 1800w, https:\/\/www.santai-ceramics.com\/wp-content\/uploads\/2024\/10\/Rustic-Terracotta-Vase-3-300x250.webp 300w, https:\/\/www.santai-ceramics.com\/wp-content\/uploads\/2024\/10\/Rustic-Terracotta-Vase-3-768x640.webp 768w, https:\/\/www.santai-ceramics.com\/wp-content\/uploads\/2024\/10\/Rustic-Terracotta-Vase-3-1200x1000.webp 1200w, https:\/\/www.santai-ceramics.com\/wp-content\/uploads\/2024\/10\/Rustic-Terracotta-Vase-3-600x500.webp 600w\" sizes=\"(max-width: 1800px) 100vw, 1800px\" \/><\/figure>\n<\/div>\n<\/div>","protected":false},"excerpt":{"rendered":"<p data-pm-slice=\"0 0 []\">Suchen Sie nach Terrakotta-Vasen zu Gro\u00dfhandelspreisen? SANTAI Pottery Hersteller bietet Gro\u00dfhandel handgefertigte Terrakotta-Vasen mit einem nat\u00fcrlichen, rustikalen Finish, perfekt f\u00fcr Haus und Garten Dekor. Unsere dekorativen Vasen kommen in verschiedenen Gr\u00f6\u00dfen und Designs, willkommen, uns f\u00fcr Gro\u00dfhandelspreis zu kontaktieren.<\/p>\n<h2>Merkmale der Rustikalen Terrakotta-Vase<\/h2>\n<p><strong>L\u00e4ndliche Atmosph\u00e4re<\/strong>: Die Einfachheit und die nat\u00fcrliche Sch\u00f6nheit der Landschaft werden modern interpretiert, wodurch diese rustikale Terrakotta-Vase in gewisser Weise die Sehnsucht und die Erinnerung an das Landleben weckt.<\/p>\n<p><strong>Praktische Funktion<\/strong>: Die rustikale Terrakotta-Vase ist nicht nur dekorativ, sondern auch praktisch. Sie kann verwendet werden, um verschiedene Pflanzen zu laden und auszustellen. Nach dem Einsetzen der Pflanzen in die Vase kann sie dem Raum Lebendigkeit und Vitalit\u00e4t verleihen und den dekorativen Gesamteffekt verst\u00e4rken.<\/p>\n<p><strong>Oberfl\u00e4chenbehandlung<\/strong>: Die Oberfl\u00e4che der rustikalen Terrakotta-Vase ist rau, und ein spezielles Verfahren wird verwendet, um die Textur und Schichtung der Vase zu verst\u00e4rken.<\/p>\n<p><strong>Mehrere Gr\u00f6\u00dfenoptionen<\/strong>: Eine Vielzahl von Gr\u00f6\u00dfen sind je nach Bedarf verf\u00fcgbar. Falls erforderlich, bietet Santai Keramik Hersteller Sie mit ma\u00dfgeschneiderten Dienstleistungen, um sicherzustellen, eine perfekte Passform mit Ihrem Projekt und erf\u00fcllen verschiedene Gartenarbeit und Dekoration Bed\u00fcrfnisse.<\/p>\n<p><strong>Wettbewerbsf\u00e4hige Preise:<\/strong>Als Hersteller von Dekorationsvasen bieten wir Gro\u00dfvasen zu Fabrikpreisen an, die sich ideal f\u00fcr Gro\u00dfbestellungen von Blumengesch\u00e4ften und Dekorationsfirmen eignen.<\/p>","protected":false},"featured_media":754,"comment_status":"closed","ping_status":"closed","template":"","meta":{"_acf_changed":false},"product_brand":[],"product_cat":[18,21,22],"product_tag":[34],"class_list":{"0":"post-753","1":"product","2":"type-product","3":"status-publish","4":"has-post-thumbnail","6":"product_cat-home-decor","7":"product_cat-garden-decor","8":"product_cat-vase","9":"product_tag-ceramic-vase","11":"first","12":"instock","13":"shipping-taxable","14":"product-type-simple"},"acf":[],"_links":{"self":[{"href":"https:\/\/www.santai-ceramics.com\/de\/wp-json\/wp\/v2\/product\/753","targetHints":{"allow":["GET"]}}],"collection":[{"href":"https:\/\/www.santai-ceramics.com\/de\/wp-json\/wp\/v2\/product"}],"about":[{"href":"https:\/\/www.santai-ceramics.com\/de\/wp-json\/wp\/v2\/types\/product"}],"replies":[{"embeddable":true,"href":"https:\/\/www.santai-ceramics.com\/de\/wp-json\/wp\/v2\/comments?post=753"}],"wp:featuredmedia":[{"embeddable":true,"href":"https:\/\/www.santai-ceramics.com\/de\/wp-json\/wp\/v2\/media\/754"}],"wp:attachment":[{"href":"https:\/\/www.santai-ceramics.com\/de\/wp-json\/wp\/v2\/media?parent=753"}],"wp:term":[{"taxonomy":"product_brand","embeddable":true,"href":"https:\/\/www.santai-ceramics.com\/de\/wp-json\/wp\/v2\/product_brand?post=753"},{"taxonomy":"product_cat","embeddable":true,"href":"https:\/\/www.santai-ceramics.com\/de\/wp-json\/wp\/v2\/product_cat?post=753"},{"taxonomy":"product_tag","embeddable":true,"href":"https:\/\/www.santai-ceramics.com\/de\/wp-json\/wp\/v2\/product_tag?post=753"}],"curies":[{"name":"wp","href":"https:\/\/api.w.org\/{rel}","templated":true}]}}