{"id":760,"date":"2024-10-16T09:07:43","date_gmt":"2024-10-16T09:07:43","guid":{"rendered":"https:\/\/www.santai-ceramics.com\/?post_type=product&#038;p=760"},"modified":"2025-06-08T15:15:28","modified_gmt":"2025-06-08T15:15:28","slug":"wholesale-customizable-plant-pots","status":"publish","type":"product","link":"https:\/\/www.santai-ceramics.com\/de\/product\/wholesale-customizable-plant-pots\/","title":{"rendered":"Bulk benutzerdefinierte Pflanze T\u00f6pfe zum Verkauf, Land Stil Terrakotta Pflanze T\u00f6pfe Fabrik Direktvertrieb"},"content":{"rendered":"<h3 class=\"wp-block-heading\">Parameter des anpassbaren Pflanzentopfes<\/h3>\n\n\n\n<figure class=\"wp-block-table\"><table class=\"has-fixed-layout\"><tbody><tr><td>Modell<\/td><td>Produktname<\/td><td>Farbe<\/td><td>Material<\/td><td>Verwendet<\/td><td>Abmessungen<\/td><td>Gewicht<\/td><\/tr><tr><td>G33513-H910-A01<\/td><td>&nbsp;Garten Dekorativer Pflanzentopf&nbsp;<\/td><td>Antike Dunkelheit<\/td><td>Terrakotta<\/td><td>Wohnkultur, Wohnzimmer, Garten<\/td><td>T:20.5X23cm<\/td><td>3.2kg\/PC<\/td><\/tr><\/tbody><\/table><\/figure>\n\n\n\n<h3 class=\"wp-block-heading\">Individueller Pflanzgef\u00e4\u00df-Service<\/h3>\n\n\n\n<p>Wir bieten OEM- und ODM-Dienstleistungen f\u00fcr unsere Produkte an.<br>Eine schnelle Lieferung von Mustern ist m\u00f6glich.<br>Wir bieten eine Vielzahl von Formen, Farben, individuellem Druck, Verpackungen und anderen ma\u00dfgeschneiderten Dienstleistungen an, um Ihre speziellen Anforderungen zu erf\u00fcllen.<br><a style=\"\" href=\"https:\/\/www.santai-ceramics.com\/de\/custom\/\" data-type=\"page\" data-id=\"13\" target=\"_blank\" rel=\"noreferrer noopener\"><strong><b>Erfahren Sie mehr \u00fcber Custom<\/b> palnt Topf Detail.<\/strong><\/a><\/p>\n\n\n\n<div class=\"wp-block-columns is-layout-flex wp-container-core-columns-is-layout-9d6595d7 wp-block-columns-is-layout-flex\">\n<div class=\"wp-block-column is-layout-flow wp-block-column-is-layout-flow\">\n<figure class=\"wp-block-image size-full\"><img decoding=\"async\" width=\"1300\" height=\"1083\" src=\"https:\/\/www.santai-ceramics.com\/wp-content\/uploads\/2024\/10\/Customizable-Plant-Pot-4.webp\" alt=\"Anpassbarer Pflanzentopf (4)\" class=\"wp-image-764\" srcset=\"https:\/\/www.santai-ceramics.com\/wp-content\/uploads\/2024\/10\/Customizable-Plant-Pot-4.webp 1300w, https:\/\/www.santai-ceramics.com\/wp-content\/uploads\/2024\/10\/Customizable-Plant-Pot-4-300x250.webp 300w, https:\/\/www.santai-ceramics.com\/wp-content\/uploads\/2024\/10\/Customizable-Plant-Pot-4-768x640.webp 768w, https:\/\/www.santai-ceramics.com\/wp-content\/uploads\/2024\/10\/Customizable-Plant-Pot-4-1200x1000.webp 1200w, https:\/\/www.santai-ceramics.com\/wp-content\/uploads\/2024\/10\/Customizable-Plant-Pot-4-600x500.webp 600w\" sizes=\"(max-width: 1300px) 100vw, 1300px\" \/><\/figure>\n<\/div>\n\n\n\n<div class=\"wp-block-column is-layout-flow wp-block-column-is-layout-flow\">\n<figure class=\"wp-block-image size-full\"><img decoding=\"async\" width=\"1300\" height=\"1083\" src=\"https:\/\/www.santai-ceramics.com\/wp-content\/uploads\/2024\/10\/Customizable-Plant-Pot-5.webp\" alt=\"Anpassbarer Pflanzentopf (5)\" class=\"wp-image-765\" srcset=\"https:\/\/www.santai-ceramics.com\/wp-content\/uploads\/2024\/10\/Customizable-Plant-Pot-5.webp 1300w, https:\/\/www.santai-ceramics.com\/wp-content\/uploads\/2024\/10\/Customizable-Plant-Pot-5-300x250.webp 300w, https:\/\/www.santai-ceramics.com\/wp-content\/uploads\/2024\/10\/Customizable-Plant-Pot-5-768x640.webp 768w, https:\/\/www.santai-ceramics.com\/wp-content\/uploads\/2024\/10\/Customizable-Plant-Pot-5-1200x1000.webp 1200w, https:\/\/www.santai-ceramics.com\/wp-content\/uploads\/2024\/10\/Customizable-Plant-Pot-5-600x500.webp 600w\" sizes=\"(max-width: 1300px) 100vw, 1300px\" \/><\/figure>\n<\/div>\n<\/div>","protected":false},"excerpt":{"rendered":"<p data-pm-slice=\"0 0 []\">Gro\u00dfhandel benutzerdefinierte Blument\u00f6pfe, ist dieser Blumentopf besonders geeignet f\u00fcr die Landschaft Dekoration im Freien G\u00e4rten, Balkone oder H\u00f6fe. Wenn Sie diesen Blumentopf anpassen m\u00fcssen, bietet SANTAI Blumentopf Hersteller Sie mit professionellen Anpassungsservice. Die Kunden k\u00f6nnen die Gr\u00f6\u00dfe, Farbe und Textur nach ihren W\u00fcnschen w\u00e4hlen. Wir k\u00f6nnen die Bed\u00fcrfnisse der verschiedenen Stile erf\u00fcllen. Bitte kontaktieren Sie uns f\u00fcr individuelle L\u00f6sungen.<\/p>\n<h2>Eigenschaften von Customizable Plant Pot<\/h2>\n<p><strong>Nat\u00fcrlich rustikal<\/strong>Die Oberfl\u00e4che des Terrakotta-Pflanzgef\u00e4\u00dfes weist eine raue Textur auf, und die Retro-T\u00f6ne werden durch die Bearbeitung in Mitleidenschaft gezogen. Er ist voll von nat\u00fcrlicher und l\u00e4ndlicher Atmosph\u00e4re, die f\u00fcr einen warmen dekorativen Effekt genutzt werden kann.<\/p>\n<p><strong>Kann mit verschiedenen Bepflanzungen kombiniert werden<\/strong>Egal, ob es sich um hohe Zimmerpflanzen, H\u00e4ngepflanzen oder kurze Topfpflanzen handelt, durch verschiedene Kombinationen k\u00f6nnen verschiedene dekorative Effekte erzielt werden.<\/p>\n<p><strong>Hohe Kostenleistung<\/strong>: Fabrikdirektverkauf, erschwingliche Preise, dieser anpassbare Terrakotta-Pflanztopf eignet sich f\u00fcr Gro\u00dfeink\u00e4ufe f\u00fcr den Einzelhandel oder Dekorationsprojekte.<\/p>\n<p><strong>Professionelle L\u00f6sung f\u00fcr individuelle Pflanzgef\u00e4\u00dfe<\/strong>: Der Pflanzentopf kann f\u00fcr Kunden personalisiert werden, einschlie\u00dflich Gr\u00f6\u00dfe, Farbe und Textur-Design, um die unterschiedlichen Bed\u00fcrfnisse jedes Kunden zu erf\u00fcllen, so dass jeder Pflanzentopf gut mit der Innen- oder Au\u00dfendekoration eines bestimmten Stils passen kann.<\/p>","protected":false},"featured_media":761,"comment_status":"closed","ping_status":"closed","template":"","meta":{"_acf_changed":false},"product_brand":[],"product_cat":[23,42,21,18],"product_tag":[38],"class_list":{"0":"post-760","1":"product","2":"type-product","3":"status-publish","4":"has-post-thumbnail","6":"product_cat-ceramic-pots-planters","7":"product_cat-wholesale-ceramic-plant-pots","8":"product_cat-garden-decor","9":"product_cat-home-decor","10":"product_tag-wholesale-terracotta-flower-pots","12":"first","13":"instock","14":"shipping-taxable","15":"product-type-simple"},"acf":[],"_links":{"self":[{"href":"https:\/\/www.santai-ceramics.com\/de\/wp-json\/wp\/v2\/product\/760","targetHints":{"allow":["GET"]}}],"collection":[{"href":"https:\/\/www.santai-ceramics.com\/de\/wp-json\/wp\/v2\/product"}],"about":[{"href":"https:\/\/www.santai-ceramics.com\/de\/wp-json\/wp\/v2\/types\/product"}],"replies":[{"embeddable":true,"href":"https:\/\/www.santai-ceramics.com\/de\/wp-json\/wp\/v2\/comments?post=760"}],"wp:featuredmedia":[{"embeddable":true,"href":"https:\/\/www.santai-ceramics.com\/de\/wp-json\/wp\/v2\/media\/761"}],"wp:attachment":[{"href":"https:\/\/www.santai-ceramics.com\/de\/wp-json\/wp\/v2\/media?parent=760"}],"wp:term":[{"taxonomy":"product_brand","embeddable":true,"href":"https:\/\/www.santai-ceramics.com\/de\/wp-json\/wp\/v2\/product_brand?post=760"},{"taxonomy":"product_cat","embeddable":true,"href":"https:\/\/www.santai-ceramics.com\/de\/wp-json\/wp\/v2\/product_cat?post=760"},{"taxonomy":"product_tag","embeddable":true,"href":"https:\/\/www.santai-ceramics.com\/de\/wp-json\/wp\/v2\/product_tag?post=760"}],"curies":[{"name":"wp","href":"https:\/\/api.w.org\/{rel}","templated":true}]}}