{"id":774,"date":"2024-10-16T10:54:30","date_gmt":"2024-10-16T10:54:30","guid":{"rendered":"https:\/\/www.santai-ceramics.com\/?post_type=product&#038;p=774"},"modified":"2025-06-05T10:14:54","modified_gmt":"2025-06-05T10:14:54","slug":"wholesale-outdoor-cement-planter","status":"publish","type":"product","link":"https:\/\/www.santai-ceramics.com\/de\/product\/wholesale-outdoor-cement-planter\/","title":{"rendered":"Gro\u00dfhandel Outdoor Zement Pflanzer f\u00fcr stilvolle Gartendekoration und dauerhafte Landschaftsgestaltung L\u00f6sungen"},"content":{"rendered":"<h3 class=\"wp-block-heading\">Parameter von Outdoor-Zement-Pflanzer<\/h3>\n\n\n\n<figure class=\"wp-block-table\"><table class=\"has-fixed-layout\"><tbody><tr><td>Modell<\/td><td>Produktname<\/td><td>Farbe<\/td><td>Material<\/td><td>Verwendet<\/td><td>Abmessungen<\/td><td>Gewicht<\/td><\/tr><tr><td>J37576-H885-A01<\/td><td>Pflanzgef\u00e4\u00df aus Faserzement f\u00fcr drau\u00dfen&nbsp;<\/td><td>Antike Dunkelheit<\/td><td>Faserzement&nbsp;<\/td><td>Wohnkultur, Wohnzimmer, Garten<\/td><td>T:37,5X44,5cm<\/td><td>8.6kg\/PC<\/td><\/tr><tr><td>J37576-H885-A02<\/td><td>Pflanzgef\u00e4\u00df aus Faserzement f\u00fcr drau\u00dfen&nbsp;<\/td><td>Antike Dunkelheit<\/td><td>Faserzement&nbsp;<\/td><td>Wohnkultur, Wohnzimmer, Garten<\/td><td>T:32X36.5cm<\/td><td>5,6kg\/PC<\/td><\/tr><tr><td>J37576-H885-A03<\/td><td>Pflanzgef\u00e4\u00df aus Faserzement f\u00fcr drau\u00dfen&nbsp;<\/td><td>Antike Dunkelheit<\/td><td>Faserzement&nbsp;<\/td><td>Wohnkultur, Wohnzimmer, Garten<\/td><td>T:28X31cm<\/td><td>4.1kg\/PC<\/td><\/tr><\/tbody><\/table><\/figure>\n\n\n\n<h3 class=\"wp-block-heading\">Individueller Service f\u00fcr Zement-Pflanzgef\u00e4\u00dfe im Freien<\/h3>\n\n\n\n<p>Wir bieten OEM- und ODM-Dienstleistungen f\u00fcr unsere Produkte an.<br>Eine schnelle Lieferung von Mustern ist m\u00f6glich.<br>Wir bieten eine Vielzahl von Formen, Farben, individuellem Druck, Verpackungen und anderen ma\u00dfgeschneiderten Dienstleistungen an, um Ihre speziellen Anforderungen zu erf\u00fcllen.<br><a style=\"\" href=\"https:\/\/www.santai-ceramics.com\/de\/custom\/\" data-type=\"page\" data-id=\"13\" target=\"_blank\" rel=\"noreferrer noopener\"><strong><b>Erfahren Sie mehr \u00fcber Custom<\/b> Zement Pflanzgef\u00e4\u00df Detail.<\/strong><\/a><\/p>\n\n\n\n<div class=\"wp-block-columns is-layout-flex wp-container-core-columns-is-layout-9d6595d7 wp-block-columns-is-layout-flex\">\n<div class=\"wp-block-column is-layout-flow wp-block-column-is-layout-flow\">\n<figure class=\"wp-block-image size-full\"><img decoding=\"async\" width=\"1300\" height=\"1083\" src=\"https:\/\/www.santai-ceramics.com\/wp-content\/uploads\/2024\/10\/Wholesale-Outdoor-Cement-Planter-4.webp\" alt=\"Gro\u00dfhandel Au\u00dfen Zement Pflanzer (4)\" class=\"wp-image-778\" srcset=\"https:\/\/www.santai-ceramics.com\/wp-content\/uploads\/2024\/10\/Wholesale-Outdoor-Cement-Planter-4.webp 1300w, https:\/\/www.santai-ceramics.com\/wp-content\/uploads\/2024\/10\/Wholesale-Outdoor-Cement-Planter-4-300x250.webp 300w, https:\/\/www.santai-ceramics.com\/wp-content\/uploads\/2024\/10\/Wholesale-Outdoor-Cement-Planter-4-768x640.webp 768w, https:\/\/www.santai-ceramics.com\/wp-content\/uploads\/2024\/10\/Wholesale-Outdoor-Cement-Planter-4-1200x1000.webp 1200w, https:\/\/www.santai-ceramics.com\/wp-content\/uploads\/2024\/10\/Wholesale-Outdoor-Cement-Planter-4-600x500.webp 600w\" sizes=\"(max-width: 1300px) 100vw, 1300px\" \/><\/figure>\n<\/div>\n\n\n\n<div class=\"wp-block-column is-layout-flow wp-block-column-is-layout-flow\">\n<figure class=\"wp-block-image size-full\"><img decoding=\"async\" width=\"1300\" height=\"1083\" src=\"https:\/\/www.santai-ceramics.com\/wp-content\/uploads\/2024\/10\/Wholesale-Outdoor-Cement-Planter-7.webp\" alt=\"Gro\u00dfhandel Au\u00dfen Zement Pflanzer (7)\" class=\"wp-image-781\" srcset=\"https:\/\/www.santai-ceramics.com\/wp-content\/uploads\/2024\/10\/Wholesale-Outdoor-Cement-Planter-7.webp 1300w, https:\/\/www.santai-ceramics.com\/wp-content\/uploads\/2024\/10\/Wholesale-Outdoor-Cement-Planter-7-300x250.webp 300w, https:\/\/www.santai-ceramics.com\/wp-content\/uploads\/2024\/10\/Wholesale-Outdoor-Cement-Planter-7-768x640.webp 768w, https:\/\/www.santai-ceramics.com\/wp-content\/uploads\/2024\/10\/Wholesale-Outdoor-Cement-Planter-7-1200x1000.webp 1200w, https:\/\/www.santai-ceramics.com\/wp-content\/uploads\/2024\/10\/Wholesale-Outdoor-Cement-Planter-7-600x500.webp 600w\" sizes=\"(max-width: 1300px) 100vw, 1300px\" \/><\/figure>\n<\/div>\n<\/div>","protected":false},"excerpt":{"rendered":"<p data-pm-slice=\"0 0 []\">Wir stellen Ihnen unsere Zement-Pflanzgef\u00e4\u00dfe f\u00fcr den Au\u00dfenbereich vor, die perfekte L\u00f6sung f\u00fcr die Dekoration Ihres Gartens oder Ihrer Terrasse. Hergestellt aus Premium-Zement, sind diese Pflanzgef\u00e4\u00dfe entwickelt, um Haltbarkeit und Langlebigkeit f\u00fcr alle Ihre Outdoor-Landschaftsgestaltung Bed\u00fcrfnisse zu gew\u00e4hrleisten. Ob Sie ein Einzelh\u00e4ndler sind, der eine einzigartige Au\u00dfendekoration anbieten m\u00f6chte, oder ein Landschaftsgestalter, der nach zuverl\u00e4ssigen Pflanzgef\u00e4\u00dfen sucht, SANTAI Planter Manufacturer bietet hervorragende Qualit\u00e4t und wettbewerbsf\u00e4hige Preise.<\/p>\n<h2>Eigenschaften von Outdoor Cement Planter<\/h2>\n<p><strong>Einzigartiges Design<\/strong>: Hellgrau ist die Hauptfarbe f\u00fcr diesen Zement-Pflanzk\u00fcbel f\u00fcr den Au\u00dfenbereich; er hat ein gewelltes Texturdesign. Dies ist nicht nur gut f\u00fcr das Aussehen des Pflanzgef\u00e4\u00dfes, sondern es kann auch verschiedene dekorative Stile erf\u00fcllen.<\/p>\n<p><strong>Mehrere Gr\u00f6\u00dfenoptionen f\u00fcr unterschiedliche Bed\u00fcrfnisse<\/strong>: Die Pflanzgef\u00e4\u00dfe f\u00fcr den Gro\u00dfhandel bieten drei Gr\u00f6\u00dfen f\u00fcr unterschiedliche Szenarien und Pflanzbed\u00fcrfnisse. Egal, ob Sie eine gro\u00dfe Blattpflanze oder eine kleine Sukkulente pflanzen m\u00f6chten, in dieser Serie von Pflanzgef\u00e4\u00dfen finden Sie ein passendes Gef\u00e4\u00df.<\/p>\n<p><strong>Faserzementmaterial<\/strong>: Das Pflanzgef\u00e4\u00df f\u00fcr den Gro\u00dfhandel ist aus Faserzement gefertigt und zeichnet sich durch eine extrem hohe Festigkeit und Haltbarkeit aus.\u00a0<\/p>\n<p><strong>Gute Atmungsaktivit\u00e4t<\/strong>: Die Luftdurchl\u00e4ssigkeit dieses Faserzementmaterials ist gut f\u00fcr die Atmung und das Wachstum der Pflanzenwurzeln. Am Boden des Blumentopfs befindet sich in der Regel ein Entw\u00e4sserungsloch, durch das \u00fcbersch\u00fcssiges Wasser effektiv abflie\u00dfen kann, um F\u00e4ulnis der Pflanzenwurzeln zu verhindern.<\/p>\n<p><strong>Umweltfreundlich und nachhaltig<\/strong>: Faserzement ist ein umweltfreundliches und nachhaltiges Material, das die Umwelt nicht verschmutzt. Au\u00dferdem k\u00f6nnen Pflanzgef\u00e4\u00dfe aus diesem Material recycelt werden, um die Ressourcenverschwendung und den entstehenden M\u00fcll zu reduzieren.<\/p>\n<p><strong>OEM &amp; OEM-Dienstleistung<\/strong>: Als professioneller Keramikhersteller bietet SANTAI kundenspezifische L\u00f6sungen f\u00fcr Pflanzgef\u00e4\u00dfe aus einer Hand an, die Design, Musterbereitstellung, Produktion, Transport, Lieferung und andere Prozesse f\u00fcr B2B-K\u00e4ufer mit hochwertigen Pflanzgef\u00e4\u00dfen umfassen.<\/p>","protected":false},"featured_media":775,"comment_status":"closed","ping_status":"closed","template":"","meta":{"_acf_changed":false},"product_brand":[],"product_cat":[23,41,18,21],"product_tag":[40],"class_list":{"0":"post-774","1":"product","2":"type-product","3":"status-publish","4":"has-post-thumbnail","6":"product_cat-ceramic-pots-planters","7":"product_cat-wholesale-fiber-cement-plant-pots","8":"product_cat-home-decor","9":"product_cat-garden-decor","10":"product_tag-cement-flower-pot","12":"first","13":"instock","14":"shipping-taxable","15":"product-type-simple"},"acf":[],"_links":{"self":[{"href":"https:\/\/www.santai-ceramics.com\/de\/wp-json\/wp\/v2\/product\/774","targetHints":{"allow":["GET"]}}],"collection":[{"href":"https:\/\/www.santai-ceramics.com\/de\/wp-json\/wp\/v2\/product"}],"about":[{"href":"https:\/\/www.santai-ceramics.com\/de\/wp-json\/wp\/v2\/types\/product"}],"replies":[{"embeddable":true,"href":"https:\/\/www.santai-ceramics.com\/de\/wp-json\/wp\/v2\/comments?post=774"}],"wp:featuredmedia":[{"embeddable":true,"href":"https:\/\/www.santai-ceramics.com\/de\/wp-json\/wp\/v2\/media\/775"}],"wp:attachment":[{"href":"https:\/\/www.santai-ceramics.com\/de\/wp-json\/wp\/v2\/media?parent=774"}],"wp:term":[{"taxonomy":"product_brand","embeddable":true,"href":"https:\/\/www.santai-ceramics.com\/de\/wp-json\/wp\/v2\/product_brand?post=774"},{"taxonomy":"product_cat","embeddable":true,"href":"https:\/\/www.santai-ceramics.com\/de\/wp-json\/wp\/v2\/product_cat?post=774"},{"taxonomy":"product_tag","embeddable":true,"href":"https:\/\/www.santai-ceramics.com\/de\/wp-json\/wp\/v2\/product_tag?post=774"}],"curies":[{"name":"wp","href":"https:\/\/api.w.org\/{rel}","templated":true}]}}