{"id":782,"date":"2024-10-16T14:40:41","date_gmt":"2024-10-16T14:40:41","guid":{"rendered":"https:\/\/www.santai-ceramics.com\/?post_type=product&#038;p=782"},"modified":"2025-06-08T15:11:40","modified_gmt":"2025-06-08T15:11:40","slug":"wholesale-outdoor-clay-plant-pots","status":"publish","type":"product","link":"https:\/\/www.santai-ceramics.com\/de\/product\/wholesale-outdoor-clay-plant-pots\/","title":{"rendered":"Gro\u00dfhandel Tont\u00f6pfe f\u00fcr G\u00e4rten, Terrassen und Landschaften"},"content":{"rendered":"<h3 class=\"wp-block-heading\">Parameter der Outdoor-Ton-Pflanzentopf<\/h3>\n\n\n\n<figure class=\"wp-block-table\"><table class=\"has-fixed-layout\"><tbody><tr><td>Modell<\/td><td>Produktname<\/td><td>Farbe<\/td><td>Material<\/td><td>Verwendet<\/td><td>Abmessungen<\/td><td>Gewicht<\/td><\/tr><tr><td>G34706-H910-A01<\/td><td>Outdoor-Ton-Pflanztopf<\/td><td>Antike Dunkelheit<\/td><td>Terrakotta<\/td><td>Wohnkultur, Wohnzimmer, Garten<\/td><td>T:24X18cm<\/td><td>2.8kg\/PC<\/td><\/tr><tr><td>G34706-H910-A03<\/td><td>Outdoor-Ton-Pflanztopf<\/td><td>Antike Dunkelheit<\/td><td>Terrakotta<\/td><td>Wohnkultur, Wohnzimmer, Garten<\/td><td>T:15X12cm<\/td><td>1kg\/PC<\/td><\/tr><\/tbody><\/table><\/figure>\n\n\n\n<h3 class=\"wp-block-heading\">Kundenspezifischer Ton-Pflanztopf-Service f\u00fcr drau\u00dfen<\/h3>\n\n\n\n<p>Wir bieten OEM- und ODM-Dienstleistungen f\u00fcr unsere Produkte an.<br>Eine schnelle Lieferung von Mustern ist m\u00f6glich.<br>Wir bieten eine Vielzahl von Formen, Farben, individuellem Druck, Verpackungen und anderen ma\u00dfgeschneiderten Dienstleistungen an, um Ihre speziellen Anforderungen zu erf\u00fcllen.<br><a style=\"\" href=\"https:\/\/www.santai-ceramics.com\/de\/custom\/\" data-type=\"page\" data-id=\"13\" target=\"_blank\" rel=\"noreferrer noopener\"><strong><b>Erfahren Sie mehr \u00fcber Custom<\/b> Tontopf f\u00fcr den Au\u00dfenbereich Detail.<\/strong><\/a><\/p>\n\n\n\n<div class=\"wp-block-columns is-layout-flex wp-container-core-columns-is-layout-9d6595d7 wp-block-columns-is-layout-flex\">\n<div class=\"wp-block-column is-layout-flow wp-block-column-is-layout-flow\">\n<figure class=\"wp-block-image size-full\"><img decoding=\"async\" width=\"1200\" height=\"1000\" src=\"https:\/\/www.santai-ceramics.com\/wp-content\/uploads\/2024\/10\/Wholesale-Outdoor-Plant-Pots-5.jpg\" alt=\"Gro\u00dfhandel Outdoor-Pflanzt\u00f6pfe (5)\" class=\"wp-image-788\" srcset=\"https:\/\/www.santai-ceramics.com\/wp-content\/uploads\/2024\/10\/Wholesale-Outdoor-Plant-Pots-5.jpg 1200w, https:\/\/www.santai-ceramics.com\/wp-content\/uploads\/2024\/10\/Wholesale-Outdoor-Plant-Pots-5-300x250.jpg 300w, https:\/\/www.santai-ceramics.com\/wp-content\/uploads\/2024\/10\/Wholesale-Outdoor-Plant-Pots-5-768x640.jpg 768w, https:\/\/www.santai-ceramics.com\/wp-content\/uploads\/2024\/10\/Wholesale-Outdoor-Plant-Pots-5-600x500.jpg 600w\" sizes=\"(max-width: 1200px) 100vw, 1200px\" \/><\/figure>\n<\/div>\n\n\n\n<div class=\"wp-block-column is-layout-flow wp-block-column-is-layout-flow\">\n<figure class=\"wp-block-image size-full\"><img decoding=\"async\" width=\"1200\" height=\"999\" src=\"https:\/\/www.santai-ceramics.com\/wp-content\/uploads\/2024\/10\/Wholesale-Outdoor-Plant-Pots-6.jpg\" alt=\"Gro\u00dfhandel Outdoor-Pflanzt\u00f6pfe (6)\" class=\"wp-image-789\" srcset=\"https:\/\/www.santai-ceramics.com\/wp-content\/uploads\/2024\/10\/Wholesale-Outdoor-Plant-Pots-6.jpg 1200w, https:\/\/www.santai-ceramics.com\/wp-content\/uploads\/2024\/10\/Wholesale-Outdoor-Plant-Pots-6-300x250.jpg 300w, https:\/\/www.santai-ceramics.com\/wp-content\/uploads\/2024\/10\/Wholesale-Outdoor-Plant-Pots-6-768x639.jpg 768w, https:\/\/www.santai-ceramics.com\/wp-content\/uploads\/2024\/10\/Wholesale-Outdoor-Plant-Pots-6-600x500.jpg 600w\" sizes=\"(max-width: 1200px) 100vw, 1200px\" \/><\/figure>\n<\/div>\n<\/div>","protected":false},"excerpt":{"rendered":"<p data-pm-slice=\"0 0 []\">Unsere Gro\u00dfhandelspflanzgef\u00e4\u00dfe aus Ton verleihen jedem Garten, jeder Terrasse oder jedem Au\u00dfenbereich einen Hauch von nat\u00fcrlichem, rustikalem Charme. Sie sind in einer Vielzahl von Stilen und Gr\u00f6\u00dfen erh\u00e4ltlich und eignen sich perfekt f\u00fcr Einzelh\u00e4ndler, Landschaftsg\u00e4rtner und Gartenliebhaber, die nach Gro\u00dfeinkaufsoptionen suchen.<\/p>\n<h2>Eigenschaften von Outdoor-Ton-Pflanztopf<\/h2>\n<p><strong>Anpassung an eine Vielzahl von Umgebungen im Freien<\/strong>: Ob auf einem sonnigen Balkon, einer Terrasse oder in einem k\u00fchlen und feuchten Innenhof oder Garten, dieser Blumentopf kann sich gut anpassen. Dank seines wetterfesten und korrosionsbest\u00e4ndigen Materials beh\u00e4lt der Blumentopf in verschiedenen Umgebungen seine Sch\u00f6nheit und Funktionalit\u00e4t und bietet den Pflanzen eine gute Wachstumsumgebung.<\/p>\n<p><strong>Geeignet f\u00fcr eine Vielzahl von Umgebungen<\/strong>: Durch die Form dieses antiken Designs kann sich der Pflanztopf an verschiedene Umgebungsbedingungen anpassen. Ob es sich um einen klassischen Innenhof, einen modernen Garten oder einen einfachen Balkon handelt.<\/p>\n<p><strong>Hohe Kostenleistung<\/strong>: In Anbetracht des Materials, des Designs und der Haltbarkeit des Blumentopfs werden Sie feststellen, dass dieses Produkt sehr kosteng\u00fcnstig ist. Er erf\u00fcllt nicht nur die Grundbed\u00fcrfnisse der Bepflanzung, sondern bringt auch zus\u00e4tzliche dekorative Effekte in den Au\u00dfenbereich.<\/p>\n<p><strong>OEM&amp;ODM-Dienstleistung<\/strong>: Als f\u00fchrender Hersteller von Keramikdekor f\u00fcr den Garten in China bietet SNATAI professionelle Gro\u00dfhandels- und kundenspezifische L\u00f6sungen f\u00fcr Pflanzgef\u00e4\u00dfe an, um sicherzustellen, dass jedes Produkt die Ideen der Kunden widerspiegelt. Unser flexibler Anpassungsservice und unsere strenge Qualit\u00e4tskontrolle helfen unseren Kunden, individuelle Designs zu realisieren und die Wettbewerbsf\u00e4higkeit auf dem Markt zu verbessern.<\/p>","protected":false},"featured_media":784,"comment_status":"closed","ping_status":"closed","template":"","meta":{"_acf_changed":false},"product_brand":[],"product_cat":[23,42,21],"product_tag":[38],"class_list":{"0":"post-782","1":"product","2":"type-product","3":"status-publish","4":"has-post-thumbnail","6":"product_cat-ceramic-pots-planters","7":"product_cat-wholesale-ceramic-plant-pots","8":"product_cat-garden-decor","9":"product_tag-wholesale-terracotta-flower-pots","11":"first","12":"instock","13":"shipping-taxable","14":"product-type-simple"},"acf":[],"_links":{"self":[{"href":"https:\/\/www.santai-ceramics.com\/de\/wp-json\/wp\/v2\/product\/782","targetHints":{"allow":["GET"]}}],"collection":[{"href":"https:\/\/www.santai-ceramics.com\/de\/wp-json\/wp\/v2\/product"}],"about":[{"href":"https:\/\/www.santai-ceramics.com\/de\/wp-json\/wp\/v2\/types\/product"}],"replies":[{"embeddable":true,"href":"https:\/\/www.santai-ceramics.com\/de\/wp-json\/wp\/v2\/comments?post=782"}],"wp:featuredmedia":[{"embeddable":true,"href":"https:\/\/www.santai-ceramics.com\/de\/wp-json\/wp\/v2\/media\/784"}],"wp:attachment":[{"href":"https:\/\/www.santai-ceramics.com\/de\/wp-json\/wp\/v2\/media?parent=782"}],"wp:term":[{"taxonomy":"product_brand","embeddable":true,"href":"https:\/\/www.santai-ceramics.com\/de\/wp-json\/wp\/v2\/product_brand?post=782"},{"taxonomy":"product_cat","embeddable":true,"href":"https:\/\/www.santai-ceramics.com\/de\/wp-json\/wp\/v2\/product_cat?post=782"},{"taxonomy":"product_tag","embeddable":true,"href":"https:\/\/www.santai-ceramics.com\/de\/wp-json\/wp\/v2\/product_tag?post=782"}],"curies":[{"name":"wp","href":"https:\/\/api.w.org\/{rel}","templated":true}]}}