{"id":810,"date":"2024-10-17T07:44:23","date_gmt":"2024-10-17T07:44:23","guid":{"rendered":"https:\/\/www.santai-ceramics.com\/?post_type=product&#038;p=810"},"modified":"2025-06-05T10:14:44","modified_gmt":"2025-06-05T10:14:44","slug":"high-quality-wholesale-outdoor-fiber-cement-planters","status":"publish","type":"product","link":"https:\/\/www.santai-ceramics.com\/de\/product\/high-quality-wholesale-outdoor-fiber-cement-planters\/","title":{"rendered":"Gro\u00dfhandel Outdoor Faserzement Pflanzer f\u00fcr moderne Landschaftsgestaltung"},"content":{"rendered":"<h3 class=\"wp-block-heading\">Parameter der Faserzement-Pflanzmaschine<\/h3>\n\n\n\n<figure class=\"wp-block-table\"><table class=\"has-fixed-layout\"><tbody><tr><td>Modell<\/td><td>Produktname<\/td><td>Farbe<\/td><td>Material<\/td><td>Verwendet<\/td><td>Abmessungen<\/td><td>Gewicht<\/td><\/tr><tr><td>J37040-H885-A01<\/td><td>Pflanzer aus Faserzement&nbsp;<\/td><td>Antikes Hellbraun<\/td><td>Faserzement<\/td><td>Wohnkultur, Wohnzimmer, Garten<\/td><td>T:39X38cm<\/td><td>8.1kg\/PC<\/td><\/tr><tr><td>J37040-H885-A02<\/td><td>Pflanzer aus Faserzement&nbsp;<\/td><td>Antikes Hellbraun<\/td><td>Faserzement<\/td><td>Wohnkultur, Wohnzimmer, Garten<\/td><td>T:31X30,5cm<\/td><td>5,3kg\/PC<\/td><\/tr><\/tbody><\/table><\/figure>\n\n\n\n<h3 class=\"wp-block-heading\">Ma\u00dfgeschneiderter Pflanzenservice<\/h3>\n\n\n\n<p>Wir bieten OEM- und ODM-Dienstleistungen f\u00fcr unsere Produkte an.<br>Eine schnelle Lieferung von Mustern ist m\u00f6glich.<br>Wir bieten eine Vielzahl von Formen, Farben, individuellem Druck, Verpackungen und anderen ma\u00dfgeschneiderten Dienstleistungen an, um Ihre speziellen Anforderungen zu erf\u00fcllen.<br><a style=\"\" href=\"https:\/\/www.santai-ceramics.com\/de\/custom\/\" data-type=\"page\" data-id=\"13\" target=\"_blank\" rel=\"noreferrer noopener\"><strong><b>Erfahren Sie mehr \u00fcber Custom<\/b> Pflanzgef\u00e4\u00df Detail.<\/strong><\/a><\/p>\n\n\n\n<div class=\"wp-block-columns is-layout-flex wp-container-core-columns-is-layout-9d6595d7 wp-block-columns-is-layout-flex\">\n<div class=\"wp-block-column is-layout-flow wp-block-column-is-layout-flow\">\n<figure class=\"wp-block-image size-full\"><img decoding=\"async\" width=\"1806\" height=\"1505\" src=\"https:\/\/www.santai-ceramics.com\/wp-content\/uploads\/2024\/10\/Outdoor-Fiber-Cement-Planter-4.webp\" alt=\"Pflanzgef\u00e4\u00df aus Faserzement f\u00fcr den Au\u00dfenbereich (4)\" class=\"wp-image-814\" srcset=\"https:\/\/www.santai-ceramics.com\/wp-content\/uploads\/2024\/10\/Outdoor-Fiber-Cement-Planter-4.webp 1806w, https:\/\/www.santai-ceramics.com\/wp-content\/uploads\/2024\/10\/Outdoor-Fiber-Cement-Planter-4-300x250.webp 300w, https:\/\/www.santai-ceramics.com\/wp-content\/uploads\/2024\/10\/Outdoor-Fiber-Cement-Planter-4-768x640.webp 768w, https:\/\/www.santai-ceramics.com\/wp-content\/uploads\/2024\/10\/Outdoor-Fiber-Cement-Planter-4-1200x1000.webp 1200w, https:\/\/www.santai-ceramics.com\/wp-content\/uploads\/2024\/10\/Outdoor-Fiber-Cement-Planter-4-600x500.webp 600w\" sizes=\"(max-width: 1806px) 100vw, 1806px\" \/><\/figure>\n<\/div>\n\n\n\n<div class=\"wp-block-column is-layout-flow wp-block-column-is-layout-flow\">\n<figure class=\"wp-block-image size-full\"><img decoding=\"async\" width=\"1806\" height=\"1505\" src=\"https:\/\/www.santai-ceramics.com\/wp-content\/uploads\/2024\/10\/Outdoor-Fiber-Cement-Planter-3.webp\" alt=\"Pflanzgef\u00e4\u00df aus Faserzement f\u00fcr den Au\u00dfenbereich (3)\" class=\"wp-image-813\" srcset=\"https:\/\/www.santai-ceramics.com\/wp-content\/uploads\/2024\/10\/Outdoor-Fiber-Cement-Planter-3.webp 1806w, https:\/\/www.santai-ceramics.com\/wp-content\/uploads\/2024\/10\/Outdoor-Fiber-Cement-Planter-3-300x250.webp 300w, https:\/\/www.santai-ceramics.com\/wp-content\/uploads\/2024\/10\/Outdoor-Fiber-Cement-Planter-3-768x640.webp 768w, https:\/\/www.santai-ceramics.com\/wp-content\/uploads\/2024\/10\/Outdoor-Fiber-Cement-Planter-3-1200x1000.webp 1200w, https:\/\/www.santai-ceramics.com\/wp-content\/uploads\/2024\/10\/Outdoor-Fiber-Cement-Planter-3-600x500.webp 600w\" sizes=\"(max-width: 1806px) 100vw, 1806px\" \/><\/figure>\n<\/div>\n<\/div>","protected":false},"excerpt":{"rendered":"<p data-pm-slice=\"0 0 []\">Gro\u00dfhandel Outdoor-Faserzement-Pflanzgef\u00e4\u00dfe, geben Sie Ihre kommerziellen Projekte und zu Hause Gartenarbeit einen neuen Schwung des Lebens, unsere Outdoor-Faserzement-Pflanzgef\u00e4\u00dfe kombinieren modernes Design mit \u00fcberlegener Haltbarkeit, geeignet f\u00fcr eine Vielzahl von Pflanzen und Blumen. Willkommen B2B K\u00e4ufer, Gro\u00dfh\u00e4ndler, Einzelh\u00e4ndler, um uns f\u00fcr Angebote zu kontaktieren.<\/p>\n<h2>Eigenschaften von Fiber Cement Planter<\/h2>\n<p><strong>Widerstandsf\u00e4higes Material<\/strong>: Dieser Gro\u00dfhandel Pflanzer ist aus hochfestem Faserzement Material, das leicht mit dem wechselnden Klima im Freien und extreme Temperaturunterschiede zu bew\u00e4ltigen, und zeigen hervorragende Haltbarkeit.<\/p>\n<p><strong>Trendige \u00c4sthetik<\/strong>: Die sorgf\u00e4ltig geschnitzten geometrischen Figuren auf der Oberfl\u00e4che des Gro\u00dfhandelspflanzgef\u00e4\u00dfes verleihen dem Raum einen Hauch von Avantgarde-Mode, egal ob es sich um einen Innenhof, eine Terrasse oder eine Ecke im Freien handelt, es kann zum Mittelpunkt werden.<\/p>\n<p><strong>Der Natur nahe<\/strong>: Die neutralen Farben und die nat\u00fcrlichen Texturen, die es verwendet, schaffen ein Gef\u00fchl der R\u00fcckkehr zur Natur, das sich perfekt in moderne minimalistische oder klassische Gartengestaltungen einf\u00fcgt.<\/p>\n<p><strong>Vielf\u00e4ltige Spezifikationen<\/strong>: Um den Bed\u00fcrfnissen der verschiedenen Pflanzen gerecht zu werden, bieten wir Ihnen Pflanzgef\u00e4\u00dfe in verschiedenen Gr\u00f6\u00dfen an. Von kleinen Gr\u00fcnpflanzen f\u00fcr den Innenbereich bis hin zu spektakul\u00e4ren B\u00e4umen f\u00fcr den Au\u00dfenbereich finden Sie bei uns das passende Gef\u00e4\u00df.<\/p>\n<p><strong>Optimierte Entw\u00e4sserung<\/strong>: Der speziell entworfene, leicht erh\u00f6hte Boden des whosale Pflanzgef\u00e4\u00dfes f\u00f6rdert effektiv den Abfluss von angesammeltem Wasser, h\u00e4lt den Topfboden atmungsaktiv und bietet ein gesundes Wachstumsumfeld f\u00fcr Pflanzenwurzeln.<\/p>\n<p><strong>OEM- und ODM-Anpassungsdienste<\/strong>: Wir bieten umfassende OEM- und ODM-Services f\u00fcr kundenspezifische Pflanzgef\u00e4\u00dfe, um Ihnen Marktvorteile zu verschaffen. Bitte kontaktieren Sie uns.<\/p>","protected":false},"featured_media":811,"comment_status":"closed","ping_status":"closed","template":"","meta":{"_acf_changed":false},"product_brand":[],"product_cat":[23,41,21,18],"product_tag":[40],"class_list":{"0":"post-810","1":"product","2":"type-product","3":"status-publish","4":"has-post-thumbnail","6":"product_cat-ceramic-pots-planters","7":"product_cat-wholesale-fiber-cement-plant-pots","8":"product_cat-garden-decor","9":"product_cat-home-decor","10":"product_tag-cement-flower-pot","12":"first","13":"instock","14":"shipping-taxable","15":"product-type-simple"},"acf":[],"_links":{"self":[{"href":"https:\/\/www.santai-ceramics.com\/de\/wp-json\/wp\/v2\/product\/810","targetHints":{"allow":["GET"]}}],"collection":[{"href":"https:\/\/www.santai-ceramics.com\/de\/wp-json\/wp\/v2\/product"}],"about":[{"href":"https:\/\/www.santai-ceramics.com\/de\/wp-json\/wp\/v2\/types\/product"}],"replies":[{"embeddable":true,"href":"https:\/\/www.santai-ceramics.com\/de\/wp-json\/wp\/v2\/comments?post=810"}],"wp:featuredmedia":[{"embeddable":true,"href":"https:\/\/www.santai-ceramics.com\/de\/wp-json\/wp\/v2\/media\/811"}],"wp:attachment":[{"href":"https:\/\/www.santai-ceramics.com\/de\/wp-json\/wp\/v2\/media?parent=810"}],"wp:term":[{"taxonomy":"product_brand","embeddable":true,"href":"https:\/\/www.santai-ceramics.com\/de\/wp-json\/wp\/v2\/product_brand?post=810"},{"taxonomy":"product_cat","embeddable":true,"href":"https:\/\/www.santai-ceramics.com\/de\/wp-json\/wp\/v2\/product_cat?post=810"},{"taxonomy":"product_tag","embeddable":true,"href":"https:\/\/www.santai-ceramics.com\/de\/wp-json\/wp\/v2\/product_tag?post=810"}],"curies":[{"name":"wp","href":"https:\/\/api.w.org\/{rel}","templated":true}]}}