{"id":823,"date":"2024-10-17T09:00:21","date_gmt":"2024-10-17T09:00:21","guid":{"rendered":"https:\/\/www.santai-ceramics.com\/?post_type=product&#038;p=823"},"modified":"2025-06-08T15:10:25","modified_gmt":"2025-06-08T15:10:25","slug":"wholesale-creative-flower-pots-with-embossed-pattern","status":"publish","type":"product","link":"https:\/\/www.santai-ceramics.com\/de\/product\/wholesale-creative-flower-pots-with-embossed-pattern\/","title":{"rendered":"Gro\u00dfhandel kreative Keramik Blument\u00f6pfe mit gepr\u00e4gtem Muster"},"content":{"rendered":"<h3 class=\"wp-block-heading\">Parameter von Pottery Flower Pot<\/h3>\n\n\n\n<figure class=\"wp-block-table\"><table class=\"has-fixed-layout\"><tbody><tr><td>Modell<\/td><td>Produktname<\/td><td>Farbe<\/td><td>Material<\/td><td>Verwendet<\/td><td>Abmessungen<\/td><td>Gewicht<\/td><\/tr><tr><td>G37587-H885-A01<\/td><td>Kreative T\u00f6pferei Blumentopf<\/td><td>Antikes Hellbraun<\/td><td>&nbsp;Terrakotta<\/td><td>Wohnkultur, Wohnzimmer, Garten<\/td><td>T:19.5X17cm<\/td><td>1.9kg\/PC<\/td><\/tr><\/tbody><\/table><\/figure>\n\n\n\n<h3 class=\"wp-block-heading\">Individueller Blumentopf-Service<\/h3>\n\n\n\n<p>Wir bieten OEM- und ODM-Dienstleistungen f\u00fcr unsere Produkte an.<br>Eine schnelle Lieferung von Mustern ist m\u00f6glich.<br>Wir bieten eine Vielzahl von Formen, Farben, individuellem Druck, Verpackungen und anderen ma\u00dfgeschneiderten Dienstleistungen an, um Ihre speziellen Anforderungen zu erf\u00fcllen.<br><a style=\"\" href=\"https:\/\/www.santai-ceramics.com\/de\/custom\/\" data-type=\"page\" data-id=\"13\" target=\"_blank\" rel=\"noreferrer noopener\"><strong><b>Erfahren Sie mehr \u00fcber Custom<\/b> Blumentopf Detail.<\/strong><\/a><\/p>\n\n\n\n<div class=\"wp-block-columns is-layout-flex wp-container-core-columns-is-layout-9d6595d7 wp-block-columns-is-layout-flex\">\n<div class=\"wp-block-column is-layout-flow wp-block-column-is-layout-flow\">\n<figure class=\"wp-block-image size-full\"><img decoding=\"async\" width=\"1200\" height=\"1000\" src=\"https:\/\/www.santai-ceramics.com\/wp-content\/uploads\/2024\/10\/Wholesale-Creative-Flower-Pots-2.jpg\" alt=\"Gro\u00dfhandel Kreative Blument\u00f6pfe (2)\" class=\"wp-image-825\" srcset=\"https:\/\/www.santai-ceramics.com\/wp-content\/uploads\/2024\/10\/Wholesale-Creative-Flower-Pots-2.jpg 1200w, https:\/\/www.santai-ceramics.com\/wp-content\/uploads\/2024\/10\/Wholesale-Creative-Flower-Pots-2-300x250.jpg 300w, https:\/\/www.santai-ceramics.com\/wp-content\/uploads\/2024\/10\/Wholesale-Creative-Flower-Pots-2-768x640.jpg 768w, https:\/\/www.santai-ceramics.com\/wp-content\/uploads\/2024\/10\/Wholesale-Creative-Flower-Pots-2-600x500.jpg 600w\" sizes=\"(max-width: 1200px) 100vw, 1200px\" \/><\/figure>\n<\/div>\n\n\n\n<div class=\"wp-block-column is-layout-flow wp-block-column-is-layout-flow\">\n<figure class=\"wp-block-image size-full\"><img decoding=\"async\" width=\"1200\" height=\"1000\" src=\"https:\/\/www.santai-ceramics.com\/wp-content\/uploads\/2024\/10\/Wholesale-Creative-Flower-Pots-3.jpg\" alt=\"Gro\u00dfhandel Kreative Blument\u00f6pfe (3)\" class=\"wp-image-826\" srcset=\"https:\/\/www.santai-ceramics.com\/wp-content\/uploads\/2024\/10\/Wholesale-Creative-Flower-Pots-3.jpg 1200w, https:\/\/www.santai-ceramics.com\/wp-content\/uploads\/2024\/10\/Wholesale-Creative-Flower-Pots-3-300x250.jpg 300w, https:\/\/www.santai-ceramics.com\/wp-content\/uploads\/2024\/10\/Wholesale-Creative-Flower-Pots-3-768x640.jpg 768w, https:\/\/www.santai-ceramics.com\/wp-content\/uploads\/2024\/10\/Wholesale-Creative-Flower-Pots-3-600x500.jpg 600w\" sizes=\"(max-width: 1200px) 100vw, 1200px\" \/><\/figure>\n<\/div>\n<\/div>","protected":false},"excerpt":{"rendered":"<p data-pm-slice=\"0 0 []\">Gro\u00dfhandel kreative Keramik Blument\u00f6pfe, antiken Stil Blument\u00f6pfe mit exquisiten Relief-Muster machen das Produkt nicht nur praktisch, sondern hat auch kulturelle Konnotation, geeignet f\u00fcr Haus und Garten Dekoration, willkommen B2B K\u00e4ufer, uns f\u00fcr den Kauf zu kontaktieren.<\/p>\n<h2>Eigenschaften von Pottery Flower Pot<\/h2>\n<p><strong>Handgefertigte Textur<\/strong>: Die Oberfl\u00e4che des Blumentopfes ist an bestimmten Stellen braun und strukturiert. Die handgefertigte Textur gibt ihm Einzigartigkeit, mit erh\u00f6hter Einzigartigkeit und k\u00fcnstlerischen Wert des Produkts.<\/p>\n<p><strong>Natur Relief Design<\/strong>: Die gepr\u00e4gten Pflanzenmuster auf der Au\u00dfenseite des Blumentopfes enthalten nat\u00fcrliche Elemente, Bl\u00e4tter und Blumen. Die Sch\u00f6nheit und Gro\u00dfz\u00fcgigkeit lassen die Menschen den Charme und die Vitalit\u00e4t der Natur sp\u00fcren. Der Blumentopf im Design ist nicht nur ein Pflanzwerkzeug, sondern auch eine Dekoration.<\/p>\n<p><strong>Kontrastierende Innen- und Au\u00dfentextur<\/strong>: Die Innenseite des Blumentopfs ist glatt, w\u00e4hrend die Au\u00dfenseite ein Pr\u00e4gemuster aufweist. Dieser Kontrast zwischen Innen- und Au\u00dfentextur macht den Blumentopf vielf\u00e4ltiger in seinen Eindr\u00fccken und tr\u00e4gt zur Schichtung des Produkts bei.<\/p>\n<p><strong>Kundenspezifischer OEM&amp;ODM-Service<\/strong>: Als professioneller Hersteller von Keramikblument\u00f6pfen bietet SANTAI Ihnen eine ma\u00dfgeschneiderte L\u00f6sung f\u00fcr dekorative Blument\u00f6pfe aus einer Hand. Unsere Produkte sind breit gef\u00e4chert und decken eine Vielzahl von Stilen, Gr\u00f6\u00dfen und Farben ab, um die Bed\u00fcrfnisse der verschiedenen Kunden zu erf\u00fcllen.<\/p>","protected":false},"featured_media":824,"comment_status":"closed","ping_status":"closed","template":"","meta":{"_acf_changed":false},"product_brand":[],"product_cat":[23,42,18,21],"product_tag":[38],"class_list":{"0":"post-823","1":"product","2":"type-product","3":"status-publish","4":"has-post-thumbnail","6":"product_cat-ceramic-pots-planters","7":"product_cat-wholesale-ceramic-plant-pots","8":"product_cat-home-decor","9":"product_cat-garden-decor","10":"product_tag-wholesale-terracotta-flower-pots","12":"first","13":"instock","14":"shipping-taxable","15":"product-type-simple"},"acf":[],"_links":{"self":[{"href":"https:\/\/www.santai-ceramics.com\/de\/wp-json\/wp\/v2\/product\/823","targetHints":{"allow":["GET"]}}],"collection":[{"href":"https:\/\/www.santai-ceramics.com\/de\/wp-json\/wp\/v2\/product"}],"about":[{"href":"https:\/\/www.santai-ceramics.com\/de\/wp-json\/wp\/v2\/types\/product"}],"replies":[{"embeddable":true,"href":"https:\/\/www.santai-ceramics.com\/de\/wp-json\/wp\/v2\/comments?post=823"}],"wp:featuredmedia":[{"embeddable":true,"href":"https:\/\/www.santai-ceramics.com\/de\/wp-json\/wp\/v2\/media\/824"}],"wp:attachment":[{"href":"https:\/\/www.santai-ceramics.com\/de\/wp-json\/wp\/v2\/media?parent=823"}],"wp:term":[{"taxonomy":"product_brand","embeddable":true,"href":"https:\/\/www.santai-ceramics.com\/de\/wp-json\/wp\/v2\/product_brand?post=823"},{"taxonomy":"product_cat","embeddable":true,"href":"https:\/\/www.santai-ceramics.com\/de\/wp-json\/wp\/v2\/product_cat?post=823"},{"taxonomy":"product_tag","embeddable":true,"href":"https:\/\/www.santai-ceramics.com\/de\/wp-json\/wp\/v2\/product_tag?post=823"}],"curies":[{"name":"wp","href":"https:\/\/api.w.org\/{rel}","templated":true}]}}