{"id":828,"date":"2024-10-17T09:20:54","date_gmt":"2024-10-17T09:20:54","guid":{"rendered":"https:\/\/www.santai-ceramics.com\/?post_type=product&#038;p=828"},"modified":"2025-02-02T14:46:57","modified_gmt":"2025-02-02T14:46:57","slug":"wholesale-unique-beige-ceramic-vase","status":"publish","type":"product","link":"https:\/\/www.santai-ceramics.com\/de\/product\/wholesale-unique-beige-ceramic-vase\/","title":{"rendered":"Gro\u00dfhandel Beige keramische Vasen mit unverwechselbaren Form Designs"},"content":{"rendered":"<h3 class=\"wp-block-heading\">Parameters of Decorative Ceramic Vase<\/h3>\n\n\n\n<figure class=\"wp-block-table\"><table class=\"has-fixed-layout\"><tbody><tr><td>Modell<\/td><td>Produktname<\/td><td>Farbe<\/td><td>Material<\/td><td>Verwendet<\/td><td>Abmessungen<\/td><td>Gewicht<\/td><\/tr><tr><td>A37588-H885-A01<\/td><td>Unique Beige Ceramic Vase<\/td><td>Antikes Hellbraun<\/td><td>Keramik<\/td><td>Wohnkultur, Wohnzimmer, Garten<\/td><td>22X21.5X29.5cm<\/td><td>2.2kg\/PC<\/td><\/tr><\/tbody><\/table><\/figure>\n\n\n\n<h3 class=\"wp-block-heading\">Individuelles Vasen-Service aus Keramik<\/h3>\n\n\n\n<p>Wir bieten OEM- und ODM-Dienstleistungen f\u00fcr unsere Produkte an.<br>Eine schnelle Lieferung von Mustern ist m\u00f6glich.<br>Wir bieten eine Vielzahl von Formen, Farben, individuellem Druck, Verpackungen und anderen ma\u00dfgeschneiderten Dienstleistungen an, um Ihre speziellen Anforderungen zu erf\u00fcllen.<br><a style=\"\" href=\"https:\/\/www.santai-ceramics.com\/de\/custom\/\" data-type=\"page\" data-id=\"13\" target=\"_blank\" rel=\"noreferrer noopener\"><strong><b>Erfahren Sie mehr \u00fcber Custom<\/b> Keramikvase Detail.<\/strong><\/a><\/p>\n\n\n\n<div class=\"wp-block-columns is-layout-flex wp-container-core-columns-is-layout-9d6595d7 wp-block-columns-is-layout-flex\">\n<div class=\"wp-block-column is-layout-flow wp-block-column-is-layout-flow\">\n<figure class=\"wp-block-image size-full\"><img decoding=\"async\" width=\"1500\" height=\"1249\" src=\"https:\/\/www.santai-ceramics.com\/wp-content\/uploads\/2024\/10\/Unique-Beige-Ceramic-Vase-2.jpg\" alt=\"Unique Beige Ceramic Vase (2)\" class=\"wp-image-830\" srcset=\"https:\/\/www.santai-ceramics.com\/wp-content\/uploads\/2024\/10\/Unique-Beige-Ceramic-Vase-2.jpg 1500w, https:\/\/www.santai-ceramics.com\/wp-content\/uploads\/2024\/10\/Unique-Beige-Ceramic-Vase-2-300x250.jpg 300w, https:\/\/www.santai-ceramics.com\/wp-content\/uploads\/2024\/10\/Unique-Beige-Ceramic-Vase-2-768x639.jpg 768w, https:\/\/www.santai-ceramics.com\/wp-content\/uploads\/2024\/10\/Unique-Beige-Ceramic-Vase-2-1200x999.jpg 1200w, https:\/\/www.santai-ceramics.com\/wp-content\/uploads\/2024\/10\/Unique-Beige-Ceramic-Vase-2-600x500.jpg 600w\" sizes=\"(max-width: 1500px) 100vw, 1500px\" \/><\/figure>\n<\/div>\n\n\n\n<div class=\"wp-block-column is-layout-flow wp-block-column-is-layout-flow\">\n<figure class=\"wp-block-image size-full\"><img decoding=\"async\" width=\"1500\" height=\"1250\" src=\"https:\/\/www.santai-ceramics.com\/wp-content\/uploads\/2024\/10\/Unique-Beige-Ceramic-Vase-3.jpg\" alt=\"Unique Beige Ceramic Vase (3)\" class=\"wp-image-831\" srcset=\"https:\/\/www.santai-ceramics.com\/wp-content\/uploads\/2024\/10\/Unique-Beige-Ceramic-Vase-3.jpg 1500w, https:\/\/www.santai-ceramics.com\/wp-content\/uploads\/2024\/10\/Unique-Beige-Ceramic-Vase-3-300x250.jpg 300w, https:\/\/www.santai-ceramics.com\/wp-content\/uploads\/2024\/10\/Unique-Beige-Ceramic-Vase-3-768x640.jpg 768w, https:\/\/www.santai-ceramics.com\/wp-content\/uploads\/2024\/10\/Unique-Beige-Ceramic-Vase-3-1200x1000.jpg 1200w, https:\/\/www.santai-ceramics.com\/wp-content\/uploads\/2024\/10\/Unique-Beige-Ceramic-Vase-3-600x500.jpg 600w\" sizes=\"(max-width: 1500px) 100vw, 1500px\" \/><\/figure>\n<\/div>\n<\/div>","protected":false},"excerpt":{"rendered":"<p data-pm-slice=\"0 0 []\">Explore our wholesale range of unique beige ceramic vases, which are made of high-quality ceramic and are carefully handcrafted to showcase superior craftsmanship and elegant beauty. Their soft tones allow them to blend easily with any home style, suitable for home and garden decoration. B2B buyers are welcome to contact us for purchases.<\/p>\n<h2>Features of Decorative Ceramic Vase<\/h2>\n<p><strong>Unusual and elegant shape<\/strong>: It is designed in the shape of an inverted water drop or oval. Its uniqueness makes this beige ceramic vase stand out among many decorations and become the focus.<\/p>\n<p><strong>Natural and rustic color matching<\/strong>: Beige and brown color matching gives people a warm and rustic feeling. Suitable for decoration in modern and bright home environments.<\/p>\n<p><strong>Simple and elegant:<\/strong> This plain style makes it more versatile. The ceramic flower pot could be combined with many other home decoration styles.\u00a0<\/p>\n<p><strong>It can be applied to many occasions<\/strong>: This beige ceramic vase is suitable not only for putting it at home but also as a decoration for your garden and as a gift to your relatives and friends. Its uniqueness in design, natural in texture, is thus very meaningful as a gift.<\/p>","protected":false},"featured_media":829,"comment_status":"closed","ping_status":"closed","template":"","meta":{"_acf_changed":false},"product_brand":[],"product_cat":[18,21,22],"product_tag":[34],"class_list":{"0":"post-828","1":"product","2":"type-product","3":"status-publish","4":"has-post-thumbnail","6":"product_cat-home-decor","7":"product_cat-garden-decor","8":"product_cat-vase","9":"product_tag-ceramic-vase","11":"first","12":"instock","13":"shipping-taxable","14":"product-type-simple"},"acf":[],"_links":{"self":[{"href":"https:\/\/www.santai-ceramics.com\/de\/wp-json\/wp\/v2\/product\/828","targetHints":{"allow":["GET"]}}],"collection":[{"href":"https:\/\/www.santai-ceramics.com\/de\/wp-json\/wp\/v2\/product"}],"about":[{"href":"https:\/\/www.santai-ceramics.com\/de\/wp-json\/wp\/v2\/types\/product"}],"replies":[{"embeddable":true,"href":"https:\/\/www.santai-ceramics.com\/de\/wp-json\/wp\/v2\/comments?post=828"}],"wp:featuredmedia":[{"embeddable":true,"href":"https:\/\/www.santai-ceramics.com\/de\/wp-json\/wp\/v2\/media\/829"}],"wp:attachment":[{"href":"https:\/\/www.santai-ceramics.com\/de\/wp-json\/wp\/v2\/media?parent=828"}],"wp:term":[{"taxonomy":"product_brand","embeddable":true,"href":"https:\/\/www.santai-ceramics.com\/de\/wp-json\/wp\/v2\/product_brand?post=828"},{"taxonomy":"product_cat","embeddable":true,"href":"https:\/\/www.santai-ceramics.com\/de\/wp-json\/wp\/v2\/product_cat?post=828"},{"taxonomy":"product_tag","embeddable":true,"href":"https:\/\/www.santai-ceramics.com\/de\/wp-json\/wp\/v2\/product_tag?post=828"}],"curies":[{"name":"wp","href":"https:\/\/api.w.org\/{rel}","templated":true}]}}