{"id":838,"date":"2024-10-18T01:05:59","date_gmt":"2024-10-18T01:05:59","guid":{"rendered":"https:\/\/www.santai-ceramics.com\/?post_type=product&#038;p=838"},"modified":"2025-06-12T15:41:20","modified_gmt":"2025-06-12T15:41:20","slug":"home-decoration-resin-candle-holder-wholesale","status":"publish","type":"product","link":"https:\/\/www.santai-ceramics.com\/de\/product\/home-decoration-resin-candle-holder-wholesale\/","title":{"rendered":"Harz-Kerzenhalter Gro\u00dfhandel f\u00fcr Home Decoration - elegante und langlebige Designs f\u00fcr moderne Innenr\u00e4ume"},"content":{"rendered":"<h3 class=\"wp-block-heading\">Parameters of Resin Candle Holder<\/h3>\n\n\n\n<figure class=\"wp-block-table\"><table class=\"has-fixed-layout\"><tbody><tr><td>Modell<\/td><td>Produktname<\/td><td>Farbe<\/td><td>Material<\/td><td>Verwendet<\/td><td>Abmessungen<\/td><td>Gewicht<\/td><\/tr><tr><td>E37590-H885-A01<\/td><td>Resin Candle Holder<\/td><td>Antikes Hellbraun<\/td><td>Harz<\/td><td>Wohnkultur, Wohnzimmer, Garten<\/td><td>D:11.5X13.5cm<\/td><td>0,5 kg\/PC<\/td><\/tr><tr><td>E37590-H885-A02<\/td><td>Resin Candle Holder<\/td><td>Antikes Hellbraun<\/td><td>Harz<\/td><td>Wohnkultur, Wohnzimmer, Garten<\/td><td>D:10X12cm<\/td><td>0,3kg\/PC<\/td><\/tr><tr><td>E37590-H885-A03<\/td><td>Resin Candle Holder<\/td><td>Antikes Hellbraun<\/td><td>Harz<\/td><td>Wohnkultur, Wohnzimmer, Garten<\/td><td>D:6.5X8.5cm<\/td><td>0.14kg\/PC<\/td><\/tr><\/tbody><\/table><\/figure>\n\n\n\n<h3 class=\"wp-block-heading\">Individueller Kerzenst\u00e4nder-Service<\/h3>\n\n\n\n<p>Wir bieten OEM- und ODM-Dienstleistungen f\u00fcr unsere Produkte an.<br>Eine schnelle Lieferung von Mustern ist m\u00f6glich.<br>Wir bieten eine Vielzahl von Formen, Farben, individuellem Druck, Verpackungen und anderen ma\u00dfgeschneiderten Dienstleistungen an, um Ihre speziellen Anforderungen zu erf\u00fcllen.<br><a style=\"\" href=\"https:\/\/www.santai-ceramics.com\/de\/custom\/\" data-type=\"page\" data-id=\"13\" target=\"_blank\" rel=\"noreferrer noopener\"><strong><b>Erfahren Sie mehr \u00fcber Custom<\/b> resin candle holder detail.<\/strong><\/a><\/p>\n\n\n\n<div class=\"wp-block-columns is-layout-flex wp-container-core-columns-is-layout-9d6595d7 wp-block-columns-is-layout-flex\">\n<div class=\"wp-block-column is-layout-flow wp-block-column-is-layout-flow\">\n<figure class=\"wp-block-image size-full\"><img decoding=\"async\" width=\"1500\" height=\"1250\" src=\"https:\/\/www.santai-ceramics.com\/wp-content\/uploads\/2024\/10\/Home-Decoration-Resin-Candle-Holder-4.jpg\" alt=\"Home Decoration Resin Candle Holder (4)\" class=\"wp-image-842\" srcset=\"https:\/\/www.santai-ceramics.com\/wp-content\/uploads\/2024\/10\/Home-Decoration-Resin-Candle-Holder-4.jpg 1500w, https:\/\/www.santai-ceramics.com\/wp-content\/uploads\/2024\/10\/Home-Decoration-Resin-Candle-Holder-4-300x250.jpg 300w, https:\/\/www.santai-ceramics.com\/wp-content\/uploads\/2024\/10\/Home-Decoration-Resin-Candle-Holder-4-768x640.jpg 768w, https:\/\/www.santai-ceramics.com\/wp-content\/uploads\/2024\/10\/Home-Decoration-Resin-Candle-Holder-4-1200x1000.jpg 1200w, https:\/\/www.santai-ceramics.com\/wp-content\/uploads\/2024\/10\/Home-Decoration-Resin-Candle-Holder-4-600x500.jpg 600w\" sizes=\"(max-width: 1500px) 100vw, 1500px\" \/><\/figure>\n<\/div>\n\n\n\n<div class=\"wp-block-column is-layout-flow wp-block-column-is-layout-flow\">\n<figure class=\"wp-block-image size-full\"><img decoding=\"async\" width=\"1500\" height=\"1250\" src=\"https:\/\/www.santai-ceramics.com\/wp-content\/uploads\/2024\/10\/Home-Decoration-Resin-Candle-Holder-5.jpg\" alt=\"Home Decoration Resin Candle Holder (5)\" class=\"wp-image-843\" srcset=\"https:\/\/www.santai-ceramics.com\/wp-content\/uploads\/2024\/10\/Home-Decoration-Resin-Candle-Holder-5.jpg 1500w, https:\/\/www.santai-ceramics.com\/wp-content\/uploads\/2024\/10\/Home-Decoration-Resin-Candle-Holder-5-300x250.jpg 300w, https:\/\/www.santai-ceramics.com\/wp-content\/uploads\/2024\/10\/Home-Decoration-Resin-Candle-Holder-5-768x640.jpg 768w, https:\/\/www.santai-ceramics.com\/wp-content\/uploads\/2024\/10\/Home-Decoration-Resin-Candle-Holder-5-1200x1000.jpg 1200w, https:\/\/www.santai-ceramics.com\/wp-content\/uploads\/2024\/10\/Home-Decoration-Resin-Candle-Holder-5-600x500.jpg 600w\" sizes=\"(max-width: 1500px) 100vw, 1500px\" \/><\/figure>\n<\/div>\n<\/div>\n\n\n\n<p><\/p>","protected":false},"excerpt":{"rendered":"<p data-pm-slice=\"0 0 []\">Gro\u00dfhandel Harz Kerzenhalter f\u00fcr Wohnkultur, ist dieser Kerzenhalter aus strapazierf\u00e4higem Harz Material hergestellt. Seine einfachen und modernen Stil kann perfekt in verschiedene Einrichtungsstile integriert werden, ob es ein Wohnzimmer, Schlafzimmer oder Esstisch ist. Wir bieten einen professionellen Gro\u00dfhandelsservice f\u00fcr Kerzenhalter an, der sich f\u00fcr Einzelh\u00e4ndler, Einrichtungsh\u00e4user und Innenarchitekturprojekte eignet und Ihnen dabei hilft, die individuellen Bed\u00fcrfnisse verschiedener Kunden zu erf\u00fcllen. Kontaktieren Sie uns f\u00fcr ein Angebot.<\/p>\n<h2>Eigenschaften von Kerzenst\u00e4nder aus Harz<\/h2>\n<p><strong>Nat\u00fcrliches Design<\/strong>: Inspiriert von nat\u00fcrlichen Elementen, die Textur und Form des Harzes Kerzenhalter sind wie die Form der B\u00e4ume, so dass die Menschen ein Gef\u00fchl f\u00fcr die urspr\u00fcngliche Sch\u00f6nheit der Natur, die sehr geeignet f\u00fcr den Landhausstil oder Natur-Thema home decoration ist.<\/p>\n<p><strong>Leicht und langlebig<\/strong>: Der Kerzenhalter ist aus hochwertigem Harzmaterial hergestellt, das leicht, aber robust ist, sich f\u00fcr den langfristigen Gebrauch eignet und nicht leicht besch\u00e4digt oder verformt werden kann.<\/p>\n<p><strong>Vielseitigkeit<\/strong>: Die Serie umfasst Kerzenhalter in verschiedenen H\u00f6hen, die f\u00fcr Kerzen unterschiedlicher Gr\u00f6\u00dfe und Art verwendet werden k\u00f6nnen, um den Bed\u00fcrfnissen verschiedener Anl\u00e4sse gerecht zu werden, wie z.B. dekorative Einrichtung oder funktionelle Beleuchtung.<\/p>\n<p><strong>Geeignet f\u00fcr eine Vielzahl von Anl\u00e4ssen<\/strong>: Egal, ob dieser Kerzenhalter im Wohnzimmer, im Schlafzimmer, am Esstisch oder auf dem Balkon platziert wird, dieser Kerzenhalter kann den dekorativen Geschmack des Raumes verbessern und eine warme und nat\u00fcrliche Atmosph\u00e4re schaffen.<\/p>\n<p><strong>Gro\u00dfhandelsdienstleistung<\/strong>: SANTAI Keramik Home Decor Hersteller bieten professionelle Kerzenhalter Gro\u00dfhandel Dienstleistungen, die Design, schnelle Proben, Produktion und Lieferung, helfen Gro\u00dfh\u00e4ndler und Einzelh\u00e4ndler, um qualitativ hochwertige Produkte zu wettbewerbsf\u00e4higen Preisen an die Kunden zu bringen.<\/p>","protected":false},"featured_media":839,"comment_status":"closed","ping_status":"closed","template":"","meta":{"_acf_changed":false},"product_brand":[],"product_cat":[18,26,45],"product_tag":[33],"class_list":{"0":"post-838","1":"product","2":"type-product","3":"status-publish","4":"has-post-thumbnail","6":"product_cat-home-decor","7":"product_cat-home-accessories","8":"product_cat-wholesale-resin-candle-holders","9":"product_tag-wholesale-candle-holders","11":"first","12":"instock","13":"shipping-taxable","14":"product-type-simple"},"acf":[],"_links":{"self":[{"href":"https:\/\/www.santai-ceramics.com\/de\/wp-json\/wp\/v2\/product\/838","targetHints":{"allow":["GET"]}}],"collection":[{"href":"https:\/\/www.santai-ceramics.com\/de\/wp-json\/wp\/v2\/product"}],"about":[{"href":"https:\/\/www.santai-ceramics.com\/de\/wp-json\/wp\/v2\/types\/product"}],"replies":[{"embeddable":true,"href":"https:\/\/www.santai-ceramics.com\/de\/wp-json\/wp\/v2\/comments?post=838"}],"wp:featuredmedia":[{"embeddable":true,"href":"https:\/\/www.santai-ceramics.com\/de\/wp-json\/wp\/v2\/media\/839"}],"wp:attachment":[{"href":"https:\/\/www.santai-ceramics.com\/de\/wp-json\/wp\/v2\/media?parent=838"}],"wp:term":[{"taxonomy":"product_brand","embeddable":true,"href":"https:\/\/www.santai-ceramics.com\/de\/wp-json\/wp\/v2\/product_brand?post=838"},{"taxonomy":"product_cat","embeddable":true,"href":"https:\/\/www.santai-ceramics.com\/de\/wp-json\/wp\/v2\/product_cat?post=838"},{"taxonomy":"product_tag","embeddable":true,"href":"https:\/\/www.santai-ceramics.com\/de\/wp-json\/wp\/v2\/product_tag?post=838"}],"curies":[{"name":"wp","href":"https:\/\/api.w.org\/{rel}","templated":true}]}}