{"id":849,"date":"2024-10-18T01:59:06","date_gmt":"2024-10-18T01:59:06","guid":{"rendered":"https:\/\/www.santai-ceramics.com\/?post_type=product&#038;p=849"},"modified":"2025-06-12T15:39:59","modified_gmt":"2025-06-12T15:39:59","slug":"wholesale-vintage-candlesticks-in-bulk","status":"publish","type":"product","link":"https:\/\/www.santai-ceramics.com\/de\/product\/wholesale-vintage-candlesticks-in-bulk\/","title":{"rendered":"Gro\u00dfhandel Vintage Kerzenst\u00e4nder in Bulk, exquisite Kerzenst\u00e4nder Dekor zu verkaufen"},"content":{"rendered":"<h3 class=\"wp-block-heading\">Parameter von Vintage Candlestick<\/h3>\n\n\n\n<figure class=\"wp-block-table\"><table class=\"has-fixed-layout\"><tbody><tr><td>Modell<\/td><td>Produktname<\/td><td>Farbe<\/td><td>Material<\/td><td>Verwendet<\/td><td>Abmessungen<\/td><td>Gewicht<\/td><\/tr><tr><td>E37582-H911-A01<\/td><td>Vintage-Kerzenleuchter aus Harz<\/td><td>Antikes Dunkelviolett<\/td><td>Harz<\/td><td>Wohnkultur, Wohnzimmer<\/td><td>11X10X27cm<\/td><td>0,5 kg\/PC<\/td><\/tr><tr><td>E37582-H911-A02<\/td><td>Vintage-Kerzenleuchter aus Harz<\/td><td>Antikes Dunkelviolett<\/td><td>Harz<\/td><td>Wohnkultur, Wohnzimmer<\/td><td>9X7X20cm<\/td><td>0,3kg\/PC<\/td><\/tr><\/tbody><\/table><\/figure>\n\n\n\n<h3 class=\"wp-block-heading\">Individuelles Vintage-Kerzenleuchter-Service<\/h3>\n\n\n\n<p>Wir bieten OEM- und ODM-Dienstleistungen f\u00fcr unsere Produkte an.<br>Eine schnelle Lieferung von Mustern ist m\u00f6glich.<br>Wir bieten eine Vielzahl von Formen, Farben, individuellem Druck, Verpackungen und anderen ma\u00dfgeschneiderten Dienstleistungen an, um Ihre speziellen Anforderungen zu erf\u00fcllen.<br><a style=\"\" href=\"https:\/\/www.santai-ceramics.com\/de\/custom\/\" data-type=\"page\" data-id=\"13\" target=\"_blank\" rel=\"noreferrer noopener\"><strong><b>Erfahren Sie mehr \u00fcber Custom<\/b> Vintage-Kerzenleuchter Detail.<\/strong><\/a><\/p>\n\n\n\n<div class=\"wp-block-columns is-layout-flex wp-container-core-columns-is-layout-9d6595d7 wp-block-columns-is-layout-flex\">\n<div class=\"wp-block-column is-layout-flow wp-block-column-is-layout-flow\">\n<figure class=\"wp-block-image size-full\"><img decoding=\"async\" width=\"1500\" height=\"1250\" src=\"https:\/\/www.santai-ceramics.com\/wp-content\/uploads\/2024\/10\/Wholesale-Vintage-Candlesticks-4.jpg\" alt=\"Gro\u00dfhandel Vintage Kerzenleuchter (4)\" class=\"wp-image-853\" srcset=\"https:\/\/www.santai-ceramics.com\/wp-content\/uploads\/2024\/10\/Wholesale-Vintage-Candlesticks-4.jpg 1500w, https:\/\/www.santai-ceramics.com\/wp-content\/uploads\/2024\/10\/Wholesale-Vintage-Candlesticks-4-300x250.jpg 300w, https:\/\/www.santai-ceramics.com\/wp-content\/uploads\/2024\/10\/Wholesale-Vintage-Candlesticks-4-768x640.jpg 768w, https:\/\/www.santai-ceramics.com\/wp-content\/uploads\/2024\/10\/Wholesale-Vintage-Candlesticks-4-1200x1000.jpg 1200w, https:\/\/www.santai-ceramics.com\/wp-content\/uploads\/2024\/10\/Wholesale-Vintage-Candlesticks-4-600x500.jpg 600w\" sizes=\"(max-width: 1500px) 100vw, 1500px\" \/><\/figure>\n<\/div>\n\n\n\n<div class=\"wp-block-column is-layout-flow wp-block-column-is-layout-flow\">\n<figure class=\"wp-block-image size-full\"><img decoding=\"async\" width=\"1500\" height=\"1250\" src=\"https:\/\/www.santai-ceramics.com\/wp-content\/uploads\/2024\/10\/Wholesale-Vintage-Candlesticks-5.jpg\" alt=\"Gro\u00dfhandel Vintage Kerzenleuchter (5)\" class=\"wp-image-854\" srcset=\"https:\/\/www.santai-ceramics.com\/wp-content\/uploads\/2024\/10\/Wholesale-Vintage-Candlesticks-5.jpg 1500w, https:\/\/www.santai-ceramics.com\/wp-content\/uploads\/2024\/10\/Wholesale-Vintage-Candlesticks-5-300x250.jpg 300w, https:\/\/www.santai-ceramics.com\/wp-content\/uploads\/2024\/10\/Wholesale-Vintage-Candlesticks-5-768x640.jpg 768w, https:\/\/www.santai-ceramics.com\/wp-content\/uploads\/2024\/10\/Wholesale-Vintage-Candlesticks-5-1200x1000.jpg 1200w, https:\/\/www.santai-ceramics.com\/wp-content\/uploads\/2024\/10\/Wholesale-Vintage-Candlesticks-5-600x500.jpg 600w\" sizes=\"(max-width: 1500px) 100vw, 1500px\" \/><\/figure>\n<\/div>\n<\/div>","protected":false},"excerpt":{"rendered":"<p data-pm-slice=\"0 0 []\">Entdecken Sie unsere exquisite Vintage-Kerzenst\u00e4nder Sammlung, bieten wir Gro\u00dfhandel Kerzenst\u00e4nder Dienstleistungen, ist jeder Kerzenst\u00e4nder sorgf\u00e4ltig gefertigt, um Charme und Eleganz, um das Schlafzimmer, Wohnzimmer, Esstisch, Hotel hinzuzuf\u00fcgen. Willkommen Hotels, B2B-K\u00e4ufer, Einzelh\u00e4ndler, uns zu kontaktieren, bietet SANTAI Gro\u00dfhandel Kerzenst\u00e4nder Hersteller Sie mit wettbewerbsf\u00e4higen Preisen.<\/p>\n<h2>Eigenschaften von Vintage Candlestick<\/h2>\n<p><strong>Blumenf\u00f6rmiges Design<\/strong>: Die Inspiration von Blumen, schlanken Stielen und breiten Bl\u00fctenbl\u00e4ttern ist die Grundlage f\u00fcr das Design des Vintage-Kerzenhalters. Dies ist ein sch\u00f6nes Design und schafft auch eine nat\u00fcrliche, romantische Atmosph\u00e4re, wenn in der Wohnung oder auf dem Bankett setzen.<\/p>\n<p><strong>Vintage-Textur<\/strong>: Die Farbe des Kerzenhalters ist dunkelgr\u00fcn oder kupferfarben, und die Oberfl\u00e4che hat einen gewissen Abnutzungseffekt. Diese Vintage-Textur macht diesen Kerzenhalter viel mehr historisch, die auf verschiedene Vintage oder moderne Haus Ornamente angewendet werden kann.<\/p>\n<p><strong>Langlebiges Material<\/strong>: Die Gro\u00dfhandel Kerzenst\u00e4nder sind aus Harz Material, das nicht nur robust und langlebig ist, sondern hat auch einige Korrosionsbest\u00e4ndigkeit und Oxidationsbest\u00e4ndigkeit, halten die Sch\u00f6nheit und die praktische Nutzung der Kerzenst\u00e4nder f\u00fcr eine recht lange Zeit.<\/p>\n<p><strong>Breite Verwendung<\/strong>Unsere Vintage-Kerzenhalter k\u00f6nnen in der Heimdekoration, bei Hochzeiten, in Restaurants und bei besonderen Anl\u00e4ssen verwendet werden, um eine warme Atmosph\u00e4re zu schaffen und die allgemeine Sch\u00f6nheit zu unterstreichen.<\/p>\n<p><strong>Anpassungsoptionen<\/strong>: Als professioneller Hersteller von dekorativen Kerzenhaltern k\u00f6nnen wir eine Reihe von Ausf\u00fchrungen und Gr\u00f6\u00dfen anbieten. Dies wird einen Hauch von pers\u00f6nlichem Stil hinzuf\u00fcgen, um Ihre Marke zu zeigen.<\/p>","protected":false},"featured_media":850,"comment_status":"closed","ping_status":"closed","template":"","meta":{"_acf_changed":false},"product_brand":[],"product_cat":[18,26,45],"product_tag":[33],"class_list":{"0":"post-849","1":"product","2":"type-product","3":"status-publish","4":"has-post-thumbnail","6":"product_cat-home-decor","7":"product_cat-home-accessories","8":"product_cat-wholesale-resin-candle-holders","9":"product_tag-wholesale-candle-holders","11":"first","12":"instock","13":"shipping-taxable","14":"product-type-simple"},"acf":[],"_links":{"self":[{"href":"https:\/\/www.santai-ceramics.com\/de\/wp-json\/wp\/v2\/product\/849","targetHints":{"allow":["GET"]}}],"collection":[{"href":"https:\/\/www.santai-ceramics.com\/de\/wp-json\/wp\/v2\/product"}],"about":[{"href":"https:\/\/www.santai-ceramics.com\/de\/wp-json\/wp\/v2\/types\/product"}],"replies":[{"embeddable":true,"href":"https:\/\/www.santai-ceramics.com\/de\/wp-json\/wp\/v2\/comments?post=849"}],"wp:featuredmedia":[{"embeddable":true,"href":"https:\/\/www.santai-ceramics.com\/de\/wp-json\/wp\/v2\/media\/850"}],"wp:attachment":[{"href":"https:\/\/www.santai-ceramics.com\/de\/wp-json\/wp\/v2\/media?parent=849"}],"wp:term":[{"taxonomy":"product_brand","embeddable":true,"href":"https:\/\/www.santai-ceramics.com\/de\/wp-json\/wp\/v2\/product_brand?post=849"},{"taxonomy":"product_cat","embeddable":true,"href":"https:\/\/www.santai-ceramics.com\/de\/wp-json\/wp\/v2\/product_cat?post=849"},{"taxonomy":"product_tag","embeddable":true,"href":"https:\/\/www.santai-ceramics.com\/de\/wp-json\/wp\/v2\/product_tag?post=849"}],"curies":[{"name":"wp","href":"https:\/\/api.w.org\/{rel}","templated":true}]}}