{"id":855,"date":"2024-10-18T02:41:52","date_gmt":"2024-10-18T02:41:52","guid":{"rendered":"https:\/\/www.santai-ceramics.com\/?post_type=product&#038;p=855"},"modified":"2024-10-27T14:47:06","modified_gmt":"2024-10-27T14:47:06","slug":"wholesale-animal-ornaments-home-decor-cat","status":"publish","type":"product","link":"https:\/\/www.santai-ceramics.com\/de\/product\/wholesale-animal-ornaments-home-decor-cat\/","title":{"rendered":"Benutzerdefinierte Katze Ornamente zu verkaufen, Bulk Tier Ornamente Fabrik Direktverkauf,"},"content":{"rendered":"<h3 class=\"wp-block-heading\">Parameter von Katzenornamenten<\/h3>\n\n\n\n<figure class=\"wp-block-table\"><table class=\"has-fixed-layout\"><tbody><tr><td>Modell<\/td><td>Produktname<\/td><td>Farbe<\/td><td>Material<\/td><td>Verwendet<\/td><td>Abmessungen<\/td><td>Gewicht<\/td><\/tr><tr><td>E37136-H851-A01<\/td><td>Tierisches Ornament - Sitzende Katze<\/td><td>Antik Braun&nbsp;<\/td><td>Harz<\/td><td>Wohnkultur, Wohnzimmer<\/td><td>16.5X8.5X13cm<\/td><td>0,5 kg\/PC<\/td><\/tr><tr><td>E37137-H851-A01<\/td><td>Tierische Ornamente - Laufende Katze<\/td><td>Antik Braun&nbsp;<\/td><td>Harz<\/td><td>Wohnkultur, Wohnzimmer<\/td><td>14,5X10X16cm<\/td><td>0,6kg\/PC<\/td><\/tr><\/tbody><\/table><\/figure>\n\n\n\n<h3 class=\"wp-block-heading\">Individuelle Tierornamente Service<\/h3>\n\n\n\n<p>Wir bieten OEM- und ODM-Dienstleistungen f\u00fcr unsere Produkte an.<br>Eine schnelle Lieferung von Mustern ist m\u00f6glich.<br>Wir bieten eine Vielzahl von Formen, Farben, individuellem Druck, Verpackungen und anderen ma\u00dfgeschneiderten Dienstleistungen an, um Ihre speziellen Anforderungen zu erf\u00fcllen.<br><a style=\"\" href=\"https:\/\/www.santai-ceramics.com\/de\/custom\/\" data-type=\"page\" data-id=\"13\" target=\"_blank\" rel=\"noreferrer noopener\"><strong><b>Erfahren Sie mehr \u00fcber Custom<\/b> Tierornamente Detail.<\/strong><\/a><\/p>\n\n\n\n<div class=\"wp-block-columns is-layout-flex wp-container-core-columns-is-layout-9d6595d7 wp-block-columns-is-layout-flex\">\n<div class=\"wp-block-column is-layout-flow wp-block-column-is-layout-flow\">\n<figure class=\"wp-block-image size-full\"><img decoding=\"async\" width=\"1500\" height=\"1250\" src=\"https:\/\/www.santai-ceramics.com\/wp-content\/uploads\/2024\/10\/Animal-Ornaments-Walking-cat-4.jpg\" alt=\"Tierische Ornamente - Laufende Katze (4)\" class=\"wp-image-863\" srcset=\"https:\/\/www.santai-ceramics.com\/wp-content\/uploads\/2024\/10\/Animal-Ornaments-Walking-cat-4.jpg 1500w, https:\/\/www.santai-ceramics.com\/wp-content\/uploads\/2024\/10\/Animal-Ornaments-Walking-cat-4-300x250.jpg 300w, https:\/\/www.santai-ceramics.com\/wp-content\/uploads\/2024\/10\/Animal-Ornaments-Walking-cat-4-768x640.jpg 768w, https:\/\/www.santai-ceramics.com\/wp-content\/uploads\/2024\/10\/Animal-Ornaments-Walking-cat-4-1200x1000.jpg 1200w, https:\/\/www.santai-ceramics.com\/wp-content\/uploads\/2024\/10\/Animal-Ornaments-Walking-cat-4-600x500.jpg 600w\" sizes=\"(max-width: 1500px) 100vw, 1500px\" \/><\/figure>\n<\/div>\n\n\n\n<div class=\"wp-block-column is-layout-flow wp-block-column-is-layout-flow\">\n<figure class=\"wp-block-image size-full\"><img decoding=\"async\" width=\"1500\" height=\"1250\" src=\"https:\/\/www.santai-ceramics.com\/wp-content\/uploads\/2024\/10\/Animal-Ornaments-Setting-Cat-4.jpg\" alt=\"Tierische Ornamente - Einstellung Katze (4)\" class=\"wp-image-859\" srcset=\"https:\/\/www.santai-ceramics.com\/wp-content\/uploads\/2024\/10\/Animal-Ornaments-Setting-Cat-4.jpg 1500w, https:\/\/www.santai-ceramics.com\/wp-content\/uploads\/2024\/10\/Animal-Ornaments-Setting-Cat-4-300x250.jpg 300w, https:\/\/www.santai-ceramics.com\/wp-content\/uploads\/2024\/10\/Animal-Ornaments-Setting-Cat-4-768x640.jpg 768w, https:\/\/www.santai-ceramics.com\/wp-content\/uploads\/2024\/10\/Animal-Ornaments-Setting-Cat-4-1200x1000.jpg 1200w, https:\/\/www.santai-ceramics.com\/wp-content\/uploads\/2024\/10\/Animal-Ornaments-Setting-Cat-4-600x500.jpg 600w\" sizes=\"(max-width: 1500px) 100vw, 1500px\" \/><\/figure>\n<\/div>\n<\/div>","protected":false},"excerpt":{"rendered":"<p data-pm-slice=\"0 0 []\">Wir bieten Gro\u00dfhandel Tier Ornamente und benutzerdefinierte Ornamente L\u00f6sung. Diese Tier Ornamente f\u00fcgen Vitalit\u00e4t und Spa\u00df zu Ihrem Raum. Exquisite Tier Ornamente k\u00f6nnen nicht nur schm\u00fccken Sie Ihr Zuhause Umwelt, sondern auch als Geschenke an Verwandte und Freunde gegeben werden, geeignet f\u00fcr verschiedene occasions.Welcome Gro\u00dfh\u00e4ndler und Distributoren, uns zu kontaktieren. SANTAI Keramik Home Decor Hersteller bietet Ihnen mit wettbewerbsf\u00e4higen Preisen.<\/p>\n<h2>Merkmale von Tierornamenten<\/h2>\n<p><strong>Niedliches und charmantes Design<\/strong>: Die Katze Ornamente nimmt eine Farbkombination von hellbraunen und wei\u00dfen Flecken, die warm und niedlich aussieht. Diese Farbkombination l\u00e4sst sich nicht nur leicht in verschiedene Einrichtungsstile integrieren, sondern verleiht der Wohnumgebung auch eine lebendige und fr\u00f6hliche Note.<\/p>\n<p><strong>Kreative Tierornamente<\/strong>: Niedliche Tierornamente regen die Kreativit\u00e4t und Fantasie der Menschen an. Ob im Arbeitszimmer oder im Wohnzimmer, es kann eine sehr sch\u00f6ne Dekoration werden.<\/p>\n<p><strong>Hochwertige Produktionstechnik<\/strong>: Die K\u00e4tzchen Ornamente sind aus hochwertigem Harz Materialien, mit exquisiten Handwerkskunst und ordnungsgem\u00e4\u00dfe Detailverarbeitung gemacht. Ob es die Umrisse der Ornamente oder die Textur der Oberfl\u00e4che ist, es zeigt ein hochwertiges Produktionsniveau.<\/p>\n<p><strong>Leicht zuzuordnen und zu platzieren<\/strong>: Die beiden Tierfiguren k\u00f6nnen einzeln oder kombiniert aufgestellt werden. Sie sind nicht nur f\u00fcr Innenr\u00e4ume wie Arbeitszimmer und Wohnzimmer geeignet, sondern k\u00f6nnen auch als Dekoration f\u00fcr G\u00e4rten oder Balkone im Freien verwendet werden.<\/p>\n<p><strong>Professioneller Gro\u00dfhandel f\u00fcr Heimdekoration<\/strong>: SANTAI ist ein f\u00fchrender Hersteller von keramischen Wohnaccessoires aus China. Wir bieten eine breite Palette von Gro\u00dfhandel M\u00f6bel Dekoration, Tier Ornamente und wettbewerbsf\u00e4higen Preisen. B2B-K\u00e4ufer sind willkommen, uns zu kontaktieren.<\/p>","protected":false},"featured_media":864,"comment_status":"closed","ping_status":"closed","template":"","meta":{"_acf_changed":false},"product_brand":[],"product_cat":[18,25],"product_tag":[32],"class_list":{"0":"post-855","1":"product","2":"type-product","3":"status-publish","4":"has-post-thumbnail","6":"product_cat-home-decor","7":"product_cat-animal-ornaments","8":"product_tag-resin-animal-figurines","10":"first","11":"instock","12":"shipping-taxable","13":"product-type-simple"},"acf":[],"_links":{"self":[{"href":"https:\/\/www.santai-ceramics.com\/de\/wp-json\/wp\/v2\/product\/855","targetHints":{"allow":["GET"]}}],"collection":[{"href":"https:\/\/www.santai-ceramics.com\/de\/wp-json\/wp\/v2\/product"}],"about":[{"href":"https:\/\/www.santai-ceramics.com\/de\/wp-json\/wp\/v2\/types\/product"}],"replies":[{"embeddable":true,"href":"https:\/\/www.santai-ceramics.com\/de\/wp-json\/wp\/v2\/comments?post=855"}],"wp:featuredmedia":[{"embeddable":true,"href":"https:\/\/www.santai-ceramics.com\/de\/wp-json\/wp\/v2\/media\/864"}],"wp:attachment":[{"href":"https:\/\/www.santai-ceramics.com\/de\/wp-json\/wp\/v2\/media?parent=855"}],"wp:term":[{"taxonomy":"product_brand","embeddable":true,"href":"https:\/\/www.santai-ceramics.com\/de\/wp-json\/wp\/v2\/product_brand?post=855"},{"taxonomy":"product_cat","embeddable":true,"href":"https:\/\/www.santai-ceramics.com\/de\/wp-json\/wp\/v2\/product_cat?post=855"},{"taxonomy":"product_tag","embeddable":true,"href":"https:\/\/www.santai-ceramics.com\/de\/wp-json\/wp\/v2\/product_tag?post=855"}],"curies":[{"name":"wp","href":"https:\/\/api.w.org\/{rel}","templated":true}]}}