{"id":885,"date":"2024-10-18T06:40:39","date_gmt":"2024-10-18T06:40:39","guid":{"rendered":"https:\/\/www.santai-ceramics.com\/?post_type=product&#038;p=885"},"modified":"2025-06-12T23:09:43","modified_gmt":"2025-06-12T23:09:43","slug":"wholesale-decorative-ceramic-birds","status":"publish","type":"product","link":"https:\/\/www.santai-ceramics.com\/de\/product\/wholesale-decorative-ceramic-birds\/","title":{"rendered":"Gro\u00dfhandel dekorative keramische V\u00f6gel, exquisite keramische V\u00f6gel Dekor zu verkaufen"},"content":{"rendered":"<h3 class=\"wp-block-heading\">Parameter der dekorativen keramischen V\u00f6gel<\/h3>\n\n\n\n<figure class=\"wp-block-table\"><table class=\"has-fixed-layout\"><tbody><tr><td>Modell<\/td><td>Produktname<\/td><td>Farbe<\/td><td>Material<\/td><td>Verwendet<\/td><td>Abmessungen<\/td><td>Gewicht<\/td><\/tr><tr><td>A29051-LB24-A01<\/td><td>Stehender Vogel aus Keramik<\/td><td>Leuchtendes Gelb<\/td><td>Keramik<\/td><td>Wohnkultur, Wohnzimmer<\/td><td>T:12,5X24 cm<\/td><td>0,6kg\/PC<\/td><\/tr><tr><td>A29052-LB24-A01<\/td><td>Kauernder Vogel aus Keramik<\/td><td>Leuchtendes Gelb<\/td><td>Keramik<\/td><td>Wohnkultur, Wohnzimmer<\/td><td>14,5X12X16,5 cm<\/td><td>0,6kg\/PC<\/td><\/tr><tr><td>A29053-LB24-A01<\/td><td>Keramischer Nistvogel<\/td><td>Leuchtendes Gelb<\/td><td>Keramik<\/td><td>Wohnkultur, Wohnzimmer<\/td><td>14X9,5X10 cm<\/td><td>0,3kg\/PC<\/td><\/tr><\/tbody><\/table><\/figure>\n\n\n\n<h3 class=\"wp-block-heading\">Individuelles dekoratives Vogelservice aus Keramik<\/h3>\n\n\n\n<p>Wir bieten OEM- und ODM-Dienstleistungen f\u00fcr unsere Produkte an.<br>Eine schnelle Lieferung von Mustern ist m\u00f6glich.<br>Wir bieten eine Vielzahl von Formen, Farben, individuellem Druck, Verpackungen und anderen ma\u00dfgeschneiderten Dienstleistungen an, um Ihre speziellen Anforderungen zu erf\u00fcllen.<br><a style=\"\" href=\"https:\/\/www.santai-ceramics.com\/de\/custom\/\" data-type=\"page\" data-id=\"13\" target=\"_blank\" rel=\"noreferrer noopener\"><strong><b>Erfahren Sie mehr \u00fcber Custom<\/b> Keramik-Vogel Detail.<\/strong><\/a><\/p>\n\n\n\n<div class=\"wp-block-columns is-layout-flex wp-container-core-columns-is-layout-9d6595d7 wp-block-columns-is-layout-flex\">\n<div class=\"wp-block-column is-layout-flow wp-block-column-is-layout-flow\">\n<figure class=\"wp-block-image size-full\"><img decoding=\"async\" width=\"1500\" height=\"1249\" src=\"https:\/\/www.santai-ceramics.com\/wp-content\/uploads\/2024\/10\/Wholesale-Decorative-Ceramic-Birds-1.jpg\" alt=\"Gro\u00dfhandel dekorative Keramik V\u00f6gel (1)\" class=\"wp-image-894\" srcset=\"https:\/\/www.santai-ceramics.com\/wp-content\/uploads\/2024\/10\/Wholesale-Decorative-Ceramic-Birds-1.jpg 1500w, https:\/\/www.santai-ceramics.com\/wp-content\/uploads\/2024\/10\/Wholesale-Decorative-Ceramic-Birds-1-300x250.jpg 300w, https:\/\/www.santai-ceramics.com\/wp-content\/uploads\/2024\/10\/Wholesale-Decorative-Ceramic-Birds-1-768x639.jpg 768w, https:\/\/www.santai-ceramics.com\/wp-content\/uploads\/2024\/10\/Wholesale-Decorative-Ceramic-Birds-1-1200x999.jpg 1200w, https:\/\/www.santai-ceramics.com\/wp-content\/uploads\/2024\/10\/Wholesale-Decorative-Ceramic-Birds-1-600x500.jpg 600w\" sizes=\"(max-width: 1500px) 100vw, 1500px\" \/><\/figure>\n<\/div>\n\n\n\n<div class=\"wp-block-column is-layout-flow wp-block-column-is-layout-flow\">\n<figure class=\"wp-block-image size-full\"><img decoding=\"async\" width=\"1500\" height=\"1250\" src=\"https:\/\/www.santai-ceramics.com\/wp-content\/uploads\/2024\/10\/Wholesale-Decorative-Ceramic-Birds-2.jpg\" alt=\"Gro\u00dfhandel dekorative keramische V\u00f6gel (2)\" class=\"wp-image-895\" srcset=\"https:\/\/www.santai-ceramics.com\/wp-content\/uploads\/2024\/10\/Wholesale-Decorative-Ceramic-Birds-2.jpg 1500w, https:\/\/www.santai-ceramics.com\/wp-content\/uploads\/2024\/10\/Wholesale-Decorative-Ceramic-Birds-2-300x250.jpg 300w, https:\/\/www.santai-ceramics.com\/wp-content\/uploads\/2024\/10\/Wholesale-Decorative-Ceramic-Birds-2-768x640.jpg 768w, https:\/\/www.santai-ceramics.com\/wp-content\/uploads\/2024\/10\/Wholesale-Decorative-Ceramic-Birds-2-1200x1000.jpg 1200w, https:\/\/www.santai-ceramics.com\/wp-content\/uploads\/2024\/10\/Wholesale-Decorative-Ceramic-Birds-2-600x500.jpg 600w\" sizes=\"(max-width: 1500px) 100vw, 1500px\" \/><\/figure>\n<\/div>\n<\/div>","protected":false},"excerpt":{"rendered":"<p data-pm-slice=\"0 0 []\">Wir bieten exquisite Keramik V\u00f6gel Dekor, jeder dekorative Keramik Vogel ist aus hochwertiger Keramik mit einer glatten und zarten Oberfl\u00e4che, geeignet f\u00fcr die Anzeige zu Hause, Restaurants, Caf\u00e9s, etc. Als <a href=\"https:\/\/www.santai-ceramics.com\/de\/\" target=\"_blank\" rel=\"noopener\"><strong>Hersteller von Dekorationskeramik<\/strong><\/a>Wir bieten sehr wettbewerbsf\u00e4hige Gro\u00dfhandelspreise an, die f\u00fcr gro\u00dfe Bestellungen geeignet sind und Ihnen helfen, mehr Gewinn zu erzielen. Wir freuen uns, wenn B2B-K\u00e4ufer mit uns Kontakt aufnehmen.<\/p>\n<h2>Eigenschaften von Dekorativer Keramikvogel<\/h2>\n<p><strong>Lebendiger Ausdruck<\/strong>: Diese Serie von keramischen Vogeldekorationen hat drei Formen, und die Kombination der verschiedenen Formen erh\u00f6ht die visuelle Schichtung und das Interesse insgesamt.<\/p>\n<p><strong>Gelbes keramisches Material<\/strong>: Dieser dekorative Keramikvogel besteht aus leuchtend gelber Keramik, die nicht nur W\u00e4rme und Lebendigkeit in die h\u00e4usliche Umgebung bringt, sondern auch seine Haltbarkeit und Textur gew\u00e4hrleistet und sein exquisites Aussehen f\u00fcr eine lange Zeit beibeh\u00e4lt.<\/p>\n<p><strong>Leicht zu kombinieren und an eine Vielzahl von Stilen anzupassen<\/strong>: Dieser dekorative Keramikvogel hat ein einfaches und pers\u00f6nliches Design. Ob es moderne Einfachheit oder Retro-Pastoral-Stil ist, kann es perfekt in Ihr Zuhause Stil zu integrieren.\u00a0<\/p>\n<p><strong>Personalisierte Anpassung<\/strong>: Als professioneller Hersteller von keramischen Wohnaccessoires bieten wir Ihnen die M\u00f6glichkeit der Personalisierung und unterst\u00fctzen die Anpassung von verschiedenen Farben, Stilen und Gr\u00f6\u00dfen, um Ihre unterschiedlichen Bed\u00fcrfnisse zu erf\u00fcllen und Ihre Marke zu st\u00e4rken.<\/p>","protected":false},"featured_media":894,"comment_status":"closed","ping_status":"closed","template":"","meta":{"_acf_changed":false},"product_brand":[],"product_cat":[18,25,47],"product_tag":[35],"class_list":{"0":"post-885","1":"product","2":"type-product","3":"status-publish","4":"has-post-thumbnail","6":"product_cat-home-decor","7":"product_cat-animal-ornaments","8":"product_cat-wholesale-ceramic-animal-figurines","9":"product_tag-ceramic-animal-figurines","11":"first","12":"instock","13":"shipping-taxable","14":"product-type-simple"},"acf":[],"_links":{"self":[{"href":"https:\/\/www.santai-ceramics.com\/de\/wp-json\/wp\/v2\/product\/885","targetHints":{"allow":["GET"]}}],"collection":[{"href":"https:\/\/www.santai-ceramics.com\/de\/wp-json\/wp\/v2\/product"}],"about":[{"href":"https:\/\/www.santai-ceramics.com\/de\/wp-json\/wp\/v2\/types\/product"}],"replies":[{"embeddable":true,"href":"https:\/\/www.santai-ceramics.com\/de\/wp-json\/wp\/v2\/comments?post=885"}],"wp:featuredmedia":[{"embeddable":true,"href":"https:\/\/www.santai-ceramics.com\/de\/wp-json\/wp\/v2\/media\/894"}],"wp:attachment":[{"href":"https:\/\/www.santai-ceramics.com\/de\/wp-json\/wp\/v2\/media?parent=885"}],"wp:term":[{"taxonomy":"product_brand","embeddable":true,"href":"https:\/\/www.santai-ceramics.com\/de\/wp-json\/wp\/v2\/product_brand?post=885"},{"taxonomy":"product_cat","embeddable":true,"href":"https:\/\/www.santai-ceramics.com\/de\/wp-json\/wp\/v2\/product_cat?post=885"},{"taxonomy":"product_tag","embeddable":true,"href":"https:\/\/www.santai-ceramics.com\/de\/wp-json\/wp\/v2\/product_tag?post=885"}],"curies":[{"name":"wp","href":"https:\/\/api.w.org\/{rel}","templated":true}]}}