{"id":896,"date":"2024-10-18T08:21:59","date_gmt":"2024-10-18T08:21:59","guid":{"rendered":"https:\/\/www.santai-ceramics.com\/?post_type=product&#038;p=896"},"modified":"2025-06-12T23:27:03","modified_gmt":"2025-06-12T23:27:03","slug":"wholesale-turtle-decorations","status":"publish","type":"product","link":"https:\/\/www.santai-ceramics.com\/de\/product\/wholesale-turtle-decorations\/","title":{"rendered":"Gro\u00dfhandel Schildkr\u00f6te Statuen Schildkr\u00f6te Dekorationen, Bulk Home Decor Schildkr\u00f6te Skulptur zu verkaufen"},"content":{"rendered":"<h3 class=\"wp-block-heading\">Parameter der Schildkr\u00f6tenstatue<\/h3>\n\n\n\n<figure class=\"wp-block-table\"><table class=\"has-fixed-layout\"><tbody><tr><td>Modell<\/td><td>Produktname<\/td><td>Farbe<\/td><td>Material<\/td><td>Verwendet<\/td><td>Abmessungen<\/td><td>Gewicht<\/td><\/tr><tr><td>E37140-G033-A01<\/td><td>Stehende Schildkr\u00f6te aus Harz<\/td><td>Gl\u00e4nzendes Silber<\/td><td>Harz<\/td><td>Wohnkultur, Wohnzimmer<\/td><td>15,5X8,5X9cm<\/td><td>0,5 kg\/PC<\/td><\/tr><tr><td>E37142-G033-A01<\/td><td>Kunstharz Krabbelschildkr\u00f6te<\/td><td>Gl\u00e4nzendes Silber<\/td><td>Harz<\/td><td>Wohnkultur, Wohnzimmer<\/td><td>12X7,5X5,5cm<\/td><td>0,2kg\/PC<\/td><\/tr><tr><td>E37141-G033-A01<\/td><td>Denkende Schildkr\u00f6te aus Harz<\/td><td>Gl\u00e4nzendes Silber<\/td><td>Harz<\/td><td>Wohnkultur, Wohnzimmer<\/td><td>14,5X10,5X6,5cm<\/td><td>0,3kg\/PC<\/td><\/tr><\/tbody><\/table><\/figure>\n\n\n\n<h3 class=\"wp-block-heading\">Individueller Schildkr\u00f6tenstatuen-Service<\/h3>\n\n\n\n<p>Wir bieten OEM- und ODM-Dienstleistungen f\u00fcr unsere Produkte an.<br>Eine schnelle Lieferung von Mustern ist m\u00f6glich.<br>Wir bieten eine Vielzahl von Formen, Farben, individuellem Druck, Verpackungen und anderen ma\u00dfgeschneiderten Dienstleistungen an, um Ihre speziellen Anforderungen zu erf\u00fcllen.<br><a style=\"\" href=\"https:\/\/www.santai-ceramics.com\/de\/custom\/\" data-type=\"page\" data-id=\"13\" target=\"_blank\" rel=\"noreferrer noopener\"><strong><b>Erfahren Sie mehr \u00fcber Custom<\/b> Statue Detail.<\/strong><\/a><\/p>\n\n\n\n<div class=\"wp-block-columns is-layout-flex wp-container-core-columns-is-layout-9d6595d7 wp-block-columns-is-layout-flex\">\n<div class=\"wp-block-column is-layout-flow wp-block-column-is-layout-flow\">\n<figure class=\"wp-block-image size-full\"><img decoding=\"async\" width=\"1500\" height=\"1250\" src=\"https:\/\/www.santai-ceramics.com\/wp-content\/uploads\/2024\/10\/Turtle-Decoration-9.jpg\" alt=\"Schildkr\u00f6te Dekoration (9)\" class=\"wp-image-905\" srcset=\"https:\/\/www.santai-ceramics.com\/wp-content\/uploads\/2024\/10\/Turtle-Decoration-9.jpg 1500w, https:\/\/www.santai-ceramics.com\/wp-content\/uploads\/2024\/10\/Turtle-Decoration-9-300x250.jpg 300w, https:\/\/www.santai-ceramics.com\/wp-content\/uploads\/2024\/10\/Turtle-Decoration-9-768x640.jpg 768w, https:\/\/www.santai-ceramics.com\/wp-content\/uploads\/2024\/10\/Turtle-Decoration-9-1200x1000.jpg 1200w, https:\/\/www.santai-ceramics.com\/wp-content\/uploads\/2024\/10\/Turtle-Decoration-9-600x500.jpg 600w\" sizes=\"(max-width: 1500px) 100vw, 1500px\" \/><\/figure>\n<\/div>\n\n\n\n<div class=\"wp-block-column is-layout-flow wp-block-column-is-layout-flow\">\n<figure class=\"wp-block-image size-full\"><img decoding=\"async\" width=\"1500\" height=\"1249\" src=\"https:\/\/www.santai-ceramics.com\/wp-content\/uploads\/2024\/10\/Turtle-Decoration-10.jpg\" alt=\"Schildkr\u00f6te Dekoration (10)\" class=\"wp-image-906\" srcset=\"https:\/\/www.santai-ceramics.com\/wp-content\/uploads\/2024\/10\/Turtle-Decoration-10.jpg 1500w, https:\/\/www.santai-ceramics.com\/wp-content\/uploads\/2024\/10\/Turtle-Decoration-10-300x250.jpg 300w, https:\/\/www.santai-ceramics.com\/wp-content\/uploads\/2024\/10\/Turtle-Decoration-10-768x639.jpg 768w, https:\/\/www.santai-ceramics.com\/wp-content\/uploads\/2024\/10\/Turtle-Decoration-10-1200x999.jpg 1200w, https:\/\/www.santai-ceramics.com\/wp-content\/uploads\/2024\/10\/Turtle-Decoration-10-600x500.jpg 600w\" sizes=\"(max-width: 1500px) 100vw, 1500px\" \/><\/figure>\n<\/div>\n<\/div>","protected":false},"excerpt":{"rendered":"<p data-pm-slice=\"0 0 []\">Unsere Schildkr\u00f6tenstatue ist eine sch\u00f6ne Dekoration f\u00fcr Ihr Zuhause. Jede Schildkr\u00f6te Statue ist sorgf\u00e4ltig entworfen und aus hochwertigem Harz Materialien hergestellt, um sicherzustellen, dass die Statue ist langlebig und geeignet f\u00fcr Innen- und Au\u00dfenplatzierung. Als professioneller Hersteller von Heimdekorationen bieten wir einen One-Stop-Service f\u00fcr individuelle Statuen. Willkommen bei uns f\u00fcr ein Angebot zu kontaktieren.<\/p>\n<h2>Merkmale der Schildkr\u00f6tenstatue<\/h2>\n<p><strong>Einzigartiges Design<\/strong>: Inspiriert von der Sch\u00f6nheit des Ozeans, zeigt die Schildkr\u00f6tenstatue perfekt den Charme der Natur und passt zu allen Arten von Wohnstilen.<\/p>\n<p><strong>Ausgezeichnete Textur<\/strong>: Die Oberfl\u00e4che der Schildkr\u00f6tenstatue ist gl\u00e4nzend silbern, was das Schildkr\u00f6tenmodell edler und eleganter aussehen l\u00e4sst. Zur gleichen Zeit ist es aus Harz, die gute Haltbarkeit und Korrosionsbest\u00e4ndigkeit hat, und kann die Sch\u00f6nheit und die Textur des Produkts f\u00fcr eine lange Zeit zu halten.<\/p>\n<p><strong>Starker Sinn f\u00fcr Hierarchie<\/strong>: Diese Serie von Schildkr\u00f6tenstatuen hat drei Gr\u00f6\u00dfen, und die drei Schildkr\u00f6tenmodelle sind nach Gr\u00f6\u00dfe geordnet, wodurch ein starkes Gef\u00fchl der Hierarchie entsteht und die gesamte Dekoration lebendiger und interessanter wird.<\/p>\n<p><strong>Perfektes Geschenk<\/strong>: Ob f\u00fcr den pers\u00f6nlichen Gebrauch oder zum Verschenken an Verwandte und Freunde, Schildkr\u00f6tenstatuen sind eine ausgezeichnete Wahl und symbolisieren Langlebigkeit und Frieden.<\/p>\n<p><strong>Ma\u00dfgeschneiderter Service<\/strong>: Als Statuenhersteller bietet SANTAI Gro\u00dfhandel Statuen und eine One-Stop-L\u00f6sung benutzerdefinierte Tier Statue, wo Sie Ihre exklusive Produkte anpassen k\u00f6nnen.<\/p>","protected":false},"featured_media":897,"comment_status":"closed","ping_status":"closed","template":"","meta":{"_acf_changed":false},"product_brand":[],"product_cat":[18,25,48],"product_tag":[32],"class_list":{"0":"post-896","1":"product","2":"type-product","3":"status-publish","4":"has-post-thumbnail","6":"product_cat-home-decor","7":"product_cat-animal-ornaments","8":"product_cat-wholesale-resin-animal-figurines","9":"product_tag-resin-animal-figurines","11":"first","12":"instock","13":"shipping-taxable","14":"product-type-simple"},"acf":[],"_links":{"self":[{"href":"https:\/\/www.santai-ceramics.com\/de\/wp-json\/wp\/v2\/product\/896","targetHints":{"allow":["GET"]}}],"collection":[{"href":"https:\/\/www.santai-ceramics.com\/de\/wp-json\/wp\/v2\/product"}],"about":[{"href":"https:\/\/www.santai-ceramics.com\/de\/wp-json\/wp\/v2\/types\/product"}],"replies":[{"embeddable":true,"href":"https:\/\/www.santai-ceramics.com\/de\/wp-json\/wp\/v2\/comments?post=896"}],"wp:featuredmedia":[{"embeddable":true,"href":"https:\/\/www.santai-ceramics.com\/de\/wp-json\/wp\/v2\/media\/897"}],"wp:attachment":[{"href":"https:\/\/www.santai-ceramics.com\/de\/wp-json\/wp\/v2\/media?parent=896"}],"wp:term":[{"taxonomy":"product_brand","embeddable":true,"href":"https:\/\/www.santai-ceramics.com\/de\/wp-json\/wp\/v2\/product_brand?post=896"},{"taxonomy":"product_cat","embeddable":true,"href":"https:\/\/www.santai-ceramics.com\/de\/wp-json\/wp\/v2\/product_cat?post=896"},{"taxonomy":"product_tag","embeddable":true,"href":"https:\/\/www.santai-ceramics.com\/de\/wp-json\/wp\/v2\/product_tag?post=896"}],"curies":[{"name":"wp","href":"https:\/\/api.w.org\/{rel}","templated":true}]}}