{"id":907,"date":"2024-10-18T08:56:41","date_gmt":"2024-10-18T08:56:41","guid":{"rendered":"https:\/\/www.santai-ceramics.com\/?post_type=product&#038;p=907"},"modified":"2024-10-24T07:45:09","modified_gmt":"2024-10-24T07:45:09","slug":"wholesale-decorative-ceramic-balls","status":"publish","type":"product","link":"https:\/\/www.santai-ceramics.com\/de\/product\/wholesale-decorative-ceramic-balls\/","title":{"rendered":"Gro\u00dfhandel dekorative Keramik-Kugeln, blau und wei\u00df Stil, Keramik-Dekor zum Verkauf"},"content":{"rendered":"<h3 class=\"wp-block-heading\">Parameter der dekorativen keramischen Kugel<\/h3>\n\n\n\n<figure class=\"wp-block-table\"><table class=\"has-fixed-layout\"><tbody><tr><td>Modell<\/td><td>Produktname<\/td><td>Farbe<\/td><td>Material<\/td><td>Verwendet<\/td><td>Abmessungen<\/td><td>Gewicht<\/td><\/tr><tr><td>A04077-MX68-A02<\/td><td>Keramische Kugel mit blauem und wei\u00dfem Muster<\/td><td>Blau und wei\u00df<\/td><td>Keramik<\/td><td>Wohnkultur, Wohnzimmer<\/td><td>T:18X17cm<\/td><td>1.4kg\/PC<\/td><\/tr><tr><td>A04077-MX68-A03<\/td><td>Keramische Kugel mit blauem und wei\u00dfem Muster<\/td><td>Blau und wei\u00df<\/td><td>Keramik<\/td><td>Wohnkultur, Wohnzimmer<\/td><td>T:15,5X14cm<\/td><td>0,7kg\/PC<\/td><\/tr><\/tbody><\/table><\/figure>\n\n\n\n<h3 class=\"wp-block-heading\">Individueller Keramik-Dekor-Service<\/h3>\n\n\n\n<p>Wir bieten OEM- und ODM-Dienstleistungen f\u00fcr unsere Produkte an.<br>Eine schnelle Lieferung von Mustern ist m\u00f6glich.<br>Wir bieten eine Vielzahl von Formen, Farben, individuellem Druck, Verpackungen und anderen ma\u00dfgeschneiderten Dienstleistungen an, um Ihre speziellen Anforderungen zu erf\u00fcllen.<br><a style=\"\" href=\"https:\/\/www.santai-ceramics.com\/de\/custom\/\" data-type=\"page\" data-id=\"13\" target=\"_blank\" rel=\"noreferrer noopener\"><strong><b>Erfahren Sie mehr \u00fcber Custom<\/b> Keramikdekor Detail.<\/strong><\/a><\/p>\n\n\n\n<div class=\"wp-block-columns is-layout-flex wp-container-core-columns-is-layout-9d6595d7 wp-block-columns-is-layout-flex\">\n<div class=\"wp-block-column is-layout-flow wp-block-column-is-layout-flow\">\n<figure class=\"wp-block-image size-full\"><img decoding=\"async\" width=\"1500\" height=\"1249\" src=\"https:\/\/www.santai-ceramics.com\/wp-content\/uploads\/2024\/10\/wholesale-decorative-ceramic-balls-2.jpg\" alt=\"Gro\u00dfhandel dekorative Keramikkugeln (2)\" class=\"wp-image-927\" srcset=\"https:\/\/www.santai-ceramics.com\/wp-content\/uploads\/2024\/10\/wholesale-decorative-ceramic-balls-2.jpg 1500w, https:\/\/www.santai-ceramics.com\/wp-content\/uploads\/2024\/10\/wholesale-decorative-ceramic-balls-2-300x250.jpg 300w, https:\/\/www.santai-ceramics.com\/wp-content\/uploads\/2024\/10\/wholesale-decorative-ceramic-balls-2-768x639.jpg 768w, https:\/\/www.santai-ceramics.com\/wp-content\/uploads\/2024\/10\/wholesale-decorative-ceramic-balls-2-1200x999.jpg 1200w, https:\/\/www.santai-ceramics.com\/wp-content\/uploads\/2024\/10\/wholesale-decorative-ceramic-balls-2-600x500.jpg 600w\" sizes=\"(max-width: 1500px) 100vw, 1500px\" \/><\/figure>\n<\/div>\n\n\n\n<div class=\"wp-block-column is-layout-flow wp-block-column-is-layout-flow\">\n<figure class=\"wp-block-image size-full\"><img decoding=\"async\" width=\"1500\" height=\"1249\" src=\"https:\/\/www.santai-ceramics.com\/wp-content\/uploads\/2024\/10\/wholesale-decorative-ceramic-balls-6.jpg\" alt=\"Gro\u00dfhandel dekorative Keramikkugeln (6)\" class=\"wp-image-931\" srcset=\"https:\/\/www.santai-ceramics.com\/wp-content\/uploads\/2024\/10\/wholesale-decorative-ceramic-balls-6.jpg 1500w, https:\/\/www.santai-ceramics.com\/wp-content\/uploads\/2024\/10\/wholesale-decorative-ceramic-balls-6-300x250.jpg 300w, https:\/\/www.santai-ceramics.com\/wp-content\/uploads\/2024\/10\/wholesale-decorative-ceramic-balls-6-768x639.jpg 768w, https:\/\/www.santai-ceramics.com\/wp-content\/uploads\/2024\/10\/wholesale-decorative-ceramic-balls-6-1200x999.jpg 1200w, https:\/\/www.santai-ceramics.com\/wp-content\/uploads\/2024\/10\/wholesale-decorative-ceramic-balls-6-600x500.jpg 600w\" sizes=\"(max-width: 1500px) 100vw, 1500px\" \/><\/figure>\n<\/div>\n<\/div>","protected":false},"excerpt":{"rendered":"<p data-pm-slice=\"0 0 []\">Diese blau-wei\u00dfen dekorativen Keramikkugeln sind eine gute Wahl f\u00fcr die Heimdekoration und eignen sich f\u00fcr verschiedene Einrichtungsstile. Ob auf einem Couchtisch, B\u00fccherregal oder als Versch\u00f6nerung von Blumenarrangements platziert, k\u00f6nnen diese Keramikkugeln ornamentale Sch\u00f6nheit zu Ihrem Raum hinzuf\u00fcgen. Wir sind ein Hersteller, der sich auf den Gro\u00dfhandel mit keramischen Wohnaccessoires spezialisiert hat, kontaktieren Sie uns bitte f\u00fcr weitere Produktinformationen.<\/p>\n<h2>Eigenschaften der dekorativen Keramikkugel<\/h2>\n<p><strong>Exquisites florales Muster:<\/strong> Die Oberfl\u00e4che der Keramikkugel ist mit exquisiten floralen Mustern bemalt. Frisch und elegant in blauen und wei\u00dfen Farben, erg\u00e4nzend zu einem kugelf\u00f6rmigen Design bildet die Sch\u00f6nheit dieser Keramikkugel.<\/p>\n<p><strong>Reichhaltige Schichtung:<\/strong> Diese Keramikkugel ist in zwei Gr\u00f6\u00dfen erh\u00e4ltlich. Wenn Sie Keramikkugeln in verschiedenen Gr\u00f6\u00dfen kombinieren, k\u00f6nnen Sie die Gesamtschichtung erh\u00f6hen.<\/p>\n<p><strong>Modisch und stark dekorativ:<\/strong>\u00a0Diese Keramikkugel ist sehr dekorativ. Je nach Anlass kann sie im Wohnzimmer, im Arbeitszimmer, im Schlafzimmer usw. aufgestellt werden und bringt Eleganz und Spa\u00df in die h\u00e4usliche Umgebung.<\/p>\n<p><strong>Hochgradig individuell:<\/strong> Als Hersteller von Dekorationskeramik bieten wir sehr individuelle Anpassungsdienste an. Es kann in jeder Gr\u00f6\u00dfe, Farbe und mit jedem Muster je nach Wunsch und Bedarf gew\u00e4hlt werden. erstellen <a href=\"https:\/\/www.santai-ceramics.com\/de\/product-tag\/ceramic-home-decor\/\" target=\"_blank\" rel=\"noopener\"><strong>Wohndekor aus Keramik<\/strong><\/a> um Ihre Bed\u00fcrfnisse zu erf\u00fcllen.<\/p>","protected":false},"featured_media":927,"comment_status":"closed","ping_status":"closed","template":"","meta":{"_acf_changed":false},"product_brand":[],"product_cat":[18,25],"product_tag":[],"class_list":{"0":"post-907","1":"product","2":"type-product","3":"status-publish","4":"has-post-thumbnail","6":"product_cat-home-decor","7":"product_cat-animal-ornaments","9":"first","10":"instock","11":"shipping-taxable","12":"product-type-simple"},"acf":[],"_links":{"self":[{"href":"https:\/\/www.santai-ceramics.com\/de\/wp-json\/wp\/v2\/product\/907","targetHints":{"allow":["GET"]}}],"collection":[{"href":"https:\/\/www.santai-ceramics.com\/de\/wp-json\/wp\/v2\/product"}],"about":[{"href":"https:\/\/www.santai-ceramics.com\/de\/wp-json\/wp\/v2\/types\/product"}],"replies":[{"embeddable":true,"href":"https:\/\/www.santai-ceramics.com\/de\/wp-json\/wp\/v2\/comments?post=907"}],"wp:featuredmedia":[{"embeddable":true,"href":"https:\/\/www.santai-ceramics.com\/de\/wp-json\/wp\/v2\/media\/927"}],"wp:attachment":[{"href":"https:\/\/www.santai-ceramics.com\/de\/wp-json\/wp\/v2\/media?parent=907"}],"wp:term":[{"taxonomy":"product_brand","embeddable":true,"href":"https:\/\/www.santai-ceramics.com\/de\/wp-json\/wp\/v2\/product_brand?post=907"},{"taxonomy":"product_cat","embeddable":true,"href":"https:\/\/www.santai-ceramics.com\/de\/wp-json\/wp\/v2\/product_cat?post=907"},{"taxonomy":"product_tag","embeddable":true,"href":"https:\/\/www.santai-ceramics.com\/de\/wp-json\/wp\/v2\/product_tag?post=907"}],"curies":[{"name":"wp","href":"https:\/\/api.w.org\/{rel}","templated":true}]}}