{"id":932,"date":"2024-10-18T10:17:28","date_gmt":"2024-10-18T10:17:28","guid":{"rendered":"https:\/\/www.santai-ceramics.com\/?post_type=product&#038;p=932"},"modified":"2025-06-12T23:09:26","modified_gmt":"2025-06-12T23:09:26","slug":"wholesale-ceramic-bird-figurines","status":"publish","type":"product","link":"https:\/\/www.santai-ceramics.com\/de\/product\/wholesale-ceramic-bird-figurines\/","title":{"rendered":"Gro\u00dfhandel Keramik Vogel-Figuren f\u00fcr Home Decor und Geschenk geben"},"content":{"rendered":"<h3 class=\"wp-block-heading\">Parameter der keramischen Vogelfigur<\/h3>\n\n\n\n<figure class=\"wp-block-table\"><table class=\"has-fixed-layout\"><tbody><tr><td>Modell<\/td><td>Produktname<\/td><td>Farbe<\/td><td>Material<\/td><td>Verwendet<\/td><td>Abmessungen<\/td><td>Gewicht<\/td><\/tr><tr><td>A37467-LC24-A01<\/td><td>Stehender Vogel aus Keramik<\/td><td>Wei\u00df und Gr\u00fcn<\/td><td>Keramik<\/td><td>Wohnkultur, Wohnzimmer<\/td><td>9,5X7X22cm<\/td><td>0,4kg\/PC<\/td><\/tr><tr><td>A37468-LC24-A01<\/td><td>Stehender Vogel aus Keramik<\/td><td>Wei\u00df und Gr\u00fcn<\/td><td>Keramik<\/td><td>Wohnkultur, Wohnzimmer<\/td><td>8X7X19cm<\/td><td>0,3kg\/PC<\/td><\/tr><\/tbody><\/table><\/figure>\n\n\n\n<h3 class=\"wp-block-heading\">Individuelles Keramik-Vogelfigurenservice<\/h3>\n\n\n\n<p>Wir bieten OEM- und ODM-Dienstleistungen f\u00fcr unsere Produkte an.<br>Eine schnelle Lieferung von Mustern ist m\u00f6glich.<br>Wir bieten eine Vielzahl von Formen, Farben, individuellem Druck, Verpackungen und anderen ma\u00dfgeschneiderten Dienstleistungen an, um Ihre speziellen Anforderungen zu erf\u00fcllen.<br><a style=\"\" href=\"https:\/\/www.santai-ceramics.com\/de\/custom\/\" data-type=\"page\" data-id=\"13\" target=\"_blank\" rel=\"noreferrer noopener\"><strong><b>Erfahren Sie mehr \u00fcber Custom<\/b> Keramik-Vogelfigur Detail.<\/strong><\/a><\/p>\n\n\n\n<div class=\"wp-block-columns is-layout-flex wp-container-core-columns-is-layout-9d6595d7 wp-block-columns-is-layout-flex\">\n<div class=\"wp-block-column is-layout-flow wp-block-column-is-layout-flow\">\n<figure class=\"wp-block-image size-full\"><img decoding=\"async\" width=\"1500\" height=\"1249\" src=\"https:\/\/www.santai-ceramics.com\/wp-content\/uploads\/2024\/10\/Wholesale-Ceramic-Bird-Figurines-3.jpg\" alt=\"Gro\u00dfhandel Keramik Vogel-Figuren (3)\" class=\"wp-image-935\" srcset=\"https:\/\/www.santai-ceramics.com\/wp-content\/uploads\/2024\/10\/Wholesale-Ceramic-Bird-Figurines-3.jpg 1500w, https:\/\/www.santai-ceramics.com\/wp-content\/uploads\/2024\/10\/Wholesale-Ceramic-Bird-Figurines-3-300x250.jpg 300w, https:\/\/www.santai-ceramics.com\/wp-content\/uploads\/2024\/10\/Wholesale-Ceramic-Bird-Figurines-3-768x639.jpg 768w, https:\/\/www.santai-ceramics.com\/wp-content\/uploads\/2024\/10\/Wholesale-Ceramic-Bird-Figurines-3-1200x999.jpg 1200w, https:\/\/www.santai-ceramics.com\/wp-content\/uploads\/2024\/10\/Wholesale-Ceramic-Bird-Figurines-3-600x500.jpg 600w\" sizes=\"(max-width: 1500px) 100vw, 1500px\" \/><\/figure>\n<\/div>\n\n\n\n<div class=\"wp-block-column is-layout-flow wp-block-column-is-layout-flow\">\n<figure class=\"wp-block-image size-full\"><img decoding=\"async\" width=\"1500\" height=\"1250\" src=\"https:\/\/www.santai-ceramics.com\/wp-content\/uploads\/2024\/10\/Wholesale-Ceramic-Bird-Figurines-6.jpg\" alt=\"Gro\u00dfhandel Keramik Vogel-Figuren (6)\" class=\"wp-image-938\" srcset=\"https:\/\/www.santai-ceramics.com\/wp-content\/uploads\/2024\/10\/Wholesale-Ceramic-Bird-Figurines-6.jpg 1500w, https:\/\/www.santai-ceramics.com\/wp-content\/uploads\/2024\/10\/Wholesale-Ceramic-Bird-Figurines-6-300x250.jpg 300w, https:\/\/www.santai-ceramics.com\/wp-content\/uploads\/2024\/10\/Wholesale-Ceramic-Bird-Figurines-6-768x640.jpg 768w, https:\/\/www.santai-ceramics.com\/wp-content\/uploads\/2024\/10\/Wholesale-Ceramic-Bird-Figurines-6-1200x1000.jpg 1200w, https:\/\/www.santai-ceramics.com\/wp-content\/uploads\/2024\/10\/Wholesale-Ceramic-Bird-Figurines-6-600x500.jpg 600w\" sizes=\"(max-width: 1500px) 100vw, 1500px\" \/><\/figure>\n<\/div>\n<\/div>","protected":false},"excerpt":{"rendered":"<p data-pm-slice=\"0 0 []\">Diese h\u00fcbschen Keramik-Vogelfiguren k\u00f6nnen auf B\u00fccherregalen, Schreibtischen oder als Blumendekoration platziert werden, um Ihrem Zuhause Lebendigkeit zu verleihen. Jede Keramik-Vogelfigur ist sorgf\u00e4ltig entworfen und aus hochwertiger Keramik mit glatter Oberfl\u00e4che und komfortablem Griff, zeigt einzigartige Details und exquisite Handwerkskunst, so dass es ein perfektes Geschenk. Gerne k\u00f6nnen Sie uns f\u00fcr ein Angebot kontaktieren.<\/p>\n<h2>Merkmale der Keramik-Vogelfigur<\/h2>\n<p><strong>Exquisites Design<\/strong>: Die Hauptfarbe der keramischen Vogelfigur ist wei\u00df, aber es gibt gr\u00fcne Flecken auf ihm. Das gesamte Design ist einfach und elegant; diese Farbkombination kann leicht zu verschiedenen Dekorationsstilen von H\u00e4usern passen, um ihre Sch\u00f6nheit zu verbessern.<\/p>\n<p><strong>Grundplatte mit quadratischer Form f\u00fcr Stabilit\u00e4t<\/strong>: Jede Vogelskulptur ist mit einem farbigen quadratischen Sockel ausgestattet, der der Farbe des Vogelk\u00f6rpers entspricht. Dieses Design tr\u00e4gt nicht nur zu einem dekorativen Gesamteffekt bei, sondern erh\u00f6ht auch die Stabilit\u00e4t der Skulptur, da sie nicht leicht umkippen kann.<\/p>\n<p><strong>Hohe Langlebigkeit:<\/strong> Ausgezeichnete Haltbarkeit und Korrosionsbest\u00e4ndigkeit von keramischen Materialien k\u00f6nnen diese bunte Keramik-Vogelfigur in einer Form f\u00fcr lange halten. Selbst wenn Kollision oder Reiben in einigen Unf\u00e4llen passiert w\u00e4hrend seiner Verwendung, wird es nicht verlassen Spuren oder Sch\u00e4den leicht.<\/p>\n<p><strong>Kundenspezifische Dienstleistungen<\/strong>: Wir bieten ma\u00dfgeschneiderte Skulptur Dienstleistungen, wo die Kunden nach ihren Vorlieben und Anforderungen f\u00fcr die Art, Farbe, Muster und sogar die Basis Form w\u00e4hlen d\u00fcrfen. Es erm\u00f6glicht jedem Kunden, eine einzigartige Keramik-Vogel-Skulptur, die seine Pers\u00f6nlichkeit und Geschmack passt zu bekommen.<\/p>","protected":false},"featured_media":933,"comment_status":"closed","ping_status":"closed","template":"","meta":{"_acf_changed":false},"product_brand":[],"product_cat":[18,25,47],"product_tag":[35],"class_list":{"0":"post-932","1":"product","2":"type-product","3":"status-publish","4":"has-post-thumbnail","6":"product_cat-home-decor","7":"product_cat-animal-ornaments","8":"product_cat-wholesale-ceramic-animal-figurines","9":"product_tag-ceramic-animal-figurines","11":"first","12":"instock","13":"shipping-taxable","14":"product-type-simple"},"acf":[],"_links":{"self":[{"href":"https:\/\/www.santai-ceramics.com\/de\/wp-json\/wp\/v2\/product\/932","targetHints":{"allow":["GET"]}}],"collection":[{"href":"https:\/\/www.santai-ceramics.com\/de\/wp-json\/wp\/v2\/product"}],"about":[{"href":"https:\/\/www.santai-ceramics.com\/de\/wp-json\/wp\/v2\/types\/product"}],"replies":[{"embeddable":true,"href":"https:\/\/www.santai-ceramics.com\/de\/wp-json\/wp\/v2\/comments?post=932"}],"wp:featuredmedia":[{"embeddable":true,"href":"https:\/\/www.santai-ceramics.com\/de\/wp-json\/wp\/v2\/media\/933"}],"wp:attachment":[{"href":"https:\/\/www.santai-ceramics.com\/de\/wp-json\/wp\/v2\/media?parent=932"}],"wp:term":[{"taxonomy":"product_brand","embeddable":true,"href":"https:\/\/www.santai-ceramics.com\/de\/wp-json\/wp\/v2\/product_brand?post=932"},{"taxonomy":"product_cat","embeddable":true,"href":"https:\/\/www.santai-ceramics.com\/de\/wp-json\/wp\/v2\/product_cat?post=932"},{"taxonomy":"product_tag","embeddable":true,"href":"https:\/\/www.santai-ceramics.com\/de\/wp-json\/wp\/v2\/product_tag?post=932"}],"curies":[{"name":"wp","href":"https:\/\/api.w.org\/{rel}","templated":true}]}}