{"id":939,"date":"2024-10-19T02:22:03","date_gmt":"2024-10-19T02:22:03","guid":{"rendered":"https:\/\/www.santai-ceramics.com\/?post_type=product&#038;p=939"},"modified":"2025-06-12T23:09:19","modified_gmt":"2025-06-12T23:09:19","slug":"wholesale-ceramic-owls-for-home-decor","status":"publish","type":"product","link":"https:\/\/www.santai-ceramics.com\/de\/product\/wholesale-ceramic-owls-for-home-decor\/","title":{"rendered":"Gro\u00dfhandel Keramik Eulen f\u00fcr Home Decor, niedliche Keramik Tierfiguren zu verkaufen"},"content":{"rendered":"<h3 class=\"wp-block-heading\">Parameter der Keramischen Eule<\/h3>\n\n\n\n<figure class=\"wp-block-table\"><table class=\"has-fixed-layout\"><tbody><tr><td>Modell<\/td><td>Produktname<\/td><td>Farbe<\/td><td>Material<\/td><td>Verwendet<\/td><td>Abmessungen<\/td><td>Gewicht<\/td><\/tr><tr><td>A37467-LC24-A01<\/td><td>Keramische Eulenfigur<\/td><td>Wei\u00df und Gr\u00fcn<\/td><td>Keramik<\/td><td>Wohnkultur, Wohnzimmer<\/td><td>16X16X16,5cm<\/td><td>0,8kg\/PC<\/td><\/tr><tr><td>A37468-LC24-A01<\/td><td>Keramische Eulenfigur<\/td><td>Wei\u00df und Gr\u00fcn<\/td><td>Keramik<\/td><td>Wohnkultur, Wohnzimmer<\/td><td>13X13X13,5cm<\/td><td>0,5\/PC<\/td><\/tr><\/tbody><\/table><\/figure>\n\n\n\n<h3 class=\"wp-block-heading\">Individuelle Keramik Eule Service<\/h3>\n\n\n\n<p>Wir bieten OEM- und ODM-Dienstleistungen f\u00fcr unsere Produkte an.<br>Eine schnelle Lieferung von Mustern ist m\u00f6glich.<br>Wir bieten eine Vielzahl von Formen, Farben, individuellem Druck, Verpackungen und anderen ma\u00dfgeschneiderten Dienstleistungen an, um Ihre speziellen Anforderungen zu erf\u00fcllen.<br><a style=\"\" href=\"https:\/\/www.santai-ceramics.com\/de\/custom\/\" data-type=\"page\" data-id=\"13\" target=\"_blank\" rel=\"noreferrer noopener\"><strong><b>Erfahren Sie mehr \u00fcber Custom<\/b> Keramik-Tierfiguren Detail.<\/strong><\/a><\/p>\n\n\n\n<div class=\"wp-block-columns is-layout-flex wp-container-core-columns-is-layout-9d6595d7 wp-block-columns-is-layout-flex\">\n<div class=\"wp-block-column is-layout-flow wp-block-column-is-layout-flow\">\n<figure class=\"wp-block-image size-full\"><img decoding=\"async\" width=\"1500\" height=\"1249\" src=\"https:\/\/www.santai-ceramics.com\/wp-content\/uploads\/2024\/10\/Ceramic-Owl-Statue-Display-4.jpg\" alt=\"Keramische Eulenstatue Display (4)\" class=\"wp-image-943\" srcset=\"https:\/\/www.santai-ceramics.com\/wp-content\/uploads\/2024\/10\/Ceramic-Owl-Statue-Display-4.jpg 1500w, https:\/\/www.santai-ceramics.com\/wp-content\/uploads\/2024\/10\/Ceramic-Owl-Statue-Display-4-300x250.jpg 300w, https:\/\/www.santai-ceramics.com\/wp-content\/uploads\/2024\/10\/Ceramic-Owl-Statue-Display-4-768x639.jpg 768w, https:\/\/www.santai-ceramics.com\/wp-content\/uploads\/2024\/10\/Ceramic-Owl-Statue-Display-4-1200x999.jpg 1200w, https:\/\/www.santai-ceramics.com\/wp-content\/uploads\/2024\/10\/Ceramic-Owl-Statue-Display-4-600x500.jpg 600w\" sizes=\"(max-width: 1500px) 100vw, 1500px\" \/><\/figure>\n<\/div>\n\n\n\n<div class=\"wp-block-column is-layout-flow wp-block-column-is-layout-flow\">\n<figure class=\"wp-block-image size-full\"><img decoding=\"async\" width=\"1500\" height=\"1249\" src=\"https:\/\/www.santai-ceramics.com\/wp-content\/uploads\/2024\/10\/Ceramic-Owl-Statue-Display-3.jpg\" alt=\"Keramische Eulenstatue Display (3)\" class=\"wp-image-942\" srcset=\"https:\/\/www.santai-ceramics.com\/wp-content\/uploads\/2024\/10\/Ceramic-Owl-Statue-Display-3.jpg 1500w, https:\/\/www.santai-ceramics.com\/wp-content\/uploads\/2024\/10\/Ceramic-Owl-Statue-Display-3-300x250.jpg 300w, https:\/\/www.santai-ceramics.com\/wp-content\/uploads\/2024\/10\/Ceramic-Owl-Statue-Display-3-768x639.jpg 768w, https:\/\/www.santai-ceramics.com\/wp-content\/uploads\/2024\/10\/Ceramic-Owl-Statue-Display-3-1200x999.jpg 1200w, https:\/\/www.santai-ceramics.com\/wp-content\/uploads\/2024\/10\/Ceramic-Owl-Statue-Display-3-600x500.jpg 600w\" sizes=\"(max-width: 1500px) 100vw, 1500px\" \/><\/figure>\n<\/div>\n<\/div>","protected":false},"excerpt":{"rendered":"<p data-pm-slice=\"0 0 []\">Die Serie der Eulenfiguren aus Keramik ist ideal f\u00fcr die Heimdekoration. Sie eignet sich f\u00fcr jeden Stil und Anlass, Caf\u00e9, Bibliothek, Arbeitszimmer oder Schlafzimmer. Ob allein platziert oder mit anderen Dekorationen kombiniert, diese Eulenfiguren k\u00f6nnen W\u00e4rme und Spa\u00df bringen. Hergestellt aus hochwertigen Materialien, glatte Oberfl\u00e4che, hervorragende Haptik, und es ist sehr geeignet als Geschenk.Willkommen bei uns, SANTAI Keramik Home Decor Hersteller bieten Ihnen wettbewerbsf\u00e4hige Preise.<\/p>\n<h2>Eigenschaften von Ceramic Owl<\/h2>\n<p><strong>Liebenswerte Form<\/strong>: Das Bild der Keramik Eule ist sehr beliebt, mit einem niedlichen Aussehen und einem intelligenten Verhalten. Die detaillierte Schnitzerei bringt die Eigenschaften der Eule voll zum Ausdruck und verleiht ihr eine einzigartige Pers\u00f6nlichkeit.\u00a0<\/p>\n<p><strong>Exquisite Handwerkskunst:<\/strong> Jede der Eulenfiguren aus Keramik wurde von erfahrenen Handwerkern hergestellt. Die glatte Oberfl\u00e4che mit der eleganten Glasur Farbe setzt einander aus und macht die Menschen haben ein gro\u00dfes Verlangen zu ber\u00fchren und zu sch\u00e4tzen wissen.<\/p>\n<p><strong>Hochwertiges Material:<\/strong> Die verwendete hochwertige Keramik sorgt daf\u00fcr, dass die Eulenfiguren aus Keramik langlebig und praktisch sind. Das Material ist wasser- und feuchtigkeitsbest\u00e4ndig, leicht zu reinigen und widersteht t\u00e4glicher Abnutzung, so dass es lange sch\u00f6n bleibt.<\/p>\n<p><strong>Vielseitig einsetzbar in der Dekoration:<\/strong> Diese Keramikeule ist in einem eleganten, einfachen und freien Stil gestaltet, der sich leicht in verschiedene Dekorationsstile integrieren l\u00e4sst. Geeignet f\u00fcr Restaurants, Caf\u00e9s, Bibliotheken, Arbeitszimmer, etc.<\/p>\n<p><strong>Gro\u00dfhandel&amp;Anpassung:<\/strong>SANTAI ist ein Hersteller von T\u00f6pferwaren und bietet ma\u00dfgeschneiderte Tierfiguren und Skulpturen an.<\/p>","protected":false},"featured_media":944,"comment_status":"closed","ping_status":"closed","template":"","meta":{"_acf_changed":false},"product_brand":[],"product_cat":[18,25,47],"product_tag":[35],"class_list":{"0":"post-939","1":"product","2":"type-product","3":"status-publish","4":"has-post-thumbnail","6":"product_cat-home-decor","7":"product_cat-animal-ornaments","8":"product_cat-wholesale-ceramic-animal-figurines","9":"product_tag-ceramic-animal-figurines","11":"first","12":"instock","13":"shipping-taxable","14":"product-type-simple"},"acf":[],"_links":{"self":[{"href":"https:\/\/www.santai-ceramics.com\/de\/wp-json\/wp\/v2\/product\/939","targetHints":{"allow":["GET"]}}],"collection":[{"href":"https:\/\/www.santai-ceramics.com\/de\/wp-json\/wp\/v2\/product"}],"about":[{"href":"https:\/\/www.santai-ceramics.com\/de\/wp-json\/wp\/v2\/types\/product"}],"replies":[{"embeddable":true,"href":"https:\/\/www.santai-ceramics.com\/de\/wp-json\/wp\/v2\/comments?post=939"}],"wp:featuredmedia":[{"embeddable":true,"href":"https:\/\/www.santai-ceramics.com\/de\/wp-json\/wp\/v2\/media\/944"}],"wp:attachment":[{"href":"https:\/\/www.santai-ceramics.com\/de\/wp-json\/wp\/v2\/media?parent=939"}],"wp:term":[{"taxonomy":"product_brand","embeddable":true,"href":"https:\/\/www.santai-ceramics.com\/de\/wp-json\/wp\/v2\/product_brand?post=939"},{"taxonomy":"product_cat","embeddable":true,"href":"https:\/\/www.santai-ceramics.com\/de\/wp-json\/wp\/v2\/product_cat?post=939"},{"taxonomy":"product_tag","embeddable":true,"href":"https:\/\/www.santai-ceramics.com\/de\/wp-json\/wp\/v2\/product_tag?post=939"}],"curies":[{"name":"wp","href":"https:\/\/api.w.org\/{rel}","templated":true}]}}